{"id":4420,"date":"2018-05-09T15:47:20","date_gmt":"2018-05-09T14:47:20","guid":{"rendered":"https:\/\/www.electroluxprofessional.com\/?page_id=16693"},"modified":"2024-10-17T08:15:46","modified_gmt":"2024-10-17T07:15:46","slug":"ersatzteillieferung","status":"publish","type":"page","link":"https:\/\/www.electroluxprofessional.com\/at\/kundenservice\/ersatzteillieferung\/","title":{"rendered":"Ersatzteillieferung"},"content":{"rendered":"<p>[vc_row full_width=&#8221;electroluxpro-full-width-no-padding&#8221;][vc_column][elx_image_block background_image=&#8221;4415&#8243; minimum_height=&#8221;350px&#8221;][\/vc_column][\/vc_row][vc_row][vc_column][vc_empty_space][elx_heading font_container=&#8221;h1&#8243; font_size=&#8221;h3&#8243; text_color=&#8221;electrolux-blue&#8221; text_align=&#8221;text-left&#8221;]Ersatzteillieferung[\/elx_heading][elx_heading font_size=&#8221;h5&#8243; text_color=&#8221;inherit&#8221;]Ihre Zufriedenheit ist unsere Zufriedenheit.[\/elx_heading][vc_column_text]Was auch immer Sie ben\u00f6tigen, es ist immer verf\u00fcgbar.<br \/>\nMehr als 55.000 Ersatzteile sind dank unseres globalen Service-Netzwerks mit \u00fcber 2200 autorisierten Technikern verf\u00fcgbar.<br \/>\nWir lagern die Ersatzteile Ihrer Electrolux Professional-Ger\u00e4te bis mindestens 10 Jahre nach deren Produktionsstopp. Da wir in \u00fcber 149 L\u00e4ndern vertreten sind, k\u00f6nnen unsere Service-Partner weltweit einfach und schnell auf die Ersatzteile zugreifen.[\/vc_column_text][elx_button button_text=&#8221;Katalog Zubeh\u00f6r und Verbrauchsmaterialien herunterladen&#8221; button_link=&#8221;url:https%3A%2F%2Fprofessional.electrolux.de%2Fwp-content%2Fuploads%2F2018%2F10%2FErsatzteilkatalog_2018_DE.pdf|title:Ersatzteilkatalog|target:%20_blank|&#8221;][vc_empty_space][\/vc_column][\/vc_row][vc_row][vc_column][elx_heading font_size=&#8221;h3&#8243; text_color=&#8221;inherit&#8221;]Unsere Kontakt-Adressen in Deutschland, \u00d6sterreich und der Schweiz[\/elx_heading][vc_empty_space][\/vc_column][\/vc_row][vc_row][vc_column][vc_column_text]<\/p>\n<h4 class=\"basics_heading1 basics_lp20 basics_tp25\"><span style=\"color: #00416a;\">Electrolux Professional Deutschland GmbH<\/span><\/h4>\n<p>[\/vc_column_text][\/vc_column][vc_column width=&#8221;1\/2&#8243;][vc_column_text]<strong>Gro\u00dfk\u00fcchentechnik<\/strong><br \/>\nSchaffhausenstr. 77<br \/>\nD-72072 T\u00fcbingen<br \/>\nTel.: +49 7071 93000<br \/>\nFax: +49 7071 9300-119<br \/>\nEmail: <a href=\"mailto:spares.efs.de@electroluxprofessional.com\">spares.efs.de@electroluxprofessional.com<\/a>[\/vc_column_text][\/vc_column][vc_column width=&#8221;1\/2&#8243;][vc_column_text]<strong>W\u00e4schereitechnik<\/strong><br \/>\nSchaffhausenstr. 77<br \/>\nD-72072 T\u00fcbingen<br \/>\nTel.: +49 7071 93000<br \/>\nFax: +49 7071 9300-119<br \/>\nEmail: <a href=\"mailto:spares.els.de@electroluxprofessional.com\">spares.els.de@electroluxprofessional.com<\/a>[\/vc_column_text][\/vc_column][\/vc_row][vc_row][vc_column][vc_empty_space][\/vc_column][\/vc_row][vc_row][vc_column][vc_column_text]<\/p>\n<h4 class=\"basics_heading1 basics_lp20 basics_tp25\"><span style=\"color: #00416a;\">Electrolux Professional \u00d6sterreich GmbH<\/span><\/h4>\n<p>[\/vc_column_text][\/vc_column][vc_column width=&#8221;1\/2&#8243;][vc_column_text]<strong>Gro\u00dfk\u00fcchentechnik<\/strong><br \/>\nEuroparing F16 201<br \/>\nA-2345 Brunn am Gebirge<br \/>\nTel:\u00a0\u00a0+43 1 86 348 0<br \/>\nFax: +43 1 86 348 201<br \/>\nEmail: <a href=\"mailto:spares.efs.at@electroluxprofessional.com\">spares.efs.at@electroluxprofessional.com<\/a>[\/vc_column_text][\/vc_column][vc_column width=&#8221;1\/2&#8243;][vc_column_text]<strong>W\u00e4schereitechnik<\/strong><br \/>\nEuroparing F16 201<br \/>\nA-2345 Brunn am Gebirge<br \/>\nTel:\u00a0 +43 1 86 348 0<br \/>\nFax: +43 1 86 348 300<br \/>\nEmail: <a href=\"mailto:%20spares.els.at@electroluxprofessional.com\">spares.els.at@electroluxprofessional.com<\/a>[\/vc_column_text][\/vc_column][\/vc_row][vc_row][vc_column][vc_empty_space][\/vc_column][\/vc_row][vc_row][vc_column][vc_column_text]<\/p>\n<h4 class=\"basics_heading1 basics_lp20 basics_tp25\"><span style=\"color: #00416a;\">Electrolux Professional Schweiz AG<\/span><\/h4>\n<p>[\/vc_column_text][\/vc_column][vc_column width=&#8221;1\/2&#8243;][vc_column_text]<strong>Gro\u00dfk\u00fcchentechnik<\/strong><br \/>\nAllmendstrasse 28<br \/>\nCH-6210 Sursee<br \/>\nTel:\u00a0+41 41 926 81 81<br \/>\nFax: +41 41 926 81 80<br \/>\nEmail: <a href=\"mailto:info.ch@electroluxprofessional.com\">info.ch@electroluxprofessional.com<\/a>[\/vc_column_text][\/vc_column][vc_column width=&#8221;1\/2&#8243;][vc_column_text]<strong>W\u00e4schereitechnik<\/strong><br \/>\nAllmendstrasse 28<br \/>\nCH-6210 Sursee<br \/>\nTel:\u00a0+41 41 926 81 81<br \/>\nFax: +41 41 926 81 80<br \/>\nEmail: <a href=\"mailto:info.ch@electroluxprofessional.com\">info.ch@electroluxprofessional.com<\/a>[\/vc_column_text][\/vc_column][\/vc_row][vc_row][vc_column][vc_empty_space][elx_heading font_size=&#8221;h2&#8243; text_color=&#8221;inherit&#8221;]Sie haben noch Fragen? Kontaktieren Sie uns.[\/elx_heading][elx_o2000_contact_us s=&#8221;Anfrage Ersatzteile&#8221; country=&#8221;Germany&#8221; r=&#8221;Geben Sie hier Ihre Nachricht ein.&#8221; l=&#8221;de&#8221;][\/vc_column][\/vc_row][vc_row][vc_column][vc_empty_space][\/vc_column][\/vc_row][vc_row css=&#8221;.vc_custom_1532355607933{background-color: #eeeeee !important;}&#8221;][vc_column][elx_heading font_size=&#8221;h3&#8243; text_color=&#8221;inherit&#8221;]Finden Sie mehr \u00fcber Essentia heraus[\/elx_heading][vc_empty_space][\/vc_column][\/vc_row][vc_row css=&#8221;.vc_custom_1525877097528{background-color: #eeeeee !important;}&#8221;][vc_column width=&#8221;1\/3&#8243;][elx_maylike_box id_box=&#8221;4407&#8243;][\/vc_column][vc_column width=&#8221;1\/3&#8243;][elx_maylike_box id_box=&#8221;4419&#8243;][\/vc_column][vc_column width=&#8221;1\/3&#8243;][\/vc_column][\/vc_row]<\/p>\n","protected":false},"excerpt":{"rendered":"<p>[vc_row full_width=&#8221;electroluxpro-full-width-no-padding&#8221;][vc_column][elx_image_block background_image=&#8221;4415&#8243; minimum_height=&#8221;350px&#8221;][\/vc_column][\/vc_row][vc_row][vc_column][vc_empty_space][elx_heading font_container=&#8221;h1&#8243; font_size=&#8221;h3&#8243; text_color=&#8221;electrolux-blue&#8221; text_align=&#8221;text-left&#8221;]Ersatzteillieferung[\/elx_heading][elx_heading font_size=&#8221;h5&#8243; text_color=&#8221;inherit&#8221;]Ihre Zufriedenheit ist unsere Zufriedenheit.[\/elx_heading][vc_column_text]Was auch immer Sie ben\u00f6tigen, es ist immer verf\u00fcgbar. Mehr als 55.000 Ersatzteile sind dank unseres globalen Service-Netzwerks mit \u00fcber 2200 autorisierten Technikern verf\u00fcgbar. Wir lagern die Ersatzteile Ihrer Electrolux Professional-Ger\u00e4te bis mindestens 10 Jahre nach deren Produktionsstopp. Da wir in \u00fcber [&hellip;]<\/p>\n","protected":false},"author":5,"featured_media":0,"parent":4331,"menu_order":0,"comment_status":"closed","ping_status":"closed","template":"","meta":{"footnotes":""},"class_list":["post-4420","page","type-page","status-publish","hentry"],"acf":[],"yoast_head":"<!-- This site is optimized with the Yoast SEO plugin v23.3 - https:\/\/yoast.com\/wordpress\/plugins\/seo\/ -->\n<title>Ersatzteillieferung | Electrolux Professional<\/title>\n<meta name=\"description\" content=\"Mehr als 55.000 Ersatzteile sind dank unseres globalen Service-Netzwerks mit \u00fcber 2200 autorisierten Technikern verf\u00fcgbar.\" \/>\n<meta name=\"robots\" content=\"index, follow, max-snippet:-1, max-image-preview:large, max-video-preview:-1\" \/>\n<link rel=\"canonical\" href=\"https:\/\/www.electroluxprofessional.com\/at\/kundenservice\/ersatzteillieferung\/\" \/>\n<meta property=\"og:locale\" content=\"de_DE\" \/>\n<meta property=\"og:type\" content=\"article\" \/>\n<meta property=\"og:title\" content=\"Ersatzteillieferung | Electrolux Professional\" \/>\n<meta property=\"og:description\" content=\"Mehr als 55.000 Ersatzteile sind dank unseres globalen Service-Netzwerks mit \u00fcber 2200 autorisierten Technikern verf\u00fcgbar.\" \/>\n<meta property=\"og:url\" content=\"https:\/\/www.electroluxprofessional.com\/at\/kundenservice\/ersatzteillieferung\/\" \/>\n<meta property=\"og:site_name\" content=\"Electrolux Professional \u00d6sterreich\" \/>\n<meta property=\"article:modified_time\" content=\"2024-10-17T07:15:46+00:00\" \/>\n<meta name=\"twitter:card\" content=\"summary_large_image\" \/>\n<meta name=\"twitter:label1\" content=\"Gesch\u00e4tzte Lesezeit\" \/>\n\t<meta name=\"twitter:data1\" content=\"2 Minuten\" \/>\n<script type=\"application\/ld+json\" class=\"yoast-schema-graph\">{\"@context\":\"https:\/\/schema.org\",\"@graph\":[{\"@type\":\"WebPage\",\"@id\":\"https:\/\/www.electroluxprofessional.com\/at\/kundenservice\/ersatzteillieferung\/\",\"url\":\"https:\/\/www.electroluxprofessional.com\/at\/kundenservice\/ersatzteillieferung\/\",\"name\":\"Ersatzteillieferung | Electrolux Professional\",\"isPartOf\":{\"@id\":\"https:\/\/www.electroluxprofessional.com\/at\/#website\"},\"datePublished\":\"2018-05-09T14:47:20+00:00\",\"dateModified\":\"2024-10-17T07:15:46+00:00\",\"description\":\"Mehr als 55.000 Ersatzteile sind dank unseres globalen Service-Netzwerks mit \u00fcber 2200 autorisierten Technikern verf\u00fcgbar.\",\"breadcrumb\":{\"@id\":\"https:\/\/www.electroluxprofessional.com\/at\/kundenservice\/ersatzteillieferung\/#breadcrumb\"},\"inLanguage\":\"de-AT\",\"potentialAction\":[{\"@type\":\"ReadAction\",\"target\":[\"https:\/\/www.electroluxprofessional.com\/at\/kundenservice\/ersatzteillieferung\/\"]}]},{\"@type\":\"BreadcrumbList\",\"@id\":\"https:\/\/www.electroluxprofessional.com\/at\/kundenservice\/ersatzteillieferung\/#breadcrumb\",\"itemListElement\":[{\"@type\":\"ListItem\",\"position\":1,\"name\":\"Startseite\",\"item\":\"https:\/\/www.electroluxprofessional.com\/at\/\"},{\"@type\":\"ListItem\",\"position\":2,\"name\":\"Kundenservice\",\"item\":\"https:\/\/www.electroluxprofessional.com\/at\/kundenservice\/\"},{\"@type\":\"ListItem\",\"position\":3,\"name\":\"Ersatzteillieferung\"}]},{\"@type\":\"WebSite\",\"@id\":\"https:\/\/www.electroluxprofessional.com\/at\/#website\",\"url\":\"https:\/\/www.electroluxprofessional.com\/at\/\",\"name\":\"Electrolux Professional \u00d6sterreich\",\"description\":\"\",\"potentialAction\":[{\"@type\":\"SearchAction\",\"target\":{\"@type\":\"EntryPoint\",\"urlTemplate\":\"https:\/\/www.electroluxprofessional.com\/at\/?src={search_term_string}\"},\"query-input\":\"required name=search_term_string\"}],\"inLanguage\":\"de-AT\"}]}<\/script>\n<!-- \/ Yoast SEO plugin. -->","yoast_head_json":{"title":"Ersatzteillieferung | Electrolux Professional","description":"Mehr als 55.000 Ersatzteile sind dank unseres globalen Service-Netzwerks mit \u00fcber 2200 autorisierten Technikern verf\u00fcgbar.","robots":{"index":"index","follow":"follow","max-snippet":"max-snippet:-1","max-image-preview":"max-image-preview:large","max-video-preview":"max-video-preview:-1"},"canonical":"https:\/\/www.electroluxprofessional.com\/at\/kundenservice\/ersatzteillieferung\/","og_locale":"de_DE","og_type":"article","og_title":"Ersatzteillieferung | Electrolux Professional","og_description":"Mehr als 55.000 Ersatzteile sind dank unseres globalen Service-Netzwerks mit \u00fcber 2200 autorisierten Technikern verf\u00fcgbar.","og_url":"https:\/\/www.electroluxprofessional.com\/at\/kundenservice\/ersatzteillieferung\/","og_site_name":"Electrolux Professional \u00d6sterreich","article_modified_time":"2024-10-17T07:15:46+00:00","twitter_card":"summary_large_image","twitter_misc":{"Gesch\u00e4tzte Lesezeit":"2 Minuten"},"schema":{"@context":"https:\/\/schema.org","@graph":[{"@type":"WebPage","@id":"https:\/\/www.electroluxprofessional.com\/at\/kundenservice\/ersatzteillieferung\/","url":"https:\/\/www.electroluxprofessional.com\/at\/kundenservice\/ersatzteillieferung\/","name":"Ersatzteillieferung | Electrolux Professional","isPartOf":{"@id":"https:\/\/www.electroluxprofessional.com\/at\/#website"},"datePublished":"2018-05-09T14:47:20+00:00","dateModified":"2024-10-17T07:15:46+00:00","description":"Mehr als 55.000 Ersatzteile sind dank unseres globalen Service-Netzwerks mit \u00fcber 2200 autorisierten Technikern verf\u00fcgbar.","breadcrumb":{"@id":"https:\/\/www.electroluxprofessional.com\/at\/kundenservice\/ersatzteillieferung\/#breadcrumb"},"inLanguage":"de-AT","potentialAction":[{"@type":"ReadAction","target":["https:\/\/www.electroluxprofessional.com\/at\/kundenservice\/ersatzteillieferung\/"]}]},{"@type":"BreadcrumbList","@id":"https:\/\/www.electroluxprofessional.com\/at\/kundenservice\/ersatzteillieferung\/#breadcrumb","itemListElement":[{"@type":"ListItem","position":1,"name":"Startseite","item":"https:\/\/www.electroluxprofessional.com\/at\/"},{"@type":"ListItem","position":2,"name":"Kundenservice","item":"https:\/\/www.electroluxprofessional.com\/at\/kundenservice\/"},{"@type":"ListItem","position":3,"name":"Ersatzteillieferung"}]},{"@type":"WebSite","@id":"https:\/\/www.electroluxprofessional.com\/at\/#website","url":"https:\/\/www.electroluxprofessional.com\/at\/","name":"Electrolux Professional \u00d6sterreich","description":"","potentialAction":[{"@type":"SearchAction","target":{"@type":"EntryPoint","urlTemplate":"https:\/\/www.electroluxprofessional.com\/at\/?src={search_term_string}"},"query-input":"required name=search_term_string"}],"inLanguage":"de-AT"}]}},"_links":{"self":[{"href":"https:\/\/www.electroluxprofessional.com\/at\/wp-json\/wp\/v2\/pages\/4420"}],"collection":[{"href":"https:\/\/www.electroluxprofessional.com\/at\/wp-json\/wp\/v2\/pages"}],"about":[{"href":"https:\/\/www.electroluxprofessional.com\/at\/wp-json\/wp\/v2\/types\/page"}],"author":[{"embeddable":true,"href":"https:\/\/www.electroluxprofessional.com\/at\/wp-json\/wp\/v2\/users\/5"}],"replies":[{"embeddable":true,"href":"https:\/\/www.electroluxprofessional.com\/at\/wp-json\/wp\/v2\/comments?post=4420"}],"version-history":[{"count":5,"href":"https:\/\/www.electroluxprofessional.com\/at\/wp-json\/wp\/v2\/pages\/4420\/revisions"}],"predecessor-version":[{"id":19098,"href":"https:\/\/www.electroluxprofessional.com\/at\/wp-json\/wp\/v2\/pages\/4420\/revisions\/19098"}],"up":[{"embeddable":true,"href":"https:\/\/www.electroluxprofessional.com\/at\/wp-json\/wp\/v2\/pages\/4331"}],"wp:attachment":[{"href":"https:\/\/www.electroluxprofessional.com\/at\/wp-json\/wp\/v2\/media?parent=4420"}],"curies":[{"name":"wp","href":"https:\/\/api.w.org\/{rel}","templated":true}]}}