{"id":4331,"date":"2016-06-01T13:56:56","date_gmt":"2016-06-01T13:56:56","guid":{"rendered":"https:\/\/www.electroluxprofessional.com\/?page_id=1763"},"modified":"2024-10-22T10:10:04","modified_gmt":"2024-10-22T09:10:04","slug":"kundenservice","status":"publish","type":"page","link":"https:\/\/www.electroluxprofessional.com\/at\/kundenservice\/","title":{"rendered":"Kundenservice"},"content":{"rendered":"<p>[vc_row full_width=&#8221;electroluxpro-full-width-no-padding&#8221;][vc_column][vc_single_image image=&#8221;4323&#8243; img_size=&#8221;2000&#215;350&#8243; alignment=&#8221;center&#8221;][\/vc_column][\/vc_row][vc_row][vc_column width=&#8221;1\/4&#8243;][vc_empty_space][vc_single_image image=&#8221;4324&#8243; img_size=&#8221;300*300&#8243;][vc_empty_space][\/vc_column][vc_column width=&#8221;3\/4&#8243;][vc_empty_space][vc_empty_space][elx_heading font_container=&#8221;h1&#8243; font_size=&#8221;h3&#8243; text_color=&#8221;inherit&#8221;]Essentia.[\/elx_heading][vc_column_text]Wir sind f\u00fcr Sie da.<br \/>\nJederzeit und \u00fcberall[\/vc_column_text][\/vc_column][\/vc_row][vc_row][vc_column width=&#8221;2\/3&#8243;][vc_empty_space height=&#8221;16px&#8221;][elx_video_block background_image=&#8221;4322&#8243; video_link=&#8221;https:\/\/www.youtube.com\/embed\/UtkDdZNEhMk&#8221; minimum_height=&#8221;450px&#8221;][\/vc_column][vc_column width=&#8221;1\/3&#8243;][elx_heading font_size=&#8221;h3&#8243; text_color=&#8221;inherit&#8221;]Das Herz unseres Kundenservice[\/elx_heading][vc_column_text]Essentia ist <strong>das Herz eines einzigartigen Kundenservice<\/strong>, der Ihnen durch individuell zugeschnittene Leistungen einen entscheidenden Wettbewerbsvorteil verschaffen wird.[\/vc_column_text][vc_column_text]Ab dem Zeitpunkt der Installation bis zum Ende der Lebensdauer unserer Ger\u00e4te stehen wir Ihnen im Rahmen <strong>unserer\u00a0umfassenden\u00a0<\/strong><strong>Service-Vereinbarungen <\/strong>zur Seite und bieten Ihnen umfangreiche Fachkompetenz sowie langj\u00e4hrige Erfahrung bei K\u00fcchen-, Getr\u00e4nke- und W\u00e4scherei-Komplettl\u00f6sungen.[\/vc_column_text][\/vc_column][\/vc_row][vc_row][vc_column][elx_heading font_size=&#8221;h3&#8243; text_color=&#8221;inherit&#8221;]Entdecken Sie Essentia[\/elx_heading][vc_column_text]Essentia bietet Ihnen die Unterst\u00fctzung, die Sie ben\u00f6tigen, und k\u00fcmmert sich um Ihre Prozesse mit einem <strong>zuverl\u00e4ssigen Servicenetzwerk<\/strong>, einer Reihe von ma\u00dfgeschneiderten, <strong>exklusiven Serviceleistungen<\/strong> sowie innovativer Technologie.[\/vc_column_text][vc_empty_space height=&#8221;16px&#8221;][\/vc_column][\/vc_row][vc_row css=&#8221;.vc_custom_1523543977412{background-color: #041e41 !important;}&#8221;][vc_column width=&#8221;2\/3&#8243;][vc_empty_space height=&#8221;100px&#8221;][elx_simple_link_block link=&#8221;url:https%3A%2F%2Fprofessional.electrolux.de%2Fkundenservice%2Fservicevereinbarungen%2F|title:Servicevereinbarungen||&#8221; text_align=&#8221;text-left&#8221; text_color=&#8221;inherit&#8221; background_color=&#8221;inherit&#8221; background_hover_color=&#8221;darker-hover&#8221; extra_class=&#8221;&#8221; reveal_effect=&#8221;&#8221; reveal_duration=&#8221;&#8221; reveal_delay=&#8221;&#8221;][elx_heading font_size=&#8221;h3&#8243; text_color=&#8221;white&#8221;]Servicevereinbarungen[\/elx_heading][vc_column_text]<\/p>\n<p style=\"color: #fff;\">W\u00e4hlen Sie aus flexiblen, ma\u00dfgeschneiderten Servicepaketen, die an Ihre Gesch\u00e4ftsanforderungen angepasst sind und eine Vielzahl von Wartungs- und<br \/>\nSupport-Leistungen umfassen.[\/vc_column_text][\/elx_simple_link_block][elx_button button_text=&#8221;Mehr erfahren&#8221; button_link=&#8221;url:https%3A%2F%2Fprofessional.electrolux.de%2Fkundenservice%2Fservicevereinbarungen%2F|title:Servicevereinbarungen||&#8221;][\/vc_column][vc_column width=&#8221;1\/3&#8243;][vc_single_image image=&#8221;4325&#8243; img_size=&#8221;full&#8221;][\/vc_column][\/vc_row][vc_row][vc_column][vc_empty_space][\/vc_column][\/vc_row][vc_row][vc_column width=&#8221;1\/3&#8243;][elx_simple_link_block link=&#8221;url:https%3A%2F%2Fprofessional.electrolux.de%2Fzubehoer-verbrauchsmaterialien%2F|title:Zubeh%C3%B6r%20und%20Verbrauchsmaterialien||&#8221; text_align=&#8221;text-left&#8221; text_color=&#8221;inherit&#8221; background_color=&#8221;inherit&#8221; background_hover_color=&#8221;darker-hover&#8221; extra_class=&#8221;&#8221; reveal_effect=&#8221;&#8221; reveal_duration=&#8221;&#8221; reveal_delay=&#8221;&#8221;][vc_single_image image=&#8221;4326&#8243; img_size=&#8221;360*120&#8243;][elx_heading font_size=&#8221;h5&#8243; text_color=&#8221;inherit&#8221;]Zubeh\u00f6r &amp; Verbrauchsmaterialien[\/elx_heading][vc_column_text]Verlassen Sie sich auf einen schnellen Versand von Original-Zubeh\u00f6rteilen und -Verbrauchsmaterialien, gr\u00fcndlich getestet von Electrolux Professional Experten, um die <strong>Langlebigkeit und Leistungsf\u00e4higkeit Ihrer Ger\u00e4te<\/strong> sowie die <strong>Sicherheit<\/strong> in der Anwendung zu verbessern.[\/vc_column_text][\/elx_simple_link_block][elx_button button_text=&#8221;Unser Original-Zubeh\u00f6r und Verbrauchsmaterialien&#8221; button_style=&#8221;icon&#8221; button_link=&#8221;url:https%3A%2F%2Fprofessional.electrolux.de%2Fzubehoer-verbrauchsmaterialien%2F|title:Zubeh%C3%B6r%20und%20Verbrauchsmaterialien||&#8221;][\/vc_column][vc_column width=&#8221;1\/3&#8243;][elx_simple_link_block link=&#8221;url:https%3A%2F%2Fprofessional.electrolux.de%2Fkundenservice%2Fersatzteillieferung%2F|title:Ersatzteillieferung||&#8221; text_align=&#8221;text-left&#8221; text_color=&#8221;inherit&#8221; background_color=&#8221;inherit&#8221; background_hover_color=&#8221;darker-hover&#8221; extra_class=&#8221;&#8221; reveal_effect=&#8221;&#8221; reveal_duration=&#8221;&#8221; reveal_delay=&#8221;&#8221;][vc_single_image image=&#8221;4327&#8243; img_size=&#8221;360*120&#8243;][elx_heading font_size=&#8221;h5&#8243; text_color=&#8221;inherit&#8221;]Ersatzteile[\/elx_heading][vc_column_text]55.000 verf\u00fcgbare Ersatzteile auf Lager. Wir sichern die Verf\u00fcgbarkeit der Ersatzteile f\u00fcr mindestens 10 Jahre nach Ende der Garantie zu.<br \/>\nErsatzteillieferung in 24\u201348 Stunden <strong>weltweit<\/strong>.[\/vc_column_text][\/elx_simple_link_block][elx_button button_text=&#8221;Ihr naheliegendster Ersatzteillieferant&#8221; button_style=&#8221;icon&#8221; button_link=&#8221;url:https%3A%2F%2Fprofessional.electrolux.de%2Fkundenservice%2Fersatzteillieferung%2F|title:Ersatzteillieferung||&#8221;][\/vc_column][vc_column width=&#8221;1\/3&#8243;][elx_simple_link_block link=&#8221;url:https%3A%2F%2Fprofessional.electrolux.de%2Fkundenservice%2Fservicevereinbarungen%2F|title:Servicevereinbarungen||&#8221; text_align=&#8221;text-left&#8221; text_color=&#8221;inherit&#8221; background_color=&#8221;inherit&#8221; background_hover_color=&#8221;darker-hover&#8221; extra_class=&#8221;&#8221; reveal_effect=&#8221;&#8221; reveal_duration=&#8221;&#8221; reveal_delay=&#8221;&#8221;][vc_single_image image=&#8221;4328&#8243; img_size=&#8221;360*120&#8243;][elx_heading font_size=&#8221;h5&#8243; text_color=&#8221;inherit&#8221;]Wartungsarbeiten[\/elx_heading][vc_column_text]Die korrekte Wartung gem\u00e4\u00df der Electrolux Professional Service-Handb\u00fccher ist unerl\u00e4sslich, um unerwartete St\u00f6rungen zu vermeiden und daf\u00fcr zu sorgen, dass Ihre Ger\u00e4te kontinuierlich <strong>optimale Leistung<\/strong> sowie zuverl\u00e4ssige und einheitliche Ergebnisse liefern.[\/vc_column_text][\/elx_simple_link_block][elx_button button_text=&#8221;Wartung&#8221; button_style=&#8221;icon&#8221; button_link=&#8221;url:https%3A%2F%2Fprofessional.electrolux.de%2Fkundenservice%2Fservicevereinbarungen%2F|title:Servicevereinbarungen||&#8221;][\/vc_column][\/vc_row][vc_row][vc_column][vc_empty_space][elx_heading font_size=&#8221;h3&#8243; text_color=&#8221;inherit&#8221;]Erfahren Sie mehr \u00fcber Essentia[\/elx_heading][vc_empty_space][\/vc_column][\/vc_row][vc_row][vc_column width=&#8221;1\/3&#8243;][elx_download_block text=&#8221;Essentia<br \/>\nBrosch\u00fcre&#8221; link=&#8221;https:\/\/www.electroluxprofessional.com\/at\/wp-content\/uploads\/2022\/11\/EPR_Broschuere-Essentia_AT.pdf&#8221; background_color=&#8221;electrolux-blue&#8221;][\/vc_column][vc_column width=&#8221;1\/3&#8243;][elx_download_block text=&#8221;Wartungsarbeiten<br \/>\nLeistungen&#8221; link=&#8221;https:\/\/www.electroluxprofessional.com\/at\/wp-content\/uploads\/2018\/09\/Wartungsarbeiten_Leistungen-1.pdf&#8221; background_color=&#8221;electrolux-blue&#8221;][\/vc_column][vc_column width=&#8221;1\/3&#8243;][elx_download_block text=&#8221;Servicevereinbarungen \u00d6sterreich&#8221; link=&#8221;https:\/\/www.electroluxprofessional.com\/at\/wp-content\/uploads\/2018\/07\/Electrolux-Servicevereinbarungen_AT.pdf&#8221; background_color=&#8221;electrolux-blue&#8221;][\/vc_column][\/vc_row][vc_row disable_element=&#8221;yes&#8221;][vc_column width=&#8221;1\/3&#8243;][elx_download_block text=&#8221;Essentia<br \/>\nBrosch\u00fcre&#8221; link=&#8221;https:\/\/www.electroluxprofessional.com\/at\/wp-content\/uploads\/2018\/07\/Essentia-Broschuere_DE.pdf&#8221; background_color=&#8221;electrolux-blue&#8221;][elx_download_block text=&#8221;Wartungsarbeiten<br \/>\nLeistungen&#8221; link=&#8221;https:\/\/www.electroluxprofessional.com\/at\/wp-content\/uploads\/2018\/09\/Wartungsarbeiten_Leistungen-1.pdf&#8221; background_color=&#8221;electrolux-blue&#8221;][\/vc_column][vc_column width=&#8221;1\/3&#8243;][elx_download_block text=&#8221;Servicevereinbarungen Deutschland&#8221; link=&#8221;https:\/\/www.electroluxprofessional.com\/at\/wp-content\/uploads\/2018\/07\/Electrolux-Servicevereinbarungen.pdf&#8221; background_color=&#8221;electrolux-blue&#8221;][elx_download_block text=&#8221;Essentia-Paket Schweiz&#8221; link=&#8221;https:\/\/professional.electrolux.ch\/kundenservice\/&#8221; background_color=&#8221;electrolux-blue&#8221;][\/vc_column][vc_column width=&#8221;1\/3&#8243;][elx_download_block text=&#8221;Servicevereinbarungen \u00d6sterreich&#8221; link=&#8221;https:\/\/www.electroluxprofessional.com\/at\/wp-content\/uploads\/2018\/07\/Electrolux-Servicevereinbarungen_AT.pdf&#8221; background_color=&#8221;electrolux-blue&#8221;][elx_download_block text=&#8221;Katalog Zubeh\u00f6r und Verbrauchsmaterialien&#8221; link=&#8221;https:\/\/www.electroluxprofessional.com\/at\/wp-content\/uploads\/2018\/10\/Ersatzteilkatalog_2018_DE.pdf&#8221; background_color=&#8221;electrolux-blue&#8221;][\/vc_column][\/vc_row][vc_row][vc_column][vc_empty_space][\/vc_column][\/vc_row][vc_row][vc_column width=&#8221;2\/3&#8243;][vc_empty_space][elx_simple_link_block link=&#8221;url:https%3A%2F%2Fprofessional.electrolux.de%2Fsales-und-service-locator%2F|title:Sales%20%26%20Service%20Locator||&#8221; text_align=&#8221;text-left&#8221; text_color=&#8221;inherit&#8221; background_color=&#8221;inherit&#8221; background_hover_color=&#8221;darker-hover&#8221; extra_class=&#8221;&#8221; reveal_effect=&#8221;&#8221; reveal_duration=&#8221;&#8221; reveal_delay=&#8221;&#8221;][elx_heading font_size=&#8221;h3&#8243; text_color=&#8221;inherit&#8221;]Service Netzwerk[\/elx_heading][vc_column_text]Z\u00e4hlen Sie auf mehr als <strong>2.200 autorisierte Servicepartner<\/strong>, die weltweit f\u00fcr Sie verf\u00fcgbar sind. Wir stehen bereit und unterst\u00fctzen Sie mit einem <strong>einzigartigen Servicenetzwerk<\/strong>, das <strong>Ihr Arbeitsleben leichter macht<\/strong>.[\/vc_column_text][\/elx_simple_link_block][\/vc_column][vc_column width=&#8221;1\/3&#8243;][vc_empty_space][vc_single_image image=&#8221;4330&#8243; img_size=&#8221;full&#8221;][\/vc_column][\/vc_row][vc_row][vc_column width=&#8221;1\/3&#8243;][elx_button button_text=&#8221;Finden Sie Ihren Service Partner&#8221; button_link=&#8221;url:https%3A%2F%2Fprofessional.electrolux.de%2Fsales-und-service-locator%2F|title:Sales%20%26%20Service%20Locator||&#8221;][\/vc_column][vc_column width=&#8221;1\/3&#8243;][elx_button button_text=&#8221;Reparaturauftrag Food Service&#8221; button_link=&#8221;url:https%3A%2F%2Fprofessional.electrolux.de%2Freparaturauftrag-efs%2F|title:Reparaturauftrag%20Food%20Service||&#8221;][\/vc_column][vc_column width=&#8221;1\/3&#8243;][\/vc_column][\/vc_row][vc_row][vc_column][vc_empty_space][elx_heading text_color=&#8221;inherit&#8221; text_align=&#8221;text-center&#8221;]Finden Sie mehr heraus \u00fcber Essentia[\/elx_heading][elx_o2000_contact_us s=&#8221;Anfrage Essentia&#8221; country=&#8221;Austria&#8221; b=&#8221;laundry&#8221; container=&#8221;elxcontactus1484293813&#8243; r=&#8221;Ich w\u00fcrde gerne mehr \u00fcber Essentia erfahren. Bitte kontaktieren Sie mich.&#8221; l=&#8221;de&#8221;][\/vc_column][\/vc_row][vc_row][vc_column][vc_empty_space][\/vc_column][\/vc_row]<\/p>\n","protected":false},"excerpt":{"rendered":"<p>[vc_row full_width=&#8221;electroluxpro-full-width-no-padding&#8221;][vc_column][vc_single_image image=&#8221;4323&#8243; img_size=&#8221;2000&#215;350&#8243; alignment=&#8221;center&#8221;][\/vc_column][\/vc_row][vc_row][vc_column width=&#8221;1\/4&#8243;][vc_empty_space][vc_single_image image=&#8221;4324&#8243; img_size=&#8221;300*300&#8243;][vc_empty_space][\/vc_column][vc_column width=&#8221;3\/4&#8243;][vc_empty_space][vc_empty_space][elx_heading font_container=&#8221;h1&#8243; font_size=&#8221;h3&#8243; text_color=&#8221;inherit&#8221;]Essentia.[\/elx_heading][vc_column_text]Wir sind f\u00fcr Sie da. Jederzeit und \u00fcberall[\/vc_column_text][\/vc_column][\/vc_row][vc_row][vc_column width=&#8221;2\/3&#8243;][vc_empty_space height=&#8221;16px&#8221;][elx_video_block background_image=&#8221;4322&#8243; video_link=&#8221;https:\/\/www.youtube.com\/embed\/UtkDdZNEhMk&#8221; minimum_height=&#8221;450px&#8221;][\/vc_column][vc_column width=&#8221;1\/3&#8243;][elx_heading font_size=&#8221;h3&#8243; text_color=&#8221;inherit&#8221;]Das Herz unseres Kundenservice[\/elx_heading][vc_column_text]Essentia ist das Herz eines einzigartigen Kundenservice, der Ihnen durch individuell zugeschnittene Leistungen einen entscheidenden Wettbewerbsvorteil verschaffen wird.[\/vc_column_text][vc_column_text]Ab dem Zeitpunkt der Installation bis zum Ende der [&hellip;]<\/p>\n","protected":false},"author":5,"featured_media":4321,"parent":0,"menu_order":0,"comment_status":"closed","ping_status":"closed","template":"","meta":{"footnotes":""},"class_list":["post-4331","page","type-page","status-publish","has-post-thumbnail","hentry"],"acf":[],"yoast_head":"<!-- This site is optimized with the Yoast SEO plugin v23.3 - https:\/\/yoast.com\/wordpress\/plugins\/seo\/ -->\n<title>Kundenservice Essentia | Electrolux Professional<\/title>\n<meta name=\"description\" content=\"Verschaffen Sie sich mit unsem Kundenservice Essentia einen entscheidenden Wettbewerbsvorteil durch individuell zugeschnittene Leistungen.\" \/>\n<meta name=\"robots\" content=\"index, follow, max-snippet:-1, max-image-preview:large, max-video-preview:-1\" \/>\n<link rel=\"canonical\" href=\"https:\/\/www.electroluxprofessional.com\/at\/kundenservice\/\" \/>\n<meta property=\"og:locale\" content=\"de_DE\" \/>\n<meta property=\"og:type\" content=\"article\" \/>\n<meta property=\"og:title\" content=\"Electrolux Professional - Essentia\" \/>\n<meta property=\"og:description\" content=\"Essentia ist das Herz eines einzigartigen Kundenservice, der Ihnen durch individuell zugeschnittene Leistungen einen entscheidenden Wettbewerbsvorteil verschaffen wird.\" \/>\n<meta property=\"og:url\" content=\"https:\/\/www.electroluxprofessional.com\/at\/kundenservice\/\" \/>\n<meta property=\"og:site_name\" content=\"Electrolux Professional \u00d6sterreich\" \/>\n<meta property=\"article:modified_time\" content=\"2024-10-22T09:10:04+00:00\" \/>\n<meta property=\"og:image\" content=\"https:\/\/www.electroluxprofessional.com\/at\/wp-content\/uploads\/2018\/08\/Essentia_Social.jpg\" \/>\n<meta name=\"twitter:card\" content=\"summary_large_image\" \/>\n<meta name=\"twitter:label1\" content=\"Gesch\u00e4tzte Lesezeit\" \/>\n\t<meta name=\"twitter:data1\" content=\"3 Minuten\" \/>\n<script type=\"application\/ld+json\" class=\"yoast-schema-graph\">{\"@context\":\"https:\/\/schema.org\",\"@graph\":[{\"@type\":\"WebPage\",\"@id\":\"https:\/\/www.electroluxprofessional.com\/at\/kundenservice\/\",\"url\":\"https:\/\/www.electroluxprofessional.com\/at\/kundenservice\/\",\"name\":\"Kundenservice Essentia | Electrolux Professional\",\"isPartOf\":{\"@id\":\"https:\/\/www.electroluxprofessional.com\/at\/#website\"},\"primaryImageOfPage\":{\"@id\":\"https:\/\/www.electroluxprofessional.com\/at\/kundenservice\/#primaryimage\"},\"image\":{\"@id\":\"https:\/\/www.electroluxprofessional.com\/at\/kundenservice\/#primaryimage\"},\"thumbnailUrl\":\"https:\/\/www.electroluxprofessional.com\/at\/wp-content\/uploads\/2017\/01\/cutomer-care-1.jpg\",\"datePublished\":\"2016-06-01T13:56:56+00:00\",\"dateModified\":\"2024-10-22T09:10:04+00:00\",\"description\":\"Verschaffen Sie sich mit unsem Kundenservice Essentia einen entscheidenden Wettbewerbsvorteil durch individuell zugeschnittene Leistungen.\",\"breadcrumb\":{\"@id\":\"https:\/\/www.electroluxprofessional.com\/at\/kundenservice\/#breadcrumb\"},\"inLanguage\":\"de-AT\",\"potentialAction\":[{\"@type\":\"ReadAction\",\"target\":[\"https:\/\/www.electroluxprofessional.com\/at\/kundenservice\/\"]}]},{\"@type\":\"ImageObject\",\"inLanguage\":\"de-AT\",\"@id\":\"https:\/\/www.electroluxprofessional.com\/at\/kundenservice\/#primaryimage\",\"url\":\"https:\/\/www.electroluxprofessional.com\/at\/wp-content\/uploads\/2017\/01\/cutomer-care-1.jpg\",\"contentUrl\":\"https:\/\/www.electroluxprofessional.com\/at\/wp-content\/uploads\/2017\/01\/cutomer-care-1.jpg\",\"width\":2000,\"height\":1691,\"caption\":\"customer care service electrolux professional\"},{\"@type\":\"BreadcrumbList\",\"@id\":\"https:\/\/www.electroluxprofessional.com\/at\/kundenservice\/#breadcrumb\",\"itemListElement\":[{\"@type\":\"ListItem\",\"position\":1,\"name\":\"Startseite\",\"item\":\"https:\/\/www.electroluxprofessional.com\/at\/\"},{\"@type\":\"ListItem\",\"position\":2,\"name\":\"Kundenservice\"}]},{\"@type\":\"WebSite\",\"@id\":\"https:\/\/www.electroluxprofessional.com\/at\/#website\",\"url\":\"https:\/\/www.electroluxprofessional.com\/at\/\",\"name\":\"Electrolux Professional \u00d6sterreich\",\"description\":\"\",\"potentialAction\":[{\"@type\":\"SearchAction\",\"target\":{\"@type\":\"EntryPoint\",\"urlTemplate\":\"https:\/\/www.electroluxprofessional.com\/at\/?src={search_term_string}\"},\"query-input\":\"required name=search_term_string\"}],\"inLanguage\":\"de-AT\"}]}<\/script>\n<!-- \/ Yoast SEO plugin. -->","yoast_head_json":{"title":"Kundenservice Essentia | Electrolux Professional","description":"Verschaffen Sie sich mit unsem Kundenservice Essentia einen entscheidenden Wettbewerbsvorteil durch individuell zugeschnittene Leistungen.","robots":{"index":"index","follow":"follow","max-snippet":"max-snippet:-1","max-image-preview":"max-image-preview:large","max-video-preview":"max-video-preview:-1"},"canonical":"https:\/\/www.electroluxprofessional.com\/at\/kundenservice\/","og_locale":"de_DE","og_type":"article","og_title":"Electrolux Professional - Essentia","og_description":"Essentia ist das Herz eines einzigartigen Kundenservice, der Ihnen durch individuell zugeschnittene Leistungen einen entscheidenden Wettbewerbsvorteil verschaffen wird.","og_url":"https:\/\/www.electroluxprofessional.com\/at\/kundenservice\/","og_site_name":"Electrolux Professional \u00d6sterreich","article_modified_time":"2024-10-22T09:10:04+00:00","og_image":[{"url":"https:\/\/www.electroluxprofessional.com\/at\/wp-content\/uploads\/2018\/08\/Essentia_Social.jpg"}],"twitter_card":"summary_large_image","twitter_misc":{"Gesch\u00e4tzte Lesezeit":"3 Minuten"},"schema":{"@context":"https:\/\/schema.org","@graph":[{"@type":"WebPage","@id":"https:\/\/www.electroluxprofessional.com\/at\/kundenservice\/","url":"https:\/\/www.electroluxprofessional.com\/at\/kundenservice\/","name":"Kundenservice Essentia | Electrolux Professional","isPartOf":{"@id":"https:\/\/www.electroluxprofessional.com\/at\/#website"},"primaryImageOfPage":{"@id":"https:\/\/www.electroluxprofessional.com\/at\/kundenservice\/#primaryimage"},"image":{"@id":"https:\/\/www.electroluxprofessional.com\/at\/kundenservice\/#primaryimage"},"thumbnailUrl":"https:\/\/www.electroluxprofessional.com\/at\/wp-content\/uploads\/2017\/01\/cutomer-care-1.jpg","datePublished":"2016-06-01T13:56:56+00:00","dateModified":"2024-10-22T09:10:04+00:00","description":"Verschaffen Sie sich mit unsem Kundenservice Essentia einen entscheidenden Wettbewerbsvorteil durch individuell zugeschnittene Leistungen.","breadcrumb":{"@id":"https:\/\/www.electroluxprofessional.com\/at\/kundenservice\/#breadcrumb"},"inLanguage":"de-AT","potentialAction":[{"@type":"ReadAction","target":["https:\/\/www.electroluxprofessional.com\/at\/kundenservice\/"]}]},{"@type":"ImageObject","inLanguage":"de-AT","@id":"https:\/\/www.electroluxprofessional.com\/at\/kundenservice\/#primaryimage","url":"https:\/\/www.electroluxprofessional.com\/at\/wp-content\/uploads\/2017\/01\/cutomer-care-1.jpg","contentUrl":"https:\/\/www.electroluxprofessional.com\/at\/wp-content\/uploads\/2017\/01\/cutomer-care-1.jpg","width":2000,"height":1691,"caption":"customer care service electrolux professional"},{"@type":"BreadcrumbList","@id":"https:\/\/www.electroluxprofessional.com\/at\/kundenservice\/#breadcrumb","itemListElement":[{"@type":"ListItem","position":1,"name":"Startseite","item":"https:\/\/www.electroluxprofessional.com\/at\/"},{"@type":"ListItem","position":2,"name":"Kundenservice"}]},{"@type":"WebSite","@id":"https:\/\/www.electroluxprofessional.com\/at\/#website","url":"https:\/\/www.electroluxprofessional.com\/at\/","name":"Electrolux Professional \u00d6sterreich","description":"","potentialAction":[{"@type":"SearchAction","target":{"@type":"EntryPoint","urlTemplate":"https:\/\/www.electroluxprofessional.com\/at\/?src={search_term_string}"},"query-input":"required name=search_term_string"}],"inLanguage":"de-AT"}]}},"_links":{"self":[{"href":"https:\/\/www.electroluxprofessional.com\/at\/wp-json\/wp\/v2\/pages\/4331"}],"collection":[{"href":"https:\/\/www.electroluxprofessional.com\/at\/wp-json\/wp\/v2\/pages"}],"about":[{"href":"https:\/\/www.electroluxprofessional.com\/at\/wp-json\/wp\/v2\/types\/page"}],"author":[{"embeddable":true,"href":"https:\/\/www.electroluxprofessional.com\/at\/wp-json\/wp\/v2\/users\/5"}],"replies":[{"embeddable":true,"href":"https:\/\/www.electroluxprofessional.com\/at\/wp-json\/wp\/v2\/comments?post=4331"}],"version-history":[{"count":9,"href":"https:\/\/www.electroluxprofessional.com\/at\/wp-json\/wp\/v2\/pages\/4331\/revisions"}],"predecessor-version":[{"id":19138,"href":"https:\/\/www.electroluxprofessional.com\/at\/wp-json\/wp\/v2\/pages\/4331\/revisions\/19138"}],"wp:featuredmedia":[{"embeddable":true,"href":"https:\/\/www.electroluxprofessional.com\/at\/wp-json\/wp\/v2\/media\/4321"}],"wp:attachment":[{"href":"https:\/\/www.electroluxprofessional.com\/at\/wp-json\/wp\/v2\/media?parent=4331"}],"curies":[{"name":"wp","href":"https:\/\/api.w.org\/{rel}","templated":true}]}}