{"id":3736,"date":"2017-08-03T13:34:18","date_gmt":"2017-08-03T13:34:18","guid":{"rendered":"https:\/\/www.electroluxprofessional.com\/at\/?page_id=3736"},"modified":"2024-07-01T10:23:57","modified_gmt":"2024-07-01T09:23:57","slug":"thermoelektrische-pruefung","status":"publish","type":"page","link":"https:\/\/www.electroluxprofessional.com\/at\/branchenloesungen\/care\/thermoelektrische-pruefung\/","title":{"rendered":"Thermoelektrische Pr\u00fcfung"},"content":{"rendered":"<p>[vc_row full_width=&#8221;electroluxpro-full-width-no-padding&#8221;][vc_column][elx_hero_slider text_position=&#8221;hero_slider_text_align_center&#8221; label_text_color=&#8221;inherit&#8221; images=&#8221;2376&#8243;][elx_heading font_container=&#8221;h1&#8243; font_size=&#8221;h3&#8243; text_color=&#8221;inherit&#8221; text_align=&#8221;text-center&#8221;]Thermoelektrische Pr\u00fcfung[\/elx_heading][\/elx_hero_slider][\/vc_column][\/vc_row][vc_row][vc_column width=&#8221;2\/3&#8243;][vc_empty_space][vc_column_text]Zur Pr\u00fcfung der an der Maschine eingestellten Desinfektionsparameter werden geeignete und kalibrierte Datenlogger im Waschgut mitgewaschen. Diese zeichnen die Temperaturen und deren Haltezeiten w\u00e4hrend des Waschprozesses auf.<\/p>\n<p>Diese Daten werden im Anschluss ausgelesen, ausgewertet und dokumentiert (Temperatur-haltezeiten) und visualisiert (Dokumentation des Waschverlaufes inkl. Grafischer Darstellung zum Erfassen der Wasserst\u00e4nde).<\/p>\n<p>Die offizielle Empfehlung seitens Electrolux Professional sieht die Durchf\u00fchrung dieser Dienstleistungen zur Hygienepr\u00fcfung (mikrobiologische Kontrolle sowie Thermoelektrische Pr\u00fcfung) im Rahmen einer Maschinen-Wartung und BGR 500 \/ 2.6 Pr\u00fcfung vor.<\/p>\n<p>Mit diesen \u00dcberpr\u00fcfungen (und evtl. resultierenden Korrekturen) ist es Ihnen m\u00f6glich, den ordnungsgem\u00e4\u00dfen Zustand der Ger\u00e4tschaften gegen\u00fcber dem Gesundheitsamt zu dokumentieren.[\/vc_column_text][\/vc_column][vc_column width=&#8221;1\/3&#8243;][vc_empty_space][vc_single_image image=&#8221;3737&#8243; img_size=&#8221;400&#8243; alignment=&#8221;right&#8221;][\/vc_column][\/vc_row][vc_row][vc_column][vc_empty_space height=&#8221;50px&#8221;][elx_heading text_color=&#8221;inherit&#8221; text_align=&#8221;text-center&#8221;]Das k\u00f6nnte Sie auch interessieren:[\/elx_heading][\/vc_column][\/vc_row][vc_row][vc_column width=&#8221;1\/3&#8243;][elx_maylike_box id_box=&#8221;915&#8243;][\/vc_column][vc_column width=&#8221;1\/3&#8243;][elx_maylike_box id_box=&#8221;1414&#8243;][\/vc_column][vc_column width=&#8221;1\/3&#8243;][elx_maylike_box id_box=&#8221;3719&#8243;][\/vc_column][\/vc_row][vc_row][vc_column][vc_empty_space height=&#8221;50px&#8221;][\/vc_column][\/vc_row][vc_row][vc_column][elx_heading text_color=&#8221;inherit&#8221; text_align=&#8221;text-center&#8221;]Finden Sie heraus, wie wir Sie unterst\u00fctzen k\u00f6nnen[\/elx_heading][elx_o2000_contact_us s=&#8221;Anfrage Care&#8221; country=&#8221;Germany&#8221; container=&#8221;elxcontactus1480954061&#8243; r=&#8221;Ich w\u00fcrde gerne mehr \u00fcber Ihre L\u00f6sungen erfahren. Bitte kontaktieren Sie mich.&#8221; l=&#8221;de&#8221;][vc_empty_space height=&#8221;50px&#8221;][\/vc_column][\/vc_row]<\/p>\n","protected":false},"excerpt":{"rendered":"<p>[vc_row full_width=&#8221;electroluxpro-full-width-no-padding&#8221;][vc_column][elx_hero_slider text_position=&#8221;hero_slider_text_align_center&#8221; label_text_color=&#8221;inherit&#8221; images=&#8221;2376&#8243;][elx_heading font_container=&#8221;h1&#8243; font_size=&#8221;h3&#8243; text_color=&#8221;inherit&#8221; text_align=&#8221;text-center&#8221;]Thermoelektrische Pr\u00fcfung[\/elx_heading][\/elx_hero_slider][\/vc_column][\/vc_row][vc_row][vc_column width=&#8221;2\/3&#8243;][vc_empty_space][vc_column_text]Zur Pr\u00fcfung der an der Maschine eingestellten Desinfektionsparameter werden geeignete und kalibrierte Datenlogger im Waschgut mitgewaschen. Diese zeichnen die Temperaturen und deren Haltezeiten w\u00e4hrend des Waschprozesses auf. Diese Daten werden im Anschluss ausgelesen, ausgewertet und dokumentiert (Temperatur-haltezeiten) und visualisiert (Dokumentation des Waschverlaufes inkl. Grafischer Darstellung [&hellip;]<\/p>\n","protected":false},"author":5,"featured_media":2376,"parent":1654,"menu_order":0,"comment_status":"closed","ping_status":"closed","template":"","meta":{"footnotes":""},"class_list":["post-3736","page","type-page","status-publish","has-post-thumbnail","hentry"],"acf":[],"yoast_head":"<!-- This site is optimized with the Yoast SEO plugin v23.3 - https:\/\/yoast.com\/wordpress\/plugins\/seo\/ -->\n<title>Thermoelektrische Pr\u00fcfung | Electrolux Professional<\/title>\n<meta name=\"description\" content=\"Zur Pr\u00fcfung der an der Maschine eingestellten Desinfektionsparameter werden geeignete und kalibrierte Datenlogger im Waschgut mitgewaschen.\" \/>\n<meta name=\"robots\" content=\"index, follow, max-snippet:-1, max-image-preview:large, max-video-preview:-1\" \/>\n<link rel=\"canonical\" href=\"https:\/\/www.electroluxprofessional.com\/at\/branchenloesungen\/care\/thermoelektrische-pruefung\/\" \/>\n<meta property=\"og:locale\" content=\"de_DE\" \/>\n<meta property=\"og:type\" content=\"article\" \/>\n<meta property=\"og:title\" content=\"Thermoelektrische Pr\u00fcfung | Electrolux Professional\" \/>\n<meta property=\"og:description\" content=\"Zur Pr\u00fcfung der an der Maschine eingestellten Desinfektionsparameter werden geeignete und kalibrierte Datenlogger im Waschgut mitgewaschen.\" \/>\n<meta property=\"og:url\" content=\"https:\/\/www.electroluxprofessional.com\/at\/branchenloesungen\/care\/thermoelektrische-pruefung\/\" \/>\n<meta property=\"og:site_name\" content=\"Electrolux Professional \u00d6sterreich\" \/>\n<meta property=\"article:modified_time\" content=\"2024-07-01T09:23:57+00:00\" \/>\n<meta property=\"og:image\" content=\"https:\/\/www.electroluxprofessional.com\/at\/wp-content\/uploads\/2017\/01\/IMG_5144-ok.jpg\" \/>\n\t<meta property=\"og:image:width\" content=\"2000\" \/>\n\t<meta property=\"og:image:height\" content=\"1340\" \/>\n\t<meta property=\"og:image:type\" content=\"image\/jpeg\" \/>\n<meta name=\"twitter:card\" content=\"summary_large_image\" \/>\n<meta name=\"twitter:label1\" content=\"Gesch\u00e4tzte Lesezeit\" \/>\n\t<meta name=\"twitter:data1\" content=\"2 Minuten\" \/>\n<script type=\"application\/ld+json\" class=\"yoast-schema-graph\">{\"@context\":\"https:\/\/schema.org\",\"@graph\":[{\"@type\":\"WebPage\",\"@id\":\"https:\/\/www.electroluxprofessional.com\/at\/branchenloesungen\/care\/thermoelektrische-pruefung\/\",\"url\":\"https:\/\/www.electroluxprofessional.com\/at\/branchenloesungen\/care\/thermoelektrische-pruefung\/\",\"name\":\"Thermoelektrische Pr\u00fcfung | Electrolux Professional\",\"isPartOf\":{\"@id\":\"https:\/\/www.electroluxprofessional.com\/at\/#website\"},\"primaryImageOfPage\":{\"@id\":\"https:\/\/www.electroluxprofessional.com\/at\/branchenloesungen\/care\/thermoelektrische-pruefung\/#primaryimage\"},\"image\":{\"@id\":\"https:\/\/www.electroluxprofessional.com\/at\/branchenloesungen\/care\/thermoelektrische-pruefung\/#primaryimage\"},\"thumbnailUrl\":\"https:\/\/www.electroluxprofessional.com\/at\/wp-content\/uploads\/2017\/01\/IMG_5144-ok.jpg\",\"datePublished\":\"2017-08-03T13:34:18+00:00\",\"dateModified\":\"2024-07-01T09:23:57+00:00\",\"description\":\"Zur Pr\u00fcfung der an der Maschine eingestellten Desinfektionsparameter werden geeignete und kalibrierte Datenlogger im Waschgut mitgewaschen.\",\"breadcrumb\":{\"@id\":\"https:\/\/www.electroluxprofessional.com\/at\/branchenloesungen\/care\/thermoelektrische-pruefung\/#breadcrumb\"},\"inLanguage\":\"de-AT\",\"potentialAction\":[{\"@type\":\"ReadAction\",\"target\":[\"https:\/\/www.electroluxprofessional.com\/at\/branchenloesungen\/care\/thermoelektrische-pruefung\/\"]}]},{\"@type\":\"ImageObject\",\"inLanguage\":\"de-AT\",\"@id\":\"https:\/\/www.electroluxprofessional.com\/at\/branchenloesungen\/care\/thermoelektrische-pruefung\/#primaryimage\",\"url\":\"https:\/\/www.electroluxprofessional.com\/at\/wp-content\/uploads\/2017\/01\/IMG_5144-ok.jpg\",\"contentUrl\":\"https:\/\/www.electroluxprofessional.com\/at\/wp-content\/uploads\/2017\/01\/IMG_5144-ok.jpg\",\"width\":2000,\"height\":1340,\"caption\":\"Clinique Sainte-Elisabeth - Care\"},{\"@type\":\"BreadcrumbList\",\"@id\":\"https:\/\/www.electroluxprofessional.com\/at\/branchenloesungen\/care\/thermoelektrische-pruefung\/#breadcrumb\",\"itemListElement\":[{\"@type\":\"ListItem\",\"position\":1,\"name\":\"Startseite\",\"item\":\"https:\/\/www.electroluxprofessional.com\/at\/\"},{\"@type\":\"ListItem\",\"position\":2,\"name\":\"Branchenl\u00f6sungen\",\"item\":\"https:\/\/www.electroluxprofessional.com\/at\/branchenloesungen\/\"},{\"@type\":\"ListItem\",\"position\":3,\"name\":\"Care\",\"item\":\"https:\/\/www.electroluxprofessional.com\/at\/branchenloesungen\/care\/\"},{\"@type\":\"ListItem\",\"position\":4,\"name\":\"Thermoelektrische Pr\u00fcfung\"}]},{\"@type\":\"WebSite\",\"@id\":\"https:\/\/www.electroluxprofessional.com\/at\/#website\",\"url\":\"https:\/\/www.electroluxprofessional.com\/at\/\",\"name\":\"Electrolux Professional \u00d6sterreich\",\"description\":\"\",\"potentialAction\":[{\"@type\":\"SearchAction\",\"target\":{\"@type\":\"EntryPoint\",\"urlTemplate\":\"https:\/\/www.electroluxprofessional.com\/at\/?src={search_term_string}\"},\"query-input\":\"required name=search_term_string\"}],\"inLanguage\":\"de-AT\"}]}<\/script>\n<!-- \/ Yoast SEO plugin. -->","yoast_head_json":{"title":"Thermoelektrische Pr\u00fcfung | Electrolux Professional","description":"Zur Pr\u00fcfung der an der Maschine eingestellten Desinfektionsparameter werden geeignete und kalibrierte Datenlogger im Waschgut mitgewaschen.","robots":{"index":"index","follow":"follow","max-snippet":"max-snippet:-1","max-image-preview":"max-image-preview:large","max-video-preview":"max-video-preview:-1"},"canonical":"https:\/\/www.electroluxprofessional.com\/at\/branchenloesungen\/care\/thermoelektrische-pruefung\/","og_locale":"de_DE","og_type":"article","og_title":"Thermoelektrische Pr\u00fcfung | Electrolux Professional","og_description":"Zur Pr\u00fcfung der an der Maschine eingestellten Desinfektionsparameter werden geeignete und kalibrierte Datenlogger im Waschgut mitgewaschen.","og_url":"https:\/\/www.electroluxprofessional.com\/at\/branchenloesungen\/care\/thermoelektrische-pruefung\/","og_site_name":"Electrolux Professional \u00d6sterreich","article_modified_time":"2024-07-01T09:23:57+00:00","og_image":[{"width":2000,"height":1340,"url":"https:\/\/www.electroluxprofessional.com\/at\/wp-content\/uploads\/2017\/01\/IMG_5144-ok.jpg","type":"image\/jpeg"}],"twitter_card":"summary_large_image","twitter_misc":{"Gesch\u00e4tzte Lesezeit":"2 Minuten"},"schema":{"@context":"https:\/\/schema.org","@graph":[{"@type":"WebPage","@id":"https:\/\/www.electroluxprofessional.com\/at\/branchenloesungen\/care\/thermoelektrische-pruefung\/","url":"https:\/\/www.electroluxprofessional.com\/at\/branchenloesungen\/care\/thermoelektrische-pruefung\/","name":"Thermoelektrische Pr\u00fcfung | Electrolux Professional","isPartOf":{"@id":"https:\/\/www.electroluxprofessional.com\/at\/#website"},"primaryImageOfPage":{"@id":"https:\/\/www.electroluxprofessional.com\/at\/branchenloesungen\/care\/thermoelektrische-pruefung\/#primaryimage"},"image":{"@id":"https:\/\/www.electroluxprofessional.com\/at\/branchenloesungen\/care\/thermoelektrische-pruefung\/#primaryimage"},"thumbnailUrl":"https:\/\/www.electroluxprofessional.com\/at\/wp-content\/uploads\/2017\/01\/IMG_5144-ok.jpg","datePublished":"2017-08-03T13:34:18+00:00","dateModified":"2024-07-01T09:23:57+00:00","description":"Zur Pr\u00fcfung der an der Maschine eingestellten Desinfektionsparameter werden geeignete und kalibrierte Datenlogger im Waschgut mitgewaschen.","breadcrumb":{"@id":"https:\/\/www.electroluxprofessional.com\/at\/branchenloesungen\/care\/thermoelektrische-pruefung\/#breadcrumb"},"inLanguage":"de-AT","potentialAction":[{"@type":"ReadAction","target":["https:\/\/www.electroluxprofessional.com\/at\/branchenloesungen\/care\/thermoelektrische-pruefung\/"]}]},{"@type":"ImageObject","inLanguage":"de-AT","@id":"https:\/\/www.electroluxprofessional.com\/at\/branchenloesungen\/care\/thermoelektrische-pruefung\/#primaryimage","url":"https:\/\/www.electroluxprofessional.com\/at\/wp-content\/uploads\/2017\/01\/IMG_5144-ok.jpg","contentUrl":"https:\/\/www.electroluxprofessional.com\/at\/wp-content\/uploads\/2017\/01\/IMG_5144-ok.jpg","width":2000,"height":1340,"caption":"Clinique Sainte-Elisabeth - Care"},{"@type":"BreadcrumbList","@id":"https:\/\/www.electroluxprofessional.com\/at\/branchenloesungen\/care\/thermoelektrische-pruefung\/#breadcrumb","itemListElement":[{"@type":"ListItem","position":1,"name":"Startseite","item":"https:\/\/www.electroluxprofessional.com\/at\/"},{"@type":"ListItem","position":2,"name":"Branchenl\u00f6sungen","item":"https:\/\/www.electroluxprofessional.com\/at\/branchenloesungen\/"},{"@type":"ListItem","position":3,"name":"Care","item":"https:\/\/www.electroluxprofessional.com\/at\/branchenloesungen\/care\/"},{"@type":"ListItem","position":4,"name":"Thermoelektrische Pr\u00fcfung"}]},{"@type":"WebSite","@id":"https:\/\/www.electroluxprofessional.com\/at\/#website","url":"https:\/\/www.electroluxprofessional.com\/at\/","name":"Electrolux Professional \u00d6sterreich","description":"","potentialAction":[{"@type":"SearchAction","target":{"@type":"EntryPoint","urlTemplate":"https:\/\/www.electroluxprofessional.com\/at\/?src={search_term_string}"},"query-input":"required name=search_term_string"}],"inLanguage":"de-AT"}]}},"_links":{"self":[{"href":"https:\/\/www.electroluxprofessional.com\/at\/wp-json\/wp\/v2\/pages\/3736"}],"collection":[{"href":"https:\/\/www.electroluxprofessional.com\/at\/wp-json\/wp\/v2\/pages"}],"about":[{"href":"https:\/\/www.electroluxprofessional.com\/at\/wp-json\/wp\/v2\/types\/page"}],"author":[{"embeddable":true,"href":"https:\/\/www.electroluxprofessional.com\/at\/wp-json\/wp\/v2\/users\/5"}],"replies":[{"embeddable":true,"href":"https:\/\/www.electroluxprofessional.com\/at\/wp-json\/wp\/v2\/comments?post=3736"}],"version-history":[{"count":3,"href":"https:\/\/www.electroluxprofessional.com\/at\/wp-json\/wp\/v2\/pages\/3736\/revisions"}],"predecessor-version":[{"id":18554,"href":"https:\/\/www.electroluxprofessional.com\/at\/wp-json\/wp\/v2\/pages\/3736\/revisions\/18554"}],"up":[{"embeddable":true,"href":"https:\/\/www.electroluxprofessional.com\/at\/wp-json\/wp\/v2\/pages\/1654"}],"wp:featuredmedia":[{"embeddable":true,"href":"https:\/\/www.electroluxprofessional.com\/at\/wp-json\/wp\/v2\/media\/2376"}],"wp:attachment":[{"href":"https:\/\/www.electroluxprofessional.com\/at\/wp-json\/wp\/v2\/media?parent=3736"}],"curies":[{"name":"wp","href":"https:\/\/api.w.org\/{rel}","templated":true}]}}