{"id":21355,"date":"2026-02-24T13:40:00","date_gmt":"2026-02-24T13:40:00","guid":{"rendered":"https:\/\/www.electroluxprofessional.com\/at\/?page_id=21355"},"modified":"2026-03-27T13:45:42","modified_gmt":"2026-03-27T12:45:42","slug":"nachhaltigkeitsbewertungen-und-zertifikate","status":"publish","type":"page","link":"https:\/\/www.electroluxprofessional.com\/at\/nachhaltige-loesungen\/nachhaltigkeitsbewertungen-und-zertifikate\/","title":{"rendered":"Nachhaltigkeitsbewertungen und Zertifikate"},"content":{"rendered":"<p>[vc_row full_width=&#8221;electroluxpro-full-width-no-padding&#8221;][vc_column][elx_image_block background_image=&#8221;21352&#8243; minimum_height=&#8221;400px&#8221;][\/vc_column][\/vc_row][vc_row][vc_column][vc_row_inner][vc_column_inner offset=&#8221;vc_hidden-sm vc_hidden-xs&#8221;][vc_empty_space height=&#8221;80px&#8221;][\/vc_column_inner][\/vc_row_inner][vc_row_inner][vc_column_inner offset=&#8221;vc_hidden-lg vc_hidden-md&#8221;][vc_empty_space][\/vc_column_inner][\/vc_row_inner][elx_heading font_container=&#8221;h1&#8243; text_color=&#8221;electrolux-blue&#8221; text_align=&#8221;text-center&#8221;]Nachhaltigkeitsbewertungen und Zertifikate[\/elx_heading][vc_empty_space height=&#8221;14px&#8221;][vc_column_text]<\/p>\n<p style=\"text-align: center;\">Wir vertiefen unser Engagement f\u00fcr eine nachhaltige Zukunft durch \u00f6kologische Transparenz.<\/p>\n<p>[\/vc_column_text][vc_row_inner][vc_column_inner offset=&#8221;vc_hidden-sm vc_hidden-xs&#8221;][vc_empty_space height=&#8221;80px&#8221;][\/vc_column_inner][\/vc_row_inner][vc_row_inner][vc_column_inner offset=&#8221;vc_hidden-lg vc_hidden-md&#8221;][vc_empty_space][\/vc_column_inner][\/vc_row_inner][\/vc_column][\/vc_row][vc_row css=&#8221;.vc_custom_1758284570657{background-color: #F5F5F5 !important;}&#8221;][vc_column][vc_empty_space height=&#8221;50px&#8221;][\/vc_column][\/vc_row][vc_row equal_height=&#8221;yes&#8221; css=&#8221;.vc_custom_1758802186212{background-color: #F5F5F5 !important;}&#8221;][vc_column width=&#8221;3\/5&#8243; el_class=&#8221;align-vertical-center&#8221;][elx_heading font_size=&#8221;h4&#8243; text_color=&#8221;electrolux-blue&#8221; text_align=&#8221;text-left&#8221;]Wir sind stolz darauf, im Jahr 2025 die renommierte Gold-Nachhaltigkeitsbewertung von EcoVadis erhalten zu haben, wodurch wir zu den besten 5 % der weltweit bewerteten Unternehmen geh\u00f6ren.[\/elx_heading][vc_row_inner][vc_column_inner offset=&#8221;vc_hidden-lg vc_hidden-md vc_hidden-sm&#8221;][vc_empty_space][\/vc_column_inner][\/vc_row_inner][\/vc_column][vc_column width=&#8221;2\/5&#8243;][vc_single_image image=&#8221;21353&#8243; img_size=&#8221;200&#215;200&#8243; alignment=&#8221;center&#8221;][\/vc_column][\/vc_row][vc_row css=&#8221;.vc_custom_1771583221625{background-color: #f5f5f5 !important;}&#8221;][vc_column][vc_empty_space height=&#8221;50px&#8221;][\/vc_column][\/vc_row][vc_row][vc_column][vc_empty_space height=&#8221;80px&#8221;][\/vc_column][\/vc_row][vc_row css=&#8221;.vc_custom_1758794818846{background-image: url(https:\/\/eprdev.comunicazione21.com\/wp-content\/uploads\/2025\/09\/Screenshot-2025-09-25-115810.jpg?id=56214) !important;background-position: center !important;background-repeat: no-repeat !important;background-size: cover !important;}&#8221;][vc_column][vc_empty_space height=&#8221;64px&#8221;][vc_row_inner][vc_column_inner][vc_column_text]<\/p>\n<p style=\"text-align: center;\"><span style=\"color: #ffffff;\">WAS WIR BISHER ERREICHT HABEN<\/span><\/p>\n<p>[\/vc_column_text][vc_empty_space][elx_heading text_color=&#8221;white&#8221; text_align=&#8221;text-center&#8221;]Im Jahr 2024 konnten wir seit 2019 in allen Bereichen<br \/>\nder Nachhaltigkeit bedeutende Fortschritte erzielen.[\/elx_heading][vc_empty_space][\/vc_column_inner][\/vc_row_inner][vc_row_inner][vc_column_inner width=&#8221;1\/3&#8243;][vc_column_text]<\/p>\n<p style=\"font-size: 83px; text-align: center;\"><span style=\"color: #ffffff;\"><strong>-61%<\/strong><\/span><\/p>\n<p>[\/vc_column_text][elx_heading font_container=&#8221;h3&#8243; font_size=&#8221;p&#8221; text_color=&#8221;white&#8221; text_align=&#8221;text-center&#8221;]CO<sub>2<\/sub> Scope 1&amp;2 Emissionen[\/elx_heading][vc_empty_space][\/vc_column_inner][vc_column_inner width=&#8221;1\/3&#8243;][vc_column_text]<\/p>\n<p style=\"font-size: 83px; text-align: center;\"><span style=\"color: #ffffff;\"><strong>51%<\/strong><\/span><\/p>\n<p>[\/vc_column_text][elx_heading font_container=&#8221;h3&#8243; font_size=&#8221;p&#8221; text_color=&#8221;white&#8221; text_align=&#8221;text-center&#8221;]Erneuerbare Energien[\/elx_heading][vc_empty_space][\/vc_column_inner][vc_column_inner width=&#8221;1\/3&#8243;][vc_column_text]<\/p>\n<p style=\"font-size: 83px; text-align: center;\"><span style=\"color: #ffffff;\"><strong>-35%<\/strong><\/span><\/p>\n<p>[\/vc_column_text][elx_heading font_container=&#8221;h3&#8243; font_size=&#8221;p&#8221; text_color=&#8221;white&#8221; text_align=&#8221;text-center&#8221;]CO<sub>2<\/sub> Scope 3 Emissionen[\/elx_heading][vc_empty_space][\/vc_column_inner][\/vc_row_inner][vc_empty_space height=&#8221;100px&#8221;][\/vc_column][\/vc_row][vc_row][vc_column offset=&#8221;vc_hidden-sm vc_hidden-xs&#8221;][vc_empty_space height=&#8221;80px&#8221;][\/vc_column][\/vc_row][vc_row][vc_column offset=&#8221;vc_hidden-lg vc_hidden-md&#8221;][vc_empty_space][\/vc_column][\/vc_row][vc_row][vc_column][elx_carousel_sust_ratings cards_bg_color=&#8221;card-bg-green&#8221; first_title=&#8221;Klimaziele&#8221; first_paragraph=&#8221;Die Electrolux Professional Group ist der Nachhaltigkeitsf\u00fchrer in unserer Branche. Unser \u00fcbergeordnetes und zugleich anspruchsvolles Ziel ist es, bis 2030 in unseren eigenen Betrieben klimaneutral zu werden.&#8221; card_1_image=&#8221;21357&#8243; card_1_title=&#8221;Reduzierung der Scope-1- und Scope-2-CO<sub>2<\/sub>-Emissionen an unseren Industrieanlagen um 70 % gegen\u00fcber 2019&#8243; card_1_number=&#8221;-70%&#8221; card_1_number_text=&#8221;Bisher erreicht -61 % (2024)&#8221; card_2_image=&#8221;21357&#8243; card_2_title=&#8221;Reduzierung der Scope-3-Emissionen aus der Nutzungsphase verkaufter Produkte&#8221; card_2_number=&#8221;-27,5%&#8221; card_2_number_text=&#8221;Ziel 2024 erreicht&#8221;][vc_empty_space height=&#8221;64px&#8221;][elx_carousel_sust_ratings alignment=&#8221;right&#8221; first_title=&#8221;Ziele f\u00fcr Menschen&#8221; first_paragraph=&#8221;Unsere Mission ist es, den Arbeitsalltag unserer Kunden einfacher, profitabler \u2013 und jeden Tag wirklich nachhaltig zu gestalten. Dies kann nur durch unser gr\u00f6\u00dftes Kapital erreicht werden \u2013 unsere Mitarbeiter.&#8221; card_1_title=&#8221;Ziel f\u00fcr Gesundheit und Sicherheit bis 2025&#8243; card_1_number=&#8221;0,3&#8243; card_1_number_text=&#8221;Derzeit 0,66&#8243; card_2_title=&#8221;Ziel f\u00fcr Geschlechtervielfalt bis 2030&#8243; card_2_number=&#8221;40\/60&#8243; card_2_number_text=&#8221;Derzeit 28\/72&#8243; card_1_paragraph=&#8221;Gemessen an arbeitsbedingten Unf\u00e4llen pro 200.000 Arbeitsstunden&#8221; card_2_paragraph=&#8221;Verteilung M\u00e4nner\/Frauen oder Frauen\/M\u00e4nner&#8221;][\/vc_column][\/vc_row][vc_row][vc_column offset=&#8221;vc_hidden-sm vc_hidden-xs&#8221;][vc_empty_space height=&#8221;80px&#8221;][\/vc_column][\/vc_row][vc_row][vc_column offset=&#8221;vc_hidden-lg vc_hidden-md&#8221;][vc_empty_space][\/vc_column][\/vc_row][vc_row css=&#8221;.vc_custom_1758284570657{background-color: #F5F5F5 !important;}&#8221;][vc_column][vc_empty_space height=&#8221;50px&#8221;][\/vc_column][\/vc_row][vc_row content_placement=&#8221;middle&#8221; css=&#8221;.vc_custom_1758808799747{background-color: #F5F5F5 !important;}&#8221;][vc_column width=&#8221;1\/3&#8243; el_class=&#8221;align-vertical-center&#8221;][vc_row_inner][vc_column_inner][vc_empty_space height=&#8221;42px&#8221;][\/vc_column_inner][\/vc_row_inner][vc_single_image image=&#8221;21354&#8243; img_size=&#8221;400&#215;200&#8243; alignment=&#8221;center&#8221; el_class=&#8221;align-vertical-center&#8221;][\/vc_column][vc_column width=&#8221;2\/3&#8243;][elx_heading text_color=&#8221;electrolux-blue&#8221; text_align=&#8221;text-left&#8221;]Klimaneutral bis 2030[\/elx_heading][vc_empty_space height=&#8221;16px&#8221;][vc_column_text]Unser \u00fcbergeordnetes und zugleich anspruchsvolles Ziel ist es, bis 2030 in unseren eigenen Betrieben klimaneutral zu werden.<br \/>\nWir unterst\u00fctzen die Agenda 2030 der UN und die damit verbundenen \u201eSustainable Development Goals\u201c (SDGs) und <strong>haben uns verpflichtet, bis 2030 klimaneutral zu werden<\/strong>.[\/vc_column_text][vc_empty_space height=&#8221;28px&#8221;][elx_button button_text=&#8221;UNSERE NACHHALTIGEN ENTWICKLUNGSZIELE&#8221; button_display_block=&#8221;display_block_on&#8221; button_alignment_mobile=&#8221;text-left-mobile&#8221; button_link=&#8221;url:https%3A%2F%2Fwww.electroluxprofessionalgroup.com%2Fen%2Fsustainability%2Fsustainable-development-goals%2F|title:UNSERE%20NACHHALTIGEN%20ENTWICKLUNGSZIELE|target:_blank&#8221;][\/vc_column][\/vc_row][vc_row css=&#8221;.vc_custom_1758284570657{background-color: #F5F5F5 !important;}&#8221;][vc_column][vc_empty_space height=&#8221;50px&#8221;][\/vc_column][\/vc_row][vc_row][vc_column][vc_empty_space height=&#8221;80px&#8221;][\/vc_column][\/vc_row][vc_row][vc_column][elx_double_banner_sust tag_title=&#8221;h2&#8243; left_title=&#8221;Nachhaltige L\u00f6sungen f\u00fcr Ihre Gro\u00dfk\u00fcche&#8221; left_link=&#8221;url:%20https%3A%2F%2Fwww.electroluxprofessional.com%2Fat%2Fnachhaltige-loesungen%2Fnachhaltige-grosskuechentechnik%2F|title:Mehr%20erfahren&#8221; right_title=&#8221;Nachhaltige L\u00f6sungen f\u00fcr Ihre W\u00e4scherei&#8221; right_link=&#8221;url:https%3A%2F%2Fwww.electroluxprofessional.com%2Fat%2Fnachhaltige-loesungen%2Fnachhaltige-waeschereiloesungen%2F|title:Mehr%20erfahren&#8221; left_image_media_library=&#8221;21360&#8243; right_image_media_library=&#8221;21361&#8243;][\/vc_column][\/vc_row][vc_row][vc_column][vc_empty_space height=&#8221;80px&#8221;][\/vc_column][\/vc_row]<\/p>\n","protected":false},"excerpt":{"rendered":"<p>[vc_row full_width=&#8221;electroluxpro-full-width-no-padding&#8221;][vc_column][elx_image_block background_image=&#8221;21352&#8243; minimum_height=&#8221;400px&#8221;][\/vc_column][\/vc_row][vc_row][vc_column][vc_row_inner][vc_column_inner offset=&#8221;vc_hidden-sm vc_hidden-xs&#8221;][vc_empty_space height=&#8221;80px&#8221;][\/vc_column_inner][\/vc_row_inner][vc_row_inner][vc_column_inner offset=&#8221;vc_hidden-lg vc_hidden-md&#8221;][vc_empty_space][\/vc_column_inner][\/vc_row_inner][elx_heading font_container=&#8221;h1&#8243; text_color=&#8221;electrolux-blue&#8221; text_align=&#8221;text-center&#8221;]Nachhaltigkeitsbewertungen und Zertifikate[\/elx_heading][vc_empty_space height=&#8221;14px&#8221;][vc_column_text] Wir vertiefen unser Engagement f\u00fcr eine nachhaltige Zukunft durch \u00f6kologische Transparenz. [\/vc_column_text][vc_row_inner][vc_column_inner offset=&#8221;vc_hidden-sm vc_hidden-xs&#8221;][vc_empty_space height=&#8221;80px&#8221;][\/vc_column_inner][\/vc_row_inner][vc_row_inner][vc_column_inner offset=&#8221;vc_hidden-lg vc_hidden-md&#8221;][vc_empty_space][\/vc_column_inner][\/vc_row_inner][\/vc_column][\/vc_row][vc_row css=&#8221;.vc_custom_1758284570657{background-color: #F5F5F5 !important;}&#8221;][vc_column][vc_empty_space height=&#8221;50px&#8221;][\/vc_column][\/vc_row][vc_row equal_height=&#8221;yes&#8221; css=&#8221;.vc_custom_1758802186212{background-color: #F5F5F5 !important;}&#8221;][vc_column width=&#8221;3\/5&#8243; el_class=&#8221;align-vertical-center&#8221;][elx_heading font_size=&#8221;h4&#8243; text_color=&#8221;electrolux-blue&#8221; text_align=&#8221;text-left&#8221;]Wir sind stolz darauf, im Jahr 2025 die renommierte Gold-Nachhaltigkeitsbewertung von [&hellip;]<\/p>\n","protected":false},"author":1,"featured_media":21351,"parent":21313,"menu_order":0,"comment_status":"closed","ping_status":"closed","template":"","meta":{"footnotes":""},"class_list":["post-21355","page","type-page","status-publish","has-post-thumbnail","hentry"],"acf":[],"yoast_head":"<!-- This site is optimized with the Yoast SEO plugin v23.3 - https:\/\/yoast.com\/wordpress\/plugins\/seo\/ -->\n<title>Nachhaltigkeitsbewertungen und Zertifikate - Electrolux Professional \u00d6sterreich<\/title>\n<meta name=\"description\" content=\"Nachhaltigkeitsbewertungen und Zertifikate von Electrolux Professional. Entdecken Sie unser Engagement f\u00fcr den Klimaschutz und die Auszeichnungen, die uns von f\u00fchrenden globalen Rating-Instituten f\u00fcr unsere Nachhaltigkeitsleistung verliehen wurden.\" \/>\n<meta name=\"robots\" content=\"index, follow, max-snippet:-1, max-image-preview:large, max-video-preview:-1\" \/>\n<link rel=\"canonical\" href=\"https:\/\/www.electroluxprofessional.com\/at\/nachhaltige-loesungen\/nachhaltigkeitsbewertungen-und-zertifikate\/\" \/>\n<meta property=\"og:locale\" content=\"de_DE\" \/>\n<meta property=\"og:type\" content=\"article\" \/>\n<meta property=\"og:title\" content=\"Nachhaltigkeitsbewertungen und Zertifikate - Electrolux Professional \u00d6sterreich\" \/>\n<meta property=\"og:description\" content=\"Nachhaltigkeitsbewertungen und Zertifikate von Electrolux Professional. Entdecken Sie unser Engagement f\u00fcr den Klimaschutz und die Auszeichnungen, die uns von f\u00fchrenden globalen Rating-Instituten f\u00fcr unsere Nachhaltigkeitsleistung verliehen wurden.\" \/>\n<meta property=\"og:url\" content=\"https:\/\/www.electroluxprofessional.com\/at\/nachhaltige-loesungen\/nachhaltigkeitsbewertungen-und-zertifikate\/\" \/>\n<meta property=\"og:site_name\" content=\"Electrolux Professional \u00d6sterreich\" \/>\n<meta property=\"article:modified_time\" content=\"2026-03-27T12:45:42+00:00\" \/>\n<meta property=\"og:image\" content=\"https:\/\/www.electroluxprofessional.com\/at\/wp-content\/uploads\/2026\/02\/A-sustainable-approach_1-3.jpeg\" \/>\n\t<meta property=\"og:image:width\" content=\"577\" \/>\n\t<meta property=\"og:image:height\" content=\"540\" \/>\n\t<meta property=\"og:image:type\" content=\"image\/jpeg\" \/>\n<meta name=\"twitter:card\" content=\"summary_large_image\" \/>\n<meta name=\"twitter:label1\" content=\"Gesch\u00e4tzte Lesezeit\" \/>\n\t<meta name=\"twitter:data1\" content=\"4 Minuten\" \/>\n<script type=\"application\/ld+json\" class=\"yoast-schema-graph\">{\"@context\":\"https:\/\/schema.org\",\"@graph\":[{\"@type\":\"WebPage\",\"@id\":\"https:\/\/www.electroluxprofessional.com\/at\/nachhaltige-loesungen\/nachhaltigkeitsbewertungen-und-zertifikate\/\",\"url\":\"https:\/\/www.electroluxprofessional.com\/at\/nachhaltige-loesungen\/nachhaltigkeitsbewertungen-und-zertifikate\/\",\"name\":\"Nachhaltigkeitsbewertungen und Zertifikate - Electrolux Professional \u00d6sterreich\",\"isPartOf\":{\"@id\":\"https:\/\/www.electroluxprofessional.com\/at\/#website\"},\"primaryImageOfPage\":{\"@id\":\"https:\/\/www.electroluxprofessional.com\/at\/nachhaltige-loesungen\/nachhaltigkeitsbewertungen-und-zertifikate\/#primaryimage\"},\"image\":{\"@id\":\"https:\/\/www.electroluxprofessional.com\/at\/nachhaltige-loesungen\/nachhaltigkeitsbewertungen-und-zertifikate\/#primaryimage\"},\"thumbnailUrl\":\"https:\/\/www.electroluxprofessional.com\/at\/wp-content\/uploads\/2026\/02\/A-sustainable-approach_1-3.jpeg\",\"datePublished\":\"2026-02-24T13:40:00+00:00\",\"dateModified\":\"2026-03-27T12:45:42+00:00\",\"description\":\"Nachhaltigkeitsbewertungen und Zertifikate von Electrolux Professional. Entdecken Sie unser Engagement f\u00fcr den Klimaschutz und die Auszeichnungen, die uns von f\u00fchrenden globalen Rating-Instituten f\u00fcr unsere Nachhaltigkeitsleistung verliehen wurden.\",\"breadcrumb\":{\"@id\":\"https:\/\/www.electroluxprofessional.com\/at\/nachhaltige-loesungen\/nachhaltigkeitsbewertungen-und-zertifikate\/#breadcrumb\"},\"inLanguage\":\"de-AT\",\"potentialAction\":[{\"@type\":\"ReadAction\",\"target\":[\"https:\/\/www.electroluxprofessional.com\/at\/nachhaltige-loesungen\/nachhaltigkeitsbewertungen-und-zertifikate\/\"]}]},{\"@type\":\"ImageObject\",\"inLanguage\":\"de-AT\",\"@id\":\"https:\/\/www.electroluxprofessional.com\/at\/nachhaltige-loesungen\/nachhaltigkeitsbewertungen-und-zertifikate\/#primaryimage\",\"url\":\"https:\/\/www.electroluxprofessional.com\/at\/wp-content\/uploads\/2026\/02\/A-sustainable-approach_1-3.jpeg\",\"contentUrl\":\"https:\/\/www.electroluxprofessional.com\/at\/wp-content\/uploads\/2026\/02\/A-sustainable-approach_1-3.jpeg\",\"width\":577,\"height\":540},{\"@type\":\"BreadcrumbList\",\"@id\":\"https:\/\/www.electroluxprofessional.com\/at\/nachhaltige-loesungen\/nachhaltigkeitsbewertungen-und-zertifikate\/#breadcrumb\",\"itemListElement\":[{\"@type\":\"ListItem\",\"position\":1,\"name\":\"Startseite\",\"item\":\"https:\/\/www.electroluxprofessional.com\/at\/\"},{\"@type\":\"ListItem\",\"position\":2,\"name\":\"Nachhaltige L\u00f6sungen\",\"item\":\"https:\/\/www.electroluxprofessional.com\/at\/nachhaltige-loesungen\/\"},{\"@type\":\"ListItem\",\"position\":3,\"name\":\"Nachhaltigkeitsbewertungen und Zertifikate\"}]},{\"@type\":\"WebSite\",\"@id\":\"https:\/\/www.electroluxprofessional.com\/at\/#website\",\"url\":\"https:\/\/www.electroluxprofessional.com\/at\/\",\"name\":\"Electrolux Professional \u00d6sterreich\",\"description\":\"\",\"potentialAction\":[{\"@type\":\"SearchAction\",\"target\":{\"@type\":\"EntryPoint\",\"urlTemplate\":\"https:\/\/www.electroluxprofessional.com\/at\/?src={search_term_string}\"},\"query-input\":\"required name=search_term_string\"}],\"inLanguage\":\"de-AT\"}]}<\/script>\n<!-- \/ Yoast SEO plugin. -->","yoast_head_json":{"title":"Nachhaltigkeitsbewertungen und Zertifikate - Electrolux Professional \u00d6sterreich","description":"Nachhaltigkeitsbewertungen und Zertifikate von Electrolux Professional. Entdecken Sie unser Engagement f\u00fcr den Klimaschutz und die Auszeichnungen, die uns von f\u00fchrenden globalen Rating-Instituten f\u00fcr unsere Nachhaltigkeitsleistung verliehen wurden.","robots":{"index":"index","follow":"follow","max-snippet":"max-snippet:-1","max-image-preview":"max-image-preview:large","max-video-preview":"max-video-preview:-1"},"canonical":"https:\/\/www.electroluxprofessional.com\/at\/nachhaltige-loesungen\/nachhaltigkeitsbewertungen-und-zertifikate\/","og_locale":"de_DE","og_type":"article","og_title":"Nachhaltigkeitsbewertungen und Zertifikate - Electrolux Professional \u00d6sterreich","og_description":"Nachhaltigkeitsbewertungen und Zertifikate von Electrolux Professional. Entdecken Sie unser Engagement f\u00fcr den Klimaschutz und die Auszeichnungen, die uns von f\u00fchrenden globalen Rating-Instituten f\u00fcr unsere Nachhaltigkeitsleistung verliehen wurden.","og_url":"https:\/\/www.electroluxprofessional.com\/at\/nachhaltige-loesungen\/nachhaltigkeitsbewertungen-und-zertifikate\/","og_site_name":"Electrolux Professional \u00d6sterreich","article_modified_time":"2026-03-27T12:45:42+00:00","og_image":[{"width":577,"height":540,"url":"https:\/\/www.electroluxprofessional.com\/at\/wp-content\/uploads\/2026\/02\/A-sustainable-approach_1-3.jpeg","type":"image\/jpeg"}],"twitter_card":"summary_large_image","twitter_misc":{"Gesch\u00e4tzte Lesezeit":"4 Minuten"},"schema":{"@context":"https:\/\/schema.org","@graph":[{"@type":"WebPage","@id":"https:\/\/www.electroluxprofessional.com\/at\/nachhaltige-loesungen\/nachhaltigkeitsbewertungen-und-zertifikate\/","url":"https:\/\/www.electroluxprofessional.com\/at\/nachhaltige-loesungen\/nachhaltigkeitsbewertungen-und-zertifikate\/","name":"Nachhaltigkeitsbewertungen und Zertifikate - Electrolux Professional \u00d6sterreich","isPartOf":{"@id":"https:\/\/www.electroluxprofessional.com\/at\/#website"},"primaryImageOfPage":{"@id":"https:\/\/www.electroluxprofessional.com\/at\/nachhaltige-loesungen\/nachhaltigkeitsbewertungen-und-zertifikate\/#primaryimage"},"image":{"@id":"https:\/\/www.electroluxprofessional.com\/at\/nachhaltige-loesungen\/nachhaltigkeitsbewertungen-und-zertifikate\/#primaryimage"},"thumbnailUrl":"https:\/\/www.electroluxprofessional.com\/at\/wp-content\/uploads\/2026\/02\/A-sustainable-approach_1-3.jpeg","datePublished":"2026-02-24T13:40:00+00:00","dateModified":"2026-03-27T12:45:42+00:00","description":"Nachhaltigkeitsbewertungen und Zertifikate von Electrolux Professional. Entdecken Sie unser Engagement f\u00fcr den Klimaschutz und die Auszeichnungen, die uns von f\u00fchrenden globalen Rating-Instituten f\u00fcr unsere Nachhaltigkeitsleistung verliehen wurden.","breadcrumb":{"@id":"https:\/\/www.electroluxprofessional.com\/at\/nachhaltige-loesungen\/nachhaltigkeitsbewertungen-und-zertifikate\/#breadcrumb"},"inLanguage":"de-AT","potentialAction":[{"@type":"ReadAction","target":["https:\/\/www.electroluxprofessional.com\/at\/nachhaltige-loesungen\/nachhaltigkeitsbewertungen-und-zertifikate\/"]}]},{"@type":"ImageObject","inLanguage":"de-AT","@id":"https:\/\/www.electroluxprofessional.com\/at\/nachhaltige-loesungen\/nachhaltigkeitsbewertungen-und-zertifikate\/#primaryimage","url":"https:\/\/www.electroluxprofessional.com\/at\/wp-content\/uploads\/2026\/02\/A-sustainable-approach_1-3.jpeg","contentUrl":"https:\/\/www.electroluxprofessional.com\/at\/wp-content\/uploads\/2026\/02\/A-sustainable-approach_1-3.jpeg","width":577,"height":540},{"@type":"BreadcrumbList","@id":"https:\/\/www.electroluxprofessional.com\/at\/nachhaltige-loesungen\/nachhaltigkeitsbewertungen-und-zertifikate\/#breadcrumb","itemListElement":[{"@type":"ListItem","position":1,"name":"Startseite","item":"https:\/\/www.electroluxprofessional.com\/at\/"},{"@type":"ListItem","position":2,"name":"Nachhaltige L\u00f6sungen","item":"https:\/\/www.electroluxprofessional.com\/at\/nachhaltige-loesungen\/"},{"@type":"ListItem","position":3,"name":"Nachhaltigkeitsbewertungen und Zertifikate"}]},{"@type":"WebSite","@id":"https:\/\/www.electroluxprofessional.com\/at\/#website","url":"https:\/\/www.electroluxprofessional.com\/at\/","name":"Electrolux Professional \u00d6sterreich","description":"","potentialAction":[{"@type":"SearchAction","target":{"@type":"EntryPoint","urlTemplate":"https:\/\/www.electroluxprofessional.com\/at\/?src={search_term_string}"},"query-input":"required name=search_term_string"}],"inLanguage":"de-AT"}]}},"_links":{"self":[{"href":"https:\/\/www.electroluxprofessional.com\/at\/wp-json\/wp\/v2\/pages\/21355"}],"collection":[{"href":"https:\/\/www.electroluxprofessional.com\/at\/wp-json\/wp\/v2\/pages"}],"about":[{"href":"https:\/\/www.electroluxprofessional.com\/at\/wp-json\/wp\/v2\/types\/page"}],"author":[{"embeddable":true,"href":"https:\/\/www.electroluxprofessional.com\/at\/wp-json\/wp\/v2\/users\/1"}],"replies":[{"embeddable":true,"href":"https:\/\/www.electroluxprofessional.com\/at\/wp-json\/wp\/v2\/comments?post=21355"}],"version-history":[{"count":7,"href":"https:\/\/www.electroluxprofessional.com\/at\/wp-json\/wp\/v2\/pages\/21355\/revisions"}],"predecessor-version":[{"id":21764,"href":"https:\/\/www.electroluxprofessional.com\/at\/wp-json\/wp\/v2\/pages\/21355\/revisions\/21764"}],"up":[{"embeddable":true,"href":"https:\/\/www.electroluxprofessional.com\/at\/wp-json\/wp\/v2\/pages\/21313"}],"wp:featuredmedia":[{"embeddable":true,"href":"https:\/\/www.electroluxprofessional.com\/at\/wp-json\/wp\/v2\/media\/21351"}],"wp:attachment":[{"href":"https:\/\/www.electroluxprofessional.com\/at\/wp-json\/wp\/v2\/media?parent=21355"}],"curies":[{"name":"wp","href":"https:\/\/api.w.org\/{rel}","templated":true}]}}