{"id":21313,"date":"2026-02-24T13:38:29","date_gmt":"2026-02-24T13:38:29","guid":{"rendered":"https:\/\/www.electroluxprofessional.com\/at\/?page_id=21313"},"modified":"2026-03-27T13:42:22","modified_gmt":"2026-03-27T12:42:22","slug":"nachhaltige-loesungen","status":"publish","type":"page","link":"https:\/\/www.electroluxprofessional.com\/at\/nachhaltige-loesungen\/","title":{"rendered":"Nachhaltige L\u00f6sungen"},"content":{"rendered":"<p>[vc_row full_width=&#8221;electroluxpro-full-width-no-padding&#8221; el_id=&#8221;banner&#8221; min_height=&#8221;500px&#8221;][vc_column][elx_hero_video text_position=&#8221;hero_video_text_align_left&#8221; width_box=&#8221;none&#8221; background_video_mp4=&#8221;https:\/\/www.electroluxprofessional.com\/at\/wp-content\/uploads\/2026\/02\/Sustainability-video-electrolux-professional_HERO_ULTRA_2MB.mp4&#8243;][\/elx_hero_video][\/vc_column][\/vc_row][vc_row][vc_column][vc_empty_space height=&#8221;50px&#8221;][elx_heading font_container=&#8221;h1&#8243; font_size=&#8221;h2&#8243; text_color=&#8221;inherit&#8221; text_align=&#8221;text-center&#8221;]Nachhaltige L\u00f6sungen f\u00fcr langfristigen Mehrwert unserer Kunden weltweit[\/elx_heading][vc_empty_space height=&#8221;20px&#8221;][vc_column_text]<\/p>\n<p style=\"text-align: center;\">Electrolux Professional gestaltet die Zukunft der professionellen Gro\u00dfk\u00fcche und W\u00e4scherei mit innovativen, energieeffizienten und nachhaltigen L\u00f6sungen \u2013 unterst\u00fctzt durch eine vernetzte, digitale Plattform, die exakt auf die Bed\u00fcrfnisse unserer Kunden abgestimmt ist.<\/p>\n<p>[\/vc_column_text][vc_empty_space height=&#8221;50px&#8221;][\/vc_column][\/vc_row][vc_row content_placement=&#8221;middle&#8221; css=&#8221;.vc_custom_1758178561518{background-color: #F6F6F6 !important;}&#8221;][vc_column][vc_empty_space height=&#8221;40px&#8221;][\/vc_column][\/vc_row][vc_row equal_height=&#8221;yes&#8221; content_placement=&#8221;middle&#8221; css=&#8221;.vc_custom_1759215775499{background-color: #F6F6F6 !important;}&#8221;][vc_column el_class=&#8221;align-vertical-center&#8221;][elx_heading text_color=&#8221;inherit&#8221;]Der Nachhaltigkeitsf\u00fchrer \u2013 f\u00fcr L\u00f6sungen, die weit \u00fcber morgen hinaus wirken[\/elx_heading][vc_empty_space][\/vc_column][\/vc_row][vc_row content_placement=&#8221;middle&#8221; css=&#8221;.vc_custom_1758178561518{background-color: #F6F6F6 !important;}&#8221;][vc_column][vc_empty_space height=&#8221;40px&#8221;][\/vc_column][\/vc_row][vc_row equal_height=&#8221;yes&#8221; content_placement=&#8221;middle&#8221; css=&#8221;.vc_custom_1759215775499{background-color: #F6F6F6 !important;}&#8221;][vc_column width=&#8221;2\/3&#8243;][vc_column_text css=&#8221;.vc_custom_1772174749855{background-color: #f6f6f6 !important;}&#8221;]Bei der Electrolux Professional Group ist Nachhaltigkeit fest in unseren Abl\u00e4ufen und in unserer Unternehmenskultur verankert. Wir wollen die professionelle Gro\u00dfk\u00fcchen-, W\u00e4scherei- und Getr\u00e4nkebranche positiv ver\u00e4ndern, indem wir Unternehmen erfolgreicher machen, Institutionen effizienter unterst\u00fctzen und Arbeitspl\u00e4tze sicherer gestalten. Gleichzeitig reduzieren wir den Einsatz von Energie, Wasser und Waschmitteln nachhaltig.<\/p>\n<p>Unsere Strategie fokussiert sich auf die Themen Klima, Gesundheit &amp; Sicherheit sowie Vielfalt. Auf diesem Fundament verfolgen wir das Ziel, bis 2030 klimaneutral zu sein \u2013 basierend auf drei S\u00e4ulen: Nachhaltige L\u00f6sungen, nachhaltige Abl\u00e4ufe sowie Ethik &amp; Beziehungen.<\/p>\n<p>Wir sind stolz darauf, in unserer Branche als Nachhaltigkeitsf\u00fchrer anerkannt zu sein. Diese Auszeichnung ist f\u00fcr uns sowohl Ansporn als auch Verpflichtung: uns kontinuierlich weiterzuentwickeln und die Bed\u00fcrfnisse unserer Kunden weit \u00fcber morgen hinaus zu erf\u00fcllen.[\/vc_column_text][vc_empty_space height=&#8221;20px&#8221;][vc_column_text]<strong><em>Alberto Zanata, Pr\u00e4sident und CEO<\/em><\/strong>[\/vc_column_text][\/vc_column][vc_column width=&#8221;1\/3&#8243;][vc_row_inner][vc_column_inner offset=&#8221;vc_hidden-lg vc_hidden-md vc_hidden-sm&#8221;][vc_empty_space][\/vc_column_inner][\/vc_row_inner][vc_empty_space height=&#8221;45px&#8221;][vc_single_image image=&#8221;21310&#8243; img_size=&#8221;full&#8221; alignment=&#8221;center&#8221;][\/vc_column][\/vc_row][vc_row content_placement=&#8221;middle&#8221; css=&#8221;.vc_custom_1758178561518{background-color: #F6F6F6 !important;}&#8221;][vc_column][vc_empty_space height=&#8221;40px&#8221;][\/vc_column][\/vc_row][vc_row][vc_column][vc_empty_space height=&#8221;50px&#8221;][\/vc_column][\/vc_row][vc_row][vc_column][elx_double_banner_sust tag_title=&#8221;h2&#8243; class_title=&#8221;h2&#8243; left_title=&#8221;Nachhaltige Gro\u00dfk\u00fcchentechnik&#8221; left_image_media_library=&#8221;21360&#8243; right_title=&#8221;Nachhaltige W\u00e4schereil\u00f6sungen&#8221; right_image_media_library=&#8221;21361&#8243; left_link=&#8221;url:https%3A%2F%2Fwww.electroluxprofessional.com%2Fat%2Fnachhaltige-loesungen%2Fnachhaltige-grosskuechentechnik%2F|title:Mehr%20erfahren&#8221; right_link=&#8221;url:https%3A%2F%2Fwww.electroluxprofessional.com%2Fat%2Fnachhaltige-loesungen%2Fnachhaltige-waeschereiloesungen%2F|title:Mehr%20erfahren&#8221;][\/vc_column][\/vc_row][vc_row][vc_column][vc_empty_space height=&#8221;50px&#8221;][\/vc_column][\/vc_row][vc_row content_placement=&#8221;middle&#8221; css=&#8221;.vc_custom_1758178561518{background-color: #F6F6F6 !important;}&#8221;][vc_column][vc_empty_space height=&#8221;40px&#8221;][\/vc_column][\/vc_row][vc_row content_placement=&#8221;middle&#8221; css=&#8221;.vc_custom_1758187212823{background-color: #F6F6F6 !important;}&#8221;][vc_column width=&#8221;3\/5&#8243;][vc_row_inner][vc_column_inner offset=&#8221;vc_hidden-sm vc_hidden-xs&#8221;][vc_empty_space][\/vc_column_inner][\/vc_row_inner][vc_column_text]<\/p>\n<h3>Wir sind stolz darauf, von EcoVadis mit dem renommierten Gold Sustainability Rating ausgezeichnet worden zu sein \u2013 und damit zu den besten 5\u202f% der weltweit bewerteten Unternehmen zu geh\u00f6ren.<\/h3>\n<p>[\/vc_column_text][vc_row_inner][vc_column_inner offset=&#8221;vc_hidden-lg vc_hidden-md vc_hidden-sm&#8221;][vc_empty_space][\/vc_column_inner][\/vc_row_inner][\/vc_column][vc_column width=&#8221;2\/5&#8243;][vc_column_text css=&#8221;.vc_custom_1759216097926{background-color: #F6F6F6 !important;}&#8221;]<span style=\"color: #f6f6f6;\">.<\/span>[\/vc_column_text][vc_single_image image=&#8221;21311&#8243; img_size=&#8221;200&#215;200&#8243; alignment=&#8221;center&#8221;][\/vc_column][\/vc_row][vc_row content_placement=&#8221;middle&#8221; css=&#8221;.vc_custom_1758178561518{background-color: #F6F6F6 !important;}&#8221;][vc_column][vc_empty_space height=&#8221;40px&#8221;][\/vc_column][\/vc_row][vc_row][vc_column][vc_empty_space height=&#8221;50px&#8221;][\/vc_column][\/vc_row][vc_row css=&#8221;.vc_custom_1769764393796{background-image: url(https:\/\/eprdev.comunicazione21.com\/wp-content\/uploads\/2025\/09\/Screenshot-2025-09-25-115810.jpg?id=56214) !important;background-position: center !important;background-repeat: no-repeat !important;background-size: cover !important;}&#8221; el_class=&#8221;text-center&#8221;][vc_column][vc_empty_space height=&#8221;64px&#8221;][vc_row_inner][vc_column_inner][vc_column_text]<\/p>\n<p style=\"text-align: center;\"><span style=\"color: #ffffff;\">WAS WIR BISHER ERREICHT HABEN<\/span><\/p>\n<p>[\/vc_column_text][vc_empty_space][elx_heading text_color=&#8221;white&#8221; text_align=&#8221;text-center&#8221;]Im Jahr 2024 konnten wir seit 2019 in allen Bereichen unserer Nachhaltigkeitsstrategie bedeutende Fortschritte erzielen.[\/elx_heading][vc_empty_space][\/vc_column_inner][\/vc_row_inner][vc_row_inner][vc_column_inner width=&#8221;1\/3&#8243;][vc_column_text]<\/p>\n<p style=\"font-size: 83px; text-align: center;\"><span style=\"color: #ffffff;\"><strong>-61%<\/strong><\/span><\/p>\n<p>[\/vc_column_text][elx_heading font_container=&#8221;h3&#8243; font_size=&#8221;p&#8221; text_color=&#8221;white&#8221; text_align=&#8221;text-center&#8221;]CO<sub>2<\/sub> Scope 1&amp;2 Emissionen[\/elx_heading][vc_empty_space][\/vc_column_inner][vc_column_inner width=&#8221;1\/3&#8243;][vc_column_text]<\/p>\n<p style=\"font-size: 83px; text-align: center;\"><span style=\"color: #ffffff;\"><strong>51%<\/strong><\/span><\/p>\n<p>[\/vc_column_text][elx_heading font_container=&#8221;h3&#8243; font_size=&#8221;p&#8221; text_color=&#8221;white&#8221; text_align=&#8221;text-center&#8221;]Erneuerbare Energien[\/elx_heading][vc_empty_space][\/vc_column_inner][vc_column_inner width=&#8221;1\/3&#8243;][vc_column_text]<\/p>\n<p style=\"font-size: 83px; text-align: center;\"><span style=\"color: #ffffff;\"><strong>-35%<\/strong><\/span><\/p>\n<p>[\/vc_column_text][elx_heading font_container=&#8221;h3&#8243; font_size=&#8221;p&#8221; text_color=&#8221;white&#8221; text_align=&#8221;text-center&#8221;]CO<sub>2<\/sub> Scope 3 Emissionen[\/elx_heading][vc_empty_space][\/vc_column_inner][\/vc_row_inner][vc_empty_space height=&#8221;70px&#8221;][elx_button button_text=&#8221;ENTDECKEN SIE UNSERE ERFOLGE&#8221; button_style=&#8221;primary-white-bordered&#8221; button_link=&#8221;url:https%3A%2F%2Fwww.electroluxprofessional.com%2Fat%2Fnachhaltige-loesungen%2Fnachhaltigkeitsbewertungen-und-zertifikate%2F|title:ENTDECKEN%20SIE%20UNSERE%20ERFOLGE&#8221;][vc_empty_space height=&#8221;50px&#8221;][\/vc_column][\/vc_row][vc_row el_class=&#8221;text-center&#8221;][vc_column][vc_empty_space height=&#8221;55px&#8221;][\/vc_column][\/vc_row][vc_row][vc_column width=&#8221;1\/2&#8243;][vc_single_image image=&#8221;21309&#8243; img_size=&#8221;577&#215;540&#8243; alignment=&#8221;center&#8221;][vc_empty_space height=&#8221;20px&#8221;][elx_heading font_container=&#8221;h3&#8243; font_size=&#8221;h3&#8243; text_color=&#8221;inherit&#8221; text_align=&#8221;text-left&#8221;]Gute Entscheidungen f\u00fcr den Planeten[\/elx_heading][vc_empty_space height=&#8221;10px&#8221;][vc_column_text]Electrolux Professional unterst\u00fctzt Sie auf dem Weg in eine nachhaltige Zukunft. Durch den Einsatz effizienter und energiesparender Ger\u00e4te leisten Sie nicht nur einen wertvollen Beitrag zum Schutz unseres Planeten, sondern verbessern gleichzeitig die Wirtschaftlichkeit Ihres Unternehmens. Jetzt ist der richtige Moment, bewusste Entscheidungen f\u00fcr morgen zu treffen.[\/vc_column_text][vc_empty_space][\/vc_column][vc_column width=&#8221;1\/2&#8243;][vc_single_image image=&#8221;21312&#8243; img_size=&#8221;577&#215;540&#8243; alignment=&#8221;center&#8221;][vc_empty_space height=&#8221;20px&#8221;][elx_heading font_container=&#8221;h3&#8243; font_size=&#8221;h3&#8243; text_color=&#8221;inherit&#8221; text_align=&#8221;text-left&#8221;]Ein nachhaltiger Ansatz[\/elx_heading][vc_empty_space height=&#8221;10px&#8221;][vc_column_text]Unsere Mission ist es, das Arbeitsleben unserer Kunden einfacher, profitabler und wahrhaft nachhaltig zu gestalten &#8211; Tag f\u00fcr Tag. Nachhaltigkeit ist dabei fest in unserer Strategie, unserer Kultur und unseren Abl\u00e4ufen verankert. Die Sustainable Development Goals (SDGs) dienen uns als Orientierung. Jeden Tag arbeiten wir daran, die Nachhaltigkeit entlang der gesamten Wertsch\u00f6pfungskette unserer Kunden weiter zu verbessern.[\/vc_column_text][vc_empty_space][\/vc_column][\/vc_row][vc_row el_class=&#8221;text-center&#8221;][vc_column][vc_empty_space][elx_button button_text=&#8221;UNSERE ETHIK&#8221; button_link=&#8221;url:https%3A%2F%2Fwww.electroluxprofessionalgroup.com%2Fen%2Fsustainability%2Four-ethics%2F|title:UNSERE%20ETHIK|target:_blank&#8221;][vc_empty_space][\/vc_column][\/vc_row][vc_row custom_color_row=&#8221;bg-row-light-blue&#8221;][vc_column][elx_last_references title=&#8221;Referenzen&#8221; extra_class=&#8221;h4&#8243;][\/vc_column][\/vc_row][vc_row][vc_column][vc_empty_space height=&#8221;60px&#8221;][\/vc_column][\/vc_row]<\/p>\n","protected":false},"excerpt":{"rendered":"<p>[vc_row full_width=&#8221;electroluxpro-full-width-no-padding&#8221; el_id=&#8221;banner&#8221; min_height=&#8221;500px&#8221;][vc_column][elx_hero_video text_position=&#8221;hero_video_text_align_left&#8221; width_box=&#8221;none&#8221; background_video_mp4=&#8221;https:\/\/www.electroluxprofessional.com\/at\/wp-content\/uploads\/2026\/02\/Sustainability-video-electrolux-professional_HERO_ULTRA_2MB.mp4&#8243;][\/elx_hero_video][\/vc_column][\/vc_row][vc_row][vc_column][vc_empty_space height=&#8221;50px&#8221;][elx_heading font_container=&#8221;h1&#8243; font_size=&#8221;h2&#8243; text_color=&#8221;inherit&#8221; text_align=&#8221;text-center&#8221;]Nachhaltige L\u00f6sungen f\u00fcr langfristigen Mehrwert unserer Kunden weltweit[\/elx_heading][vc_empty_space height=&#8221;20px&#8221;][vc_column_text] Electrolux Professional gestaltet die Zukunft der professionellen Gro\u00dfk\u00fcche und W\u00e4scherei mit innovativen, energieeffizienten und nachhaltigen L\u00f6sungen \u2013 unterst\u00fctzt durch eine vernetzte, digitale Plattform, die exakt auf die Bed\u00fcrfnisse unserer Kunden abgestimmt ist. [\/vc_column_text][vc_empty_space height=&#8221;50px&#8221;][\/vc_column][\/vc_row][vc_row content_placement=&#8221;middle&#8221; [&hellip;]<\/p>\n","protected":false},"author":1,"featured_media":21309,"parent":0,"menu_order":0,"comment_status":"closed","ping_status":"closed","template":"","meta":{"footnotes":""},"class_list":["post-21313","page","type-page","status-publish","has-post-thumbnail","hentry"],"acf":[],"yoast_head":"<!-- This site is optimized with the Yoast SEO plugin v23.3 - https:\/\/yoast.com\/wordpress\/plugins\/seo\/ -->\n<title>Nachhaltige L\u00f6sungen - Electrolux Professional \u00d6sterreich<\/title>\n<meta name=\"description\" content=\"Electrolux Professional Nachhaltige L\u00f6sungen. Energieeffiziente Ger\u00e4te, die den Ressourcenverbrauch senken und die Leistung steigern, f\u00fcr eine wirklich nachhaltige Zukunft\" \/>\n<meta name=\"robots\" content=\"index, follow, max-snippet:-1, max-image-preview:large, max-video-preview:-1\" \/>\n<link rel=\"canonical\" href=\"https:\/\/www.electroluxprofessional.com\/at\/nachhaltige-loesungen\/\" \/>\n<meta property=\"og:locale\" content=\"de_DE\" \/>\n<meta property=\"og:type\" content=\"article\" \/>\n<meta property=\"og:title\" content=\"Nachhaltige L\u00f6sungen - Electrolux Professional \u00d6sterreich\" \/>\n<meta property=\"og:description\" content=\"Electrolux Professional Nachhaltige L\u00f6sungen. Energieeffiziente Ger\u00e4te, die den Ressourcenverbrauch senken und die Leistung steigern, f\u00fcr eine wirklich nachhaltige Zukunft\" \/>\n<meta property=\"og:url\" content=\"https:\/\/www.electroluxprofessional.com\/at\/nachhaltige-loesungen\/\" \/>\n<meta property=\"og:site_name\" content=\"Electrolux Professional \u00d6sterreich\" \/>\n<meta property=\"article:modified_time\" content=\"2026-03-27T12:42:22+00:00\" \/>\n<meta property=\"og:image\" content=\"https:\/\/www.electroluxprofessional.com\/at\/wp-content\/uploads\/2026\/02\/A-sustainable-approach_1.jpeg\" \/>\n\t<meta property=\"og:image:width\" content=\"577\" \/>\n\t<meta property=\"og:image:height\" content=\"540\" \/>\n\t<meta property=\"og:image:type\" content=\"image\/jpeg\" \/>\n<meta name=\"twitter:card\" content=\"summary_large_image\" \/>\n<meta name=\"twitter:label1\" content=\"Gesch\u00e4tzte Lesezeit\" \/>\n\t<meta name=\"twitter:data1\" content=\"5 Minuten\" \/>\n<script type=\"application\/ld+json\" class=\"yoast-schema-graph\">{\"@context\":\"https:\/\/schema.org\",\"@graph\":[{\"@type\":\"WebPage\",\"@id\":\"https:\/\/www.electroluxprofessional.com\/at\/nachhaltige-loesungen\/\",\"url\":\"https:\/\/www.electroluxprofessional.com\/at\/nachhaltige-loesungen\/\",\"name\":\"Nachhaltige L\u00f6sungen - Electrolux Professional \u00d6sterreich\",\"isPartOf\":{\"@id\":\"https:\/\/www.electroluxprofessional.com\/at\/#website\"},\"primaryImageOfPage\":{\"@id\":\"https:\/\/www.electroluxprofessional.com\/at\/nachhaltige-loesungen\/#primaryimage\"},\"image\":{\"@id\":\"https:\/\/www.electroluxprofessional.com\/at\/nachhaltige-loesungen\/#primaryimage\"},\"thumbnailUrl\":\"https:\/\/www.electroluxprofessional.com\/at\/wp-content\/uploads\/2026\/02\/A-sustainable-approach_1.jpeg\",\"datePublished\":\"2026-02-24T13:38:29+00:00\",\"dateModified\":\"2026-03-27T12:42:22+00:00\",\"description\":\"Electrolux Professional Nachhaltige L\u00f6sungen. Energieeffiziente Ger\u00e4te, die den Ressourcenverbrauch senken und die Leistung steigern, f\u00fcr eine wirklich nachhaltige Zukunft\",\"breadcrumb\":{\"@id\":\"https:\/\/www.electroluxprofessional.com\/at\/nachhaltige-loesungen\/#breadcrumb\"},\"inLanguage\":\"de-AT\",\"potentialAction\":[{\"@type\":\"ReadAction\",\"target\":[\"https:\/\/www.electroluxprofessional.com\/at\/nachhaltige-loesungen\/\"]}]},{\"@type\":\"ImageObject\",\"inLanguage\":\"de-AT\",\"@id\":\"https:\/\/www.electroluxprofessional.com\/at\/nachhaltige-loesungen\/#primaryimage\",\"url\":\"https:\/\/www.electroluxprofessional.com\/at\/wp-content\/uploads\/2026\/02\/A-sustainable-approach_1.jpeg\",\"contentUrl\":\"https:\/\/www.electroluxprofessional.com\/at\/wp-content\/uploads\/2026\/02\/A-sustainable-approach_1.jpeg\",\"width\":577,\"height\":540},{\"@type\":\"BreadcrumbList\",\"@id\":\"https:\/\/www.electroluxprofessional.com\/at\/nachhaltige-loesungen\/#breadcrumb\",\"itemListElement\":[{\"@type\":\"ListItem\",\"position\":1,\"name\":\"Startseite\",\"item\":\"https:\/\/www.electroluxprofessional.com\/at\/\"},{\"@type\":\"ListItem\",\"position\":2,\"name\":\"Nachhaltige L\u00f6sungen\"}]},{\"@type\":\"WebSite\",\"@id\":\"https:\/\/www.electroluxprofessional.com\/at\/#website\",\"url\":\"https:\/\/www.electroluxprofessional.com\/at\/\",\"name\":\"Electrolux Professional \u00d6sterreich\",\"description\":\"\",\"potentialAction\":[{\"@type\":\"SearchAction\",\"target\":{\"@type\":\"EntryPoint\",\"urlTemplate\":\"https:\/\/www.electroluxprofessional.com\/at\/?src={search_term_string}\"},\"query-input\":\"required name=search_term_string\"}],\"inLanguage\":\"de-AT\"}]}<\/script>\n<!-- \/ Yoast SEO plugin. -->","yoast_head_json":{"title":"Nachhaltige L\u00f6sungen - Electrolux Professional \u00d6sterreich","description":"Electrolux Professional Nachhaltige L\u00f6sungen. Energieeffiziente Ger\u00e4te, die den Ressourcenverbrauch senken und die Leistung steigern, f\u00fcr eine wirklich nachhaltige Zukunft","robots":{"index":"index","follow":"follow","max-snippet":"max-snippet:-1","max-image-preview":"max-image-preview:large","max-video-preview":"max-video-preview:-1"},"canonical":"https:\/\/www.electroluxprofessional.com\/at\/nachhaltige-loesungen\/","og_locale":"de_DE","og_type":"article","og_title":"Nachhaltige L\u00f6sungen - Electrolux Professional \u00d6sterreich","og_description":"Electrolux Professional Nachhaltige L\u00f6sungen. Energieeffiziente Ger\u00e4te, die den Ressourcenverbrauch senken und die Leistung steigern, f\u00fcr eine wirklich nachhaltige Zukunft","og_url":"https:\/\/www.electroluxprofessional.com\/at\/nachhaltige-loesungen\/","og_site_name":"Electrolux Professional \u00d6sterreich","article_modified_time":"2026-03-27T12:42:22+00:00","og_image":[{"width":577,"height":540,"url":"https:\/\/www.electroluxprofessional.com\/at\/wp-content\/uploads\/2026\/02\/A-sustainable-approach_1.jpeg","type":"image\/jpeg"}],"twitter_card":"summary_large_image","twitter_misc":{"Gesch\u00e4tzte Lesezeit":"5 Minuten"},"schema":{"@context":"https:\/\/schema.org","@graph":[{"@type":"WebPage","@id":"https:\/\/www.electroluxprofessional.com\/at\/nachhaltige-loesungen\/","url":"https:\/\/www.electroluxprofessional.com\/at\/nachhaltige-loesungen\/","name":"Nachhaltige L\u00f6sungen - Electrolux Professional \u00d6sterreich","isPartOf":{"@id":"https:\/\/www.electroluxprofessional.com\/at\/#website"},"primaryImageOfPage":{"@id":"https:\/\/www.electroluxprofessional.com\/at\/nachhaltige-loesungen\/#primaryimage"},"image":{"@id":"https:\/\/www.electroluxprofessional.com\/at\/nachhaltige-loesungen\/#primaryimage"},"thumbnailUrl":"https:\/\/www.electroluxprofessional.com\/at\/wp-content\/uploads\/2026\/02\/A-sustainable-approach_1.jpeg","datePublished":"2026-02-24T13:38:29+00:00","dateModified":"2026-03-27T12:42:22+00:00","description":"Electrolux Professional Nachhaltige L\u00f6sungen. Energieeffiziente Ger\u00e4te, die den Ressourcenverbrauch senken und die Leistung steigern, f\u00fcr eine wirklich nachhaltige Zukunft","breadcrumb":{"@id":"https:\/\/www.electroluxprofessional.com\/at\/nachhaltige-loesungen\/#breadcrumb"},"inLanguage":"de-AT","potentialAction":[{"@type":"ReadAction","target":["https:\/\/www.electroluxprofessional.com\/at\/nachhaltige-loesungen\/"]}]},{"@type":"ImageObject","inLanguage":"de-AT","@id":"https:\/\/www.electroluxprofessional.com\/at\/nachhaltige-loesungen\/#primaryimage","url":"https:\/\/www.electroluxprofessional.com\/at\/wp-content\/uploads\/2026\/02\/A-sustainable-approach_1.jpeg","contentUrl":"https:\/\/www.electroluxprofessional.com\/at\/wp-content\/uploads\/2026\/02\/A-sustainable-approach_1.jpeg","width":577,"height":540},{"@type":"BreadcrumbList","@id":"https:\/\/www.electroluxprofessional.com\/at\/nachhaltige-loesungen\/#breadcrumb","itemListElement":[{"@type":"ListItem","position":1,"name":"Startseite","item":"https:\/\/www.electroluxprofessional.com\/at\/"},{"@type":"ListItem","position":2,"name":"Nachhaltige L\u00f6sungen"}]},{"@type":"WebSite","@id":"https:\/\/www.electroluxprofessional.com\/at\/#website","url":"https:\/\/www.electroluxprofessional.com\/at\/","name":"Electrolux Professional \u00d6sterreich","description":"","potentialAction":[{"@type":"SearchAction","target":{"@type":"EntryPoint","urlTemplate":"https:\/\/www.electroluxprofessional.com\/at\/?src={search_term_string}"},"query-input":"required name=search_term_string"}],"inLanguage":"de-AT"}]}},"_links":{"self":[{"href":"https:\/\/www.electroluxprofessional.com\/at\/wp-json\/wp\/v2\/pages\/21313"}],"collection":[{"href":"https:\/\/www.electroluxprofessional.com\/at\/wp-json\/wp\/v2\/pages"}],"about":[{"href":"https:\/\/www.electroluxprofessional.com\/at\/wp-json\/wp\/v2\/types\/page"}],"author":[{"embeddable":true,"href":"https:\/\/www.electroluxprofessional.com\/at\/wp-json\/wp\/v2\/users\/1"}],"replies":[{"embeddable":true,"href":"https:\/\/www.electroluxprofessional.com\/at\/wp-json\/wp\/v2\/comments?post=21313"}],"version-history":[{"count":8,"href":"https:\/\/www.electroluxprofessional.com\/at\/wp-json\/wp\/v2\/pages\/21313\/revisions"}],"predecessor-version":[{"id":21760,"href":"https:\/\/www.electroluxprofessional.com\/at\/wp-json\/wp\/v2\/pages\/21313\/revisions\/21760"}],"wp:featuredmedia":[{"embeddable":true,"href":"https:\/\/www.electroluxprofessional.com\/at\/wp-json\/wp\/v2\/media\/21309"}],"wp:attachment":[{"href":"https:\/\/www.electroluxprofessional.com\/at\/wp-json\/wp\/v2\/media?parent=21313"}],"curies":[{"name":"wp","href":"https:\/\/api.w.org\/{rel}","templated":true}]}}