{"id":21123,"date":"2026-01-07T07:46:10","date_gmt":"2026-01-07T07:46:10","guid":{"rendered":"https:\/\/www.electroluxprofessional.com\/at\/?page_id=21123"},"modified":"2026-03-25T07:00:35","modified_gmt":"2026-03-25T06:00:35","slug":"loesungen-fuer-ferienwohnungen","status":"publish","type":"page","link":"https:\/\/www.electroluxprofessional.com\/at\/loesungen-fuer-ferienwohnungen\/","title":{"rendered":"L\u00f6sungen f\u00fcr Ferienwohnungen"},"content":{"rendered":"<p>[vc_row full_width=&#8221;electroluxpro-full-width-no-padding&#8221; css=&#8221;.vc_custom_1670500643788{margin-top: -30px !important;border-top-width: -30px !important;padding-top: -30px !important;}&#8221;][vc_column][elx_full_banner title=&#8221;W\u00e4schereil\u00f6sungen f\u00fcr Ferienwohnungen mit Bezahlfunktionen&#8221; set_as_h1=&#8221;true&#8221; link=&#8221;url:%23Kontakt|title:Mehr%20erfahren&#8221; background_image_media_library=&#8221;21122&#8243; background_image_media_library_mobile=&#8221;21115&#8243;][vc_empty_space][\/vc_column][\/vc_row][vc_row][vc_column][vc_empty_space height=&#8221;15px&#8221;][vc_column_text]<\/p>\n<h2><span style=\"color: #011e41;\">Wir <\/span><span style=\"color: #011e41;\"><img loading=\"lazy\" decoding=\"async\" class=\"alignnone wp-image-22395\" src=\"https:\/\/www.electroluxprofessional.com\/de\/wp-content\/uploads\/2024\/03\/Herz-150x144.png\" alt=\"myPRO Roadshow \u2013 f\u00fcr Sie auf Tour mit Ger\u00e4ten von Electrolux Professional\" width=\"45\" height=\"42\" \/> <\/span><span style=\"color: #011e41;\">es, <strong>Ihren Alltag als Gastgeberin oder Gastgeber zu erleichtern\u2026<\/strong><\/span><\/h2>\n<p style=\"text-align: center;\">\u2026 mit zuverl\u00e4ssigen L\u00f6sungen f\u00fcr Frottier- und Bettw\u00e4sche in Ihrer Ferienwohnung.<\/p>\n<p style=\"text-align: center;\">Die myPRO W\u00e4schereil\u00f6sungen sind ideal f\u00fcr Ferienwohnungen. Mit leistungsstarken Wasch- und Trockenger\u00e4ten, die bis zu vier Zyklen t\u00e4glich bew\u00e4ltigen, bieten sie Effizienz und Langlebigkeit. Ihre G\u00e4ste profitieren von kurzen Programmen und hygienisch sauberen Textilien \u2013 und Sie von ressourcenschonender Technologie, die Wasser und Energie spart.<\/p>\n<p style=\"text-align: center;\">Dank <strong>myPROzip<\/strong> k\u00f6nnen Sie Ihre Ger\u00e4te auch zur <strong>Selbstbedienung durch G\u00e4ste<\/strong> freigeben, inklusive <strong>kontaktloser Bezahlfunktionen wie AirWallet<\/strong>\u2013 auch als App verf\u00fcgbar. So erm\u00f6glichen Sie komfortables Waschen direkt vor Ort, ganz ohne Aufwand f\u00fcr Sie.<\/p>\n<p>[\/vc_column_text][vc_empty_space height=&#8221;15px&#8221;][vc_empty_space height=&#8221;15px&#8221;][elx_download_block text=&#8221;Flyer zu unseren L\u00f6sungen f\u00fcr Ihre Ferienwohnungen herunterladen&#8221; document_type=&#8221;leaflets&#8221; file_picker=&#8221;21135&#8243; background_color=&#8221;electrolux-blue&#8221;][vc_empty_space height=&#8221;15px&#8221;][\/vc_column][\/vc_row][vc_row full_width=&#8221;electroluxpro-full-width&#8221; el_id=&#8221;blanchisserie&#8221;][vc_column][elx_hero_slider text_color=&#8221;electrolux-blue&#8221; label_text_color=&#8221;electrolux-blue&#8221; images=&#8221;21116&#8243;][elx_heading font_size=&#8221;h1&#8243; text_color=&#8221;electrolux-blue&#8221;]Waschen mit myPRO[\/elx_heading][\/elx_hero_slider][vc_empty_space][\/vc_column][\/vc_row][vc_row][vc_column][vc_empty_space height=&#8221;15px&#8221;][elx_heading font_size=&#8221;h2&#8243; text_color=&#8221;inherit&#8221; text_align=&#8221;text-left&#8221;]myPROzip: Kurbeln Sie das Gesch\u00e4ft in Ihrer Waschk\u00fcche an![\/elx_heading][vc_column_text]<strong>Wir bieten Ihnen effiziente Maschinen f\u00fcr stark frequentierte Waschk\u00fcchen.<\/strong><br \/>\nWo Menschen keine eigene Waschmaschine haben, ist eine schnelle, unkomplizierte L\u00f6sung f\u00fcrs W\u00e4schemachen gefragt. Smart-professionelle myPROzip Waschmaschinen und Trockner mit flexibler Bezahlfunktion bieten h\u00f6chste Leistungsf\u00e4higkeit f\u00fcr Gemeinschaftswaschk\u00fcchen: Unsere robusten Maschinen erledigen eine volle Ladung in halber Zeit* und kurbeln dank doppelter Kapazit\u00e4t das Gesch\u00e4ft in Ihrer Anlage an.<\/p>\n<p style=\"font-size: 80%;\">* im Vergleich zu herk\u00f6mmlichen Haushaltswaschmaschinen<\/p>\n<p>[\/vc_column_text][vc_empty_space height=&#8221;15px&#8221;][vc_row_inner][vc_column_inner width=&#8221;1\/4&#8243;][vc_empty_space height=&#8221;15px&#8221;][vc_single_image image=&#8221;7136&#8243; img_size=&#8221;large&#8221; alignment=&#8221;center&#8221;][\/vc_column_inner][vc_column_inner width=&#8221;3\/4&#8243;][vc_empty_space height=&#8221;15px&#8221;][vc_column_text]<\/p>\n<h3><strong>myPROzip bietet:<\/strong><\/h3>\n<ul>\n<li>verschiedene Zahlungsm\u00f6glichkeiten<\/li>\n<li>steckerfertige Anschl\u00fcsse: Plug&amp;Play f\u00fcr 230-Volt-Steckdosen<\/li>\n<li>2 Jahre Herstellergarantie f\u00fcr gewerbliche Anwendungen**<\/li>\n<li style=\"text-align: left;\">langlebige Bedienelemente<\/li>\n<\/ul>\n<p style=\"font-size: 80%;\">** bei max 1.000 Betriebsstunden\/Jahr<\/p>\n<p>[\/vc_column_text][vc_empty_space height=&#8221;15px&#8221;][elx_button button_text=&#8221;Mehr \u00fcber myPROzip erfahren&#8221; button_display_block=&#8221;display_block_on&#8221; button_link=&#8221;url:https%3A%2F%2Fwww.electroluxprofessional.com%2Fat%2Fwaeschereitechnik%2Fmyprozip-professionelles-waschen-von-ihren-gaesten-selbst-bedient%2F|target:_blank&#8221;][\/vc_column_inner][\/vc_row_inner][vc_empty_space height=&#8221;15px&#8221;][vc_empty_space height=&#8221;15px&#8221;][vc_empty_space height=&#8221;15px&#8221;][vc_empty_space height=&#8221;15px&#8221;][vc_empty_space height=&#8221;15px&#8221;][vc_row_inner][vc_column_inner][vc_column_text]<\/p>\n<h3 style=\"text-align: center;\"><strong>myPROzip Waschmaschine (8 kg) &amp; myPROzip W\u00e4schetrockner (8 kg)<\/strong><\/h3>\n<p>[\/vc_column_text][vc_empty_space height=&#8221;15px&#8221;][vc_empty_space height=&#8221;15px&#8221;][vc_empty_space height=&#8221;15px&#8221;][\/vc_column_inner][\/vc_row_inner][vc_row_inner][vc_column_inner width=&#8221;1\/3&#8243;][vc_column_text]<\/p>\n<ul>\n<li>Einfache, leicht verst\u00e4ndliche Programmwahl \u00fcber 6 solide Programmtasten<\/li>\n<li>Auf Wunsch mit verschiedenen Bezahlsystemen erh\u00e4ltlich<\/li>\n<li>K\u00fcrzeste Waschzeiten: 70 Minuten im 60\u00b0C-Buntw\u00e4sche-Programm<\/li>\n<\/ul>\n<p>[\/vc_column_text][\/vc_column_inner][vc_column_inner width=&#8221;1\/3&#8243;][vc_single_image image=&#8221;21117&#8243; img_size=&#8221;large&#8221; alignment=&#8221;center&#8221;][vc_empty_space height=&#8221;15px&#8221;][\/vc_column_inner][vc_column_inner width=&#8221;1\/3&#8243;][vc_column_text]<\/p>\n<ul>\n<li>Unkomplizierte Bedienung mit zwei zur Wahl stehenden Temperaturbereichen<\/li>\n<li>Automatische Feuchtigkeitskontrolle f\u00fcr schonende W\u00e4schetrocknung<\/li>\n<li>Auf Wunsch mit verschiedenen Bezahlsystemen erh\u00e4ltlich<\/li>\n<\/ul>\n<p>[\/vc_column_text][\/vc_column_inner][\/vc_row_inner][vc_empty_space height=&#8221;15px&#8221;][\/vc_column][\/vc_row][vc_row][vc_column][vc_column_text]<\/p>\n<h3 style=\"text-align: center;\"><strong>AirWallet: Einfach waschen, einfach zahlen &#8211; kontaktlos und komfortabel<\/strong><\/h3>\n<p>[\/vc_column_text][vc_empty_space height=&#8221;15px&#8221;][vc_empty_space height=&#8221;15px&#8221;][vc_empty_space][vc_row_inner][vc_column_inner width=&#8221;1\/3&#8243;][vc_single_image image=&#8221;21118&#8243; img_size=&#8221;150&#215;150&#8243; alignment=&#8221;center&#8221;][vc_empty_space height=&#8221;15px&#8221;][vc_column_text]<strong>QR-Code<\/strong> an der Maschine <strong>scannen<\/strong> und <strong>App herunterladen<\/strong> \u2013 nach schneller Registrierung k\u00f6nnen die Anwender direkt loslegen.[\/vc_column_text][\/vc_column_inner][vc_column_inner width=&#8221;1\/3&#8243;][vc_single_image image=&#8221;21119&#8243; img_size=&#8221;150&#215;150&#8243; alignment=&#8221;center&#8221;][vc_empty_space height=&#8221;5px&#8221;][vc_column_text]<strong>Zahlungsmethoden<\/strong> nach belieben ausw\u00e4hlen \u2013 ob EC- und Kreditkarten, Apple Pay, Google Pay oder weitere digitale Bezahloptionen.[\/vc_column_text][\/vc_column_inner][vc_column_inner width=&#8221;1\/3&#8243;][vc_single_image image=&#8221;21120&#8243; img_size=&#8221;150&#215;150&#8243; alignment=&#8221;center&#8221;][vc_empty_space height=&#8221;5px&#8221;][vc_column_text]Echtzeitpr\u00fcfung der<strong> Maschinenverf\u00fcgbarkeit per App.<\/strong> Maschine kostenlos reservieren und starten \u2013 keine vergeblichen Wege in die Waschk\u00fcche mehr.[\/vc_column_text][\/vc_column_inner][\/vc_row_inner][vc_empty_space height=&#8221;45px&#8221;][vc_column_text]<\/p>\n<h4 style=\"text-align: center;\"><strong>Was Sie daf\u00fcr brauchen<\/strong><\/h4>\n<p>[\/vc_column_text][vc_single_image image=&#8221;21121&#8243; img_size=&#8221;full&#8221; alignment=&#8221;center&#8221;][\/vc_column][\/vc_row][vc_row][vc_column][vc_empty_space height=&#8221;15px&#8221;][vc_empty_space height=&#8221;15px&#8221;][vc_empty_space][\/vc_column][\/vc_row][vc_row el_id=&#8221;Kontakt&#8221;][vc_column][elx_heading font_size=&#8221;h1&#8243; text_color=&#8221;inherit&#8221; text_align=&#8221;text-center&#8221;]Kontaktieren Sie uns f\u00fcr weitere Informationen \u00fcber unsere L\u00f6sungen f\u00fcr Ferienwohnungen:[\/elx_heading][vc_empty_space][elx_o2000_contact_us s=&#8221;Informationsanfrage zu L\u00f6sungen f\u00fcr Ferienunterk\u00fcnfte&#8221; campaign=&#8221;701SX000002fFzfYAE&#8221; request_type=&#8221;Other&#8221; country=&#8221;Germany&#8221; r=&#8221;Ich w\u00fcrde gerne mehr \u00fcber die L\u00f6sungen f\u00fcr Campingpl\u00e4tze erfahren&#8230;&#8221; l=&#8221;fr&#8221;][vc_empty_space height=&#8221;52px&#8221;][\/vc_column][\/vc_row]<\/p>\n","protected":false},"excerpt":{"rendered":"<p>[vc_row full_width=&#8221;electroluxpro-full-width-no-padding&#8221; css=&#8221;.vc_custom_1670500643788{margin-top: -30px !important;border-top-width: -30px !important;padding-top: -30px !important;}&#8221;][vc_column][elx_full_banner title=&#8221;W\u00e4schereil\u00f6sungen f\u00fcr Ferienwohnungen mit Bezahlfunktionen&#8221; set_as_h1=&#8221;true&#8221; link=&#8221;url:%23Kontakt|title:Mehr%20erfahren&#8221; background_image_media_library=&#8221;21122&#8243; background_image_media_library_mobile=&#8221;21115&#8243;][vc_empty_space][\/vc_column][\/vc_row][vc_row][vc_column][vc_empty_space height=&#8221;15px&#8221;][vc_column_text] Wir es, Ihren Alltag als Gastgeberin oder Gastgeber zu erleichtern\u2026 \u2026 mit zuverl\u00e4ssigen L\u00f6sungen f\u00fcr Frottier- und Bettw\u00e4sche in Ihrer Ferienwohnung. Die myPRO W\u00e4schereil\u00f6sungen sind ideal f\u00fcr Ferienwohnungen. Mit leistungsstarken Wasch- und Trockenger\u00e4ten, die bis zu [&hellip;]<\/p>\n","protected":false},"author":543,"featured_media":21115,"parent":0,"menu_order":0,"comment_status":"closed","ping_status":"closed","template":"","meta":{"footnotes":""},"class_list":["post-21123","page","type-page","status-publish","has-post-thumbnail","hentry"],"acf":[],"yoast_head":"<!-- This site is optimized with the Yoast SEO plugin v23.3 - https:\/\/yoast.com\/wordpress\/plugins\/seo\/ -->\n<title>W\u00e4schereil\u00f6sungen f\u00fcr Ferienwohnungen | Electrolux Professional<\/title>\n<meta name=\"description\" content=\"Entdecken Sie die W\u00e4schereil\u00f6sungen von Electrolux Professional f\u00fcr Ferienwohnungen mit flexiblen Bezahlfunktionen.\" \/>\n<meta name=\"robots\" content=\"index, follow, max-snippet:-1, max-image-preview:large, max-video-preview:-1\" \/>\n<link rel=\"canonical\" href=\"https:\/\/www.electroluxprofessional.com\/at\/loesungen-fuer-ferienwohnungen\/\" \/>\n<meta property=\"og:locale\" content=\"de_DE\" \/>\n<meta property=\"og:type\" content=\"article\" \/>\n<meta property=\"og:title\" content=\"W\u00e4schereil\u00f6sungen f\u00fcr Ferienwohnungen | Electrolux Professional\" \/>\n<meta property=\"og:description\" content=\"Entdecken Sie die W\u00e4schereil\u00f6sungen von Electrolux Professional f\u00fcr Ferienwohnungen mit flexiblen Bezahlfunktionen.\" \/>\n<meta property=\"og:url\" content=\"https:\/\/www.electroluxprofessional.com\/at\/loesungen-fuer-ferienwohnungen\/\" \/>\n<meta property=\"og:site_name\" content=\"Electrolux Professional \u00d6sterreich\" \/>\n<meta property=\"article:modified_time\" content=\"2026-03-25T06:00:35+00:00\" \/>\n<meta property=\"og:image\" content=\"https:\/\/www.electroluxprofessional.com\/at\/wp-content\/uploads\/2026\/01\/myPRO_Ferienwohnungen_1125x1583.jpg\" \/>\n\t<meta property=\"og:image:width\" content=\"1125\" \/>\n\t<meta property=\"og:image:height\" content=\"1583\" \/>\n\t<meta property=\"og:image:type\" content=\"image\/jpeg\" \/>\n<meta name=\"twitter:card\" content=\"summary_large_image\" \/>\n<meta name=\"twitter:label1\" content=\"Gesch\u00e4tzte Lesezeit\" \/>\n\t<meta name=\"twitter:data1\" content=\"3 Minuten\" \/>\n<script type=\"application\/ld+json\" class=\"yoast-schema-graph\">{\"@context\":\"https:\/\/schema.org\",\"@graph\":[{\"@type\":\"WebPage\",\"@id\":\"https:\/\/www.electroluxprofessional.com\/at\/loesungen-fuer-ferienwohnungen\/\",\"url\":\"https:\/\/www.electroluxprofessional.com\/at\/loesungen-fuer-ferienwohnungen\/\",\"name\":\"W\u00e4schereil\u00f6sungen f\u00fcr Ferienwohnungen | Electrolux Professional\",\"isPartOf\":{\"@id\":\"https:\/\/www.electroluxprofessional.com\/at\/#website\"},\"primaryImageOfPage\":{\"@id\":\"https:\/\/www.electroluxprofessional.com\/at\/loesungen-fuer-ferienwohnungen\/#primaryimage\"},\"image\":{\"@id\":\"https:\/\/www.electroluxprofessional.com\/at\/loesungen-fuer-ferienwohnungen\/#primaryimage\"},\"thumbnailUrl\":\"https:\/\/www.electroluxprofessional.com\/at\/wp-content\/uploads\/2026\/01\/myPRO_Ferienwohnungen_1125x1583.jpg\",\"datePublished\":\"2026-01-07T07:46:10+00:00\",\"dateModified\":\"2026-03-25T06:00:35+00:00\",\"description\":\"Entdecken Sie die W\u00e4schereil\u00f6sungen von Electrolux Professional f\u00fcr Ferienwohnungen mit flexiblen Bezahlfunktionen.\",\"breadcrumb\":{\"@id\":\"https:\/\/www.electroluxprofessional.com\/at\/loesungen-fuer-ferienwohnungen\/#breadcrumb\"},\"inLanguage\":\"de-AT\",\"potentialAction\":[{\"@type\":\"ReadAction\",\"target\":[\"https:\/\/www.electroluxprofessional.com\/at\/loesungen-fuer-ferienwohnungen\/\"]}]},{\"@type\":\"ImageObject\",\"inLanguage\":\"de-AT\",\"@id\":\"https:\/\/www.electroluxprofessional.com\/at\/loesungen-fuer-ferienwohnungen\/#primaryimage\",\"url\":\"https:\/\/www.electroluxprofessional.com\/at\/wp-content\/uploads\/2026\/01\/myPRO_Ferienwohnungen_1125x1583.jpg\",\"contentUrl\":\"https:\/\/www.electroluxprofessional.com\/at\/wp-content\/uploads\/2026\/01\/myPRO_Ferienwohnungen_1125x1583.jpg\",\"width\":1125,\"height\":1583},{\"@type\":\"BreadcrumbList\",\"@id\":\"https:\/\/www.electroluxprofessional.com\/at\/loesungen-fuer-ferienwohnungen\/#breadcrumb\",\"itemListElement\":[{\"@type\":\"ListItem\",\"position\":1,\"name\":\"Startseite\",\"item\":\"https:\/\/www.electroluxprofessional.com\/at\/\"},{\"@type\":\"ListItem\",\"position\":2,\"name\":\"L\u00f6sungen f\u00fcr Ferienwohnungen\"}]},{\"@type\":\"WebSite\",\"@id\":\"https:\/\/www.electroluxprofessional.com\/at\/#website\",\"url\":\"https:\/\/www.electroluxprofessional.com\/at\/\",\"name\":\"Electrolux Professional \u00d6sterreich\",\"description\":\"\",\"potentialAction\":[{\"@type\":\"SearchAction\",\"target\":{\"@type\":\"EntryPoint\",\"urlTemplate\":\"https:\/\/www.electroluxprofessional.com\/at\/?src={search_term_string}\"},\"query-input\":\"required name=search_term_string\"}],\"inLanguage\":\"de-AT\"}]}<\/script>\n<!-- \/ Yoast SEO plugin. -->","yoast_head_json":{"title":"W\u00e4schereil\u00f6sungen f\u00fcr Ferienwohnungen | Electrolux Professional","description":"Entdecken Sie die W\u00e4schereil\u00f6sungen von Electrolux Professional f\u00fcr Ferienwohnungen mit flexiblen Bezahlfunktionen.","robots":{"index":"index","follow":"follow","max-snippet":"max-snippet:-1","max-image-preview":"max-image-preview:large","max-video-preview":"max-video-preview:-1"},"canonical":"https:\/\/www.electroluxprofessional.com\/at\/loesungen-fuer-ferienwohnungen\/","og_locale":"de_DE","og_type":"article","og_title":"W\u00e4schereil\u00f6sungen f\u00fcr Ferienwohnungen | Electrolux Professional","og_description":"Entdecken Sie die W\u00e4schereil\u00f6sungen von Electrolux Professional f\u00fcr Ferienwohnungen mit flexiblen Bezahlfunktionen.","og_url":"https:\/\/www.electroluxprofessional.com\/at\/loesungen-fuer-ferienwohnungen\/","og_site_name":"Electrolux Professional \u00d6sterreich","article_modified_time":"2026-03-25T06:00:35+00:00","og_image":[{"width":1125,"height":1583,"url":"https:\/\/www.electroluxprofessional.com\/at\/wp-content\/uploads\/2026\/01\/myPRO_Ferienwohnungen_1125x1583.jpg","type":"image\/jpeg"}],"twitter_card":"summary_large_image","twitter_misc":{"Gesch\u00e4tzte Lesezeit":"3 Minuten"},"schema":{"@context":"https:\/\/schema.org","@graph":[{"@type":"WebPage","@id":"https:\/\/www.electroluxprofessional.com\/at\/loesungen-fuer-ferienwohnungen\/","url":"https:\/\/www.electroluxprofessional.com\/at\/loesungen-fuer-ferienwohnungen\/","name":"W\u00e4schereil\u00f6sungen f\u00fcr Ferienwohnungen | Electrolux Professional","isPartOf":{"@id":"https:\/\/www.electroluxprofessional.com\/at\/#website"},"primaryImageOfPage":{"@id":"https:\/\/www.electroluxprofessional.com\/at\/loesungen-fuer-ferienwohnungen\/#primaryimage"},"image":{"@id":"https:\/\/www.electroluxprofessional.com\/at\/loesungen-fuer-ferienwohnungen\/#primaryimage"},"thumbnailUrl":"https:\/\/www.electroluxprofessional.com\/at\/wp-content\/uploads\/2026\/01\/myPRO_Ferienwohnungen_1125x1583.jpg","datePublished":"2026-01-07T07:46:10+00:00","dateModified":"2026-03-25T06:00:35+00:00","description":"Entdecken Sie die W\u00e4schereil\u00f6sungen von Electrolux Professional f\u00fcr Ferienwohnungen mit flexiblen Bezahlfunktionen.","breadcrumb":{"@id":"https:\/\/www.electroluxprofessional.com\/at\/loesungen-fuer-ferienwohnungen\/#breadcrumb"},"inLanguage":"de-AT","potentialAction":[{"@type":"ReadAction","target":["https:\/\/www.electroluxprofessional.com\/at\/loesungen-fuer-ferienwohnungen\/"]}]},{"@type":"ImageObject","inLanguage":"de-AT","@id":"https:\/\/www.electroluxprofessional.com\/at\/loesungen-fuer-ferienwohnungen\/#primaryimage","url":"https:\/\/www.electroluxprofessional.com\/at\/wp-content\/uploads\/2026\/01\/myPRO_Ferienwohnungen_1125x1583.jpg","contentUrl":"https:\/\/www.electroluxprofessional.com\/at\/wp-content\/uploads\/2026\/01\/myPRO_Ferienwohnungen_1125x1583.jpg","width":1125,"height":1583},{"@type":"BreadcrumbList","@id":"https:\/\/www.electroluxprofessional.com\/at\/loesungen-fuer-ferienwohnungen\/#breadcrumb","itemListElement":[{"@type":"ListItem","position":1,"name":"Startseite","item":"https:\/\/www.electroluxprofessional.com\/at\/"},{"@type":"ListItem","position":2,"name":"L\u00f6sungen f\u00fcr Ferienwohnungen"}]},{"@type":"WebSite","@id":"https:\/\/www.electroluxprofessional.com\/at\/#website","url":"https:\/\/www.electroluxprofessional.com\/at\/","name":"Electrolux Professional \u00d6sterreich","description":"","potentialAction":[{"@type":"SearchAction","target":{"@type":"EntryPoint","urlTemplate":"https:\/\/www.electroluxprofessional.com\/at\/?src={search_term_string}"},"query-input":"required name=search_term_string"}],"inLanguage":"de-AT"}]}},"_links":{"self":[{"href":"https:\/\/www.electroluxprofessional.com\/at\/wp-json\/wp\/v2\/pages\/21123"}],"collection":[{"href":"https:\/\/www.electroluxprofessional.com\/at\/wp-json\/wp\/v2\/pages"}],"about":[{"href":"https:\/\/www.electroluxprofessional.com\/at\/wp-json\/wp\/v2\/types\/page"}],"author":[{"embeddable":true,"href":"https:\/\/www.electroluxprofessional.com\/at\/wp-json\/wp\/v2\/users\/543"}],"replies":[{"embeddable":true,"href":"https:\/\/www.electroluxprofessional.com\/at\/wp-json\/wp\/v2\/comments?post=21123"}],"version-history":[{"count":5,"href":"https:\/\/www.electroluxprofessional.com\/at\/wp-json\/wp\/v2\/pages\/21123\/revisions"}],"predecessor-version":[{"id":21657,"href":"https:\/\/www.electroluxprofessional.com\/at\/wp-json\/wp\/v2\/pages\/21123\/revisions\/21657"}],"wp:featuredmedia":[{"embeddable":true,"href":"https:\/\/www.electroluxprofessional.com\/at\/wp-json\/wp\/v2\/media\/21115"}],"wp:attachment":[{"href":"https:\/\/www.electroluxprofessional.com\/at\/wp-json\/wp\/v2\/media?parent=21123"}],"curies":[{"name":"wp","href":"https:\/\/api.w.org\/{rel}","templated":true}]}}