{"id":21020,"date":"2025-12-09T07:04:32","date_gmt":"2025-12-09T07:04:32","guid":{"rendered":"https:\/\/www.electroluxprofessional.com\/at\/?page_id=21020"},"modified":"2026-03-26T14:20:07","modified_gmt":"2026-03-26T13:20:07","slug":"e-xp-900-free-zone-induktion","status":"publish","type":"page","link":"https:\/\/www.electroluxprofessional.com\/at\/grosskuechentechnik\/e-xp-700-900\/e-xp-900-free-zone-induktion\/","title":{"rendered":"e-XP 900 Free-zone Induktion"},"content":{"rendered":"<p>[vc_row el_id=&#8221;contact-us&#8221;][vc_column][elx_heading font_size=&#8221;h3&#8243; text_color=&#8221;inherit&#8221; text_align=&#8221;text-center&#8221;]Kontaktieren Sie uns f\u00fcr weitere Informationen<br \/>\nzur e-XP Free-zone Induktion[\/elx_heading][elx_o2000_contact_us s=&#8221;Informationen anfordern: e-XP Free-zone Induktion&#8221; request_type=&#8221;Other&#8221; country=&#8221;Austria&#8221; b=&#8221;food&#8221; container=&#8221;elxcontactus1466429401&#8243;][\/vc_column][\/vc_row][vc_row css=&#8221;.vc_custom_1767343841343{margin-top: 150px !important;}&#8221; el_id=&#8221;products-filter&#8221;][vc_column][elx_heading font_size=&#8221;h3&#8243; text_color=&#8221;inherit&#8221; text_align=&#8221;text-center&#8221;]e-XP 900 Free-zone Induktion<br \/>\nW\u00e4hlen Sie Ihre Produkte[\/elx_heading]<div class=\"com21-product-filter-container 87\"><div class=\"\"><h4 class=\"text-center\">2 Produkte<\/h4><hr><\/div>\n                    <!-- PROD LIST -->\n                    <div class=\"product-list container\">\n                        <!--Hidden parameters-->\n                        <input type=\"hidden\" name=\"navigation_level_1\" id=\"navigation_level_1\" value=\"C\">\n                        <input type=\"hidden\" name=\"navigation_level_2\" id=\"navigation_level_2\" value=\"I\">\n                        <input type=\"hidden\" name=\"navigation_level_3\" id=\"navigation_level_3\" value=\"W\">\n                        <input type=\"hidden\" name=\"navigation_level_4\" id=\"navigation_level_4\" value=\"\">\n                        <input type=\"hidden\" name=\"filter_id\" id=\"filter_id\" value=\"87\">\n                        <input type=\"hidden\" name=\"navigation_language\" id=\"navigation_language\" value=\"5003\">\n                        <input type=\"hidden\" name=\"navigation_language_code\" id=\"navigation_language\" value=\"5003\">\n                        <input type=\"hidden\" name=\"page_id\" id=\"page_id\" value=\"21020\">\n                        <!--END Hidden parameters--><ul class=\"row\" ><li data-product-paged=\"\" class=\"anchor_tags_prod col-sm-6 col-md-3 wow fadeIn single-product-list 391666\"><div class=\"product-list-item\"><div class=\"product-content\"><a href=\"https:\/\/www.electroluxprofessional.com\/at\/pd\/kochbl\u00f6cke\/900xp\/induktionskochfelder-mit-free-zone\/modulare-gro\u00dfk\u00fcchenger\u00e4teserie-e-xp-free-zone-induktions-kochfeld-elektrisch-8-spulen-je-2\u202fkw-391666\/\" target=\"_blank\" ><figure><img decoding=\"async\" src=\"https:\/\/tools.electroluxprofessional.com\/Mirror\/Doc\/PH_255x255%2FPH_391666_1_1_391666.jpg\" alt=\"Modulare Gro\u00dfk\u00fcchenger\u00e4teserieE-XP Free-Zone Induktions-Kochfeld, elektrisch, 8 Spulen (je 2\u202fkW)\"\/><\/figure><div class=\"product-internal\"><div class=\"product-liv\">Induktionskochfelder mit Free-Zone<\/div><h3 class=\"product-title\">Modulare Gro\u00dfk\u00fcchenger\u00e4teserie<br>E-XP Free-Zone Induktions-Kochfeld, elektrisch, 8 Spulen (je 2\u202fkW)<\/h3><div class=\"product-icons\"><div class=\"product-green\"><\/div><div class=\"product-cod\"><div class=\"hidden type_code\">0<\/div>COD <span class=\"product-code\" >391666<\/span><\/div><div class=\"product-fast\"><\/div>\n<\/div><div class=\"product-description-fast-green\"><\/div>\n<\/div><div class=\"product-actions\"><a href=\"https:\/\/www.electroluxprofessional.com\/at\/pd\/kochbl\u00f6cke\/900xp\/induktionskochfelder-mit-free-zone\/modulare-gro\u00dfk\u00fcchenger\u00e4teserie-e-xp-free-zone-induktions-kochfeld-elektrisch-8-spulen-je-2\u202fkw-391666\/\" class=\"btn btn-primary-blue\">Mehr erfahren<\/a><span class=\"compare-product\"><span class=\"compare-checkbox\"><span class=\"compare-checkbox-shape\"><input type=\"checkbox\" class=\"product-comparer\" id=\"prod_391666\"\/><label class=\"btn\" for=\"prod_391666\"><span class=\"label-bg\"><\/span>Vergleichen<\/label><\/span><\/span><\/span><\/div><\/a><\/div><\/div><\/li><li data-product-paged=\"\" class=\"anchor_tags_prod col-sm-6 col-md-3 wow fadeIn single-product-list 391667\"><div class=\"product-list-item\"><div class=\"product-content\"><a href=\"https:\/\/www.electroluxprofessional.com\/at\/pd\/kochbl\u00f6cke\/900xp\/induktionskochfelder-mit-free-zone\/modulare-gro\u00dfk\u00fcchenger\u00e4teserie-e-xp-900e-xp-free-zone-induktions-kochfeld-elektrisch-16-spulen-je-2\u202fkw-800mm-391667\/\" target=\"_blank\" ><figure><img decoding=\"async\" src=\"https:\/\/tools.electroluxprofessional.com\/Mirror\/Doc\/PH_255x255%2FPH_391667_1_1_391667.jpg\" alt=\"Modulare Gro\u00dfk\u00fcchenger\u00e4teseriee-XP 900E-XP Free-Zone Induktions-Kochfeld, elektrisch, 16 Spulen (je 2\u202fkW) 800mm\"\/><\/figure><div class=\"product-internal\"><div class=\"product-liv\">Induktionskochfelder mit Free-Zone<\/div><h3 class=\"product-title\">Modulare Gro\u00dfk\u00fcchenger\u00e4teserie<br>e-XP 900E-XP Free-Zone Induktions-Kochfeld, elektrisch, 16 Spulen (je 2\u202fkW) 800mm<\/h3><div class=\"product-icons\"><div class=\"product-green\"><\/div><div class=\"product-cod\"><div class=\"hidden type_code\">0<\/div>COD <span class=\"product-code\" >391667<\/span><\/div><div class=\"product-fast\"><\/div>\n<\/div><div class=\"product-description-fast-green\"><\/div>\n<\/div><div class=\"product-actions\"><a href=\"https:\/\/www.electroluxprofessional.com\/at\/pd\/kochbl\u00f6cke\/900xp\/induktionskochfelder-mit-free-zone\/modulare-gro\u00dfk\u00fcchenger\u00e4teserie-e-xp-900e-xp-free-zone-induktions-kochfeld-elektrisch-16-spulen-je-2\u202fkw-800mm-391667\/\" class=\"btn btn-primary-blue\">Mehr erfahren<\/a><span class=\"compare-product\"><span class=\"compare-checkbox\"><span class=\"compare-checkbox-shape\"><input type=\"checkbox\" class=\"product-comparer\" id=\"prod_391667\"\/><label class=\"btn\" for=\"prod_391667\"><span class=\"label-bg\"><\/span>Vergleichen<\/label><\/span><\/span><\/span><\/div><\/a><\/div><\/div><\/li>\n                        <\/ul>\n                        <div class=\"text-center more-products\">\n                        <\/div>\n                    <\/div>\n                    <!-- END PRODUCT LIST -->\n                    <\/div>\n                    <!-- END PRODUCT LIST -->[\/vc_column][\/vc_row]<\/p>\n","protected":false},"excerpt":{"rendered":"<p>[vc_row el_id=&#8221;contact-us&#8221;][vc_column][elx_heading font_size=&#8221;h3&#8243; text_color=&#8221;inherit&#8221; text_align=&#8221;text-center&#8221;]Kontaktieren Sie uns f\u00fcr weitere Informationen zur e-XP Free-zone Induktion[\/elx_heading][elx_o2000_contact_us s=&#8221;Informationen anfordern: e-XP Free-zone Induktion&#8221; request_type=&#8221;Other&#8221; country=&#8221;Austria&#8221; b=&#8221;food&#8221; container=&#8221;elxcontactus1466429401&#8243;][\/vc_column][\/vc_row][vc_row css=&#8221;.vc_custom_1767343841343{margin-top: 150px !important;}&#8221; el_id=&#8221;products-filter&#8221;][vc_column][elx_heading font_size=&#8221;h3&#8243; text_color=&#8221;inherit&#8221; text_align=&#8221;text-center&#8221;]e-XP 900 Free-zone Induktion W\u00e4hlen Sie Ihre Produkte[\/elx_heading][\/vc_column][\/vc_row]<\/p>\n","protected":false},"author":500,"featured_media":0,"parent":21002,"menu_order":0,"comment_status":"closed","ping_status":"closed","template":"template-exp-ind.php","meta":{"footnotes":""},"class_list":["post-21020","page","type-page","status-publish","hentry"],"acf":[],"yoast_head":"<!-- This site is optimized with the Yoast SEO plugin v23.3 - https:\/\/yoast.com\/wordpress\/plugins\/seo\/ -->\n<title>e-XP 900 Free-zone Induktion - Electrolux Professional \u00d6sterreich<\/title>\n<meta name=\"description\" content=\"Entdecken Sie e-XP Free-zone Induktion: Smarte Technologie trifft auf intuitive Bedienung \u2013 f\u00fcr maximale Effizienz und perfekte Resultate.\" \/>\n<meta name=\"robots\" content=\"index, follow, max-snippet:-1, max-image-preview:large, max-video-preview:-1\" \/>\n<link rel=\"canonical\" href=\"https:\/\/www.electroluxprofessional.com\/at\/grosskuechentechnik\/e-xp-700-900\/e-xp-900-free-zone-induktion\/\" \/>\n<meta property=\"og:locale\" content=\"de_DE\" \/>\n<meta property=\"og:type\" content=\"article\" \/>\n<meta property=\"og:title\" content=\"e-XP 900 Free-zone Induktion - Electrolux Professional \u00d6sterreich\" \/>\n<meta property=\"og:description\" content=\"Entdecken Sie e-XP Free-zone Induktion: Smarte Technologie trifft auf intuitive Bedienung \u2013 f\u00fcr maximale Effizienz und perfekte Resultate.\" \/>\n<meta property=\"og:url\" content=\"https:\/\/www.electroluxprofessional.com\/at\/grosskuechentechnik\/e-xp-700-900\/e-xp-900-free-zone-induktion\/\" \/>\n<meta property=\"og:site_name\" content=\"Electrolux Professional \u00d6sterreich\" \/>\n<meta property=\"article:modified_time\" content=\"2026-03-26T13:20:07+00:00\" \/>\n<meta name=\"twitter:card\" content=\"summary_large_image\" \/>\n<meta name=\"twitter:label1\" content=\"Gesch\u00e4tzte Lesezeit\" \/>\n\t<meta name=\"twitter:data1\" content=\"1 Minute\" \/>\n<script type=\"application\/ld+json\" class=\"yoast-schema-graph\">{\"@context\":\"https:\/\/schema.org\",\"@graph\":[{\"@type\":\"WebPage\",\"@id\":\"https:\/\/www.electroluxprofessional.com\/at\/grosskuechentechnik\/e-xp-700-900\/e-xp-900-free-zone-induktion\/\",\"url\":\"https:\/\/www.electroluxprofessional.com\/at\/grosskuechentechnik\/e-xp-700-900\/e-xp-900-free-zone-induktion\/\",\"name\":\"e-XP 900 Free-zone Induktion - Electrolux Professional \u00d6sterreich\",\"isPartOf\":{\"@id\":\"https:\/\/www.electroluxprofessional.com\/at\/#website\"},\"datePublished\":\"2025-12-09T07:04:32+00:00\",\"dateModified\":\"2026-03-26T13:20:07+00:00\",\"description\":\"Entdecken Sie e-XP Free-zone Induktion: Smarte Technologie trifft auf intuitive Bedienung \u2013 f\u00fcr maximale Effizienz und perfekte Resultate.\",\"breadcrumb\":{\"@id\":\"https:\/\/www.electroluxprofessional.com\/at\/grosskuechentechnik\/e-xp-700-900\/e-xp-900-free-zone-induktion\/#breadcrumb\"},\"inLanguage\":\"de-AT\",\"potentialAction\":[{\"@type\":\"ReadAction\",\"target\":[\"https:\/\/www.electroluxprofessional.com\/at\/grosskuechentechnik\/e-xp-700-900\/e-xp-900-free-zone-induktion\/\"]}]},{\"@type\":\"BreadcrumbList\",\"@id\":\"https:\/\/www.electroluxprofessional.com\/at\/grosskuechentechnik\/e-xp-700-900\/e-xp-900-free-zone-induktion\/#breadcrumb\",\"itemListElement\":[{\"@type\":\"ListItem\",\"position\":1,\"name\":\"Startseite\",\"item\":\"https:\/\/www.electroluxprofessional.com\/at\/\"},{\"@type\":\"ListItem\",\"position\":2,\"name\":\"Gro\u00dfk\u00fcchentechnik\",\"item\":\"https:\/\/www.electroluxprofessional.com\/at\/grosskuechentechnik\/\"},{\"@type\":\"ListItem\",\"position\":3,\"name\":\"e-XP 700 &#038; 900 modulare Gro\u00dfk\u00fcchentechnik\",\"item\":\"https:\/\/www.electroluxprofessional.com\/at\/grosskuechentechnik\/e-xp-700-900\/\"},{\"@type\":\"ListItem\",\"position\":4,\"name\":\"e-XP 900 Free-zone Induktion\"}]},{\"@type\":\"WebSite\",\"@id\":\"https:\/\/www.electroluxprofessional.com\/at\/#website\",\"url\":\"https:\/\/www.electroluxprofessional.com\/at\/\",\"name\":\"Electrolux Professional \u00d6sterreich\",\"description\":\"\",\"potentialAction\":[{\"@type\":\"SearchAction\",\"target\":{\"@type\":\"EntryPoint\",\"urlTemplate\":\"https:\/\/www.electroluxprofessional.com\/at\/?src={search_term_string}\"},\"query-input\":\"required name=search_term_string\"}],\"inLanguage\":\"de-AT\"}]}<\/script>\n<!-- \/ Yoast SEO plugin. -->","yoast_head_json":{"title":"e-XP 900 Free-zone Induktion - Electrolux Professional \u00d6sterreich","description":"Entdecken Sie e-XP Free-zone Induktion: Smarte Technologie trifft auf intuitive Bedienung \u2013 f\u00fcr maximale Effizienz und perfekte Resultate.","robots":{"index":"index","follow":"follow","max-snippet":"max-snippet:-1","max-image-preview":"max-image-preview:large","max-video-preview":"max-video-preview:-1"},"canonical":"https:\/\/www.electroluxprofessional.com\/at\/grosskuechentechnik\/e-xp-700-900\/e-xp-900-free-zone-induktion\/","og_locale":"de_DE","og_type":"article","og_title":"e-XP 900 Free-zone Induktion - Electrolux Professional \u00d6sterreich","og_description":"Entdecken Sie e-XP Free-zone Induktion: Smarte Technologie trifft auf intuitive Bedienung \u2013 f\u00fcr maximale Effizienz und perfekte Resultate.","og_url":"https:\/\/www.electroluxprofessional.com\/at\/grosskuechentechnik\/e-xp-700-900\/e-xp-900-free-zone-induktion\/","og_site_name":"Electrolux Professional \u00d6sterreich","article_modified_time":"2026-03-26T13:20:07+00:00","twitter_card":"summary_large_image","twitter_misc":{"Gesch\u00e4tzte Lesezeit":"1 Minute"},"schema":{"@context":"https:\/\/schema.org","@graph":[{"@type":"WebPage","@id":"https:\/\/www.electroluxprofessional.com\/at\/grosskuechentechnik\/e-xp-700-900\/e-xp-900-free-zone-induktion\/","url":"https:\/\/www.electroluxprofessional.com\/at\/grosskuechentechnik\/e-xp-700-900\/e-xp-900-free-zone-induktion\/","name":"e-XP 900 Free-zone Induktion - Electrolux Professional \u00d6sterreich","isPartOf":{"@id":"https:\/\/www.electroluxprofessional.com\/at\/#website"},"datePublished":"2025-12-09T07:04:32+00:00","dateModified":"2026-03-26T13:20:07+00:00","description":"Entdecken Sie e-XP Free-zone Induktion: Smarte Technologie trifft auf intuitive Bedienung \u2013 f\u00fcr maximale Effizienz und perfekte Resultate.","breadcrumb":{"@id":"https:\/\/www.electroluxprofessional.com\/at\/grosskuechentechnik\/e-xp-700-900\/e-xp-900-free-zone-induktion\/#breadcrumb"},"inLanguage":"de-AT","potentialAction":[{"@type":"ReadAction","target":["https:\/\/www.electroluxprofessional.com\/at\/grosskuechentechnik\/e-xp-700-900\/e-xp-900-free-zone-induktion\/"]}]},{"@type":"BreadcrumbList","@id":"https:\/\/www.electroluxprofessional.com\/at\/grosskuechentechnik\/e-xp-700-900\/e-xp-900-free-zone-induktion\/#breadcrumb","itemListElement":[{"@type":"ListItem","position":1,"name":"Startseite","item":"https:\/\/www.electroluxprofessional.com\/at\/"},{"@type":"ListItem","position":2,"name":"Gro\u00dfk\u00fcchentechnik","item":"https:\/\/www.electroluxprofessional.com\/at\/grosskuechentechnik\/"},{"@type":"ListItem","position":3,"name":"e-XP 700 &#038; 900 modulare Gro\u00dfk\u00fcchentechnik","item":"https:\/\/www.electroluxprofessional.com\/at\/grosskuechentechnik\/e-xp-700-900\/"},{"@type":"ListItem","position":4,"name":"e-XP 900 Free-zone Induktion"}]},{"@type":"WebSite","@id":"https:\/\/www.electroluxprofessional.com\/at\/#website","url":"https:\/\/www.electroluxprofessional.com\/at\/","name":"Electrolux Professional \u00d6sterreich","description":"","potentialAction":[{"@type":"SearchAction","target":{"@type":"EntryPoint","urlTemplate":"https:\/\/www.electroluxprofessional.com\/at\/?src={search_term_string}"},"query-input":"required name=search_term_string"}],"inLanguage":"de-AT"}]}},"_links":{"self":[{"href":"https:\/\/www.electroluxprofessional.com\/at\/wp-json\/wp\/v2\/pages\/21020"}],"collection":[{"href":"https:\/\/www.electroluxprofessional.com\/at\/wp-json\/wp\/v2\/pages"}],"about":[{"href":"https:\/\/www.electroluxprofessional.com\/at\/wp-json\/wp\/v2\/types\/page"}],"author":[{"embeddable":true,"href":"https:\/\/www.electroluxprofessional.com\/at\/wp-json\/wp\/v2\/users\/500"}],"replies":[{"embeddable":true,"href":"https:\/\/www.electroluxprofessional.com\/at\/wp-json\/wp\/v2\/comments?post=21020"}],"version-history":[{"count":10,"href":"https:\/\/www.electroluxprofessional.com\/at\/wp-json\/wp\/v2\/pages\/21020\/revisions"}],"predecessor-version":[{"id":21699,"href":"https:\/\/www.electroluxprofessional.com\/at\/wp-json\/wp\/v2\/pages\/21020\/revisions\/21699"}],"up":[{"embeddable":true,"href":"https:\/\/www.electroluxprofessional.com\/at\/wp-json\/wp\/v2\/pages\/21002"}],"wp:attachment":[{"href":"https:\/\/www.electroluxprofessional.com\/at\/wp-json\/wp\/v2\/media?parent=21020"}],"curies":[{"name":"wp","href":"https:\/\/api.w.org\/{rel}","templated":true}]}}