{"id":19645,"date":"2025-03-05T09:58:16","date_gmt":"2025-03-05T09:58:16","guid":{"rendered":"https:\/\/www.electroluxprofessional.com\/at\/?page_id=19645"},"modified":"2025-03-05T10:58:46","modified_gmt":"2025-03-05T09:58:46","slug":"line-6000-ersatzrechner","status":"publish","type":"page","link":"https:\/\/www.electroluxprofessional.com\/at\/line-6000-ersatzrechner\/","title":{"rendered":"Ersatzrechner: Waschmaschinen und Trockner der Line 6000"},"content":{"rendered":"<p>[vc_row full_width=&#8221;electroluxpro-full-width-no-padding&#8221;][vc_column][elx_image align=&#8221;text-center&#8221; image_media_library=&#8221;19643&#8243; image_media_library_mobile=&#8221;19644&#8243;][\/vc_column][\/vc_row][vc_row][vc_column][vc_empty_space][elx_heading font_container=&#8221;h1&#8243; text_color=&#8221;inherit&#8221; text_align=&#8221;text-center&#8221;]Entdecken Sie, wie viel Sie sparen k\u00f6nnen, wenn Sie Ihre aktuelle Ausr\u00fcstung durch Waschmaschinen und Trockner der Line 6000 ersetzen[\/elx_heading][vc_empty_space][elx_o2000_mix_up_calculator language=&#8221;de-at&#8221; country=&#8221;Austria&#8221;][vc_empty_space][\/vc_column][\/vc_row]<\/p>\n","protected":false},"excerpt":{"rendered":"<p>[vc_row full_width=&#8221;electroluxpro-full-width-no-padding&#8221;][vc_column][elx_image align=&#8221;text-center&#8221; image_media_library=&#8221;19643&#8243; image_media_library_mobile=&#8221;19644&#8243;][\/vc_column][\/vc_row][vc_row][vc_column][vc_empty_space][elx_heading font_container=&#8221;h1&#8243; text_color=&#8221;inherit&#8221; text_align=&#8221;text-center&#8221;]Entdecken Sie, wie viel Sie sparen k\u00f6nnen, wenn Sie Ihre aktuelle Ausr\u00fcstung durch Waschmaschinen und Trockner der Line 6000 ersetzen[\/elx_heading][vc_empty_space][elx_o2000_mix_up_calculator language=&#8221;de-at&#8221; country=&#8221;Austria&#8221;][vc_empty_space][\/vc_column][\/vc_row]<\/p>\n","protected":false},"author":471,"featured_media":0,"parent":0,"menu_order":0,"comment_status":"closed","ping_status":"closed","template":"","meta":{"footnotes":""},"class_list":["post-19645","page","type-page","status-publish","hentry"],"acf":[],"yoast_head":"<!-- This site is optimized with the Yoast SEO plugin v23.3 - https:\/\/yoast.com\/wordpress\/plugins\/seo\/ -->\n<title>Ersatzrechner: Waschmaschinen und Trockner der Line 6000 - Electrolux Professional \u00d6sterreich<\/title>\n<meta name=\"description\" content=\"Entdecken Sie, wie viel Sie sparen k\u00f6nnen, wenn Sie Ihre aktuelle Ausr\u00fcstung durch Waschmaschinen und Trockner der Line 6000 ersetzen.\" \/>\n<meta name=\"robots\" content=\"index, follow, max-snippet:-1, max-image-preview:large, max-video-preview:-1\" \/>\n<link rel=\"canonical\" href=\"https:\/\/www.electroluxprofessional.com\/at\/line-6000-ersatzrechner\/\" \/>\n<meta property=\"og:locale\" content=\"de_DE\" \/>\n<meta property=\"og:type\" content=\"article\" \/>\n<meta property=\"og:title\" content=\"Ersatzrechner: Waschmaschinen und Trockner der Line 6000 - Electrolux Professional \u00d6sterreich\" \/>\n<meta property=\"og:description\" content=\"Entdecken Sie, wie viel Sie sparen k\u00f6nnen, wenn Sie Ihre aktuelle Ausr\u00fcstung durch Waschmaschinen und Trockner der Line 6000 ersetzen.\" \/>\n<meta property=\"og:url\" content=\"https:\/\/www.electroluxprofessional.com\/at\/line-6000-ersatzrechner\/\" \/>\n<meta property=\"og:site_name\" content=\"Electrolux Professional \u00d6sterreich\" \/>\n<meta property=\"article:modified_time\" content=\"2025-03-05T09:58:46+00:00\" \/>\n<meta name=\"twitter:card\" content=\"summary_large_image\" \/>\n<meta name=\"twitter:label1\" content=\"Gesch\u00e4tzte Lesezeit\" \/>\n\t<meta name=\"twitter:data1\" content=\"1 Minute\" \/>\n<script type=\"application\/ld+json\" class=\"yoast-schema-graph\">{\"@context\":\"https:\/\/schema.org\",\"@graph\":[{\"@type\":\"WebPage\",\"@id\":\"https:\/\/www.electroluxprofessional.com\/at\/line-6000-ersatzrechner\/\",\"url\":\"https:\/\/www.electroluxprofessional.com\/at\/line-6000-ersatzrechner\/\",\"name\":\"Ersatzrechner: Waschmaschinen und Trockner der Line 6000 - Electrolux Professional \u00d6sterreich\",\"isPartOf\":{\"@id\":\"https:\/\/www.electroluxprofessional.com\/at\/#website\"},\"datePublished\":\"2025-03-05T09:58:16+00:00\",\"dateModified\":\"2025-03-05T09:58:46+00:00\",\"description\":\"Entdecken Sie, wie viel Sie sparen k\u00f6nnen, wenn Sie Ihre aktuelle Ausr\u00fcstung durch Waschmaschinen und Trockner der Line 6000 ersetzen.\",\"breadcrumb\":{\"@id\":\"https:\/\/www.electroluxprofessional.com\/at\/line-6000-ersatzrechner\/#breadcrumb\"},\"inLanguage\":\"de-AT\",\"potentialAction\":[{\"@type\":\"ReadAction\",\"target\":[\"https:\/\/www.electroluxprofessional.com\/at\/line-6000-ersatzrechner\/\"]}]},{\"@type\":\"BreadcrumbList\",\"@id\":\"https:\/\/www.electroluxprofessional.com\/at\/line-6000-ersatzrechner\/#breadcrumb\",\"itemListElement\":[{\"@type\":\"ListItem\",\"position\":1,\"name\":\"Startseite\",\"item\":\"https:\/\/www.electroluxprofessional.com\/at\/\"},{\"@type\":\"ListItem\",\"position\":2,\"name\":\"Ersatzrechner: Waschmaschinen und Trockner der Line 6000\"}]},{\"@type\":\"WebSite\",\"@id\":\"https:\/\/www.electroluxprofessional.com\/at\/#website\",\"url\":\"https:\/\/www.electroluxprofessional.com\/at\/\",\"name\":\"Electrolux Professional \u00d6sterreich\",\"description\":\"\",\"potentialAction\":[{\"@type\":\"SearchAction\",\"target\":{\"@type\":\"EntryPoint\",\"urlTemplate\":\"https:\/\/www.electroluxprofessional.com\/at\/?src={search_term_string}\"},\"query-input\":\"required name=search_term_string\"}],\"inLanguage\":\"de-AT\"}]}<\/script>\n<!-- \/ Yoast SEO plugin. -->","yoast_head_json":{"title":"Ersatzrechner: Waschmaschinen und Trockner der Line 6000 - Electrolux Professional \u00d6sterreich","description":"Entdecken Sie, wie viel Sie sparen k\u00f6nnen, wenn Sie Ihre aktuelle Ausr\u00fcstung durch Waschmaschinen und Trockner der Line 6000 ersetzen.","robots":{"index":"index","follow":"follow","max-snippet":"max-snippet:-1","max-image-preview":"max-image-preview:large","max-video-preview":"max-video-preview:-1"},"canonical":"https:\/\/www.electroluxprofessional.com\/at\/line-6000-ersatzrechner\/","og_locale":"de_DE","og_type":"article","og_title":"Ersatzrechner: Waschmaschinen und Trockner der Line 6000 - Electrolux Professional \u00d6sterreich","og_description":"Entdecken Sie, wie viel Sie sparen k\u00f6nnen, wenn Sie Ihre aktuelle Ausr\u00fcstung durch Waschmaschinen und Trockner der Line 6000 ersetzen.","og_url":"https:\/\/www.electroluxprofessional.com\/at\/line-6000-ersatzrechner\/","og_site_name":"Electrolux Professional \u00d6sterreich","article_modified_time":"2025-03-05T09:58:46+00:00","twitter_card":"summary_large_image","twitter_misc":{"Gesch\u00e4tzte Lesezeit":"1 Minute"},"schema":{"@context":"https:\/\/schema.org","@graph":[{"@type":"WebPage","@id":"https:\/\/www.electroluxprofessional.com\/at\/line-6000-ersatzrechner\/","url":"https:\/\/www.electroluxprofessional.com\/at\/line-6000-ersatzrechner\/","name":"Ersatzrechner: Waschmaschinen und Trockner der Line 6000 - Electrolux Professional \u00d6sterreich","isPartOf":{"@id":"https:\/\/www.electroluxprofessional.com\/at\/#website"},"datePublished":"2025-03-05T09:58:16+00:00","dateModified":"2025-03-05T09:58:46+00:00","description":"Entdecken Sie, wie viel Sie sparen k\u00f6nnen, wenn Sie Ihre aktuelle Ausr\u00fcstung durch Waschmaschinen und Trockner der Line 6000 ersetzen.","breadcrumb":{"@id":"https:\/\/www.electroluxprofessional.com\/at\/line-6000-ersatzrechner\/#breadcrumb"},"inLanguage":"de-AT","potentialAction":[{"@type":"ReadAction","target":["https:\/\/www.electroluxprofessional.com\/at\/line-6000-ersatzrechner\/"]}]},{"@type":"BreadcrumbList","@id":"https:\/\/www.electroluxprofessional.com\/at\/line-6000-ersatzrechner\/#breadcrumb","itemListElement":[{"@type":"ListItem","position":1,"name":"Startseite","item":"https:\/\/www.electroluxprofessional.com\/at\/"},{"@type":"ListItem","position":2,"name":"Ersatzrechner: Waschmaschinen und Trockner der Line 6000"}]},{"@type":"WebSite","@id":"https:\/\/www.electroluxprofessional.com\/at\/#website","url":"https:\/\/www.electroluxprofessional.com\/at\/","name":"Electrolux Professional \u00d6sterreich","description":"","potentialAction":[{"@type":"SearchAction","target":{"@type":"EntryPoint","urlTemplate":"https:\/\/www.electroluxprofessional.com\/at\/?src={search_term_string}"},"query-input":"required name=search_term_string"}],"inLanguage":"de-AT"}]}},"_links":{"self":[{"href":"https:\/\/www.electroluxprofessional.com\/at\/wp-json\/wp\/v2\/pages\/19645"}],"collection":[{"href":"https:\/\/www.electroluxprofessional.com\/at\/wp-json\/wp\/v2\/pages"}],"about":[{"href":"https:\/\/www.electroluxprofessional.com\/at\/wp-json\/wp\/v2\/types\/page"}],"author":[{"embeddable":true,"href":"https:\/\/www.electroluxprofessional.com\/at\/wp-json\/wp\/v2\/users\/471"}],"replies":[{"embeddable":true,"href":"https:\/\/www.electroluxprofessional.com\/at\/wp-json\/wp\/v2\/comments?post=19645"}],"version-history":[{"count":3,"href":"https:\/\/www.electroluxprofessional.com\/at\/wp-json\/wp\/v2\/pages\/19645\/revisions"}],"predecessor-version":[{"id":19648,"href":"https:\/\/www.electroluxprofessional.com\/at\/wp-json\/wp\/v2\/pages\/19645\/revisions\/19648"}],"wp:attachment":[{"href":"https:\/\/www.electroluxprofessional.com\/at\/wp-json\/wp\/v2\/media?parent=19645"}],"curies":[{"name":"wp","href":"https:\/\/api.w.org\/{rel}","templated":true}]}}