{"id":19640,"date":"2025-03-05T09:51:26","date_gmt":"2025-03-05T09:51:26","guid":{"rendered":"https:\/\/www.electroluxprofessional.com\/at\/?page_id=19640"},"modified":"2025-03-05T10:53:04","modified_gmt":"2025-03-05T09:53:04","slug":"elektro-vs-waermepumpentrockner-rechner","status":"publish","type":"page","link":"https:\/\/www.electroluxprofessional.com\/at\/elektro-vs-waermepumpentrockner-rechner\/","title":{"rendered":"Elektro- vs. W\u00e4rmepumpentrockner Rechner"},"content":{"rendered":"<p>[vc_row full_width=&#8221;electroluxpro-full-width-no-padding&#8221;][vc_column][elx_image align=&#8221;text-center&#8221; image_media_library=&#8221;19638&#8243; image_media_library_mobile=&#8221;19639&#8243;][\/vc_column][\/vc_row][vc_row][vc_column][vc_empty_space][elx_heading font_container=&#8221;h1&#8243; text_color=&#8221;inherit&#8221; text_align=&#8221;text-center&#8221;]Steigern Sie Ihre Produktivit\u00e4t und sparen Sie gleichzeitig[\/elx_heading][vc_column_text]<\/p>\n<p style=\"text-align: center;\">Die Energiepreise steigen st\u00e4ndig an. Die W\u00e4rmepumpentrockner der Line 6000 bieten eine hohe Zyklenzahl und sorgen gleichzeitig f\u00fcr erhebliche Energieeinsparungen.<\/p>\n<p>[\/vc_column_text][vc_empty_space][vc_column_text]<\/p>\n<h3 style=\"text-align: center;\">Entdecken Sie Ihre Einsparungen mit W\u00e4rmepumpentrocknern der Line 6000<\/h3>\n<p>[\/vc_column_text][vc_empty_space][elx_o2000_electric_vs_hp_dryer_calculator language=&#8221;de-at&#8221; country=&#8221;Austria&#8221;][vc_empty_space][\/vc_column][\/vc_row]<\/p>\n","protected":false},"excerpt":{"rendered":"<p>[vc_row full_width=&#8221;electroluxpro-full-width-no-padding&#8221;][vc_column][elx_image align=&#8221;text-center&#8221; image_media_library=&#8221;19638&#8243; image_media_library_mobile=&#8221;19639&#8243;][\/vc_column][\/vc_row][vc_row][vc_column][vc_empty_space][elx_heading font_container=&#8221;h1&#8243; text_color=&#8221;inherit&#8221; text_align=&#8221;text-center&#8221;]Steigern Sie Ihre Produktivit\u00e4t und sparen Sie gleichzeitig[\/elx_heading][vc_column_text] Die Energiepreise steigen st\u00e4ndig an. Die W\u00e4rmepumpentrockner der Line 6000 bieten eine hohe Zyklenzahl und sorgen gleichzeitig f\u00fcr erhebliche Energieeinsparungen. [\/vc_column_text][vc_empty_space][vc_column_text] Entdecken Sie Ihre Einsparungen mit W\u00e4rmepumpentrocknern der Line 6000 [\/vc_column_text][vc_empty_space][elx_o2000_electric_vs_hp_dryer_calculator language=&#8221;de-at&#8221; country=&#8221;Austria&#8221;][vc_empty_space][\/vc_column][\/vc_row]<\/p>\n","protected":false},"author":471,"featured_media":0,"parent":0,"menu_order":0,"comment_status":"closed","ping_status":"closed","template":"","meta":{"footnotes":""},"class_list":["post-19640","page","type-page","status-publish","hentry"],"acf":[],"yoast_head":"<!-- This site is optimized with the Yoast SEO plugin v23.3 - https:\/\/yoast.com\/wordpress\/plugins\/seo\/ -->\n<title>Elektro- vs. W\u00e4rmepumpentrockner Rechner - Electrolux Professional \u00d6sterreich<\/title>\n<meta name=\"description\" content=\"Die Energiepreise steigen st\u00e4ndig an. Die W\u00e4rmepumpentrockner der Line 6000 sorgen f\u00fcr erhebliche Energieeinsparungen.\" \/>\n<meta name=\"robots\" content=\"index, follow, max-snippet:-1, max-image-preview:large, max-video-preview:-1\" \/>\n<link rel=\"canonical\" href=\"https:\/\/www.electroluxprofessional.com\/at\/elektro-vs-waermepumpentrockner-rechner\/\" \/>\n<meta property=\"og:locale\" content=\"de_DE\" \/>\n<meta property=\"og:type\" content=\"article\" \/>\n<meta property=\"og:title\" content=\"Elektro- vs. W\u00e4rmepumpentrockner Rechner - Electrolux Professional \u00d6sterreich\" \/>\n<meta property=\"og:description\" content=\"Die Energiepreise steigen st\u00e4ndig an. Die W\u00e4rmepumpentrockner der Line 6000 sorgen f\u00fcr erhebliche Energieeinsparungen.\" \/>\n<meta property=\"og:url\" content=\"https:\/\/www.electroluxprofessional.com\/at\/elektro-vs-waermepumpentrockner-rechner\/\" \/>\n<meta property=\"og:site_name\" content=\"Electrolux Professional \u00d6sterreich\" \/>\n<meta property=\"article:modified_time\" content=\"2025-03-05T09:53:04+00:00\" \/>\n<meta name=\"twitter:card\" content=\"summary_large_image\" \/>\n<meta name=\"twitter:label1\" content=\"Gesch\u00e4tzte Lesezeit\" \/>\n\t<meta name=\"twitter:data1\" content=\"1 Minute\" \/>\n<script type=\"application\/ld+json\" class=\"yoast-schema-graph\">{\"@context\":\"https:\/\/schema.org\",\"@graph\":[{\"@type\":\"WebPage\",\"@id\":\"https:\/\/www.electroluxprofessional.com\/at\/elektro-vs-waermepumpentrockner-rechner\/\",\"url\":\"https:\/\/www.electroluxprofessional.com\/at\/elektro-vs-waermepumpentrockner-rechner\/\",\"name\":\"Elektro- vs. W\u00e4rmepumpentrockner Rechner - Electrolux Professional \u00d6sterreich\",\"isPartOf\":{\"@id\":\"https:\/\/www.electroluxprofessional.com\/at\/#website\"},\"datePublished\":\"2025-03-05T09:51:26+00:00\",\"dateModified\":\"2025-03-05T09:53:04+00:00\",\"description\":\"Die Energiepreise steigen st\u00e4ndig an. Die W\u00e4rmepumpentrockner der Line 6000 sorgen f\u00fcr erhebliche Energieeinsparungen.\",\"breadcrumb\":{\"@id\":\"https:\/\/www.electroluxprofessional.com\/at\/elektro-vs-waermepumpentrockner-rechner\/#breadcrumb\"},\"inLanguage\":\"de-AT\",\"potentialAction\":[{\"@type\":\"ReadAction\",\"target\":[\"https:\/\/www.electroluxprofessional.com\/at\/elektro-vs-waermepumpentrockner-rechner\/\"]}]},{\"@type\":\"BreadcrumbList\",\"@id\":\"https:\/\/www.electroluxprofessional.com\/at\/elektro-vs-waermepumpentrockner-rechner\/#breadcrumb\",\"itemListElement\":[{\"@type\":\"ListItem\",\"position\":1,\"name\":\"Startseite\",\"item\":\"https:\/\/www.electroluxprofessional.com\/at\/\"},{\"@type\":\"ListItem\",\"position\":2,\"name\":\"Elektro- vs. W\u00e4rmepumpentrockner Rechner\"}]},{\"@type\":\"WebSite\",\"@id\":\"https:\/\/www.electroluxprofessional.com\/at\/#website\",\"url\":\"https:\/\/www.electroluxprofessional.com\/at\/\",\"name\":\"Electrolux Professional \u00d6sterreich\",\"description\":\"\",\"potentialAction\":[{\"@type\":\"SearchAction\",\"target\":{\"@type\":\"EntryPoint\",\"urlTemplate\":\"https:\/\/www.electroluxprofessional.com\/at\/?src={search_term_string}\"},\"query-input\":\"required name=search_term_string\"}],\"inLanguage\":\"de-AT\"}]}<\/script>\n<!-- \/ Yoast SEO plugin. -->","yoast_head_json":{"title":"Elektro- vs. W\u00e4rmepumpentrockner Rechner - Electrolux Professional \u00d6sterreich","description":"Die Energiepreise steigen st\u00e4ndig an. Die W\u00e4rmepumpentrockner der Line 6000 sorgen f\u00fcr erhebliche Energieeinsparungen.","robots":{"index":"index","follow":"follow","max-snippet":"max-snippet:-1","max-image-preview":"max-image-preview:large","max-video-preview":"max-video-preview:-1"},"canonical":"https:\/\/www.electroluxprofessional.com\/at\/elektro-vs-waermepumpentrockner-rechner\/","og_locale":"de_DE","og_type":"article","og_title":"Elektro- vs. W\u00e4rmepumpentrockner Rechner - Electrolux Professional \u00d6sterreich","og_description":"Die Energiepreise steigen st\u00e4ndig an. Die W\u00e4rmepumpentrockner der Line 6000 sorgen f\u00fcr erhebliche Energieeinsparungen.","og_url":"https:\/\/www.electroluxprofessional.com\/at\/elektro-vs-waermepumpentrockner-rechner\/","og_site_name":"Electrolux Professional \u00d6sterreich","article_modified_time":"2025-03-05T09:53:04+00:00","twitter_card":"summary_large_image","twitter_misc":{"Gesch\u00e4tzte Lesezeit":"1 Minute"},"schema":{"@context":"https:\/\/schema.org","@graph":[{"@type":"WebPage","@id":"https:\/\/www.electroluxprofessional.com\/at\/elektro-vs-waermepumpentrockner-rechner\/","url":"https:\/\/www.electroluxprofessional.com\/at\/elektro-vs-waermepumpentrockner-rechner\/","name":"Elektro- vs. W\u00e4rmepumpentrockner Rechner - Electrolux Professional \u00d6sterreich","isPartOf":{"@id":"https:\/\/www.electroluxprofessional.com\/at\/#website"},"datePublished":"2025-03-05T09:51:26+00:00","dateModified":"2025-03-05T09:53:04+00:00","description":"Die Energiepreise steigen st\u00e4ndig an. Die W\u00e4rmepumpentrockner der Line 6000 sorgen f\u00fcr erhebliche Energieeinsparungen.","breadcrumb":{"@id":"https:\/\/www.electroluxprofessional.com\/at\/elektro-vs-waermepumpentrockner-rechner\/#breadcrumb"},"inLanguage":"de-AT","potentialAction":[{"@type":"ReadAction","target":["https:\/\/www.electroluxprofessional.com\/at\/elektro-vs-waermepumpentrockner-rechner\/"]}]},{"@type":"BreadcrumbList","@id":"https:\/\/www.electroluxprofessional.com\/at\/elektro-vs-waermepumpentrockner-rechner\/#breadcrumb","itemListElement":[{"@type":"ListItem","position":1,"name":"Startseite","item":"https:\/\/www.electroluxprofessional.com\/at\/"},{"@type":"ListItem","position":2,"name":"Elektro- vs. W\u00e4rmepumpentrockner Rechner"}]},{"@type":"WebSite","@id":"https:\/\/www.electroluxprofessional.com\/at\/#website","url":"https:\/\/www.electroluxprofessional.com\/at\/","name":"Electrolux Professional \u00d6sterreich","description":"","potentialAction":[{"@type":"SearchAction","target":{"@type":"EntryPoint","urlTemplate":"https:\/\/www.electroluxprofessional.com\/at\/?src={search_term_string}"},"query-input":"required name=search_term_string"}],"inLanguage":"de-AT"}]}},"_links":{"self":[{"href":"https:\/\/www.electroluxprofessional.com\/at\/wp-json\/wp\/v2\/pages\/19640"}],"collection":[{"href":"https:\/\/www.electroluxprofessional.com\/at\/wp-json\/wp\/v2\/pages"}],"about":[{"href":"https:\/\/www.electroluxprofessional.com\/at\/wp-json\/wp\/v2\/types\/page"}],"author":[{"embeddable":true,"href":"https:\/\/www.electroluxprofessional.com\/at\/wp-json\/wp\/v2\/users\/471"}],"replies":[{"embeddable":true,"href":"https:\/\/www.electroluxprofessional.com\/at\/wp-json\/wp\/v2\/comments?post=19640"}],"version-history":[{"count":2,"href":"https:\/\/www.electroluxprofessional.com\/at\/wp-json\/wp\/v2\/pages\/19640\/revisions"}],"predecessor-version":[{"id":19642,"href":"https:\/\/www.electroluxprofessional.com\/at\/wp-json\/wp\/v2\/pages\/19640\/revisions\/19642"}],"wp:attachment":[{"href":"https:\/\/www.electroluxprofessional.com\/at\/wp-json\/wp\/v2\/media?parent=19640"}],"curies":[{"name":"wp","href":"https:\/\/api.w.org\/{rel}","templated":true}]}}