{"id":19273,"date":"2024-11-25T10:33:26","date_gmt":"2024-11-25T10:33:26","guid":{"rendered":"https:\/\/www.electroluxprofessional.com\/at\/?page_id=19273"},"modified":"2025-07-10T12:52:09","modified_gmt":"2025-07-10T11:52:09","slug":"zero-waste","status":"publish","type":"page","link":"https:\/\/www.electroluxprofessional.com\/at\/grosskuechentechnik\/zero-waste\/","title":{"rendered":"Zero Waste"},"content":{"rendered":"<p>[vc_row full_width=&#8221;electroluxpro-full-width-no-padding&#8221;][vc_column][elx_image_block background_image=&#8221;19259&#8243; minimum_height=&#8221;400px&#8221;][vc_empty_space][\/vc_column][\/vc_row][vc_row][vc_column][elx_text_image tag_title=&#8221;h1&#8243; class_title=&#8221;h1&#8243; style_image=&#8221;image_square&#8221; bg_row=&#8221;bg-download-white&#8221; lists=&#8221;%5B%7B%7D%5D&#8221; values=&#8221;%5B%7B%7D%5D&#8221; single_image=&#8221;19260&#8243; title=&#8221;Zero Waste: Lebensmittel wertsch\u00e4tzen f\u00fcr eine nachhaltige Zukunft&#8221;]<strong>Lebensmittel sind wertvolle Ressourcen<\/strong> \u2013 doch jedes Jahr landen unz\u00e4hlige Tonnen davon im M\u00fcll. Besonders in Restaurants, Kantinen und Superm\u00e4rkten wird ein erheblicher Teil frischer Zutaten entsorgt, oft nur, weil das Mindesthaltbarkeitsdatum \u00fcberschritten ist.<\/p>\n<p>Bei <strong>Electrolux Professional<\/strong> stellen wir uns die Frage: <strong>Wie k\u00f6nnen wir positive Ver\u00e4nderung bewirken?<\/strong> Unsere K\u00f6che sahen darin eine <strong>Inspiration zur Innovation<\/strong> und entwickelten kreative Ans\u00e4tze, um Lebensmittel besser zu nutzen.<\/p>\n<p>Das Ergebnis: <strong>Unser Zero Waste-Programm.<\/strong> Wir zeigen, wie selbst die einfachsten und oft \u00fcbersehenen Zutaten in k\u00f6stliche Gourmetgerichte verwandelt werden k\u00f6nnen \u2013 <strong>frisch, nachhaltig und beeindruckend.<\/strong>[\/elx_text_image][elx_o2000_contact_us s=&#8221;Kontaktanfrage von der Website&#8221; b=&#8221;food&#8221; button_mode=&#8221;true&#8221; button_style=&#8221;secondary-bordered&#8221; postion_button=&#8221;text-left&#8221; postion_button_mobile=&#8221;text-left-mobile&#8221; text_btn_contact=&#8221;Kontaktieren Sie uns&#8221;][\/vc_column][\/vc_row][vc_row][vc_column][vc_empty_space height=&#8221;60px&#8221;][elx_multiple_columns number_columns=&#8221;3&#8243; bg_row=&#8221;bg-download-white&#8221; values=&#8221;%5B%7B%22image_section%22%3A%2219269%22%2C%22title_section%22%3A%22W%C3%A4hlen%20Sie%20Ihre%20Zutaten%22%2C%22text_section%22%3A%22Entdecken%20Sie%20das%20Potenzial%20Ihrer%20K%C3%BCche%3A%20Finden%20Sie%20Zutaten%2C%20die%20noch%20verwendbar%20sind%2C%20auch%20wenn%20sie%20in%20ihrem%20aktuellen%20Zustand%20nicht%20mehr%20verkaufsf%C3%A4hig%20erscheinen.%22%2C%22button_style%22%3A%22secondary%22%7D%2C%7B%22image_section%22%3A%2219270%22%2C%22title_section%22%3A%22Finden%20Sie%20das%20perfekte%20Rezept%22%2C%22text_section%22%3A%22%C3%9Cber%20das%20intuitive%20Bedienfeld%20Ihres%20SkyLine%20Kombid%C3%A4mpfers%20erhalten%20Sie%20direkten%20Zugriff%20auf%20kreative%20Zero-Waste-Rezepte.%22%2C%22button_style%22%3A%22secondary%22%7D%2C%7B%22image_section%22%3A%2219271%22%2C%22title_section%22%3A%22Starten%20Sie%20mit%20dem%20Kochen%22%2C%22text_section%22%3A%22Die%20integrierte%20Zero%20Waste-Funktion%20in%20SkyLine%20Cook%26Chill%20%C3%BCbernimmt%20die%20optimale%20Einstellung%20von%20Temperatur%20und%20Zeit%20f%C3%BCr%20Ihr%20Rezept.%22%2C%22button_style%22%3A%22secondary%22%7D%2C%7B%22image_section%22%3A%2219272%22%2C%22title_section%22%3A%22Maximieren%20Sie%20Ihren%20Gewinn%22%2C%22text_section%22%3A%22Servieren%20oder%20verkaufen%20Sie%20k%C3%B6stliche%20Gerichte%20aus%20wiederverwerteten%20Zutaten%20%E2%80%93%20und%20zeigen%20Sie%2C%20wie%20Nachhaltigkeit%20und%20Genuss%20Hand%20in%20Hand%20gehen.%22%2C%22button_style%22%3A%22secondary%22%7D%5D&#8221; title=&#8221;Werden Sie Teil von Zero Waste&#8221;]Mit Zero Waste schaffen Sie <strong>nachhaltige L\u00f6sungen<\/strong> f\u00fcr Ihr Unternehmen: weniger Abfall, geringere Kosten und ein wertvoller Beitrag zum Umweltschutz.<\/p>\n<p>Unsere <strong>Corporate Chefs<\/strong> entwickeln mit Ihnen individuelle Ans\u00e4tze, um Lebensmittelverschwendung gezielt zu reduzieren.[\/elx_multiple_columns][vc_empty_space][\/vc_column][\/vc_row][vc_row disable_element=&#8221;yes&#8221;][vc_column][vc_tta_tabs active_section=&#8221;1&#8243;][vc_tta_section title=&#8221;Banana plumcake&#8221; tab_id=&#8221;1727106018841-6e4418a2-d711&#8243;][vc_empty_space height=&#8221;50px&#8221;][elx_text_image style_image=&#8221;image_square&#8221; button_style=&#8221;secondary-bordered&#8221; bg_row=&#8221;bg-download-white&#8221; lists=&#8221;%5B%7B%7D%5D&#8221; single_image=&#8221;19261&#8243; values=&#8221;%5B%7B%7D%5D&#8221; link=&#8221;url:https%3A%2F%2Fwww.electroluxprofessional.com%2Fat%2Fcommercial-kitchen-equipment%2Fzero-waste%2Fzero-waste-banana-cranberry-bread%2F|title:Open%20the%20recipe|target:_blank&#8221;]<\/p>\n<h2>Banana plumcake<\/h2>\n<p>Discover the recipe and start reducing food waste today.[\/elx_text_image][\/vc_tta_section][vc_tta_section title=&#8221;Banana cookies&#8221; tab_id=&#8221;1727106018851-aa18af67-9502&#8243;][vc_empty_space height=&#8221;50px&#8221;][elx_text_image style_image=&#8221;image_square&#8221; button_style=&#8221;secondary-bordered&#8221; bg_row=&#8221;bg-download-white&#8221; lists=&#8221;%5B%7B%7D%5D&#8221; single_image=&#8221;19262&#8243; values=&#8221;%5B%7B%7D%5D&#8221; link=&#8221;url:https%3A%2F%2Fwww.electroluxprofessional.com%2Fat%2Fcommercial-kitchen-equipment%2Fzero-waste%2Fzero-waste-banana-cookies%2F|title:Open%20the%20recipe|target:_blank&#8221;]<\/p>\n<h2>Banana cookies<\/h2>\n<p>Discover the recipe and start reducing food waste today.[\/elx_text_image][\/vc_tta_section][vc_tta_section title=&#8221;Carrot chips&#8221; tab_id=&#8221;1727106083346-ba73d0f8-e849&#8243;][vc_empty_space height=&#8221;50px&#8221;][elx_text_image style_image=&#8221;image_square&#8221; button_style=&#8221;secondary-bordered&#8221; bg_row=&#8221;bg-download-white&#8221; lists=&#8221;%5B%7B%7D%5D&#8221; single_image=&#8221;19263&#8243; values=&#8221;%5B%7B%7D%5D&#8221; link=&#8221;url:https%3A%2F%2Fwww.electroluxprofessional.com%2Fat%2Fcommercial-kitchen-equipment%2Fzero-waste%2Fzero-waste-carrot-chips%2F|title:Open%20the%20recipe|target:_blank&#8221;]<\/p>\n<h2>Carrot chips<\/h2>\n<p>Discover the recipe and start reducing food waste today.[\/elx_text_image][\/vc_tta_section][vc_tta_section title=&#8221;Carrot yoghurt&#8221; tab_id=&#8221;1727106416267-ecc6333f-cffe&#8221;][vc_empty_space height=&#8221;50px&#8221;][elx_text_image style_image=&#8221;image_square&#8221; bg_row=&#8221;bg-download-white&#8221; lists=&#8221;%5B%7B%7D%5D&#8221; single_image=&#8221;19264&#8243; values=&#8221;%5B%7B%7D%5D&#8221; link=&#8221;url:https%3A%2F%2Fwww.electroluxprofessional.com%2Fat%2Fcommercial-kitchen-equipment%2Fzero-waste%2Fzero-waste-carrot-yoghurt%2F|title:Open%20the%20recipe|target:_blank&#8221;]<\/p>\n<h2>Carrot yoghurt<\/h2>\n<p>Discover the recipe and start reducing food waste today.[\/elx_text_image][\/vc_tta_section][vc_tta_section title=&#8221;Eggplant brownie&#8221; tab_id=&#8221;1727106431904-bd9085e4-1ac8&#8243;][vc_empty_space height=&#8221;50px&#8221;][elx_text_image style_image=&#8221;image_square&#8221; button_style=&#8221;secondary-bordered&#8221; bg_row=&#8221;bg-download-white&#8221; lists=&#8221;%5B%7B%7D%5D&#8221; single_image=&#8221;19265&#8243; values=&#8221;%5B%7B%7D%5D&#8221; link=&#8221;url:https%3A%2F%2Fwww.electroluxprofessional.com%2Fat%2Fcommercial-kitchen-equipment%2Fzero-waste%2Fzero-waste-eggplant-brownies%2F|title:Open%20the%20recipe|target:_blank&#8221;]<\/p>\n<h2>Eggplant brownie<\/h2>\n<p>Discover the recipe and start reducing food waste today.[\/elx_text_image][\/vc_tta_section][vc_tta_section title=&#8221;Carrot soup&#8221; tab_id=&#8221;1727106450402-8c7aa73d-7794&#8243;][vc_empty_space height=&#8221;50px&#8221;][elx_text_image style_image=&#8221;image_square&#8221; button_style=&#8221;secondary-bordered&#8221; bg_row=&#8221;bg-download-white&#8221; lists=&#8221;%5B%7B%7D%5D&#8221; single_image=&#8221;19266&#8243; values=&#8221;%5B%7B%7D%5D&#8221; link=&#8221;url:https%3A%2F%2Fwww.electroluxprofessional.com%2Fat%2Fcommercial-kitchen-equipment%2Fzero-waste%2Fzero-waste-thai-carrot-soup%2F|title:Open%20the%20recipe|target:_blank&#8221;]<\/p>\n<h2>Carrot soup<\/h2>\n<p>Discover the recipe and start reducing food waste today.[\/elx_text_image][\/vc_tta_section][vc_tta_section title=&#8221;Trim stock powder&#8221; tab_id=&#8221;1727106465259-ac58caaf-37c3&#8243;][vc_empty_space height=&#8221;50px&#8221;][elx_text_image style_image=&#8221;image_square&#8221; bg_row=&#8221;bg-download-white&#8221; lists=&#8221;%5B%7B%7D%5D&#8221; single_image=&#8221;19267&#8243; values=&#8221;%5B%7B%7D%5D&#8221; link=&#8221;url:https%3A%2F%2Fwww.electroluxprofessional.com%2Fat%2Fcommercial-kitchen-equipment%2Fzero-waste%2Fzero-waste-vegetable-stock-powder%2F|title:Open%20the%20recipe|target:_blank&#8221;]<\/p>\n<h2>Trim stock powder<\/h2>\n<p>Discover the recipe and start reducing food waste today.[\/elx_text_image][\/vc_tta_section][\/vc_tta_tabs][\/vc_column][\/vc_row][vc_row][vc_column][vc_empty_space][\/vc_column][\/vc_row][vc_row matched_labels=&#8221;&#8221; css=&#8221;.vc_custom_1744192825270{background-color: #c4d69a !important;}&#8221;][vc_column][elx_features_download title=&#8221;&#8221; title_download=&#8221;&#8221; title_position=&#8221;top&#8221; bg_row=&#8221;bg-row-sustainability-green&#8221; values=&#8221;%5B%7B%22select_type%22%3A%22link%22%7D%5D&#8221; discover=&#8221;%5B%7B%7D%5D&#8221; features=&#8221;%5B%7B%22icon_electroluxpro%22%3A%22elx-icon%20icon-circle-green-blue%22%2C%22title_icon%22%3A%22Nachhaltigkeit%20z%C3%A4hlt%20%E2%80%93%20auch%20f%C3%BCr%20Ihre%20Kunden%22%2C%22text_icon%22%3A%22Immer%20mehr%20Menschen%20achten%20auf%20eine%20gesunde%20Ern%C3%A4hrung%20und%20legen%20Wert%20auf%20Nachhaltigkeit.%20Themen%20wie%20Lebensmittelverschwendung%20und%20Umweltverantwortung%20sind%20dabei%20zentrale%20Anliegen%20%E2%80%93%20nicht%20nur%20zu%20Hause%2C%20sondern%20auch%20in%20Restaurants%2C%20Kantinen%20und%20Schulcafeterias%5CnMit%20dem%20%3Cb%3EZero%20Waste-Programm%3C%2Fb%3E%20sprechen%20Sie%20diese%20Zielgruppe%20gezielt%20an%20und%20positionieren%20sich%20als%20umweltbewusstes%20Unternehmen.%5Cn%22%7D%5D&#8221;][\/elx_features_download][\/vc_column][\/vc_row][vc_row][vc_column][vc_empty_space][elx_text_image style_image=&#8221;image_vertical&#8221; bg_row=&#8221;bg-download-white&#8221; lists=&#8221;%5B%7B%22title_list%22%3A%22%20%22%7D%2C%7B%22icon_electroluxpro%22%3A%22elx-icon%20icon-circle-checkmark-blue%22%2C%22title_list%22%3A%22Direkter%20Zugriff%22%2C%22text_list%22%3A%22W%C3%A4hlen%20Sie%20Zero-Waste-Rezepte%20direkt%20%C3%BCber%20das%20Symbol%20auf%20dem%20SkyLine-Bedienfeld.%22%7D%2C%7B%22icon_electroluxpro%22%3A%22elx-icon%20icon-circle-checkmark-blue%22%2C%22title_list%22%3A%22Automatische%20Einstellungen%22%2C%22text_list%22%3A%22Temperaturen%2C%20Garmethoden%20und%20Zeiten%20passen%20sich%20automatisch%20an%20%E2%80%93%20kein%20manueller%20Aufwand%20n%C3%B6tig.%22%7D%2C%7B%22icon_electroluxpro%22%3A%22elx-icon%20icon-circle-checkmark-blue%22%2C%22title_list%22%3A%22SkyDuo-Kommunikation%22%2C%22text_list%22%3A%22Der%20SkyLine%20Kombid%C3%A4mpfer%20informiert%20den%20Schockfroster%20automatisch%2C%20wenn%20es%20Zeit%20zum%20Abk%C3%BChlen%20ist%20-%20f%C3%BCr%20einen%20reibungslosen%20Ablauf.%22%7D%5D&#8221; values=&#8221;%5B%7B%7D%5D&#8221; single_image=&#8221;19268&#8243; title=&#8221;Holen Sie das Beste aus Zero Waste heraus mit SkyLine Cook&amp;Chill&#8221;]Alle Zero Waste-Rezepte sind in unsere SkyLine Cook&amp;Chill-L\u00f6sung integriert, sodass Sie schnell darauf zugreifen und m\u00fchelos kochen k\u00f6nnen. Erleben Sie die ganze Bandbreite der Vorteile einer Electrolux Professional-K\u00fcche.[\/elx_text_image][\/vc_column][\/vc_row][vc_row][vc_column width=&#8221;2\/3&#8243;][vc_empty_space][\/vc_column][vc_column width=&#8221;1\/3&#8243;][elx_button button_text=&#8221;Entdecken Sie unser Cook&amp;Chill Sortiment&#8221; button_link=&#8221;url:https%3A%2F%2Fwww.electroluxprofessional.com%2Fat%2Fgrosskuechentechnik%2Fcook-chill%2F|target:_blank&#8221;][\/vc_column][\/vc_row][vc_row][vc_column][vc_empty_space height=&#8221;50px&#8221;][vc_empty_space height=&#8221;50px&#8221;][elx_heading text_color=&#8221;inherit&#8221; text_align=&#8221;text-center&#8221;]Schreiben Sie uns f\u00fcr weitere Informationen<br \/>\n\u00fcber Zero Waste[\/elx_heading][vc_empty_space][elx_o2000_contact_us b=&#8221;food&#8221;][\/vc_column][\/vc_row]<\/p>\n","protected":false},"excerpt":{"rendered":"<p>[vc_row full_width=&#8221;electroluxpro-full-width-no-padding&#8221;][vc_column][elx_image_block background_image=&#8221;19259&#8243; minimum_height=&#8221;400px&#8221;][vc_empty_space][\/vc_column][\/vc_row][vc_row][vc_column][elx_text_image tag_title=&#8221;h1&#8243; class_title=&#8221;h1&#8243; style_image=&#8221;image_square&#8221; bg_row=&#8221;bg-download-white&#8221; lists=&#8221;%5B%7B%7D%5D&#8221; values=&#8221;%5B%7B%7D%5D&#8221; single_image=&#8221;19260&#8243; title=&#8221;Zero Waste: Lebensmittel wertsch\u00e4tzen f\u00fcr eine nachhaltige Zukunft&#8221;]Lebensmittel sind wertvolle Ressourcen \u2013 doch jedes Jahr landen unz\u00e4hlige Tonnen davon im M\u00fcll. Besonders in Restaurants, Kantinen und Superm\u00e4rkten wird ein erheblicher Teil frischer Zutaten entsorgt, oft nur, weil das Mindesthaltbarkeitsdatum \u00fcberschritten ist. Bei Electrolux Professional [&hellip;]<\/p>\n","protected":false},"author":471,"featured_media":19260,"parent":731,"menu_order":0,"comment_status":"closed","ping_status":"closed","template":"","meta":{"footnotes":""},"class_list":["post-19273","page","type-page","status-publish","has-post-thumbnail","hentry"],"acf":[],"yoast_head":"<!-- This site is optimized with the Yoast SEO plugin v23.3 - https:\/\/yoast.com\/wordpress\/plugins\/seo\/ -->\n<title>Zero Waste - Electrolux Professional \u00d6sterreich<\/title>\n<meta name=\"description\" content=\"Discover Electrolux Professional&#039;s Zero Waste program, an innovative solution to reduce food waste in restaurants, canteens, and supermarkets. Learn how to transform surplus ingredients into gourmet dishes while positively impacting your business and the environment.\" \/>\n<meta name=\"robots\" content=\"index, follow, max-snippet:-1, max-image-preview:large, max-video-preview:-1\" \/>\n<link rel=\"canonical\" href=\"https:\/\/www.electroluxprofessional.com\/at\/grosskuechentechnik\/zero-waste\/\" \/>\n<meta property=\"og:locale\" content=\"de_DE\" \/>\n<meta property=\"og:type\" content=\"article\" \/>\n<meta property=\"og:title\" content=\"Zero Waste - Electrolux Professional \u00d6sterreich\" \/>\n<meta property=\"og:description\" content=\"Discover Electrolux Professional&#039;s Zero Waste program, an innovative solution to reduce food waste in restaurants, canteens, and supermarkets. Learn how to transform surplus ingredients into gourmet dishes while positively impacting your business and the environment.\" \/>\n<meta property=\"og:url\" content=\"https:\/\/www.electroluxprofessional.com\/at\/grosskuechentechnik\/zero-waste\/\" \/>\n<meta property=\"og:site_name\" content=\"Electrolux Professional \u00d6sterreich\" \/>\n<meta property=\"article:modified_time\" content=\"2025-07-10T11:52:09+00:00\" \/>\n<meta property=\"og:image\" content=\"https:\/\/www.electroluxprofessional.com\/at\/wp-content\/uploads\/2024\/11\/2021188EI-00-Banner-Zero-Waste-All-Taste.jpg\" \/>\n\t<meta property=\"og:image:width\" content=\"900\" \/>\n\t<meta property=\"og:image:height\" content=\"894\" \/>\n\t<meta property=\"og:image:type\" content=\"image\/jpeg\" \/>\n<meta name=\"twitter:card\" content=\"summary_large_image\" \/>\n<meta name=\"twitter:label1\" content=\"Gesch\u00e4tzte Lesezeit\" \/>\n\t<meta name=\"twitter:data1\" content=\"3 Minuten\" \/>\n<script type=\"application\/ld+json\" class=\"yoast-schema-graph\">{\"@context\":\"https:\/\/schema.org\",\"@graph\":[{\"@type\":\"WebPage\",\"@id\":\"https:\/\/www.electroluxprofessional.com\/at\/grosskuechentechnik\/zero-waste\/\",\"url\":\"https:\/\/www.electroluxprofessional.com\/at\/grosskuechentechnik\/zero-waste\/\",\"name\":\"Zero Waste - Electrolux Professional \u00d6sterreich\",\"isPartOf\":{\"@id\":\"https:\/\/www.electroluxprofessional.com\/at\/#website\"},\"primaryImageOfPage\":{\"@id\":\"https:\/\/www.electroluxprofessional.com\/at\/grosskuechentechnik\/zero-waste\/#primaryimage\"},\"image\":{\"@id\":\"https:\/\/www.electroluxprofessional.com\/at\/grosskuechentechnik\/zero-waste\/#primaryimage\"},\"thumbnailUrl\":\"https:\/\/www.electroluxprofessional.com\/at\/wp-content\/uploads\/2024\/11\/2021188EI-00-Banner-Zero-Waste-All-Taste.jpg\",\"datePublished\":\"2024-11-25T10:33:26+00:00\",\"dateModified\":\"2025-07-10T11:52:09+00:00\",\"description\":\"Discover Electrolux Professional's Zero Waste program, an innovative solution to reduce food waste in restaurants, canteens, and supermarkets. Learn how to transform surplus ingredients into gourmet dishes while positively impacting your business and the environment.\",\"breadcrumb\":{\"@id\":\"https:\/\/www.electroluxprofessional.com\/at\/grosskuechentechnik\/zero-waste\/#breadcrumb\"},\"inLanguage\":\"de-AT\",\"potentialAction\":[{\"@type\":\"ReadAction\",\"target\":[\"https:\/\/www.electroluxprofessional.com\/at\/grosskuechentechnik\/zero-waste\/\"]}]},{\"@type\":\"ImageObject\",\"inLanguage\":\"de-AT\",\"@id\":\"https:\/\/www.electroluxprofessional.com\/at\/grosskuechentechnik\/zero-waste\/#primaryimage\",\"url\":\"https:\/\/www.electroluxprofessional.com\/at\/wp-content\/uploads\/2024\/11\/2021188EI-00-Banner-Zero-Waste-All-Taste.jpg\",\"contentUrl\":\"https:\/\/www.electroluxprofessional.com\/at\/wp-content\/uploads\/2024\/11\/2021188EI-00-Banner-Zero-Waste-All-Taste.jpg\",\"width\":900,\"height\":894},{\"@type\":\"BreadcrumbList\",\"@id\":\"https:\/\/www.electroluxprofessional.com\/at\/grosskuechentechnik\/zero-waste\/#breadcrumb\",\"itemListElement\":[{\"@type\":\"ListItem\",\"position\":1,\"name\":\"Startseite\",\"item\":\"https:\/\/www.electroluxprofessional.com\/at\/\"},{\"@type\":\"ListItem\",\"position\":2,\"name\":\"Gro\u00dfk\u00fcchentechnik\",\"item\":\"https:\/\/www.electroluxprofessional.com\/at\/grosskuechentechnik\/\"},{\"@type\":\"ListItem\",\"position\":3,\"name\":\"Zero Waste\"}]},{\"@type\":\"WebSite\",\"@id\":\"https:\/\/www.electroluxprofessional.com\/at\/#website\",\"url\":\"https:\/\/www.electroluxprofessional.com\/at\/\",\"name\":\"Electrolux Professional \u00d6sterreich\",\"description\":\"\",\"potentialAction\":[{\"@type\":\"SearchAction\",\"target\":{\"@type\":\"EntryPoint\",\"urlTemplate\":\"https:\/\/www.electroluxprofessional.com\/at\/?src={search_term_string}\"},\"query-input\":\"required name=search_term_string\"}],\"inLanguage\":\"de-AT\"}]}<\/script>\n<!-- \/ Yoast SEO plugin. -->","yoast_head_json":{"title":"Zero Waste - Electrolux Professional \u00d6sterreich","description":"Discover Electrolux Professional's Zero Waste program, an innovative solution to reduce food waste in restaurants, canteens, and supermarkets. Learn how to transform surplus ingredients into gourmet dishes while positively impacting your business and the environment.","robots":{"index":"index","follow":"follow","max-snippet":"max-snippet:-1","max-image-preview":"max-image-preview:large","max-video-preview":"max-video-preview:-1"},"canonical":"https:\/\/www.electroluxprofessional.com\/at\/grosskuechentechnik\/zero-waste\/","og_locale":"de_DE","og_type":"article","og_title":"Zero Waste - Electrolux Professional \u00d6sterreich","og_description":"Discover Electrolux Professional's Zero Waste program, an innovative solution to reduce food waste in restaurants, canteens, and supermarkets. Learn how to transform surplus ingredients into gourmet dishes while positively impacting your business and the environment.","og_url":"https:\/\/www.electroluxprofessional.com\/at\/grosskuechentechnik\/zero-waste\/","og_site_name":"Electrolux Professional \u00d6sterreich","article_modified_time":"2025-07-10T11:52:09+00:00","og_image":[{"width":900,"height":894,"url":"https:\/\/www.electroluxprofessional.com\/at\/wp-content\/uploads\/2024\/11\/2021188EI-00-Banner-Zero-Waste-All-Taste.jpg","type":"image\/jpeg"}],"twitter_card":"summary_large_image","twitter_misc":{"Gesch\u00e4tzte Lesezeit":"3 Minuten"},"schema":{"@context":"https:\/\/schema.org","@graph":[{"@type":"WebPage","@id":"https:\/\/www.electroluxprofessional.com\/at\/grosskuechentechnik\/zero-waste\/","url":"https:\/\/www.electroluxprofessional.com\/at\/grosskuechentechnik\/zero-waste\/","name":"Zero Waste - Electrolux Professional \u00d6sterreich","isPartOf":{"@id":"https:\/\/www.electroluxprofessional.com\/at\/#website"},"primaryImageOfPage":{"@id":"https:\/\/www.electroluxprofessional.com\/at\/grosskuechentechnik\/zero-waste\/#primaryimage"},"image":{"@id":"https:\/\/www.electroluxprofessional.com\/at\/grosskuechentechnik\/zero-waste\/#primaryimage"},"thumbnailUrl":"https:\/\/www.electroluxprofessional.com\/at\/wp-content\/uploads\/2024\/11\/2021188EI-00-Banner-Zero-Waste-All-Taste.jpg","datePublished":"2024-11-25T10:33:26+00:00","dateModified":"2025-07-10T11:52:09+00:00","description":"Discover Electrolux Professional's Zero Waste program, an innovative solution to reduce food waste in restaurants, canteens, and supermarkets. Learn how to transform surplus ingredients into gourmet dishes while positively impacting your business and the environment.","breadcrumb":{"@id":"https:\/\/www.electroluxprofessional.com\/at\/grosskuechentechnik\/zero-waste\/#breadcrumb"},"inLanguage":"de-AT","potentialAction":[{"@type":"ReadAction","target":["https:\/\/www.electroluxprofessional.com\/at\/grosskuechentechnik\/zero-waste\/"]}]},{"@type":"ImageObject","inLanguage":"de-AT","@id":"https:\/\/www.electroluxprofessional.com\/at\/grosskuechentechnik\/zero-waste\/#primaryimage","url":"https:\/\/www.electroluxprofessional.com\/at\/wp-content\/uploads\/2024\/11\/2021188EI-00-Banner-Zero-Waste-All-Taste.jpg","contentUrl":"https:\/\/www.electroluxprofessional.com\/at\/wp-content\/uploads\/2024\/11\/2021188EI-00-Banner-Zero-Waste-All-Taste.jpg","width":900,"height":894},{"@type":"BreadcrumbList","@id":"https:\/\/www.electroluxprofessional.com\/at\/grosskuechentechnik\/zero-waste\/#breadcrumb","itemListElement":[{"@type":"ListItem","position":1,"name":"Startseite","item":"https:\/\/www.electroluxprofessional.com\/at\/"},{"@type":"ListItem","position":2,"name":"Gro\u00dfk\u00fcchentechnik","item":"https:\/\/www.electroluxprofessional.com\/at\/grosskuechentechnik\/"},{"@type":"ListItem","position":3,"name":"Zero Waste"}]},{"@type":"WebSite","@id":"https:\/\/www.electroluxprofessional.com\/at\/#website","url":"https:\/\/www.electroluxprofessional.com\/at\/","name":"Electrolux Professional \u00d6sterreich","description":"","potentialAction":[{"@type":"SearchAction","target":{"@type":"EntryPoint","urlTemplate":"https:\/\/www.electroluxprofessional.com\/at\/?src={search_term_string}"},"query-input":"required name=search_term_string"}],"inLanguage":"de-AT"}]}},"_links":{"self":[{"href":"https:\/\/www.electroluxprofessional.com\/at\/wp-json\/wp\/v2\/pages\/19273"}],"collection":[{"href":"https:\/\/www.electroluxprofessional.com\/at\/wp-json\/wp\/v2\/pages"}],"about":[{"href":"https:\/\/www.electroluxprofessional.com\/at\/wp-json\/wp\/v2\/types\/page"}],"author":[{"embeddable":true,"href":"https:\/\/www.electroluxprofessional.com\/at\/wp-json\/wp\/v2\/users\/471"}],"replies":[{"embeddable":true,"href":"https:\/\/www.electroluxprofessional.com\/at\/wp-json\/wp\/v2\/comments?post=19273"}],"version-history":[{"count":3,"href":"https:\/\/www.electroluxprofessional.com\/at\/wp-json\/wp\/v2\/pages\/19273\/revisions"}],"predecessor-version":[{"id":19768,"href":"https:\/\/www.electroluxprofessional.com\/at\/wp-json\/wp\/v2\/pages\/19273\/revisions\/19768"}],"up":[{"embeddable":true,"href":"https:\/\/www.electroluxprofessional.com\/at\/wp-json\/wp\/v2\/pages\/731"}],"wp:featuredmedia":[{"embeddable":true,"href":"https:\/\/www.electroluxprofessional.com\/at\/wp-json\/wp\/v2\/media\/19260"}],"wp:attachment":[{"href":"https:\/\/www.electroluxprofessional.com\/at\/wp-json\/wp\/v2\/media?parent=19273"}],"curies":[{"name":"wp","href":"https:\/\/api.w.org\/{rel}","templated":true}]}}