{"id":18884,"date":"2024-09-27T10:04:06","date_gmt":"2024-09-27T09:04:06","guid":{"rendered":"https:\/\/www.electroluxprofessional.com\/at\/?page_id=18884"},"modified":"2024-09-27T10:06:52","modified_gmt":"2024-09-27T09:06:52","slug":"beste-wasch-und-spueltechnik-fuer-ihr-hotel-oder-ihren-gasthof","status":"publish","type":"page","link":"https:\/\/www.electroluxprofessional.com\/at\/beste-wasch-und-spueltechnik-fuer-ihr-hotel-oder-ihren-gasthof\/","title":{"rendered":"Beste Wasch- und Sp\u00fcltechnik f\u00fcr Ihr Hotel oder Ihren Gasthof"},"content":{"rendered":"<p>[vc_row full_width=&#8221;electroluxpro-full-width&#8221; css=&#8221;.vc_custom_1718695237559{margin-top: -30px !important;border-top-width: -30px !important;padding-top: -30px !important;}&#8221;][vc_column][elx_full_banner title=&#8221;Beste Wasch- und Sp\u00fcltechnik f\u00fcr Ihr Hotel oder Ihren Gasthof&#8221; set_as_h1=&#8221;true&#8221; link=&#8221;url:%23Kontakt|title:Mehr%20erfahren&#8221; background_image_media_library=&#8221;18882&#8243; background_image_media_library_mobile=&#8221;18883&#8243;][\/vc_column][\/vc_row][vc_row][vc_column][vc_row_inner][vc_column_inner width=&#8221;1\/4&#8243;][vc_single_image image=&#8221;7136&#8243; alignment=&#8221;right&#8221;][\/vc_column_inner][vc_column_inner width=&#8221;3\/4&#8243;][vc_empty_space][elx_heading font_size=&#8221;h1&#8243; text_color=&#8221;inherit&#8221; text_align=&#8221;text-left&#8221;]F\u00fcr den Einsatz im Gastgewerbe[\/elx_heading][elx_heading font_container=&#8221;h3&#8243; font_size=&#8221;h6&#8243; text_color=&#8221;inherit&#8221; text_align=&#8221;text-left&#8221;]zum Beispiel f\u00fcr Tischleinen, Frottier- und Bettw\u00e4sche[\/elx_heading][\/vc_column_inner][\/vc_row_inner][vc_row_inner][vc_column_inner][vc_empty_space height=&#8221;42px&#8221;][vc_column_text]<\/p>\n<div class=\"vc_empty_space\" style=\"text-align: center;\">\n<div class=\"flex-shrink-0 flex flex-col relative items-end\">\n<div class=\"pt-0.5 juice:pt-0\">\n<div class=\"gizmo-bot-avatar flex h-6 w-6 items-center justify-center overflow-hidden rounded-full juice:h-8 juice:w-8\">Die <strong>myPRO Wasch- und Sp\u00fcltechnik<\/strong> bieten Hotels und Gasth\u00f6fen eine zuverl\u00e4ssige, leistungsstarke und wirtschaftliche Technologie, speziell auf die Bed\u00fcrfnisse im Gastgewerbe abgestimmt.<\/div>\n<div class=\"gizmo-bot-avatar flex h-6 w-6 items-center justify-center overflow-hidden rounded-full juice:h-8 juice:w-8\">Mit schnellen Programmen und energieeffizienten Systemen sorgen die myPRO Maschinen f\u00fcr h\u00f6chste Hygiene und Ressourcenschonung. Die <strong>myPRO Waschmaschinen und Trockner<\/strong> sind f\u00fcr bis zu vier Zyklen t\u00e4glich ausgelegt (bei max. 1000 Betriebsstunden\/Jahr), bieten spezielle Desinfektionsprogramme und bieten langlebige Leistung. Dank der robusten Bauweise sind diese L\u00f6sungen ideal f\u00fcr den gewerblichen Einsatz in der Hotellerie\u200b.<\/div>\n<\/div>\n<\/div>\n<\/div>\n<p>[\/vc_column_text][vc_empty_space height=&#8221;42px&#8221;][\/vc_column_inner][\/vc_row_inner][vc_row_inner][vc_column_inner width=&#8221;1\/6&#8243;][vc_empty_space][\/vc_column_inner][vc_column_inner width=&#8221;2\/6&#8243;][elx_button button_text=&#8221;W\u00e4schereil\u00f6sungen&#8221; button_style=&#8221;secondary-bordered&#8221; button_display_block=&#8221;display_block_on&#8221; button_alignment=&#8221;align_right&#8221; button_link=&#8221;url:%23Waschen&#8221;][\/vc_column_inner][vc_column_inner width=&#8221;2\/6&#8243;][elx_button button_text=&#8221;Sp\u00fcltechnik&#8221; button_style=&#8221;secondary-bordered&#8221; button_display_block=&#8221;display_block_on&#8221; button_alignment=&#8221;align_center&#8221; button_link=&#8221;url:%23Sp%C3%BCl&#8221;][\/vc_column_inner][vc_column_inner width=&#8221;1\/6&#8243;][vc_empty_space][\/vc_column_inner][\/vc_row_inner][vc_row_inner][vc_column_inner width=&#8221;1\/4&#8243;][vc_empty_space][\/vc_column_inner][vc_column_inner width=&#8221;1\/2&#8243;][vc_empty_space][elx_download_block text=&#8221;Flyer zu unseren L\u00f6sungen f\u00fcr Ihr Gastgewerbe herunterladen&#8221; document_type=&#8221;leaflets&#8221; file_picker=&#8221;18890&#8243; background_color=&#8221;electrolux-blue&#8221;][\/vc_column_inner][vc_column_inner width=&#8221;1\/4&#8243;][vc_empty_space][\/vc_column_inner][\/vc_row_inner][vc_empty_space][\/vc_column][\/vc_row][vc_row full_width=&#8221;electroluxpro-full-width&#8221; el_id=&#8221;Waschen&#8221;][vc_column][elx_hero_slider text_color=&#8221;electrolux-blue&#8221; label_text_color=&#8221;electrolux-blue&#8221; images=&#8221;18875&#8243;][elx_heading font_size=&#8221;h1&#8243; text_color=&#8221;electrolux-blue&#8221;]Waschen und Trocknen mit myPRO[\/elx_heading][\/elx_hero_slider][vc_empty_space][\/vc_column][\/vc_row][vc_row][vc_column][vc_empty_space height=&#8221;15px&#8221;][elx_heading font_container=&#8221;h3&#8243; font_size=&#8221;h5&#8243; text_color=&#8221;inherit&#8221; text_align=&#8221;text-left&#8221;]myPRO TE1120HP W\u00e4rmepumpentrockner<br \/>\nmyPRO WE170P\/V Waschmaschine[\/elx_heading][vc_empty_space height=&#8221;15px&#8221;][vc_row_inner][vc_column_inner width=&#8221;1\/3&#8243;][vc_single_image image=&#8221;18877&#8243; img_size=&#8221;full&#8221;][\/vc_column_inner][vc_column_inner width=&#8221;2\/3&#8243;][vc_empty_space height=&#8221;16px&#8221;][vc_column_text]Unsere smart-professionellen Maschinen sind perfekt f\u00fcr Hotels und Gasth\u00f6fe geeignet, um Tischleinen, Frottier- und Bettw\u00e4sche zu waschen. Sie bew\u00e4ltigen alle Arten von Textilien m\u00fchelos. Vertrauen Sie auf unsere Erfahrung und Technologie f\u00fcr hygienisch saubere und frische W\u00e4sche in Ihrem Gastgewerbe.[\/vc_column_text][vc_empty_space height=&#8221;22px&#8221;][elx_button button_text=&#8221;Mehr \u00fcber die myPRO Waschmaschinen und Trockner erfahren&#8221; button_style=&#8221;secondary-bordered&#8221; button_display_block=&#8221;display_block_on&#8221; button_link=&#8221;url:https%3A%2F%2Fwww.electroluxprofessional.com%2Fat%2Fwaeschereitechnik%2Fmypro-waschmaschinen-trockner-und-mangeln-fuer-kleingewerbe%2F|target:_blank&#8221;][\/vc_column_inner][\/vc_row_inner][vc_empty_space][vc_empty_space height=&#8221;16px&#8221;][vc_row_inner][vc_column_inner width=&#8221;1\/3&#8243;][vc_single_image image=&#8221;18878&#8243; img_size=&#8221;100&#215;100&#8243; alignment=&#8221;center&#8221;][vc_empty_space height=&#8221;16px&#8221;][vc_column_text]<\/p>\n<p style=\"text-align: center;\"><strong>Schnelligkeit<\/strong><br \/>\nBis zu doppelt so schnell im Vergleich zu einer Haushaltsmaschine[\/vc_column_text][\/vc_column_inner][vc_column_inner width=&#8221;1\/3&#8243;][vc_single_image image=&#8221;18879&#8243; img_size=&#8221;100&#215;100&#8243; alignment=&#8221;center&#8221;][vc_empty_space height=&#8221;16px&#8221;][vc_column_text]<\/p>\n<p style=\"text-align: center;\"><strong>Langlebigkeit<\/strong><br \/>\nAusgelegt f\u00fcr bis zu 4 Wasch- und Trockenzyklen t\u00e4glich<br \/>\n24 Monate Garantie (bei max. 1.000 Betriebsstunden\/Jahr und fachgerechter Installation)[\/vc_column_text][\/vc_column_inner][vc_column_inner width=&#8221;1\/3&#8243;][vc_single_image image=&#8221;18880&#8243; img_size=&#8221;100&#215;100&#8243; alignment=&#8221;center&#8221;][vc_empty_space height=&#8221;16px&#8221;][vc_column_text]<\/p>\n<p style=\"text-align: center;\"><strong>Hygiene<\/strong><br \/>\nOptimale Waschergebnisse und Hygiene durch spezielle Desinfektions- und Mopp-Programm[\/vc_column_text][\/vc_column_inner][\/vc_row_inner][vc_empty_space][vc_empty_space][\/vc_column][\/vc_row][vc_row full_width=&#8221;electroluxpro-full-width&#8221; el_id=&#8221;Sp\u00fcl&#8221;][vc_column][elx_hero_slider text_color=&#8221;electrolux-blue&#8221; label_text_color=&#8221;electrolux-blue&#8221; images=&#8221;18876&#8243;][elx_heading font_size=&#8221;h1&#8243; text_color=&#8221;electrolux-blue&#8221;]Sp\u00fclen mit myPRO[\/elx_heading][\/elx_hero_slider][vc_empty_space][\/vc_column][\/vc_row][vc_row][vc_column][vc_empty_space height=&#8221;15px&#8221;][elx_heading font_container=&#8221;h3&#8243; font_size=&#8221;h5&#8243; text_color=&#8221;inherit&#8221; text_align=&#8221;text-left&#8221;]myPRO DW8548 Untertischsp\u00fclmaschine[\/elx_heading][vc_empty_space height=&#8221;15px&#8221;][vc_row_inner][vc_column_inner width=&#8221;1\/3&#8243;][vc_single_image image=&#8221;18881&#8243; img_size=&#8221;full&#8221;][\/vc_column_inner][vc_column_inner width=&#8221;2\/3&#8243;][vc_empty_space height=&#8221;16px&#8221;][vc_column_text]Unsere smart-professionelle Untertischmaschine sorgt f\u00fcr hygienisch sauberes Besteck, Gl\u00e4ser &amp; Geschirr in wenigen Minuten.<br \/>\nDurch eine konstante Nachsp\u00fcltemperatur von 85\u00b0C werden Bakterien zuverl\u00e4ssig neutralisiert.[\/vc_column_text][vc_empty_space height=&#8221;22px&#8221;][elx_button button_text=&#8221;Mehr \u00fcber die myPRO Sp\u00fclmaschine erfahren&#8221; button_style=&#8221;secondary-bordered&#8221; button_display_block=&#8221;display_block_on&#8221; button_link=&#8221;url:https%3A%2F%2Fwww.electroluxprofessional.com%2Fat%2Fpd%2Fsp%25C3%25BCltechnik%2Funtertischsp%25C3%25BClmaschinen%2Fstandard-untertischsp%25C3%25BClmaschinen%2Fgeschirrsp%25C3%25BClen-untertisch-dw8548-atmos.-boiler-einwandig-ablaufpumpe-reiniger-klarsp%25C3%25BCldosierer-400089%2F|target:_blank&#8221;][\/vc_column_inner][\/vc_row_inner][vc_empty_space][vc_empty_space height=&#8221;16px&#8221;][vc_row_inner][vc_column_inner width=&#8221;1\/3&#8243;][vc_single_image image=&#8221;18878&#8243; img_size=&#8221;100&#215;100&#8243; alignment=&#8221;center&#8221;][vc_empty_space height=&#8221;16px&#8221;][vc_column_text]<\/p>\n<p style=\"text-align: center;\"><strong>Schnelligkeit<br \/>\n<\/strong>3 vorinstallierte Programme mit Sp\u00fclzeiten von nur 90, 120 und 230 Sekunden[\/vc_column_text][\/vc_column_inner][vc_column_inner width=&#8221;1\/3&#8243;][vc_single_image image=&#8221;18870&#8243; img_size=&#8221;100&#215;100&#8243; alignment=&#8221;center&#8221;][vc_empty_space height=&#8221;16px&#8221;][vc_column_text]<\/p>\n<p style=\"text-align: center;\"><strong>Langlebigkeit<br \/>\n<\/strong>Gro\u00dfe Einsparung durch automatische Dosierung von Sp\u00fcl- und Klarsp\u00fclmittel<br \/>\nSp\u00fclt ressourcenschonend mit nur 3 Liter Wasser je Zyklus<br \/>\n24 Monate Garantie[\/vc_column_text][\/vc_column_inner][vc_column_inner width=&#8221;1\/3&#8243;][vc_single_image image=&#8221;18862&#8243; img_size=&#8221;100&#215;100&#8243; alignment=&#8221;center&#8221;][vc_empty_space height=&#8221;16px&#8221;][vc_column_text]<\/p>\n<p style=\"text-align: center;\"><strong>Hygiene<br \/>\n<\/strong>H\u00f6chste Hygiene dank WASH SAFE CONTROL durch atmosph\u00e4rischen Boiler mit perfekter Nachsp\u00fclleistung von 85\u00b0C[\/vc_column_text][\/vc_column_inner][\/vc_row_inner][vc_empty_space][vc_empty_space][vc_empty_space][\/vc_column][\/vc_row][vc_row el_id=&#8221;Kontakt&#8221;][vc_column][elx_heading font_size=&#8221;h1&#8243; text_color=&#8221;inherit&#8221; text_align=&#8221;text-center&#8221;]Kontaktieren Sie uns f\u00fcr weitere Informationen \u00fcber unsere L\u00f6sungen f\u00fcr Ihr Gastgewerbe:[\/elx_heading][vc_empty_space][elx_o2000_contact_us s=&#8221;Informationsanfrage zu L\u00f6sungen f\u00fcr Pflegeeinrichtungen&#8221; campaign=&#8221;701SX000008NT39YAG&#8221; country=&#8221;Austria&#8221; r=&#8221;Ich w\u00fcrde gerne mehr \u00fcber die L\u00f6sungen f\u00fcr Pflegeeinrichtungen erfahren&#8230;&#8221; l=&#8221;fr&#8221;][vc_empty_space height=&#8221;52px&#8221;][\/vc_column][\/vc_row]<\/p>\n","protected":false},"excerpt":{"rendered":"<p>[vc_row full_width=&#8221;electroluxpro-full-width&#8221; css=&#8221;.vc_custom_1718695237559{margin-top: -30px !important;border-top-width: -30px !important;padding-top: -30px !important;}&#8221;][vc_column][elx_full_banner title=&#8221;Beste Wasch- und Sp\u00fcltechnik f\u00fcr Ihr Hotel oder Ihren Gasthof&#8221; set_as_h1=&#8221;true&#8221; link=&#8221;url:%23Kontakt|title:Mehr%20erfahren&#8221; background_image_media_library=&#8221;18882&#8243; background_image_media_library_mobile=&#8221;18883&#8243;][\/vc_column][\/vc_row][vc_row][vc_column][vc_row_inner][vc_column_inner width=&#8221;1\/4&#8243;][vc_single_image image=&#8221;7136&#8243; alignment=&#8221;right&#8221;][\/vc_column_inner][vc_column_inner width=&#8221;3\/4&#8243;][vc_empty_space][elx_heading font_size=&#8221;h1&#8243; text_color=&#8221;inherit&#8221; text_align=&#8221;text-left&#8221;]F\u00fcr den Einsatz im Gastgewerbe[\/elx_heading][elx_heading font_container=&#8221;h3&#8243; font_size=&#8221;h6&#8243; text_color=&#8221;inherit&#8221; text_align=&#8221;text-left&#8221;]zum Beispiel f\u00fcr Tischleinen, Frottier- und Bettw\u00e4sche[\/elx_heading][\/vc_column_inner][\/vc_row_inner][vc_row_inner][vc_column_inner][vc_empty_space height=&#8221;42px&#8221;][vc_column_text] Die myPRO Wasch- und Sp\u00fcltechnik bieten Hotels und Gasth\u00f6fen eine [&hellip;]<\/p>\n","protected":false},"author":1,"featured_media":0,"parent":0,"menu_order":0,"comment_status":"closed","ping_status":"closed","template":"","meta":{"footnotes":""},"class_list":["post-18884","page","type-page","status-publish","hentry"],"acf":[],"yoast_head":"<!-- This site is optimized with the Yoast SEO plugin v23.3 - https:\/\/yoast.com\/wordpress\/plugins\/seo\/ -->\n<title>Beste Wasch- und Sp\u00fcltechnik f\u00fcr Ihr Hotel oder Ihren Gasthof - Electrolux Professional \u00d6sterreich<\/title>\n<meta name=\"robots\" content=\"index, follow, max-snippet:-1, max-image-preview:large, max-video-preview:-1\" \/>\n<link rel=\"canonical\" href=\"https:\/\/www.electroluxprofessional.com\/at\/beste-wasch-und-spueltechnik-fuer-ihr-hotel-oder-ihren-gasthof\/\" \/>\n<meta property=\"og:locale\" content=\"de_DE\" \/>\n<meta property=\"og:type\" content=\"article\" \/>\n<meta property=\"og:title\" content=\"Beste Wasch- und Sp\u00fcltechnik f\u00fcr Ihr Hotel oder Ihren Gasthof - Electrolux Professional \u00d6sterreich\" \/>\n<meta property=\"og:description\" content=\"[vc_row full_width=&#8221;electroluxpro-full-width&#8221; css=&#8221;.vc_custom_1718695237559{margin-top: -30px !important;border-top-width: -30px !important;padding-top: -30px !important;}&#8221;][vc_column][elx_full_banner title=&#8221;Beste Wasch- und Sp\u00fcltechnik f\u00fcr Ihr Hotel oder Ihren Gasthof&#8221; set_as_h1=&#8221;true&#8221; link=&#8221;url:%23Kontakt|title:Mehr%20erfahren&#8221; background_image_media_library=&#8221;18882&#8243; background_image_media_library_mobile=&#8221;18883&#8243;][\/vc_column][\/vc_row][vc_row][vc_column][vc_row_inner][vc_column_inner width=&#8221;1\/4&#8243;][vc_single_image image=&#8221;7136&#8243; alignment=&#8221;right&#8221;][\/vc_column_inner][vc_column_inner width=&#8221;3\/4&#8243;][vc_empty_space][elx_heading font_size=&#8221;h1&#8243; text_color=&#8221;inherit&#8221; text_align=&#8221;text-left&#8221;]F\u00fcr den Einsatz im Gastgewerbe[\/elx_heading][elx_heading font_container=&#8221;h3&#8243; font_size=&#8221;h6&#8243; text_color=&#8221;inherit&#8221; text_align=&#8221;text-left&#8221;]zum Beispiel f\u00fcr Tischleinen, Frottier- und Bettw\u00e4sche[\/elx_heading][\/vc_column_inner][\/vc_row_inner][vc_row_inner][vc_column_inner][vc_empty_space height=&#8221;42px&#8221;][vc_column_text] Die myPRO Wasch- und Sp\u00fcltechnik bieten Hotels und Gasth\u00f6fen eine [&hellip;]\" \/>\n<meta property=\"og:url\" content=\"https:\/\/www.electroluxprofessional.com\/at\/beste-wasch-und-spueltechnik-fuer-ihr-hotel-oder-ihren-gasthof\/\" \/>\n<meta property=\"og:site_name\" content=\"Electrolux Professional \u00d6sterreich\" \/>\n<meta property=\"article:modified_time\" content=\"2024-09-27T09:06:52+00:00\" \/>\n<meta name=\"twitter:card\" content=\"summary_large_image\" \/>\n<meta name=\"twitter:label1\" content=\"Gesch\u00e4tzte Lesezeit\" \/>\n\t<meta name=\"twitter:data1\" content=\"3 Minuten\" \/>\n<script type=\"application\/ld+json\" class=\"yoast-schema-graph\">{\"@context\":\"https:\/\/schema.org\",\"@graph\":[{\"@type\":\"WebPage\",\"@id\":\"https:\/\/www.electroluxprofessional.com\/at\/beste-wasch-und-spueltechnik-fuer-ihr-hotel-oder-ihren-gasthof\/\",\"url\":\"https:\/\/www.electroluxprofessional.com\/at\/beste-wasch-und-spueltechnik-fuer-ihr-hotel-oder-ihren-gasthof\/\",\"name\":\"Beste Wasch- und Sp\u00fcltechnik f\u00fcr Ihr Hotel oder Ihren Gasthof - Electrolux Professional \u00d6sterreich\",\"isPartOf\":{\"@id\":\"https:\/\/www.electroluxprofessional.com\/at\/#website\"},\"datePublished\":\"2024-09-27T09:04:06+00:00\",\"dateModified\":\"2024-09-27T09:06:52+00:00\",\"breadcrumb\":{\"@id\":\"https:\/\/www.electroluxprofessional.com\/at\/beste-wasch-und-spueltechnik-fuer-ihr-hotel-oder-ihren-gasthof\/#breadcrumb\"},\"inLanguage\":\"de-AT\",\"potentialAction\":[{\"@type\":\"ReadAction\",\"target\":[\"https:\/\/www.electroluxprofessional.com\/at\/beste-wasch-und-spueltechnik-fuer-ihr-hotel-oder-ihren-gasthof\/\"]}]},{\"@type\":\"BreadcrumbList\",\"@id\":\"https:\/\/www.electroluxprofessional.com\/at\/beste-wasch-und-spueltechnik-fuer-ihr-hotel-oder-ihren-gasthof\/#breadcrumb\",\"itemListElement\":[{\"@type\":\"ListItem\",\"position\":1,\"name\":\"Startseite\",\"item\":\"https:\/\/www.electroluxprofessional.com\/at\/\"},{\"@type\":\"ListItem\",\"position\":2,\"name\":\"Beste Wasch- und Sp\u00fcltechnik f\u00fcr Ihr Hotel oder Ihren Gasthof\"}]},{\"@type\":\"WebSite\",\"@id\":\"https:\/\/www.electroluxprofessional.com\/at\/#website\",\"url\":\"https:\/\/www.electroluxprofessional.com\/at\/\",\"name\":\"Electrolux Professional \u00d6sterreich\",\"description\":\"\",\"potentialAction\":[{\"@type\":\"SearchAction\",\"target\":{\"@type\":\"EntryPoint\",\"urlTemplate\":\"https:\/\/www.electroluxprofessional.com\/at\/?src={search_term_string}\"},\"query-input\":\"required name=search_term_string\"}],\"inLanguage\":\"de-AT\"}]}<\/script>\n<!-- \/ Yoast SEO plugin. -->","yoast_head_json":{"title":"Beste Wasch- und Sp\u00fcltechnik f\u00fcr Ihr Hotel oder Ihren Gasthof - Electrolux Professional \u00d6sterreich","robots":{"index":"index","follow":"follow","max-snippet":"max-snippet:-1","max-image-preview":"max-image-preview:large","max-video-preview":"max-video-preview:-1"},"canonical":"https:\/\/www.electroluxprofessional.com\/at\/beste-wasch-und-spueltechnik-fuer-ihr-hotel-oder-ihren-gasthof\/","og_locale":"de_DE","og_type":"article","og_title":"Beste Wasch- und Sp\u00fcltechnik f\u00fcr Ihr Hotel oder Ihren Gasthof - Electrolux Professional \u00d6sterreich","og_description":"[vc_row full_width=&#8221;electroluxpro-full-width&#8221; css=&#8221;.vc_custom_1718695237559{margin-top: -30px !important;border-top-width: -30px !important;padding-top: -30px !important;}&#8221;][vc_column][elx_full_banner title=&#8221;Beste Wasch- und Sp\u00fcltechnik f\u00fcr Ihr Hotel oder Ihren Gasthof&#8221; set_as_h1=&#8221;true&#8221; link=&#8221;url:%23Kontakt|title:Mehr%20erfahren&#8221; background_image_media_library=&#8221;18882&#8243; background_image_media_library_mobile=&#8221;18883&#8243;][\/vc_column][\/vc_row][vc_row][vc_column][vc_row_inner][vc_column_inner width=&#8221;1\/4&#8243;][vc_single_image image=&#8221;7136&#8243; alignment=&#8221;right&#8221;][\/vc_column_inner][vc_column_inner width=&#8221;3\/4&#8243;][vc_empty_space][elx_heading font_size=&#8221;h1&#8243; text_color=&#8221;inherit&#8221; text_align=&#8221;text-left&#8221;]F\u00fcr den Einsatz im Gastgewerbe[\/elx_heading][elx_heading font_container=&#8221;h3&#8243; font_size=&#8221;h6&#8243; text_color=&#8221;inherit&#8221; text_align=&#8221;text-left&#8221;]zum Beispiel f\u00fcr Tischleinen, Frottier- und Bettw\u00e4sche[\/elx_heading][\/vc_column_inner][\/vc_row_inner][vc_row_inner][vc_column_inner][vc_empty_space height=&#8221;42px&#8221;][vc_column_text] Die myPRO Wasch- und Sp\u00fcltechnik bieten Hotels und Gasth\u00f6fen eine [&hellip;]","og_url":"https:\/\/www.electroluxprofessional.com\/at\/beste-wasch-und-spueltechnik-fuer-ihr-hotel-oder-ihren-gasthof\/","og_site_name":"Electrolux Professional \u00d6sterreich","article_modified_time":"2024-09-27T09:06:52+00:00","twitter_card":"summary_large_image","twitter_misc":{"Gesch\u00e4tzte Lesezeit":"3 Minuten"},"schema":{"@context":"https:\/\/schema.org","@graph":[{"@type":"WebPage","@id":"https:\/\/www.electroluxprofessional.com\/at\/beste-wasch-und-spueltechnik-fuer-ihr-hotel-oder-ihren-gasthof\/","url":"https:\/\/www.electroluxprofessional.com\/at\/beste-wasch-und-spueltechnik-fuer-ihr-hotel-oder-ihren-gasthof\/","name":"Beste Wasch- und Sp\u00fcltechnik f\u00fcr Ihr Hotel oder Ihren Gasthof - Electrolux Professional \u00d6sterreich","isPartOf":{"@id":"https:\/\/www.electroluxprofessional.com\/at\/#website"},"datePublished":"2024-09-27T09:04:06+00:00","dateModified":"2024-09-27T09:06:52+00:00","breadcrumb":{"@id":"https:\/\/www.electroluxprofessional.com\/at\/beste-wasch-und-spueltechnik-fuer-ihr-hotel-oder-ihren-gasthof\/#breadcrumb"},"inLanguage":"de-AT","potentialAction":[{"@type":"ReadAction","target":["https:\/\/www.electroluxprofessional.com\/at\/beste-wasch-und-spueltechnik-fuer-ihr-hotel-oder-ihren-gasthof\/"]}]},{"@type":"BreadcrumbList","@id":"https:\/\/www.electroluxprofessional.com\/at\/beste-wasch-und-spueltechnik-fuer-ihr-hotel-oder-ihren-gasthof\/#breadcrumb","itemListElement":[{"@type":"ListItem","position":1,"name":"Startseite","item":"https:\/\/www.electroluxprofessional.com\/at\/"},{"@type":"ListItem","position":2,"name":"Beste Wasch- und Sp\u00fcltechnik f\u00fcr Ihr Hotel oder Ihren Gasthof"}]},{"@type":"WebSite","@id":"https:\/\/www.electroluxprofessional.com\/at\/#website","url":"https:\/\/www.electroluxprofessional.com\/at\/","name":"Electrolux Professional \u00d6sterreich","description":"","potentialAction":[{"@type":"SearchAction","target":{"@type":"EntryPoint","urlTemplate":"https:\/\/www.electroluxprofessional.com\/at\/?src={search_term_string}"},"query-input":"required name=search_term_string"}],"inLanguage":"de-AT"}]}},"_links":{"self":[{"href":"https:\/\/www.electroluxprofessional.com\/at\/wp-json\/wp\/v2\/pages\/18884"}],"collection":[{"href":"https:\/\/www.electroluxprofessional.com\/at\/wp-json\/wp\/v2\/pages"}],"about":[{"href":"https:\/\/www.electroluxprofessional.com\/at\/wp-json\/wp\/v2\/types\/page"}],"author":[{"embeddable":true,"href":"https:\/\/www.electroluxprofessional.com\/at\/wp-json\/wp\/v2\/users\/1"}],"replies":[{"embeddable":true,"href":"https:\/\/www.electroluxprofessional.com\/at\/wp-json\/wp\/v2\/comments?post=18884"}],"version-history":[{"count":9,"href":"https:\/\/www.electroluxprofessional.com\/at\/wp-json\/wp\/v2\/pages\/18884\/revisions"}],"predecessor-version":[{"id":18895,"href":"https:\/\/www.electroluxprofessional.com\/at\/wp-json\/wp\/v2\/pages\/18884\/revisions\/18895"}],"wp:attachment":[{"href":"https:\/\/www.electroluxprofessional.com\/at\/wp-json\/wp\/v2\/media?parent=18884"}],"curies":[{"name":"wp","href":"https:\/\/api.w.org\/{rel}","templated":true}]}}