{"id":18116,"date":"2024-03-21T12:29:18","date_gmt":"2024-03-21T12:29:18","guid":{"rendered":"https:\/\/www.electroluxprofessional.com\/at\/?page_id=18116"},"modified":"2024-03-26T10:18:32","modified_gmt":"2024-03-26T09:18:32","slug":"flexy-drop-in","status":"publish","type":"page","link":"https:\/\/www.electroluxprofessional.com\/at\/flexy-drop-in\/","title":{"rendered":"Flexy Drop-in-Funktionen"},"content":{"rendered":"<p>[vc_row full_width=&#8221;electroluxpro-full-width-no-padding&#8221;][vc_column][elx_image_block background_image=&#8221;18109&#8243; minimum_height=&#8221;400px&#8221;][\/vc_column][\/vc_row][vc_row][vc_column][vc_empty_space height=&#8221;40px&#8221;][elx_heading font_container=&#8221;h1&#8243; text_color=&#8221;inherit&#8221; text_align=&#8221;text-center&#8221;]Flexy Line Drop-in-Funktionen[\/elx_heading][vc_empty_space height=&#8221;40px&#8221;][elx_heading font_size=&#8221;h5&#8243; text_color=&#8221;inherit&#8221; text_align=&#8221;text-center&#8221;]12 Funktionen in 6 Gr\u00f6\u00dfen.<br \/>\nUnbegrenzte M\u00f6glichkeiten f\u00fcr Ihr Unternehmen.[\/elx_heading][vc_column_text]<\/p>\n<p style=\"text-align: center;\">Hei\u00df, kalt und hybrid \u2013 was auch immer die Bed\u00fcrfnisse Ihrer Kunden sind, wir haben die L\u00f6sung.<\/p>\n<p>[\/vc_column_text][vc_empty_space height=&#8221;40px&#8221;][\/vc_column][\/vc_row][vc_row][vc_column width=&#8221;1\/6&#8243;][vc_empty_space height=&#8221;20px&#8221;][\/vc_column][vc_column width=&#8221;1\/6&#8243;][vc_empty_space height=&#8221;20px&#8221;][\/vc_column][vc_column width=&#8221;1\/6&#8243;][vc_single_image image=&#8221;18101&#8243; img_size=&#8221;100&#215;100&#8243; alignment=&#8221;center&#8221;][vc_empty_space height=&#8221;20px&#8221;][vc_column_text]<\/p>\n<h5 style=\"text-align: center;\">Hei\u00df<\/h5>\n<p>[\/vc_column_text][vc_empty_space height=&#8221;20px&#8221;][\/vc_column][vc_column width=&#8221;1\/6&#8243;][vc_single_image image=&#8221;18102&#8243; img_size=&#8221;100&#215;100&#8243; alignment=&#8221;center&#8221;][vc_empty_space height=&#8221;20px&#8221;][vc_column_text]<\/p>\n<h5 style=\"text-align: center;\">Kalt<\/h5>\n<p>[\/vc_column_text][vc_empty_space height=&#8221;20px&#8221;][\/vc_column][vc_column width=&#8221;1\/6&#8243;][vc_empty_space height=&#8221;20px&#8221;][\/vc_column][vc_column width=&#8221;1\/6&#8243;][vc_empty_space height=&#8221;20px&#8221;][\/vc_column][\/vc_row][vc_row][vc_column][vc_empty_space height=&#8221;50px&#8221;][\/vc_column][\/vc_row][vc_row css=&#8221;.vc_custom_1636385671739{background-color: #f2f2f2 !important;}&#8221;][vc_column][vc_empty_space height=&#8221;40px&#8221;][elx_heading font_size=&#8221;h1&#8243; text_color=&#8221;inherit&#8221; text_align=&#8221;text-center&#8221;]HEI\u00df[\/elx_heading][vc_empty_space height=&#8221;40px&#8221;][vc_row_inner][vc_column_inner width=&#8221;1\/2&#8243;][vc_column_text css=&#8221;.vc_custom_1710940056979{padding-left: 40% !important;}&#8221;]<\/p>\n<h2>Bain-Maries mit<br \/>\nLuftventilation<\/h2>\n<p>Nachhaltig und kosteneffektiv.[\/vc_column_text][\/vc_column_inner][vc_column_inner width=&#8221;1\/2&#8243;][vc_single_image image=&#8221;18112&#8243; img_size=&#8221;medium&#8221;][\/vc_column_inner][\/vc_row_inner][vc_empty_space height=&#8221;40px&#8221;][vc_row_inner][vc_column_inner width=&#8221;1\/2&#8243;][vc_column_text]<strong>Kein Wasser mehr<\/strong><br \/>\nBain-Maries, wie man sie noch nie gesehen hat. Sie ben\u00f6tigen kein Wasser mehr und reduzieren dadurch die Betriebskosten. Gleichzeitig werden die Installation und Wartung vereinfacht.[\/vc_column_text][\/vc_column_inner][vc_column_inner width=&#8221;1\/2&#8243;][vc_column_text]<strong>Augenblickliche Hitze<\/strong><br \/>\nReduzieren Sie den Energieverbrauch und die Aufw\u00e4rmzeit. Jetzt sind Sie schon in 16 Minuten startklar![\/vc_column_text][\/vc_column_inner][\/vc_row_inner][vc_empty_space height=&#8221;40px&#8221;][vc_column_text]<\/p>\n<h2 style=\"text-align: center;\">Einsparungen bei Bain-Maries mit Luftventilation<\/h2>\n<p>[\/vc_column_text][vc_empty_space height=&#8221;20px&#8221;][vc_row_inner][vc_column_inner width=&#8221;1\/2&#8243;][vc_column_text]<\/p>\n<h2 style=\"text-align: center; font-family: 'ElectroluxRegular';\"><strong>Bis zu 90% Energieeinsparung\u00a0<\/strong>beim Aufw\u00e4rmen<\/h2>\n<p>[\/vc_column_text][\/vc_column_inner][vc_column_inner width=&#8221;1\/2&#8243;][vc_column_text]<\/p>\n<h2 style=\"text-align: center; font-family: 'ElectroluxRegular';\"><strong>Bis zu 35% Energieeinsparung\u00a0<\/strong>w\u00e4hrend des Betriebs!<\/h2>\n<p>[\/vc_column_text][\/vc_column_inner][\/vc_row_inner][vc_empty_space height=&#8221;40px&#8221;][vc_column_text]<\/p>\n<h2 class=\"inherit inherit text-center\" style=\"text-align: center;\">Sparen Sie bis<br \/>\nzu 407\u20ac\/Jahr*<\/h2>\n<p>[\/vc_column_text][vc_empty_space height=&#8221;10px&#8221;][vc_column_text]<\/p>\n<p style=\"text-align: center; font-size: 10px;\">* Berechnung basierend auf Betriebskosten, gem\u00e4\u00df Afnor-Testverfahren.<br \/>\nDaten verf\u00fcgbar im April 2020 (EU-Durchschnittsenergiekosten von 0,21\u20ac\/kWh).[\/vc_column_text][vc_empty_space height=&#8221;50px&#8221;][\/vc_column][\/vc_row][vc_row][vc_column][vc_empty_space height=&#8221;40px&#8221;][elx_heading font_size=&#8221;h1&#8243; text_color=&#8221;inherit&#8221; text_align=&#8221;text-center&#8221;]KALT[\/elx_heading][vc_empty_space height=&#8221;40px&#8221;][vc_column_text]<\/p>\n<h2 style=\"text-align: center;\">Halten Sie Ihre frischen Lebensmittel mit einer Vielzahl von K\u00fchlfunktionen optimal k\u00fchl \u2013 von Salaten und K\u00e4se bis hin zu Wurstwaren und Obst.<\/h2>\n<p>[\/vc_column_text][vc_empty_space height=&#8221;40px&#8221;][\/vc_column][\/vc_row][vc_row][vc_column width=&#8221;1\/2&#8243;][vc_single_image image=&#8221;18113&#8243; img_size=&#8221;large&#8221; alignment=&#8221;center&#8221;][vc_empty_space height=&#8221;20px&#8221;][vc_column_text]<\/p>\n<h3 style=\"text-align: center;\">Vitrinen f\u00fcr kalte Speisen<\/h3>\n<p>[\/vc_column_text][vc_empty_space height=&#8221;20px&#8221;][vc_column_text]<\/p>\n<p style=\"text-align: center;\">angeschr\u00e4gt f\u00fcr optimale Sicht<\/p>\n<p>[\/vc_column_text][vc_empty_space height=&#8221;20px&#8221;][\/vc_column][vc_column width=&#8221;1\/2&#8243;][vc_single_image image=&#8221;18119&#8243; img_size=&#8221;large&#8221; alignment=&#8221;center&#8221;][vc_empty_space height=&#8221;20px&#8221;][vc_column_text]<\/p>\n<h3 style=\"text-align: center;\">Kaltbrunnen-Funktionen<\/h3>\n<p>[\/vc_column_text][vc_empty_space height=&#8221;20px&#8221;][vc_column_text]<\/p>\n<p style=\"text-align: center;\">f\u00fcr konstante &amp; gleichm\u00e4\u00dfige K\u00fchltemperaturverteilung<\/p>\n<p>[\/vc_column_text][vc_empty_space height=&#8221;20px&#8221;][\/vc_column][\/vc_row][vc_row][vc_column][vc_empty_space height=&#8221;50px&#8221;][vc_empty_space height=&#8221;50px&#8221;][elx_button button_text=&#8221;Erfahren Sie mehr \u00fcber Flexy Line Servierl\u00f6sungen&#8221; button_display_block=&#8221;display_block_on&#8221; button_alignment=&#8221;align_center&#8221; button_link=&#8221;url:https%3A%2F%2Fwww.electroluxprofessional.com%2Fat%2Fgrosskuechentechnik%2Fflexy-line-servierloesungen%2F|title:Flexy%20Line|target:_blank&#8221;][\/vc_column][\/vc_row][vc_row][vc_column width=&#8221;1\/4&#8243;][vc_empty_space][\/vc_column][vc_column width=&#8221;1\/2&#8243;][vc_empty_space height=&#8221;50px&#8221;][vc_single_image image=&#8221;18114&#8243; img_size=&#8221;medium&#8221; alignment=&#8221;center&#8221;][vc_empty_space height=&#8221;50px&#8221;][vc_column_text]<\/p>\n<h2 style=\"text-align: center;\">Besonders nachhaltig<\/h2>\n<p id=\"tw-target-text\" class=\"tw-data-text tw-text-large tw-ta\" dir=\"ltr\" style=\"text-align: center;\" data-placeholder=\"\u00dcbersetzung\" aria-label=\"\u00dcbersetzter Text\" data-ved=\"2ahUKEwjp9_LC5oKFAxUV-gIHHYfyBBcQ3ewLegQIDxAU\"><span class=\"Y2IQFc\" lang=\"de\">Wegweisend f\u00fcr nachhaltiges und umweltfreundliches Wirtschaften L\u00f6sungen durch Innovation<\/span><\/p>\n<p>[\/vc_column_text][\/vc_column][vc_column width=&#8221;1\/4&#8243;][vc_empty_space][\/vc_column][\/vc_row][vc_row][vc_column][vc_empty_space height=&#8221;50px&#8221;][\/vc_column][\/vc_row][vc_row][vc_column width=&#8221;1\/6&#8243;][vc_empty_space][\/vc_column][vc_column width=&#8221;2\/6&#8243;][vc_column_text]<\/p>\n<h4>Electrolux Professional treibt<br \/>\nden Wandel voran, als einer<br \/>\nder ersten M\u00e4rkte in der Welt<br \/>\nmit energieeffizienten R290-L\u00f6sungen.<\/h4>\n<p>[\/vc_column_text][vc_empty_space][\/vc_column][vc_column width=&#8221;2\/6&#8243;][vc_single_image image=&#8221;18115&#8243; img_size=&#8221;200&#215;63&#8243;][vc_empty_space height=&#8221;15px&#8221;][vc_column_text]R290-Gas reduziert die Auswirkungen<br \/>\nauf die Umwelt und wirkt weniger<br \/>\naggressiv auf die Komponenten des<br \/>\nK\u00fchlschrank als \u00e4lteres traditionelles<br \/>\nGas.[\/vc_column_text][\/vc_column][vc_column width=&#8221;1\/6&#8243;][vc_empty_space][\/vc_column][\/vc_row][vc_row][vc_column][vc_empty_space height=&#8221;40px&#8221;][elx_heading text_color=&#8221;inherit&#8221; text_align=&#8221;text-center&#8221;]Kontaktieren Sie uns, um mehr \u00fcber die Flexy Line Drop-in-Funktionen zu erfahren[\/elx_heading][vc_empty_space][vc_empty_space height=&#8221;40px&#8221;][elx_o2000_contact_us s=&#8221;Anfrage zu Servierl\u00f6sungen&#8221;][vc_empty_space height=&#8221;40px&#8221;][\/vc_column][\/vc_row]<\/p>\n","protected":false},"excerpt":{"rendered":"<p>[vc_row full_width=&#8221;electroluxpro-full-width-no-padding&#8221;][vc_column][elx_image_block background_image=&#8221;18109&#8243; minimum_height=&#8221;400px&#8221;][\/vc_column][\/vc_row][vc_row][vc_column][vc_empty_space height=&#8221;40px&#8221;][elx_heading font_container=&#8221;h1&#8243; text_color=&#8221;inherit&#8221; text_align=&#8221;text-center&#8221;]Flexy Line Drop-in-Funktionen[\/elx_heading][vc_empty_space height=&#8221;40px&#8221;][elx_heading font_size=&#8221;h5&#8243; text_color=&#8221;inherit&#8221; text_align=&#8221;text-center&#8221;]12 Funktionen in 6 Gr\u00f6\u00dfen. Unbegrenzte M\u00f6glichkeiten f\u00fcr Ihr Unternehmen.[\/elx_heading][vc_column_text] Hei\u00df, kalt und hybrid \u2013 was auch immer die Bed\u00fcrfnisse Ihrer Kunden sind, wir haben die L\u00f6sung. [\/vc_column_text][vc_empty_space height=&#8221;40px&#8221;][\/vc_column][\/vc_row][vc_row][vc_column width=&#8221;1\/6&#8243;][vc_empty_space height=&#8221;20px&#8221;][\/vc_column][vc_column width=&#8221;1\/6&#8243;][vc_empty_space height=&#8221;20px&#8221;][\/vc_column][vc_column width=&#8221;1\/6&#8243;][vc_single_image image=&#8221;18101&#8243; img_size=&#8221;100&#215;100&#8243; alignment=&#8221;center&#8221;][vc_empty_space height=&#8221;20px&#8221;][vc_column_text] Hei\u00df [\/vc_column_text][vc_empty_space height=&#8221;20px&#8221;][\/vc_column][vc_column width=&#8221;1\/6&#8243;][vc_single_image [&hellip;]<\/p>\n","protected":false},"author":471,"featured_media":18109,"parent":0,"menu_order":0,"comment_status":"closed","ping_status":"closed","template":"","meta":{"footnotes":""},"class_list":["post-18116","page","type-page","status-publish","has-post-thumbnail","hentry"],"acf":[],"yoast_head":"<!-- This site is optimized with the Yoast SEO plugin v23.3 - https:\/\/yoast.com\/wordpress\/plugins\/seo\/ -->\n<title>Flexy Drop-in-Funktionen | Electrolux Professional<\/title>\n<meta name=\"description\" content=\"Hei\u00df, kalt und hybrid \u2013 was auch immer die Bed\u00fcrfnisse Ihrer Kunden sind, wir haben die L\u00f6sung mit Flexy Drop-in-Funktionen.\" \/>\n<meta name=\"robots\" content=\"index, follow, max-snippet:-1, max-image-preview:large, max-video-preview:-1\" \/>\n<link rel=\"canonical\" href=\"https:\/\/www.electroluxprofessional.com\/at\/flexy-drop-in\/\" \/>\n<meta property=\"og:locale\" content=\"de_DE\" \/>\n<meta property=\"og:type\" content=\"article\" \/>\n<meta property=\"og:title\" content=\"Flexy Drop-in-Funktionen | Electrolux Professional\" \/>\n<meta property=\"og:description\" content=\"Hei\u00df, kalt und hybrid \u2013 was auch immer die Bed\u00fcrfnisse Ihrer Kunden sind, wir haben die L\u00f6sung mit Flexy Drop-in-Funktionen.\" \/>\n<meta property=\"og:url\" content=\"https:\/\/www.electroluxprofessional.com\/at\/flexy-drop-in\/\" \/>\n<meta property=\"og:site_name\" content=\"Electrolux Professional \u00d6sterreich\" \/>\n<meta property=\"article:modified_time\" content=\"2024-03-26T09:18:32+00:00\" \/>\n<meta property=\"og:image\" content=\"https:\/\/www.electroluxprofessional.com\/at\/wp-content\/uploads\/2024\/03\/791B8083.jpg\" \/>\n\t<meta property=\"og:image:width\" content=\"2000\" \/>\n\t<meta property=\"og:image:height\" content=\"702\" \/>\n\t<meta property=\"og:image:type\" content=\"image\/jpeg\" \/>\n<meta name=\"twitter:card\" content=\"summary_large_image\" \/>\n<meta name=\"twitter:label1\" content=\"Gesch\u00e4tzte Lesezeit\" \/>\n\t<meta name=\"twitter:data1\" content=\"2 Minuten\" \/>\n<script type=\"application\/ld+json\" class=\"yoast-schema-graph\">{\"@context\":\"https:\/\/schema.org\",\"@graph\":[{\"@type\":\"WebPage\",\"@id\":\"https:\/\/www.electroluxprofessional.com\/at\/flexy-drop-in\/\",\"url\":\"https:\/\/www.electroluxprofessional.com\/at\/flexy-drop-in\/\",\"name\":\"Flexy Drop-in-Funktionen | Electrolux Professional\",\"isPartOf\":{\"@id\":\"https:\/\/www.electroluxprofessional.com\/at\/#website\"},\"primaryImageOfPage\":{\"@id\":\"https:\/\/www.electroluxprofessional.com\/at\/flexy-drop-in\/#primaryimage\"},\"image\":{\"@id\":\"https:\/\/www.electroluxprofessional.com\/at\/flexy-drop-in\/#primaryimage\"},\"thumbnailUrl\":\"https:\/\/www.electroluxprofessional.com\/at\/wp-content\/uploads\/2024\/03\/791B8083.jpg\",\"datePublished\":\"2024-03-21T12:29:18+00:00\",\"dateModified\":\"2024-03-26T09:18:32+00:00\",\"description\":\"Hei\u00df, kalt und hybrid \u2013 was auch immer die Bed\u00fcrfnisse Ihrer Kunden sind, wir haben die L\u00f6sung mit Flexy Drop-in-Funktionen.\",\"breadcrumb\":{\"@id\":\"https:\/\/www.electroluxprofessional.com\/at\/flexy-drop-in\/#breadcrumb\"},\"inLanguage\":\"de-AT\",\"potentialAction\":[{\"@type\":\"ReadAction\",\"target\":[\"https:\/\/www.electroluxprofessional.com\/at\/flexy-drop-in\/\"]}]},{\"@type\":\"ImageObject\",\"inLanguage\":\"de-AT\",\"@id\":\"https:\/\/www.electroluxprofessional.com\/at\/flexy-drop-in\/#primaryimage\",\"url\":\"https:\/\/www.electroluxprofessional.com\/at\/wp-content\/uploads\/2024\/03\/791B8083.jpg\",\"contentUrl\":\"https:\/\/www.electroluxprofessional.com\/at\/wp-content\/uploads\/2024\/03\/791B8083.jpg\",\"width\":2000,\"height\":702,\"caption\":\"Flexy Line Servierl\u00f6sungen von Electrolux Professional\"},{\"@type\":\"BreadcrumbList\",\"@id\":\"https:\/\/www.electroluxprofessional.com\/at\/flexy-drop-in\/#breadcrumb\",\"itemListElement\":[{\"@type\":\"ListItem\",\"position\":1,\"name\":\"Startseite\",\"item\":\"https:\/\/www.electroluxprofessional.com\/at\/\"},{\"@type\":\"ListItem\",\"position\":2,\"name\":\"Flexy Drop-in-Funktionen\"}]},{\"@type\":\"WebSite\",\"@id\":\"https:\/\/www.electroluxprofessional.com\/at\/#website\",\"url\":\"https:\/\/www.electroluxprofessional.com\/at\/\",\"name\":\"Electrolux Professional \u00d6sterreich\",\"description\":\"\",\"potentialAction\":[{\"@type\":\"SearchAction\",\"target\":{\"@type\":\"EntryPoint\",\"urlTemplate\":\"https:\/\/www.electroluxprofessional.com\/at\/?src={search_term_string}\"},\"query-input\":\"required name=search_term_string\"}],\"inLanguage\":\"de-AT\"}]}<\/script>\n<!-- \/ Yoast SEO plugin. -->","yoast_head_json":{"title":"Flexy Drop-in-Funktionen | Electrolux Professional","description":"Hei\u00df, kalt und hybrid \u2013 was auch immer die Bed\u00fcrfnisse Ihrer Kunden sind, wir haben die L\u00f6sung mit Flexy Drop-in-Funktionen.","robots":{"index":"index","follow":"follow","max-snippet":"max-snippet:-1","max-image-preview":"max-image-preview:large","max-video-preview":"max-video-preview:-1"},"canonical":"https:\/\/www.electroluxprofessional.com\/at\/flexy-drop-in\/","og_locale":"de_DE","og_type":"article","og_title":"Flexy Drop-in-Funktionen | Electrolux Professional","og_description":"Hei\u00df, kalt und hybrid \u2013 was auch immer die Bed\u00fcrfnisse Ihrer Kunden sind, wir haben die L\u00f6sung mit Flexy Drop-in-Funktionen.","og_url":"https:\/\/www.electroluxprofessional.com\/at\/flexy-drop-in\/","og_site_name":"Electrolux Professional \u00d6sterreich","article_modified_time":"2024-03-26T09:18:32+00:00","og_image":[{"width":2000,"height":702,"url":"https:\/\/www.electroluxprofessional.com\/at\/wp-content\/uploads\/2024\/03\/791B8083.jpg","type":"image\/jpeg"}],"twitter_card":"summary_large_image","twitter_misc":{"Gesch\u00e4tzte Lesezeit":"2 Minuten"},"schema":{"@context":"https:\/\/schema.org","@graph":[{"@type":"WebPage","@id":"https:\/\/www.electroluxprofessional.com\/at\/flexy-drop-in\/","url":"https:\/\/www.electroluxprofessional.com\/at\/flexy-drop-in\/","name":"Flexy Drop-in-Funktionen | Electrolux Professional","isPartOf":{"@id":"https:\/\/www.electroluxprofessional.com\/at\/#website"},"primaryImageOfPage":{"@id":"https:\/\/www.electroluxprofessional.com\/at\/flexy-drop-in\/#primaryimage"},"image":{"@id":"https:\/\/www.electroluxprofessional.com\/at\/flexy-drop-in\/#primaryimage"},"thumbnailUrl":"https:\/\/www.electroluxprofessional.com\/at\/wp-content\/uploads\/2024\/03\/791B8083.jpg","datePublished":"2024-03-21T12:29:18+00:00","dateModified":"2024-03-26T09:18:32+00:00","description":"Hei\u00df, kalt und hybrid \u2013 was auch immer die Bed\u00fcrfnisse Ihrer Kunden sind, wir haben die L\u00f6sung mit Flexy Drop-in-Funktionen.","breadcrumb":{"@id":"https:\/\/www.electroluxprofessional.com\/at\/flexy-drop-in\/#breadcrumb"},"inLanguage":"de-AT","potentialAction":[{"@type":"ReadAction","target":["https:\/\/www.electroluxprofessional.com\/at\/flexy-drop-in\/"]}]},{"@type":"ImageObject","inLanguage":"de-AT","@id":"https:\/\/www.electroluxprofessional.com\/at\/flexy-drop-in\/#primaryimage","url":"https:\/\/www.electroluxprofessional.com\/at\/wp-content\/uploads\/2024\/03\/791B8083.jpg","contentUrl":"https:\/\/www.electroluxprofessional.com\/at\/wp-content\/uploads\/2024\/03\/791B8083.jpg","width":2000,"height":702,"caption":"Flexy Line Servierl\u00f6sungen von Electrolux Professional"},{"@type":"BreadcrumbList","@id":"https:\/\/www.electroluxprofessional.com\/at\/flexy-drop-in\/#breadcrumb","itemListElement":[{"@type":"ListItem","position":1,"name":"Startseite","item":"https:\/\/www.electroluxprofessional.com\/at\/"},{"@type":"ListItem","position":2,"name":"Flexy Drop-in-Funktionen"}]},{"@type":"WebSite","@id":"https:\/\/www.electroluxprofessional.com\/at\/#website","url":"https:\/\/www.electroluxprofessional.com\/at\/","name":"Electrolux Professional \u00d6sterreich","description":"","potentialAction":[{"@type":"SearchAction","target":{"@type":"EntryPoint","urlTemplate":"https:\/\/www.electroluxprofessional.com\/at\/?src={search_term_string}"},"query-input":"required name=search_term_string"}],"inLanguage":"de-AT"}]}},"_links":{"self":[{"href":"https:\/\/www.electroluxprofessional.com\/at\/wp-json\/wp\/v2\/pages\/18116"}],"collection":[{"href":"https:\/\/www.electroluxprofessional.com\/at\/wp-json\/wp\/v2\/pages"}],"about":[{"href":"https:\/\/www.electroluxprofessional.com\/at\/wp-json\/wp\/v2\/types\/page"}],"author":[{"embeddable":true,"href":"https:\/\/www.electroluxprofessional.com\/at\/wp-json\/wp\/v2\/users\/471"}],"replies":[{"embeddable":true,"href":"https:\/\/www.electroluxprofessional.com\/at\/wp-json\/wp\/v2\/comments?post=18116"}],"version-history":[{"count":4,"href":"https:\/\/www.electroluxprofessional.com\/at\/wp-json\/wp\/v2\/pages\/18116\/revisions"}],"predecessor-version":[{"id":18248,"href":"https:\/\/www.electroluxprofessional.com\/at\/wp-json\/wp\/v2\/pages\/18116\/revisions\/18248"}],"wp:featuredmedia":[{"embeddable":true,"href":"https:\/\/www.electroluxprofessional.com\/at\/wp-json\/wp\/v2\/media\/18109"}],"wp:attachment":[{"href":"https:\/\/www.electroluxprofessional.com\/at\/wp-json\/wp\/v2\/media?parent=18116"}],"curies":[{"name":"wp","href":"https:\/\/api.w.org\/{rel}","templated":true}]}}