{"id":1653,"date":"2016-11-28T08:46:10","date_gmt":"2016-11-28T08:46:10","guid":{"rendered":"https:\/\/www.electroluxprofessional.com\/?page_id=5943"},"modified":"2024-05-02T14:10:22","modified_gmt":"2024-05-02T13:10:22","slug":"kuehlraeume","status":"publish","type":"page","link":"https:\/\/www.electroluxprofessional.com\/at\/grosskuechentechnik\/kuehlraeume\/","title":{"rendered":"K\u00fchlr\u00e4ume"},"content":{"rendered":"<p>[vc_row full_width=&#8221;electroluxpro-full-width-no-padding&#8221;][vc_column][elx_image_block background_image=&#8221;1651&#8243; minimum_height=&#8221;400px&#8221;][\/vc_column][\/vc_row][vc_row][vc_column][vc_empty_space][elx_heading font_container=&#8221;h1&#8243; font_size=&#8221;h2&#8243; text_color=&#8221;inherit&#8221; text_align=&#8221;text-center&#8221;]K\u00fchlr\u00e4ume[\/elx_heading][vc_empty_space height=&#8221;50px&#8221;][\/vc_column][\/vc_row][vc_row][vc_column width=&#8221;2\/3&#8243;][vc_column_text]Electrolux Professional bietet K\u00fchlr\u00e4ume in vielen verschiedenen Gr\u00f6\u00dfen und mit unterschiedlichen Funktionen an. Die angebotenen K\u00fchlr\u00e4ume sind tropenfest und daher f\u00fcr die Verwendung bei Umgebungstemperaturen <strong>bis zu +43\u00baC<\/strong> geeignet.<\/p>\n<p>Das Angebot umfasst K\u00fchlr\u00e4ume und Tiefk\u00fchlr\u00e4ume mit eingebauten K\u00fchlaggregaten oder zum Anschluss an externe Aggregate.<\/p>\n<p>Die Abtauung unserer K\u00fchlzellen erfolgt durch <strong>R\u00fcckverdampfung des Kondenswassers mittels Hei\u00dfgas<\/strong>. Diese Technologie erm\u00f6glicht die Reduzierung der notwendigen Anschlussleistung, verk\u00fcrzte Abtauzeiten und geringere Erw\u00e4rmung der K\u00fchlr\u00e4ume.<\/p>\n<p>F\u00fcr die Installation der K\u00fchlr\u00e4ume ist kein spezielles K\u00e4ltetechnik-Fachwissen erforderlich.[\/vc_column_text][\/vc_column][vc_column width=&#8221;1\/3&#8243;][vc_single_image image=&#8221;1652&#8243; img_size=&#8221;full&#8221;][\/vc_column][\/vc_row][vc_row][vc_column][elx_heading font_size=&#8221;h3&#8243; text_color=&#8221;inherit&#8221; text_align=&#8221;text-center&#8221;]Finden Sie die ideale L\u00f6sung f\u00fcr Ihr Business[\/elx_heading][\/vc_column][\/vc_row][vc_row][vc_column width=&#8221;1\/3&#8243;][elx_maylike_box id_box=&#8221;337&#8243;][\/vc_column][vc_column width=&#8221;1\/3&#8243;][elx_maylike_box id_box=&#8221;374&#8243;][\/vc_column][vc_column width=&#8221;1\/3&#8243;][elx_maylike_box id_box=&#8221;1485&#8243;][\/vc_column][\/vc_row][vc_row][vc_column][vc_empty_space height=&#8221;50px&#8221;][elx_heading text_color=&#8221;inherit&#8221; text_align=&#8221;text-center&#8221;]Finden Sie heraus, wie Electrolux Professional Ihnen helfen kann[\/elx_heading][elx_o2000_contact_us s=&#8221;Anfrage zu K\u00fchlr\u00e4umen&#8221; country=&#8221;Germany&#8221; container=&#8221;elxcontactus1480430220&#8243; r=&#8221;Ich w\u00fcrde gerne mehr \u00fcber K\u00fchlr\u00e4ume erfahren. Bitte kontaktieren Sie mich.&#8221; l=&#8221;de&#8221;][vc_empty_space height=&#8221;50px&#8221;][\/vc_column][\/vc_row]<\/p>\n","protected":false},"excerpt":{"rendered":"<p>[vc_row full_width=&#8221;electroluxpro-full-width-no-padding&#8221;][vc_column][elx_image_block background_image=&#8221;1651&#8243; minimum_height=&#8221;400px&#8221;][\/vc_column][\/vc_row][vc_row][vc_column][vc_empty_space][elx_heading font_container=&#8221;h1&#8243; font_size=&#8221;h2&#8243; text_color=&#8221;inherit&#8221; text_align=&#8221;text-center&#8221;]K\u00fchlr\u00e4ume[\/elx_heading][vc_empty_space height=&#8221;50px&#8221;][\/vc_column][\/vc_row][vc_row][vc_column width=&#8221;2\/3&#8243;][vc_column_text]Electrolux Professional bietet K\u00fchlr\u00e4ume in vielen verschiedenen Gr\u00f6\u00dfen und mit unterschiedlichen Funktionen an. Die angebotenen K\u00fchlr\u00e4ume sind tropenfest und daher f\u00fcr die Verwendung bei Umgebungstemperaturen bis zu +43\u00baC geeignet. Das Angebot umfasst K\u00fchlr\u00e4ume und Tiefk\u00fchlr\u00e4ume mit eingebauten K\u00fchlaggregaten oder zum Anschluss an externe Aggregate. Die Abtauung [&hellip;]<\/p>\n","protected":false},"author":5,"featured_media":0,"parent":731,"menu_order":0,"comment_status":"closed","ping_status":"closed","template":"","meta":{"footnotes":""},"class_list":["post-1653","page","type-page","status-publish","hentry"],"acf":[],"yoast_head":"<!-- This site is optimized with the Yoast SEO plugin v23.3 - https:\/\/yoast.com\/wordpress\/plugins\/seo\/ -->\n<title>K\u00fchlr\u00e4ume und Tiefk\u00fchlr\u00e4ume | Electrolux Professional<\/title>\n<meta name=\"description\" content=\"Electrolux bietet K\u00fchlr\u00e4ume und Tiefk\u00fchlr\u00e4ume in verschiedenen Gr\u00f6\u00dfen, mit unterschiedlichen Funktionen und Leistungen (-18\/-20\u00baC).\" \/>\n<meta name=\"robots\" content=\"index, follow, max-snippet:-1, max-image-preview:large, max-video-preview:-1\" \/>\n<link rel=\"canonical\" href=\"https:\/\/www.electroluxprofessional.com\/at\/grosskuechentechnik\/kuehlraeume\/\" \/>\n<meta property=\"og:locale\" content=\"de_DE\" \/>\n<meta property=\"og:type\" content=\"article\" \/>\n<meta property=\"og:title\" content=\"K\u00fchlr\u00e4ume und Tiefk\u00fchlr\u00e4ume | Electrolux Professional\" \/>\n<meta property=\"og:description\" content=\"Electrolux bietet K\u00fchlr\u00e4ume und Tiefk\u00fchlr\u00e4ume in verschiedenen Gr\u00f6\u00dfen, mit unterschiedlichen Funktionen und Leistungen (-18\/-20\u00baC).\" \/>\n<meta property=\"og:url\" content=\"https:\/\/www.electroluxprofessional.com\/at\/grosskuechentechnik\/kuehlraeume\/\" \/>\n<meta property=\"og:site_name\" content=\"Electrolux Professional \u00d6sterreich\" \/>\n<meta property=\"article:modified_time\" content=\"2024-05-02T13:10:22+00:00\" \/>\n<meta name=\"twitter:card\" content=\"summary_large_image\" \/>\n<meta name=\"twitter:label1\" content=\"Gesch\u00e4tzte Lesezeit\" \/>\n\t<meta name=\"twitter:data1\" content=\"2 Minuten\" \/>\n<script type=\"application\/ld+json\" class=\"yoast-schema-graph\">{\"@context\":\"https:\/\/schema.org\",\"@graph\":[{\"@type\":\"WebPage\",\"@id\":\"https:\/\/www.electroluxprofessional.com\/at\/grosskuechentechnik\/kuehlraeume\/\",\"url\":\"https:\/\/www.electroluxprofessional.com\/at\/grosskuechentechnik\/kuehlraeume\/\",\"name\":\"K\u00fchlr\u00e4ume und Tiefk\u00fchlr\u00e4ume | Electrolux Professional\",\"isPartOf\":{\"@id\":\"https:\/\/www.electroluxprofessional.com\/at\/#website\"},\"datePublished\":\"2016-11-28T08:46:10+00:00\",\"dateModified\":\"2024-05-02T13:10:22+00:00\",\"description\":\"Electrolux bietet K\u00fchlr\u00e4ume und Tiefk\u00fchlr\u00e4ume in verschiedenen Gr\u00f6\u00dfen, mit unterschiedlichen Funktionen und Leistungen (-18\/-20\u00baC).\",\"breadcrumb\":{\"@id\":\"https:\/\/www.electroluxprofessional.com\/at\/grosskuechentechnik\/kuehlraeume\/#breadcrumb\"},\"inLanguage\":\"de-AT\",\"potentialAction\":[{\"@type\":\"ReadAction\",\"target\":[\"https:\/\/www.electroluxprofessional.com\/at\/grosskuechentechnik\/kuehlraeume\/\"]}]},{\"@type\":\"BreadcrumbList\",\"@id\":\"https:\/\/www.electroluxprofessional.com\/at\/grosskuechentechnik\/kuehlraeume\/#breadcrumb\",\"itemListElement\":[{\"@type\":\"ListItem\",\"position\":1,\"name\":\"Startseite\",\"item\":\"https:\/\/www.electroluxprofessional.com\/at\/\"},{\"@type\":\"ListItem\",\"position\":2,\"name\":\"Gro\u00dfk\u00fcchentechnik\",\"item\":\"https:\/\/www.electroluxprofessional.com\/at\/grosskuechentechnik\/\"},{\"@type\":\"ListItem\",\"position\":3,\"name\":\"K\u00fchlr\u00e4ume\"}]},{\"@type\":\"WebSite\",\"@id\":\"https:\/\/www.electroluxprofessional.com\/at\/#website\",\"url\":\"https:\/\/www.electroluxprofessional.com\/at\/\",\"name\":\"Electrolux Professional \u00d6sterreich\",\"description\":\"\",\"potentialAction\":[{\"@type\":\"SearchAction\",\"target\":{\"@type\":\"EntryPoint\",\"urlTemplate\":\"https:\/\/www.electroluxprofessional.com\/at\/?src={search_term_string}\"},\"query-input\":\"required name=search_term_string\"}],\"inLanguage\":\"de-AT\"}]}<\/script>\n<!-- \/ Yoast SEO plugin. -->","yoast_head_json":{"title":"K\u00fchlr\u00e4ume und Tiefk\u00fchlr\u00e4ume | Electrolux Professional","description":"Electrolux bietet K\u00fchlr\u00e4ume und Tiefk\u00fchlr\u00e4ume in verschiedenen Gr\u00f6\u00dfen, mit unterschiedlichen Funktionen und Leistungen (-18\/-20\u00baC).","robots":{"index":"index","follow":"follow","max-snippet":"max-snippet:-1","max-image-preview":"max-image-preview:large","max-video-preview":"max-video-preview:-1"},"canonical":"https:\/\/www.electroluxprofessional.com\/at\/grosskuechentechnik\/kuehlraeume\/","og_locale":"de_DE","og_type":"article","og_title":"K\u00fchlr\u00e4ume und Tiefk\u00fchlr\u00e4ume | Electrolux Professional","og_description":"Electrolux bietet K\u00fchlr\u00e4ume und Tiefk\u00fchlr\u00e4ume in verschiedenen Gr\u00f6\u00dfen, mit unterschiedlichen Funktionen und Leistungen (-18\/-20\u00baC).","og_url":"https:\/\/www.electroluxprofessional.com\/at\/grosskuechentechnik\/kuehlraeume\/","og_site_name":"Electrolux Professional \u00d6sterreich","article_modified_time":"2024-05-02T13:10:22+00:00","twitter_card":"summary_large_image","twitter_misc":{"Gesch\u00e4tzte Lesezeit":"2 Minuten"},"schema":{"@context":"https:\/\/schema.org","@graph":[{"@type":"WebPage","@id":"https:\/\/www.electroluxprofessional.com\/at\/grosskuechentechnik\/kuehlraeume\/","url":"https:\/\/www.electroluxprofessional.com\/at\/grosskuechentechnik\/kuehlraeume\/","name":"K\u00fchlr\u00e4ume und Tiefk\u00fchlr\u00e4ume | Electrolux Professional","isPartOf":{"@id":"https:\/\/www.electroluxprofessional.com\/at\/#website"},"datePublished":"2016-11-28T08:46:10+00:00","dateModified":"2024-05-02T13:10:22+00:00","description":"Electrolux bietet K\u00fchlr\u00e4ume und Tiefk\u00fchlr\u00e4ume in verschiedenen Gr\u00f6\u00dfen, mit unterschiedlichen Funktionen und Leistungen (-18\/-20\u00baC).","breadcrumb":{"@id":"https:\/\/www.electroluxprofessional.com\/at\/grosskuechentechnik\/kuehlraeume\/#breadcrumb"},"inLanguage":"de-AT","potentialAction":[{"@type":"ReadAction","target":["https:\/\/www.electroluxprofessional.com\/at\/grosskuechentechnik\/kuehlraeume\/"]}]},{"@type":"BreadcrumbList","@id":"https:\/\/www.electroluxprofessional.com\/at\/grosskuechentechnik\/kuehlraeume\/#breadcrumb","itemListElement":[{"@type":"ListItem","position":1,"name":"Startseite","item":"https:\/\/www.electroluxprofessional.com\/at\/"},{"@type":"ListItem","position":2,"name":"Gro\u00dfk\u00fcchentechnik","item":"https:\/\/www.electroluxprofessional.com\/at\/grosskuechentechnik\/"},{"@type":"ListItem","position":3,"name":"K\u00fchlr\u00e4ume"}]},{"@type":"WebSite","@id":"https:\/\/www.electroluxprofessional.com\/at\/#website","url":"https:\/\/www.electroluxprofessional.com\/at\/","name":"Electrolux Professional \u00d6sterreich","description":"","potentialAction":[{"@type":"SearchAction","target":{"@type":"EntryPoint","urlTemplate":"https:\/\/www.electroluxprofessional.com\/at\/?src={search_term_string}"},"query-input":"required name=search_term_string"}],"inLanguage":"de-AT"}]}},"_links":{"self":[{"href":"https:\/\/www.electroluxprofessional.com\/at\/wp-json\/wp\/v2\/pages\/1653"}],"collection":[{"href":"https:\/\/www.electroluxprofessional.com\/at\/wp-json\/wp\/v2\/pages"}],"about":[{"href":"https:\/\/www.electroluxprofessional.com\/at\/wp-json\/wp\/v2\/types\/page"}],"author":[{"embeddable":true,"href":"https:\/\/www.electroluxprofessional.com\/at\/wp-json\/wp\/v2\/users\/5"}],"replies":[{"embeddable":true,"href":"https:\/\/www.electroluxprofessional.com\/at\/wp-json\/wp\/v2\/comments?post=1653"}],"version-history":[{"count":3,"href":"https:\/\/www.electroluxprofessional.com\/at\/wp-json\/wp\/v2\/pages\/1653\/revisions"}],"predecessor-version":[{"id":18421,"href":"https:\/\/www.electroluxprofessional.com\/at\/wp-json\/wp\/v2\/pages\/1653\/revisions\/18421"}],"up":[{"embeddable":true,"href":"https:\/\/www.electroluxprofessional.com\/at\/wp-json\/wp\/v2\/pages\/731"}],"wp:attachment":[{"href":"https:\/\/www.electroluxprofessional.com\/at\/wp-json\/wp\/v2\/media?parent=1653"}],"curies":[{"name":"wp","href":"https:\/\/api.w.org\/{rel}","templated":true}]}}