{"id":16101,"date":"2023-06-07T08:42:47","date_gmt":"2023-06-07T08:42:47","guid":{"rendered":"https:\/\/www.electroluxprofessional.com\/at\/?page_id=16101"},"modified":"2026-03-25T06:55:18","modified_gmt":"2026-03-25T05:55:18","slug":"5-sterne-hotels","status":"publish","type":"page","link":"https:\/\/www.electroluxprofessional.com\/at\/branchenloesungen\/hotels\/5-sterne-hotels\/","title":{"rendered":"W\u00e4schereil\u00f6sungen f\u00fcr Hotels in 5-Sterne-Qualit\u00e4t"},"content":{"rendered":"<p>[vc_row full_width=&#8221;electroluxpro-full-width-no-padding&#8221; css=&#8221;.vc_custom_1663585132920{margin-top: -50px !important;}&#8221;][vc_column reveal_effect=&#8221;&#8221;][elx_step_banner background_image=&#8221;16105&#8243; media_position=&#8221;media_left&#8221; title_box=&#8221;Entspannung pur<br \/>\nmit unseren professionellen<br \/>\nW\u00e4schereil\u00f6sungen&#8221; text_box=&#8221;in 5-Sterne-Qualit\u00e4t&#8221;][\/vc_column][\/vc_row][vc_row][vc_column][vc_empty_space height=&#8221;50px&#8221;][\/vc_column][\/vc_row][vc_row][vc_column][elx_heading font_size=&#8221;h1&#8243; text_color=&#8221;inherit&#8221; text_align=&#8221;text-left&#8221;]Nachhaltige Profi-L\u00f6sungen<br \/>\nf\u00fcr individuelle W\u00e4schepflege<br \/>\nin 5-Sterne-Qualit\u00e4t[\/elx_heading][\/vc_column][\/vc_row][vc_row][vc_column width=&#8221;2\/3&#8243;][vc_empty_space][vc_column_text]Wir bieten ma\u00dfgeschneiderte W\u00e4schereil\u00f6sungen in 5-Sterne-Qualit\u00e4t an, insbesondere f\u00fcr Hotels mit hohen Qualit\u00e4tsstandards.<\/p>\n<p>Unsere Line 6000 umfasst professionelle Waschmaschinen, Trockner und Mangeln, die eine schnelle und effiziente Reinigung von anspruchsvoller W\u00e4sche aus dem Spa, den G\u00e4stezimmern, der K\u00fcche und dem Restaurant auf 5-Sterne-Niveau erm\u00f6glichen. Unsere L\u00f6sungen bieten ma\u00dfgeschneiderte Prozesssteuerungen, um Textilien schonend zu behandeln und ihre Langlebigkeit sicherzustellen. Zus\u00e4tzlich bieten wir optimale Sauberkeit und Hygiene f\u00fcr Frottier-, Bett- und Tischw\u00e4sche, sowie schonende Pflege f\u00fcr delikate Bettwaren und empfindliche Textilien.<\/p>\n<p>Unsere Profi-Ger\u00e4te zeichnen sich durch innovative Technologien, einzigartige Energieeffizienz, geringen Ressourcenverbrauch und Langlebigkeit aus, was Ihnen sowohl eine optimale Qualit\u00e4t als auch Kostenkontrolle erm\u00f6glicht.[\/vc_column_text][\/vc_column][vc_column width=&#8221;1\/3&#8243;][vc_empty_space height=&#8221;12px&#8221;][vc_empty_space height=&#8221;12px&#8221;][vc_single_image image=&#8221;16121&#8243; img_size=&#8221;large&#8221; alignment=&#8221;center&#8221;][elx_download_block text=&#8221;Flyer herunterladen&#8221; file_picker=&#8221;16136&#8243; link=&#8221;files.professional.electrolux.com\/docs\/?n=A0003&amp;t=BR&amp;l=1&amp;B=5&#8243; background_color=&#8221;electrolux-blue&#8221; reveal_effect=&#8221;&#8221; reveal_duration=&#8221;&#8221; reveal_delay=&#8221;&#8221;][\/vc_column][\/vc_row][vc_row][vc_column][vc_empty_space][vc_empty_space][\/vc_column][\/vc_row][vc_row][vc_column width=&#8221;1\/3&#8243;][vc_row_inner][vc_column_inner width=&#8221;1\/3&#8243;][elx_icons icon_size=&#8221;elx-icon-medium&#8221; icon_electroluxpro=&#8221;elx-icon icon-circle-drop-plus-blue&#8221;][\/vc_column_inner][vc_column_inner width=&#8221;2\/3&#8243;][vc_column_text]<\/p>\n<h6>Sauberkeit und Hygiene auf<br \/>\nTop-Niveau<\/h6>\n<p>[\/vc_column_text][\/vc_column_inner][\/vc_row_inner][\/vc_column][vc_column width=&#8221;1\/3&#8243;][vc_row_inner][vc_column_inner width=&#8221;1\/3&#8243;][elx_icons icon_size=&#8221;elx-icon-medium&#8221; icon_electroluxpro=&#8221;elx-icon icon-circle-settings-blue&#8221;][\/vc_column_inner][vc_column_inner width=&#8221;2\/3&#8243;][vc_column_text]<\/p>\n<h6>Programmvielfalt f\u00fcr Ihre individuellen Textilien und Bettwaren<\/h6>\n<p>[\/vc_column_text][\/vc_column_inner][\/vc_row_inner][\/vc_column][vc_column width=&#8221;1\/3&#8243;][vc_row_inner][vc_column_inner width=&#8221;1\/3&#8243;][elx_icons icon_size=&#8221;elx-icon-medium&#8221; icon_electroluxpro=&#8221;elx-icon icon-circle-green-blue&#8221;][\/vc_column_inner][vc_column_inner width=&#8221;2\/3&#8243;][vc_column_text]<\/p>\n<h6>Verbrauchsarm, energiesparend und umweltschonend<\/h6>\n<p>[\/vc_column_text][\/vc_column_inner][\/vc_row_inner][\/vc_column][\/vc_row][vc_row][vc_column width=&#8221;1\/2&#8243;][vc_empty_space height=&#8221;52px&#8221;][vc_empty_space height=&#8221;52px&#8221;][vc_single_image image=&#8221;16125&#8243; img_size=&#8221;large&#8221;][elx_button button_text=&#8221;Mehr \u00fcber Waschmaschinen erfahren&#8221; button_style=&#8221;icon-blue&#8221; button_link=&#8221;url:https%3A%2F%2Fwww.electroluxprofessional.com%2Fat%2Fwaeschereitechnik%2Fgewerbliche-waschmaschinen%2F|target:_blank&#8221;][\/vc_column][vc_column width=&#8221;1\/2&#8243;][vc_empty_space height=&#8221;52px&#8221;][vc_empty_space height=&#8221;52px&#8221;][vc_column_text]<\/p>\n<h2>Waschmaschinen<\/h2>\n<ul>\n<li>F\u00fcr jede Waschaufgabe die passende Maschinenl\u00f6sung mit einem Beladegewicht von 6 bis 120 kg<\/li>\n<li>Sparsam im Verbrauch dank automatischer Anpassung der ben\u00f6tigten Wasser- und Waschmittelmenge<\/li>\n<li>Materialschonende, auf Textilanforderungen abgestimmte Waschprogramme<\/li>\n<\/ul>\n<p>[\/vc_column_text][vc_empty_space height=&#8221;52px&#8221;][\/vc_column][\/vc_row][vc_row][vc_column width=&#8221;1\/2&#8243;][vc_empty_space height=&#8221;52px&#8221;][vc_column_text]<\/p>\n<h2>Mangeln<\/h2>\n<ul>\n<li>F\u00fcr jede Mangelaufgabe und Raumsituation die passende Mangell\u00f6sung in f\u00fcnf Breiten von 2100 bis 3200 mm<\/li>\n<li>Faserschonendes, die Langlebigkeit erhaltendes optimales Trocknungsergebnis bei allen Textilarten<\/li>\n<li>Einhaltung h\u00f6chster Hygienestandards<\/li>\n<li>Geringer Ressourcenverbrauch, niedrige Kosten und hohe Produktivit\u00e4t<\/li>\n<\/ul>\n<p>[\/vc_column_text][vc_empty_space height=&#8221;22px&#8221;][\/vc_column][vc_column width=&#8221;1\/2&#8243;][vc_empty_space height=&#8221;52px&#8221;][vc_single_image image=&#8221;16123&#8243; img_size=&#8221;large&#8221;][elx_button button_text=&#8221;Mehr \u00fcber Mangeln erfahren&#8221; button_style=&#8221;icon-blue&#8221; button_link=&#8221;url:https%3A%2F%2Fwww.electroluxprofessional.com%2Fat%2Fwaeschereitechnik%2Fzylindermangeln%2F|target:_blank&#8221;][\/vc_column][\/vc_row][vc_row][vc_column width=&#8221;1\/2&#8243;][vc_empty_space height=&#8221;52px&#8221;][vc_single_image image=&#8221;16124&#8243; img_size=&#8221;large&#8221;][elx_button button_text=&#8221;Mehr \u00fcber W\u00e4schetrockner erfahren&#8221; button_style=&#8221;icon-blue&#8221; button_link=&#8221;url:https%3A%2F%2Fwww.electroluxprofessional.com%2Fat%2Fwaeschereitechnik%2Ftrockner%2F|target:_blank&#8221;][vc_empty_space height=&#8221;52px&#8221;][\/vc_column][vc_column width=&#8221;1\/2&#8243;][vc_empty_space height=&#8221;52px&#8221;][vc_column_text]<\/p>\n<h2>W\u00e4schetrockner<\/h2>\n<ul>\n<li>F\u00fcr jede Trockenaufgabe die passende Maschinenl\u00f6sung mit einem Beladegewicht von 6 bis 65 kg<\/li>\n<li>Optimale Trocknungszeiten, minimaler Energieverbrauch, maximale Kosteneinsparung dank optional erh\u00e4ltlicher W\u00e4rmepumpe<\/li>\n<li>Materialschonende, auf Textilanforderungen abgestimmte Trocknung<\/li>\n<\/ul>\n<p>[\/vc_column_text][\/vc_column][\/vc_row][vc_row][vc_column][vc_empty_space][elx_heading text_color=&#8221;inherit&#8221; text_align=&#8221;text-center&#8221;]Wie k\u00f6nnen wir Sie unterst\u00fctzen?[\/elx_heading][vc_empty_space][elx_o2000_contact_us s=&#8221;Anfragen Informationen: Geb\u00e4udereinigung&#8221; request_type=&#8221;Other&#8221; country=&#8221;Austria&#8221; b=&#8221;laundry&#8221; container=&#8221;elxcontactus1473161992&#8243; r=&#8221;Ich m\u00f6chte mehr \u00fcber professionelle W\u00e4schereil\u00f6sungen f\u00fcr Hotels wissen. Bitte kontaktieren Sie mich.&#8221;][vc_empty_space][\/vc_column][\/vc_row]<\/p>\n","protected":false},"excerpt":{"rendered":"<p>[vc_row full_width=&#8221;electroluxpro-full-width-no-padding&#8221; css=&#8221;.vc_custom_1663585132920{margin-top: -50px !important;}&#8221;][vc_column reveal_effect=&#8221;&#8221;][elx_step_banner background_image=&#8221;16105&#8243; media_position=&#8221;media_left&#8221; title_box=&#8221;Entspannung pur mit unseren professionellen W\u00e4schereil\u00f6sungen&#8221; text_box=&#8221;in 5-Sterne-Qualit\u00e4t&#8221;][\/vc_column][\/vc_row][vc_row][vc_column][vc_empty_space height=&#8221;50px&#8221;][\/vc_column][\/vc_row][vc_row][vc_column][elx_heading font_size=&#8221;h1&#8243; text_color=&#8221;inherit&#8221; text_align=&#8221;text-left&#8221;]Nachhaltige Profi-L\u00f6sungen f\u00fcr individuelle W\u00e4schepflege in 5-Sterne-Qualit\u00e4t[\/elx_heading][\/vc_column][\/vc_row][vc_row][vc_column width=&#8221;2\/3&#8243;][vc_empty_space][vc_column_text]Wir bieten ma\u00dfgeschneiderte W\u00e4schereil\u00f6sungen in 5-Sterne-Qualit\u00e4t an, insbesondere f\u00fcr Hotels mit hohen Qualit\u00e4tsstandards. Unsere Line 6000 umfasst professionelle Waschmaschinen, Trockner und Mangeln, die eine schnelle und effiziente Reinigung von [&hellip;]<\/p>\n","protected":false},"author":471,"featured_media":16105,"parent":3433,"menu_order":0,"comment_status":"closed","ping_status":"closed","template":"","meta":{"footnotes":""},"class_list":["post-16101","page","type-page","status-publish","has-post-thumbnail","hentry"],"acf":[],"yoast_head":"<!-- This site is optimized with the Yoast SEO plugin v23.3 - https:\/\/yoast.com\/wordpress\/plugins\/seo\/ -->\n<title>W\u00e4schereil\u00f6sungen in 5-Sterne-Qualit\u00e4t | Electrolux Professional<\/title>\n<meta name=\"description\" content=\"Erfahren Sie mehr \u00fcber die nachhaltigen Profi-L\u00f6sungen f\u00fcr individuelle W\u00e4schepflege in 5-Sterne-Qualit\u00e4t von Electrolux Professional.\" \/>\n<meta name=\"robots\" content=\"index, follow, max-snippet:-1, max-image-preview:large, max-video-preview:-1\" \/>\n<link rel=\"canonical\" href=\"https:\/\/www.electroluxprofessional.com\/at\/branchenloesungen\/hotels\/5-sterne-hotels\/\" \/>\n<meta property=\"og:locale\" content=\"de_DE\" \/>\n<meta property=\"og:type\" content=\"article\" \/>\n<meta property=\"og:title\" content=\"W\u00e4schereil\u00f6sungen in 5-Sterne-Qualit\u00e4t | Electrolux Professional\" \/>\n<meta property=\"og:description\" content=\"Erfahren Sie mehr \u00fcber die nachhaltigen Profi-L\u00f6sungen f\u00fcr individuelle W\u00e4schepflege in 5-Sterne-Qualit\u00e4t von Electrolux Professional.\" \/>\n<meta property=\"og:url\" content=\"https:\/\/www.electroluxprofessional.com\/at\/branchenloesungen\/hotels\/5-sterne-hotels\/\" \/>\n<meta property=\"og:site_name\" content=\"Electrolux Professional \u00d6sterreich\" \/>\n<meta property=\"article:modified_time\" content=\"2026-03-25T05:55:18+00:00\" \/>\n<meta property=\"og:image\" content=\"https:\/\/www.electroluxprofessional.com\/at\/wp-content\/uploads\/2023\/06\/shutterstock_1147679642_Wellness-Berge-1.jpg\" \/>\n\t<meta property=\"og:image:width\" content=\"1300\" \/>\n\t<meta property=\"og:image:height\" content=\"868\" \/>\n\t<meta property=\"og:image:type\" content=\"image\/jpeg\" \/>\n<meta name=\"twitter:card\" content=\"summary_large_image\" \/>\n<meta name=\"twitter:label1\" content=\"Gesch\u00e4tzte Lesezeit\" \/>\n\t<meta name=\"twitter:data1\" content=\"4 Minuten\" \/>\n<script type=\"application\/ld+json\" class=\"yoast-schema-graph\">{\"@context\":\"https:\/\/schema.org\",\"@graph\":[{\"@type\":\"WebPage\",\"@id\":\"https:\/\/www.electroluxprofessional.com\/at\/branchenloesungen\/hotels\/5-sterne-hotels\/\",\"url\":\"https:\/\/www.electroluxprofessional.com\/at\/branchenloesungen\/hotels\/5-sterne-hotels\/\",\"name\":\"W\u00e4schereil\u00f6sungen in 5-Sterne-Qualit\u00e4t | Electrolux Professional\",\"isPartOf\":{\"@id\":\"https:\/\/www.electroluxprofessional.com\/at\/#website\"},\"primaryImageOfPage\":{\"@id\":\"https:\/\/www.electroluxprofessional.com\/at\/branchenloesungen\/hotels\/5-sterne-hotels\/#primaryimage\"},\"image\":{\"@id\":\"https:\/\/www.electroluxprofessional.com\/at\/branchenloesungen\/hotels\/5-sterne-hotels\/#primaryimage\"},\"thumbnailUrl\":\"https:\/\/www.electroluxprofessional.com\/at\/wp-content\/uploads\/2023\/06\/shutterstock_1147679642_Wellness-Berge-1.jpg\",\"datePublished\":\"2023-06-07T08:42:47+00:00\",\"dateModified\":\"2026-03-25T05:55:18+00:00\",\"description\":\"Erfahren Sie mehr \u00fcber die nachhaltigen Profi-L\u00f6sungen f\u00fcr individuelle W\u00e4schepflege in 5-Sterne-Qualit\u00e4t von Electrolux Professional.\",\"breadcrumb\":{\"@id\":\"https:\/\/www.electroluxprofessional.com\/at\/branchenloesungen\/hotels\/5-sterne-hotels\/#breadcrumb\"},\"inLanguage\":\"de-AT\",\"potentialAction\":[{\"@type\":\"ReadAction\",\"target\":[\"https:\/\/www.electroluxprofessional.com\/at\/branchenloesungen\/hotels\/5-sterne-hotels\/\"]}]},{\"@type\":\"ImageObject\",\"inLanguage\":\"de-AT\",\"@id\":\"https:\/\/www.electroluxprofessional.com\/at\/branchenloesungen\/hotels\/5-sterne-hotels\/#primaryimage\",\"url\":\"https:\/\/www.electroluxprofessional.com\/at\/wp-content\/uploads\/2023\/06\/shutterstock_1147679642_Wellness-Berge-1.jpg\",\"contentUrl\":\"https:\/\/www.electroluxprofessional.com\/at\/wp-content\/uploads\/2023\/06\/shutterstock_1147679642_Wellness-Berge-1.jpg\",\"width\":1300,\"height\":868,\"caption\":\"W\u00e4schereil\u00f6sungen von Electrolux Professional f\u00fcr 5-Sterne Hotels\"},{\"@type\":\"BreadcrumbList\",\"@id\":\"https:\/\/www.electroluxprofessional.com\/at\/branchenloesungen\/hotels\/5-sterne-hotels\/#breadcrumb\",\"itemListElement\":[{\"@type\":\"ListItem\",\"position\":1,\"name\":\"Startseite\",\"item\":\"https:\/\/www.electroluxprofessional.com\/at\/\"},{\"@type\":\"ListItem\",\"position\":2,\"name\":\"Branchenl\u00f6sungen\",\"item\":\"https:\/\/www.electroluxprofessional.com\/at\/branchenloesungen\/\"},{\"@type\":\"ListItem\",\"position\":3,\"name\":\"Hotels\",\"item\":\"https:\/\/www.electroluxprofessional.com\/at\/branchenloesungen\/hotels\/\"},{\"@type\":\"ListItem\",\"position\":4,\"name\":\"W\u00e4schereil\u00f6sungen f\u00fcr Hotels in 5-Sterne-Qualit\u00e4t\"}]},{\"@type\":\"WebSite\",\"@id\":\"https:\/\/www.electroluxprofessional.com\/at\/#website\",\"url\":\"https:\/\/www.electroluxprofessional.com\/at\/\",\"name\":\"Electrolux Professional \u00d6sterreich\",\"description\":\"\",\"potentialAction\":[{\"@type\":\"SearchAction\",\"target\":{\"@type\":\"EntryPoint\",\"urlTemplate\":\"https:\/\/www.electroluxprofessional.com\/at\/?src={search_term_string}\"},\"query-input\":\"required name=search_term_string\"}],\"inLanguage\":\"de-AT\"}]}<\/script>\n<!-- \/ Yoast SEO plugin. -->","yoast_head_json":{"title":"W\u00e4schereil\u00f6sungen in 5-Sterne-Qualit\u00e4t | Electrolux Professional","description":"Erfahren Sie mehr \u00fcber die nachhaltigen Profi-L\u00f6sungen f\u00fcr individuelle W\u00e4schepflege in 5-Sterne-Qualit\u00e4t von Electrolux Professional.","robots":{"index":"index","follow":"follow","max-snippet":"max-snippet:-1","max-image-preview":"max-image-preview:large","max-video-preview":"max-video-preview:-1"},"canonical":"https:\/\/www.electroluxprofessional.com\/at\/branchenloesungen\/hotels\/5-sterne-hotels\/","og_locale":"de_DE","og_type":"article","og_title":"W\u00e4schereil\u00f6sungen in 5-Sterne-Qualit\u00e4t | Electrolux Professional","og_description":"Erfahren Sie mehr \u00fcber die nachhaltigen Profi-L\u00f6sungen f\u00fcr individuelle W\u00e4schepflege in 5-Sterne-Qualit\u00e4t von Electrolux Professional.","og_url":"https:\/\/www.electroluxprofessional.com\/at\/branchenloesungen\/hotels\/5-sterne-hotels\/","og_site_name":"Electrolux Professional \u00d6sterreich","article_modified_time":"2026-03-25T05:55:18+00:00","og_image":[{"width":1300,"height":868,"url":"https:\/\/www.electroluxprofessional.com\/at\/wp-content\/uploads\/2023\/06\/shutterstock_1147679642_Wellness-Berge-1.jpg","type":"image\/jpeg"}],"twitter_card":"summary_large_image","twitter_misc":{"Gesch\u00e4tzte Lesezeit":"4 Minuten"},"schema":{"@context":"https:\/\/schema.org","@graph":[{"@type":"WebPage","@id":"https:\/\/www.electroluxprofessional.com\/at\/branchenloesungen\/hotels\/5-sterne-hotels\/","url":"https:\/\/www.electroluxprofessional.com\/at\/branchenloesungen\/hotels\/5-sterne-hotels\/","name":"W\u00e4schereil\u00f6sungen in 5-Sterne-Qualit\u00e4t | Electrolux Professional","isPartOf":{"@id":"https:\/\/www.electroluxprofessional.com\/at\/#website"},"primaryImageOfPage":{"@id":"https:\/\/www.electroluxprofessional.com\/at\/branchenloesungen\/hotels\/5-sterne-hotels\/#primaryimage"},"image":{"@id":"https:\/\/www.electroluxprofessional.com\/at\/branchenloesungen\/hotels\/5-sterne-hotels\/#primaryimage"},"thumbnailUrl":"https:\/\/www.electroluxprofessional.com\/at\/wp-content\/uploads\/2023\/06\/shutterstock_1147679642_Wellness-Berge-1.jpg","datePublished":"2023-06-07T08:42:47+00:00","dateModified":"2026-03-25T05:55:18+00:00","description":"Erfahren Sie mehr \u00fcber die nachhaltigen Profi-L\u00f6sungen f\u00fcr individuelle W\u00e4schepflege in 5-Sterne-Qualit\u00e4t von Electrolux Professional.","breadcrumb":{"@id":"https:\/\/www.electroluxprofessional.com\/at\/branchenloesungen\/hotels\/5-sterne-hotels\/#breadcrumb"},"inLanguage":"de-AT","potentialAction":[{"@type":"ReadAction","target":["https:\/\/www.electroluxprofessional.com\/at\/branchenloesungen\/hotels\/5-sterne-hotels\/"]}]},{"@type":"ImageObject","inLanguage":"de-AT","@id":"https:\/\/www.electroluxprofessional.com\/at\/branchenloesungen\/hotels\/5-sterne-hotels\/#primaryimage","url":"https:\/\/www.electroluxprofessional.com\/at\/wp-content\/uploads\/2023\/06\/shutterstock_1147679642_Wellness-Berge-1.jpg","contentUrl":"https:\/\/www.electroluxprofessional.com\/at\/wp-content\/uploads\/2023\/06\/shutterstock_1147679642_Wellness-Berge-1.jpg","width":1300,"height":868,"caption":"W\u00e4schereil\u00f6sungen von Electrolux Professional f\u00fcr 5-Sterne Hotels"},{"@type":"BreadcrumbList","@id":"https:\/\/www.electroluxprofessional.com\/at\/branchenloesungen\/hotels\/5-sterne-hotels\/#breadcrumb","itemListElement":[{"@type":"ListItem","position":1,"name":"Startseite","item":"https:\/\/www.electroluxprofessional.com\/at\/"},{"@type":"ListItem","position":2,"name":"Branchenl\u00f6sungen","item":"https:\/\/www.electroluxprofessional.com\/at\/branchenloesungen\/"},{"@type":"ListItem","position":3,"name":"Hotels","item":"https:\/\/www.electroluxprofessional.com\/at\/branchenloesungen\/hotels\/"},{"@type":"ListItem","position":4,"name":"W\u00e4schereil\u00f6sungen f\u00fcr Hotels in 5-Sterne-Qualit\u00e4t"}]},{"@type":"WebSite","@id":"https:\/\/www.electroluxprofessional.com\/at\/#website","url":"https:\/\/www.electroluxprofessional.com\/at\/","name":"Electrolux Professional \u00d6sterreich","description":"","potentialAction":[{"@type":"SearchAction","target":{"@type":"EntryPoint","urlTemplate":"https:\/\/www.electroluxprofessional.com\/at\/?src={search_term_string}"},"query-input":"required name=search_term_string"}],"inLanguage":"de-AT"}]}},"_links":{"self":[{"href":"https:\/\/www.electroluxprofessional.com\/at\/wp-json\/wp\/v2\/pages\/16101"}],"collection":[{"href":"https:\/\/www.electroluxprofessional.com\/at\/wp-json\/wp\/v2\/pages"}],"about":[{"href":"https:\/\/www.electroluxprofessional.com\/at\/wp-json\/wp\/v2\/types\/page"}],"author":[{"embeddable":true,"href":"https:\/\/www.electroluxprofessional.com\/at\/wp-json\/wp\/v2\/users\/471"}],"replies":[{"embeddable":true,"href":"https:\/\/www.electroluxprofessional.com\/at\/wp-json\/wp\/v2\/comments?post=16101"}],"version-history":[{"count":24,"href":"https:\/\/www.electroluxprofessional.com\/at\/wp-json\/wp\/v2\/pages\/16101\/revisions"}],"predecessor-version":[{"id":21649,"href":"https:\/\/www.electroluxprofessional.com\/at\/wp-json\/wp\/v2\/pages\/16101\/revisions\/21649"}],"up":[{"embeddable":true,"href":"https:\/\/www.electroluxprofessional.com\/at\/wp-json\/wp\/v2\/pages\/3433"}],"wp:featuredmedia":[{"embeddable":true,"href":"https:\/\/www.electroluxprofessional.com\/at\/wp-json\/wp\/v2\/media\/16105"}],"wp:attachment":[{"href":"https:\/\/www.electroluxprofessional.com\/at\/wp-json\/wp\/v2\/media?parent=16101"}],"curies":[{"name":"wp","href":"https:\/\/api.w.org\/{rel}","templated":true}]}}