{"id":1600,"date":"2016-11-22T12:54:25","date_gmt":"2016-11-22T12:54:25","guid":{"rendered":"https:\/\/www.electroluxprofessional.com\/?page_id=5661"},"modified":"2024-05-02T14:08:34","modified_gmt":"2024-05-02T13:08:34","slug":"kochkessel-bratpfannen","status":"publish","type":"page","link":"https:\/\/www.electroluxprofessional.com\/at\/grosskuechentechnik\/kochkessel-bratpfannen\/","title":{"rendered":"Kochkessel und Bratpfannen"},"content":{"rendered":"<p>[vc_row full_width=&#8221;electroluxpro-full-width-no-padding&#8221;][vc_column][elx_hero_slider text_position=&#8221;hero_slider_text_align_right&#8221; label_text_color=&#8221;inherit&#8221; images=&#8221;1599&#8243;][elx_heading font_container=&#8221;h1&#8243; font_size=&#8221;h2&#8243; text_color=&#8221;inherit&#8221;]Kochkessel und Bratpfannen[\/elx_heading][\/elx_hero_slider][\/vc_column][\/vc_row][vc_row][vc_column width=&#8221;1\/3&#8243;][elx_maylike_box id_box=&#8221;1595&#8243;][\/vc_column][vc_column width=&#8221;1\/3&#8243;][elx_maylike_box id_box=&#8221;724&#8243;][\/vc_column][vc_column width=&#8221;1\/3&#8243;][elx_maylike_box id_box=&#8221;330&#8243;][\/vc_column][\/vc_row][vc_row][vc_column][vc_empty_space height=&#8221;50px&#8221;][\/vc_column][\/vc_row][vc_row][vc_column][elx_heading font_size=&#8221;h3&#8243; text_color=&#8221;inherit&#8221; text_align=&#8221;text-center&#8221;]Finden Sie die ideale L\u00f6sung f\u00fcr Ihr Business[\/elx_heading][\/vc_column][\/vc_row][vc_row][vc_column width=&#8221;1\/3&#8243;][elx_maylike_box id_box=&#8221;374&#8243;][\/vc_column][vc_column width=&#8221;1\/3&#8243;][elx_maylike_box id_box=&#8221;337&#8243;][\/vc_column][vc_column width=&#8221;1\/3&#8243;][elx_maylike_box id_box=&#8221;1485&#8243;][\/vc_column][\/vc_row][vc_row][vc_column][vc_empty_space height=&#8221;50px&#8221;][\/vc_column][\/vc_row][vc_row][vc_column][elx_heading font_size=&#8221;h2&#8243; text_color=&#8221;inherit&#8221;]Finden Sie heraus, was wir f\u00fcr Sie tun k\u00f6nnen[\/elx_heading][elx_o2000_contact_us r=&#8221;Ich w\u00fcrde gerne mehr \u00fcber Kochkessel und Bratpfannen erfahren. Bitte kontaktieren Sie mich.&#8221; s=&#8221;Anfrage bez\u00fcglich Kochkessel und Bratpfannen&#8221; country=&#8221;Germany&#8221; l=&#8221;de&#8221; container=&#8221;elxcontactus1479898176&#8243;][vc_empty_space height=&#8221;50px&#8221;][\/vc_column][\/vc_row]<\/p>\n","protected":false},"excerpt":{"rendered":"<p>[vc_row full_width=&#8221;electroluxpro-full-width-no-padding&#8221;][vc_column][elx_hero_slider text_position=&#8221;hero_slider_text_align_right&#8221; label_text_color=&#8221;inherit&#8221; images=&#8221;1599&#8243;][elx_heading font_container=&#8221;h1&#8243; font_size=&#8221;h2&#8243; text_color=&#8221;inherit&#8221;]Kochkessel und Bratpfannen[\/elx_heading][\/elx_hero_slider][\/vc_column][\/vc_row][vc_row][vc_column width=&#8221;1\/3&#8243;][elx_maylike_box id_box=&#8221;1595&#8243;][\/vc_column][vc_column width=&#8221;1\/3&#8243;][elx_maylike_box id_box=&#8221;724&#8243;][\/vc_column][vc_column width=&#8221;1\/3&#8243;][elx_maylike_box id_box=&#8221;330&#8243;][\/vc_column][\/vc_row][vc_row][vc_column][vc_empty_space height=&#8221;50px&#8221;][\/vc_column][\/vc_row][vc_row][vc_column][elx_heading font_size=&#8221;h3&#8243; text_color=&#8221;inherit&#8221; text_align=&#8221;text-center&#8221;]Finden Sie die ideale L\u00f6sung f\u00fcr Ihr Business[\/elx_heading][\/vc_column][\/vc_row][vc_row][vc_column width=&#8221;1\/3&#8243;][elx_maylike_box id_box=&#8221;374&#8243;][\/vc_column][vc_column width=&#8221;1\/3&#8243;][elx_maylike_box id_box=&#8221;337&#8243;][\/vc_column][vc_column width=&#8221;1\/3&#8243;][elx_maylike_box id_box=&#8221;1485&#8243;][\/vc_column][\/vc_row][vc_row][vc_column][vc_empty_space height=&#8221;50px&#8221;][\/vc_column][\/vc_row][vc_row][vc_column][elx_heading font_size=&#8221;h2&#8243; text_color=&#8221;inherit&#8221;]Finden Sie heraus, was wir f\u00fcr Sie tun k\u00f6nnen[\/elx_heading][elx_o2000_contact_us r=&#8221;Ich w\u00fcrde gerne mehr \u00fcber Kochkessel und Bratpfannen erfahren. Bitte kontaktieren [&hellip;]<\/p>\n","protected":false},"author":5,"featured_media":0,"parent":731,"menu_order":0,"comment_status":"closed","ping_status":"closed","template":"","meta":{"footnotes":""},"class_list":["post-1600","page","type-page","status-publish","hentry"],"acf":[],"yoast_head":"<!-- This site is optimized with the Yoast SEO plugin v23.3 - https:\/\/yoast.com\/wordpress\/plugins\/seo\/ -->\n<title>Kochkessel und Bratpfannen | Electrolux Professional<\/title>\n<meta name=\"description\" content=\"thermaline ProThermetic Kochkessel und Bratpfannen entsprechen den hohen Anforderungen von Hotels, Krankenh\u00e4usern und Zentralk\u00fcchen.\" \/>\n<meta name=\"robots\" content=\"index, follow, max-snippet:-1, max-image-preview:large, max-video-preview:-1\" \/>\n<link rel=\"canonical\" href=\"https:\/\/www.electroluxprofessional.com\/at\/grosskuechentechnik\/kochkessel-bratpfannen\/\" \/>\n<meta property=\"og:locale\" content=\"de_DE\" \/>\n<meta property=\"og:type\" content=\"article\" \/>\n<meta property=\"og:title\" content=\"Kochkessel und Bratpfannen | Electrolux Professional\" \/>\n<meta property=\"og:description\" content=\"thermaline ProThermetic Kochkessel und Bratpfannen entsprechen den hohen Anforderungen von Hotels, Krankenh\u00e4usern und Zentralk\u00fcchen.\" \/>\n<meta property=\"og:url\" content=\"https:\/\/www.electroluxprofessional.com\/at\/grosskuechentechnik\/kochkessel-bratpfannen\/\" \/>\n<meta property=\"og:site_name\" content=\"Electrolux Professional \u00d6sterreich\" \/>\n<meta property=\"article:modified_time\" content=\"2024-05-02T13:08:34+00:00\" \/>\n<meta name=\"twitter:card\" content=\"summary_large_image\" \/>\n<meta name=\"twitter:label1\" content=\"Gesch\u00e4tzte Lesezeit\" \/>\n\t<meta name=\"twitter:data1\" content=\"1 Minute\" \/>\n<script type=\"application\/ld+json\" class=\"yoast-schema-graph\">{\"@context\":\"https:\/\/schema.org\",\"@graph\":[{\"@type\":\"WebPage\",\"@id\":\"https:\/\/www.electroluxprofessional.com\/at\/grosskuechentechnik\/kochkessel-bratpfannen\/\",\"url\":\"https:\/\/www.electroluxprofessional.com\/at\/grosskuechentechnik\/kochkessel-bratpfannen\/\",\"name\":\"Kochkessel und Bratpfannen | Electrolux Professional\",\"isPartOf\":{\"@id\":\"https:\/\/www.electroluxprofessional.com\/at\/#website\"},\"datePublished\":\"2016-11-22T12:54:25+00:00\",\"dateModified\":\"2024-05-02T13:08:34+00:00\",\"description\":\"thermaline ProThermetic Kochkessel und Bratpfannen entsprechen den hohen Anforderungen von Hotels, Krankenh\u00e4usern und Zentralk\u00fcchen.\",\"breadcrumb\":{\"@id\":\"https:\/\/www.electroluxprofessional.com\/at\/grosskuechentechnik\/kochkessel-bratpfannen\/#breadcrumb\"},\"inLanguage\":\"de-AT\",\"potentialAction\":[{\"@type\":\"ReadAction\",\"target\":[\"https:\/\/www.electroluxprofessional.com\/at\/grosskuechentechnik\/kochkessel-bratpfannen\/\"]}]},{\"@type\":\"BreadcrumbList\",\"@id\":\"https:\/\/www.electroluxprofessional.com\/at\/grosskuechentechnik\/kochkessel-bratpfannen\/#breadcrumb\",\"itemListElement\":[{\"@type\":\"ListItem\",\"position\":1,\"name\":\"Startseite\",\"item\":\"https:\/\/www.electroluxprofessional.com\/at\/\"},{\"@type\":\"ListItem\",\"position\":2,\"name\":\"Gro\u00dfk\u00fcchentechnik\",\"item\":\"https:\/\/www.electroluxprofessional.com\/at\/grosskuechentechnik\/\"},{\"@type\":\"ListItem\",\"position\":3,\"name\":\"Kochkessel und Bratpfannen\"}]},{\"@type\":\"WebSite\",\"@id\":\"https:\/\/www.electroluxprofessional.com\/at\/#website\",\"url\":\"https:\/\/www.electroluxprofessional.com\/at\/\",\"name\":\"Electrolux Professional \u00d6sterreich\",\"description\":\"\",\"potentialAction\":[{\"@type\":\"SearchAction\",\"target\":{\"@type\":\"EntryPoint\",\"urlTemplate\":\"https:\/\/www.electroluxprofessional.com\/at\/?src={search_term_string}\"},\"query-input\":\"required name=search_term_string\"}],\"inLanguage\":\"de-AT\"}]}<\/script>\n<!-- \/ Yoast SEO plugin. -->","yoast_head_json":{"title":"Kochkessel und Bratpfannen | Electrolux Professional","description":"thermaline ProThermetic Kochkessel und Bratpfannen entsprechen den hohen Anforderungen von Hotels, Krankenh\u00e4usern und Zentralk\u00fcchen.","robots":{"index":"index","follow":"follow","max-snippet":"max-snippet:-1","max-image-preview":"max-image-preview:large","max-video-preview":"max-video-preview:-1"},"canonical":"https:\/\/www.electroluxprofessional.com\/at\/grosskuechentechnik\/kochkessel-bratpfannen\/","og_locale":"de_DE","og_type":"article","og_title":"Kochkessel und Bratpfannen | Electrolux Professional","og_description":"thermaline ProThermetic Kochkessel und Bratpfannen entsprechen den hohen Anforderungen von Hotels, Krankenh\u00e4usern und Zentralk\u00fcchen.","og_url":"https:\/\/www.electroluxprofessional.com\/at\/grosskuechentechnik\/kochkessel-bratpfannen\/","og_site_name":"Electrolux Professional \u00d6sterreich","article_modified_time":"2024-05-02T13:08:34+00:00","twitter_card":"summary_large_image","twitter_misc":{"Gesch\u00e4tzte Lesezeit":"1 Minute"},"schema":{"@context":"https:\/\/schema.org","@graph":[{"@type":"WebPage","@id":"https:\/\/www.electroluxprofessional.com\/at\/grosskuechentechnik\/kochkessel-bratpfannen\/","url":"https:\/\/www.electroluxprofessional.com\/at\/grosskuechentechnik\/kochkessel-bratpfannen\/","name":"Kochkessel und Bratpfannen | Electrolux Professional","isPartOf":{"@id":"https:\/\/www.electroluxprofessional.com\/at\/#website"},"datePublished":"2016-11-22T12:54:25+00:00","dateModified":"2024-05-02T13:08:34+00:00","description":"thermaline ProThermetic Kochkessel und Bratpfannen entsprechen den hohen Anforderungen von Hotels, Krankenh\u00e4usern und Zentralk\u00fcchen.","breadcrumb":{"@id":"https:\/\/www.electroluxprofessional.com\/at\/grosskuechentechnik\/kochkessel-bratpfannen\/#breadcrumb"},"inLanguage":"de-AT","potentialAction":[{"@type":"ReadAction","target":["https:\/\/www.electroluxprofessional.com\/at\/grosskuechentechnik\/kochkessel-bratpfannen\/"]}]},{"@type":"BreadcrumbList","@id":"https:\/\/www.electroluxprofessional.com\/at\/grosskuechentechnik\/kochkessel-bratpfannen\/#breadcrumb","itemListElement":[{"@type":"ListItem","position":1,"name":"Startseite","item":"https:\/\/www.electroluxprofessional.com\/at\/"},{"@type":"ListItem","position":2,"name":"Gro\u00dfk\u00fcchentechnik","item":"https:\/\/www.electroluxprofessional.com\/at\/grosskuechentechnik\/"},{"@type":"ListItem","position":3,"name":"Kochkessel und Bratpfannen"}]},{"@type":"WebSite","@id":"https:\/\/www.electroluxprofessional.com\/at\/#website","url":"https:\/\/www.electroluxprofessional.com\/at\/","name":"Electrolux Professional \u00d6sterreich","description":"","potentialAction":[{"@type":"SearchAction","target":{"@type":"EntryPoint","urlTemplate":"https:\/\/www.electroluxprofessional.com\/at\/?src={search_term_string}"},"query-input":"required name=search_term_string"}],"inLanguage":"de-AT"}]}},"_links":{"self":[{"href":"https:\/\/www.electroluxprofessional.com\/at\/wp-json\/wp\/v2\/pages\/1600"}],"collection":[{"href":"https:\/\/www.electroluxprofessional.com\/at\/wp-json\/wp\/v2\/pages"}],"about":[{"href":"https:\/\/www.electroluxprofessional.com\/at\/wp-json\/wp\/v2\/types\/page"}],"author":[{"embeddable":true,"href":"https:\/\/www.electroluxprofessional.com\/at\/wp-json\/wp\/v2\/users\/5"}],"replies":[{"embeddable":true,"href":"https:\/\/www.electroluxprofessional.com\/at\/wp-json\/wp\/v2\/comments?post=1600"}],"version-history":[{"count":3,"href":"https:\/\/www.electroluxprofessional.com\/at\/wp-json\/wp\/v2\/pages\/1600\/revisions"}],"predecessor-version":[{"id":18418,"href":"https:\/\/www.electroluxprofessional.com\/at\/wp-json\/wp\/v2\/pages\/1600\/revisions\/18418"}],"up":[{"embeddable":true,"href":"https:\/\/www.electroluxprofessional.com\/at\/wp-json\/wp\/v2\/pages\/731"}],"wp:attachment":[{"href":"https:\/\/www.electroluxprofessional.com\/at\/wp-json\/wp\/v2\/media?parent=1600"}],"curies":[{"name":"wp","href":"https:\/\/api.w.org\/{rel}","templated":true}]}}