{"id":15616,"date":"2023-05-15T09:59:29","date_gmt":"2023-05-15T08:59:29","guid":{"rendered":"https:\/\/www.electroluxprofessional.com\/at\/?page_id=15616"},"modified":"2025-06-18T07:46:05","modified_gmt":"2025-06-18T06:46:05","slug":"lieferfaehigkeit-skyline","status":"publish","type":"page","link":"https:\/\/www.electroluxprofessional.com\/at\/lieferfaehigkeit-skyline\/","title":{"rendered":"FAST RUNNER &#8211; SkyLine"},"content":{"rendered":"<p>[vc_row full_width=&#8221;electroluxpro-full-width-no-padding&#8221;][vc_column css=&#8221;.vc_custom_1618358802266{margin-top: -40px !important;border-top-width: -40px !important;padding-top: -40px !important;}&#8221;][elx_full_banner title=&#8221;FAST RUNNER&#8221; set_as_h1=&#8221;true&#8221; background_image_media_library=&#8221;15615&#8243; background_image_media_library_mobile=&#8221;48826&#8243; link=&#8221;url:%23contact|title:Heute%20bestellt%20-%20morgen%20auf%20dem%20Weg&#8221;][\/vc_column][\/vc_row][vc_row][vc_column][elx_menu menu_name=&#8221;Fast Runner Food 2023&#8243;][\/vc_column][\/vc_row][vc_row][vc_column][vc_column_text]<\/p>\n<h3 style=\"text-align: center;\"><span class=\"ui-provider gp b c d e f g h i j k l m n o p q r s t u v w x y z ab ac ae af ag ah ai aj ak\" dir=\"ltr\">Schnelle Lieferf\u00e4higkeit ist in vielen Situationen das A&amp;O.<\/span><\/h3>\n<p style=\"text-align: center;\">Ab sofort sind unsere beliebtesten Produkte aus den Bereichen Kombid\u00e4mpfer,<br \/>\nSp\u00fclmaschinen, K\u00fchltechnik und modularer Kochtechnik im Lager verf\u00fcgbar.<\/p>\n<p>[\/vc_column_text][vc_empty_space][vc_row_inner][vc_column_inner][elx_button button_text=&#8221;Erfahren Sie mehr \u00fcber SkyLine Kombid\u00e4mpfer&#8221; button_display_block=&#8221;display_block_on&#8221; button_alignment=&#8221;align_center&#8221; button_link=&#8221;url:https%3A%2F%2Fwww.electroluxprofessional.com%2Fat%2Fgrosskuechentechnik%2Fkombidaempfer%2F|target:_blank&#8221;][\/vc_column_inner][\/vc_row_inner][vc_empty_space height=&#8221;62px&#8221;][\/vc_column][\/vc_row][vc_row][vc_column width=&#8221;1\/3&#8243;][vc_single_image image=&#8221;18468&#8243; img_size=&#8221;medium&#8221; alignment=&#8221;center&#8221; css_animation=&#8221;none&#8221;][elx_heading font_size=&#8221;h5&#8243; text_color=&#8221;inherit&#8221; text_align=&#8221;text-center&#8221;]SkyLine Pro Kombid\u00e4mpfer[\/elx_heading][vc_column_text]<\/p>\n<p style=\"text-align: center;\">Dampferzeugung im Garraum<br \/>\n6 GN 1\/1, Elektro[\/vc_column_text][elx_heading font_container=&#8221;h6&#8243; font_size=&#8221;h6&#8243; text_color=&#8221;inherit&#8221; text_align=&#8221;text-center&#8221;]Art.-Nr. 217920[\/elx_heading][elx_button button_text=&#8221;Mehr erfahren&#8221; button_style=&#8221;default&#8221; button_display_block=&#8221;display_block_on&#8221; button_alignment=&#8221;align_center&#8221; button_link=&#8221;url:https%3A%2F%2Fwww.electroluxprofessional.com%2Fat%2Fpd%2Fcook-chill%2Fskyline-pro-hei%25C3%259Fluftd%25C3%25A4mpfer%2Fskyline-pro-hei%25C3%259Fluftd%25C3%25A4mpfer-elektro%2Fskyline-pro-6&#215;1-1-elektro%2Fskyline-pro-skyline-pro-heissluftofen-direkteinspritzung-ohne-boiler6-gn-1-1-elektro-230v-217920%2F|target:_blank&#8221;][\/vc_column][vc_column width=&#8221;1\/3&#8243;][vc_single_image image=&#8221;18469&#8243; img_size=&#8221;medium&#8221; alignment=&#8221;center&#8221; css_animation=&#8221;none&#8221;][elx_heading font_size=&#8221;h5&#8243; text_color=&#8221;inherit&#8221; text_align=&#8221;text-center&#8221;]SkyLine Pro Kombid\u00e4mpfer[\/elx_heading][vc_column_text]<\/p>\n<p style=\"text-align: center;\">Dampferzeugung im Garraum<br \/>\n10 GN 1\/1, Elektro[\/vc_column_text][elx_heading font_container=&#8221;h6&#8243; font_size=&#8221;h6&#8243; text_color=&#8221;inherit&#8221; text_align=&#8221;text-center&#8221;]Art.-Nr. 217922[\/elx_heading][elx_button button_text=&#8221;Mehr erfahren&#8221; button_style=&#8221;default&#8221; button_display_block=&#8221;display_block_on&#8221; button_alignment=&#8221;align_center&#8221; button_link=&#8221;url:https%3A%2F%2Fwww.electroluxprofessional.com%2Fat%2Fpd%2Fcook-chill%2Fskyline-pro-hei%25C3%259Fluftd%25C3%25A4mpfer%2Fskyline-pro-hei%25C3%259Fluftd%25C3%25A4mpfer-elektro%2Fskyline-pro-10&#215;1-1-elektro%2Fskyline-pro-skyline-pro-heissluftofen-direkteinspritzung-ohne-boiler10-gn-1-1-elektro-230v-217922%2F|target:_blank&#8221;][vc_empty_space height=&#8221;100px&#8221;][vc_empty_space height=&#8221;10px&#8221;][\/vc_column][vc_column width=&#8221;1\/3&#8243;][vc_single_image image=&#8221;16425&#8243; img_size=&#8221;medium&#8221; alignment=&#8221;center&#8221; css_animation=&#8221;none&#8221;][elx_heading font_size=&#8221;h5&#8243; text_color=&#8221;inherit&#8221; text_align=&#8221;text-center&#8221;]SkyLine Pro<sup>s<\/sup> Kombid\u00e4mpfer[\/elx_heading][vc_column_text]<\/p>\n<p style=\"text-align: center;\">Dampferzeugung im Garraum<br \/>\n6 GN 1\/1, Elektro[\/vc_column_text][elx_heading font_container=&#8221;h6&#8243; font_size=&#8221;h6&#8243; text_color=&#8221;inherit&#8221; text_align=&#8221;text-center&#8221;]Art.-Nr. 217620[\/elx_heading][elx_button button_text=&#8221;Mehr erfahren&#8221; button_style=&#8221;default&#8221; button_display_block=&#8221;display_block_on&#8221; button_alignment=&#8221;align_center&#8221; button_link=&#8221;url:https%3A%2F%2Fwww.electroluxprofessional.com%2Fat%2Fpd%2Fcook-chill%2Fskyline-pros-hei%25C3%259Fluftd%25C3%25A4mpfer%2Fskyline-pros-heissluftd%25C3%25A4mpfer-elektro%2Fskyline-pros-6&#215;1-1-elektro%2Fskyline-pros-skyline-pro-s-heissluftofen-direkteinspritzung-ohne-boiler6-gn-1-1-elektro-230v-217620%2F|target:_blank&#8221;][vc_empty_space height=&#8221;10px&#8221;][vc_empty_space height=&#8221;10px&#8221;][\/vc_column][\/vc_row][vc_row][vc_column width=&#8221;1\/3&#8243;][vc_single_image image=&#8221;18470&#8243; img_size=&#8221;medium&#8221; alignment=&#8221;center&#8221; css_animation=&#8221;none&#8221;][elx_heading font_size=&#8221;h5&#8243; text_color=&#8221;inherit&#8221; text_align=&#8221;text-center&#8221;]SkyLine Pro<sup>s<\/sup> Kombid\u00e4mpfer[\/elx_heading][vc_column_text]<\/p>\n<p style=\"text-align: center;\">Dampferzeugung im Garraum<br \/>\n10 GN 1\/1, Elektro[\/vc_column_text][elx_heading font_container=&#8221;h6&#8243; font_size=&#8221;h6&#8243; text_color=&#8221;inherit&#8221; text_align=&#8221;text-center&#8221;]Art.-Nr. 217622[\/elx_heading][elx_button button_text=&#8221;Mehr erfahren&#8221; button_style=&#8221;default&#8221; button_display_block=&#8221;display_block_on&#8221; button_alignment=&#8221;align_center&#8221; button_link=&#8221;url:https%3A%2F%2Fwww.electroluxprofessional.com%2Fat%2Fpd%2Fcook-chill%2Fskyline-pros-hei%25C3%259Fluftd%25C3%25A4mpfer%2Fskyline-pros-heissluftd%25C3%25A4mpfer-elektro%2Fskyline-pros-10&#215;1-1-elektro%2Fskyline-pros-skyline-pro-s-heissluftofen-direkteinspritzung-ohne-boiler10-gn-1-1-elektro-230v-217622%2F|target:_blank&#8221;][\/vc_column][vc_column width=&#8221;1\/3&#8243;][vc_empty_space height=&#8221;12px&#8221;][vc_single_image image=&#8221;16423&#8243; img_size=&#8221;medium&#8221; alignment=&#8221;center&#8221; css_animation=&#8221;none&#8221;][elx_heading font_size=&#8221;h5&#8243; text_color=&#8221;inherit&#8221; text_align=&#8221;text-center&#8221;]SkyLine Premium Kombid\u00e4mpfer[\/elx_heading][vc_column_text]<\/p>\n<p style=\"text-align: center;\">Mit Boiler und digitaler Steuerung<br \/>\n6 GN 1\/1, Elektro[\/vc_column_text][elx_heading font_container=&#8221;h6&#8243; font_size=&#8221;h6&#8243; text_color=&#8221;inherit&#8221; text_align=&#8221;text-center&#8221;]Art.-Nr. 217820[\/elx_heading][elx_button button_text=&#8221;Mehr erfahren&#8221; button_style=&#8221;default&#8221; button_display_block=&#8221;display_block_on&#8221; button_alignment=&#8221;align_center&#8221; button_link=&#8221;url:https%3A%2F%2Fwww.electroluxprofessional.com%2Fat%2Fpd%2Fcook-chill%2Fskyline-premium-hei%25C3%259Fluftd%25C3%25A4mpfer%2Fskyline-premium-hei%25C3%259Fluftd%25C3%25A4mpferelektro%2Fskyline-premium-6&#215;1-1-elektro%2Fskyline-premium-skyline-premium-ofen-6-gn-1-1-elektro-217820%2F|target:_blank&#8221;][vc_empty_space height=&#8221;100px&#8221;][\/vc_column][vc_column width=&#8221;1\/3&#8243;][vc_single_image image=&#8221;18471&#8243; img_size=&#8221;medium&#8221; alignment=&#8221;center&#8221; css_animation=&#8221;none&#8221;][elx_heading font_size=&#8221;h5&#8243; text_color=&#8221;inherit&#8221; text_align=&#8221;text-center&#8221;]SkyLine Premium Kombid\u00e4mpfer[\/elx_heading][vc_column_text]<\/p>\n<p style=\"text-align: center;\">Mit Boiler und digitaler Steuerung<br \/>\n10 GN 1\/1[\/vc_column_text][elx_heading font_container=&#8221;h6&#8243; font_size=&#8221;h6&#8243; text_color=&#8221;inherit&#8221; text_align=&#8221;text-center&#8221;]Art.-Nr. 217822 (Elektro)<br \/>\nArt.-Nr. 217882 (Gas)[\/elx_heading][elx_button button_text=&#8221;Mehr erfahren&#8221; button_style=&#8221;default&#8221; button_display_block=&#8221;display_block_on&#8221; button_alignment=&#8221;align_center&#8221; button_link=&#8221;url:https%3A%2F%2Fwww.electroluxprofessional.com%2Fat%2Fpd%2Fcook-chill%2Fskyline-premium-hei%25C3%259Fluftd%25C3%25A4mpfer%2Fskyline-premium-hei%25C3%259Fluftd%25C3%25A4mpferelektro%2Fskyline-premium-10&#215;1-1-elektro%2Fskyline-premium-skyline-premium-ofen-10-gn-1-1-elektro-217822%2F|target:_blank&#8221;][vc_empty_space height=&#8221;10px&#8221;][vc_empty_space height=&#8221;10px&#8221;][\/vc_column][\/vc_row][vc_row][vc_column width=&#8221;1\/3&#8243;][vc_single_image image=&#8221;16420&#8243; img_size=&#8221;medium&#8221; alignment=&#8221;center&#8221; css_animation=&#8221;none&#8221;][elx_heading font_size=&#8221;h5&#8243; text_color=&#8221;inherit&#8221; text_align=&#8221;text-center&#8221;]SkyLine Premium<sup>s<\/sup> Kombid\u00e4mpfer[\/elx_heading][vc_column_text]<\/p>\n<p style=\"text-align: center;\">Mit Boiler und Touchscreen<br \/>\n6 GN 1\/1[\/vc_column_text][elx_heading font_container=&#8221;h6&#8243; font_size=&#8221;h6&#8243; text_color=&#8221;inherit&#8221; text_align=&#8221;text-center&#8221;]Art.-Nr. 217720 (Elektro)<br \/>\nArt.-Nr. 217780 (Gas)[\/elx_heading][elx_button button_text=&#8221;Mehr erfahren&#8221; button_style=&#8221;default&#8221; button_display_block=&#8221;display_block_on&#8221; button_alignment=&#8221;align_center&#8221; button_link=&#8221;url:https%3A%2F%2Fwww.electroluxprofessional.com%2Fat%2Fpd%2Fcook-chill%2Fskyline-premiums-hei%25C3%259Fluftd%25C3%25A4mpfer%2Fskyline-premiums-hei%25C3%259Fluftd%25C3%25A4mpferelektro%2Fskyline-premiums-6&#215;1-1-elektro%2Fskyline-premium-s-skyline-premiums-skyline-premium-s-ofen-6gn1-1-elektro-217720%2F|target:_blank&#8221;][vc_empty_space height=&#8221;10px&#8221;][vc_empty_space height=&#8221;10px&#8221;][vc_empty_space height=&#8221;10px&#8221;][\/vc_column][vc_column width=&#8221;1\/3&#8243;][vc_single_image image=&#8221;16422&#8243; img_size=&#8221;medium&#8221; alignment=&#8221;center&#8221; css_animation=&#8221;none&#8221;][elx_heading font_size=&#8221;h5&#8243; text_color=&#8221;inherit&#8221; text_align=&#8221;text-center&#8221;]SkyLine Premium<sup>s<\/sup> Kombid\u00e4mpfer[\/elx_heading][vc_column_text]<\/p>\n<p style=\"text-align: center;\">Mit Boiler und Touchscreen<br \/>\n10 GN 1\/1[\/vc_column_text][elx_heading font_container=&#8221;h6&#8243; font_size=&#8221;h6&#8243; text_color=&#8221;inherit&#8221; text_align=&#8221;text-center&#8221;]Art.-Nr. 217722 (Elektro)<br \/>\nArt.-Nr. 217782 (Gas)[\/elx_heading][elx_button button_text=&#8221;Mehr erfahren&#8221; button_style=&#8221;default&#8221; button_display_block=&#8221;display_block_on&#8221; button_alignment=&#8221;align_center&#8221; button_link=&#8221;url:https%3A%2F%2Fwww.electroluxprofessional.com%2Fat%2Fpd%2Fcook-chill%2Fskyline-premiums-hei%25C3%259Fluftd%25C3%25A4mpfer%2Fskyline-premiums-hei%25C3%259Fluftd%25C3%25A4mpferelektro%2Fskyline-premiums-10&#215;1-1-elektro%2Fskyline-premium-s-skyline-premium-s-ofen-10-gn-1-1-elektro-217722%2F|target:_blank&#8221;][vc_empty_space height=&#8221;100px&#8221;][\/vc_column][vc_column width=&#8221;1\/3&#8243;][vc_single_image image=&#8221;19969&#8243; img_size=&#8221;medium&#8221; alignment=&#8221;center&#8221; css_animation=&#8221;none&#8221;][elx_heading font_size=&#8221;h5&#8243; text_color=&#8221;inherit&#8221; text_align=&#8221;text-center&#8221;]Konvektionsofen mit Quereinschub[\/elx_heading][vc_column_text]<\/p>\n<p style=\"text-align: center;\">Mit direkter Dampferzeugung<br \/>\n6x 1\/1 GN, Elektro<\/p>\n<p>[\/vc_column_text][elx_heading font_container=&#8221;h6&#8243; font_size=&#8221;h6&#8243; text_color=&#8221;inherit&#8221; text_align=&#8221;text-center&#8221;]Art.-Nr. 260688[\/elx_heading][elx_button button_text=&#8221;Mehr erfahren&#8221; button_style=&#8221;default&#8221; button_display_block=&#8221;display_block_on&#8221; button_alignment=&#8221;align_center&#8221; button_link=&#8221;url:https%3A%2F%2Fwww.electroluxprofessional.com%2Fat%2Fpd%2Fcook-chill%2Fquereinschub-%25C3%25B6fen%2Fquereinschub-convektomaten-elektro%2Fhei%25C3%259Fluftofen-quereinschub-konvektionsofen-6&#215;1-1gn-elektrisch-260688%2F|target:_blank&#8221;][vc_empty_space height=&#8221;10px&#8221;][\/vc_column][\/vc_row][vc_row][vc_column][vc_empty_space height=&#8221;82px&#8221;][elx_heading font_container=&#8221;h4&#8243; font_size=&#8221;h3&#8243; text_color=&#8221;inherit&#8221; text_align=&#8221;text-center&#8221;]Sichern Sie sich jetzt Ihre SkyLine Kombid\u00e4mpfer oder den Konvektionsofen mit Quereinschub[\/elx_heading][\/vc_column][\/vc_row][vc_row disable_element=&#8221;yes&#8221;][vc_column width=&#8221;1\/3&#8243;][elx_maylike_box id_box=&#8221;330&#8243;][\/vc_column][vc_column width=&#8221;1\/3&#8243;][elx_maylike_box id_box=&#8221;701&#8243;][\/vc_column][vc_column width=&#8221;1\/3&#8243;][elx_maylike_box id_box=&#8221;703&#8243; link_target=&#8221;blank&#8221;][\/vc_column][\/vc_row][vc_row el_id=&#8221;contact&#8221;][vc_column][vc_empty_space][elx_o2000_contact_us s=&#8221;Lieferf\u00e4higkeit &#8211; SkyLine &#8211; Anfrage&#8221; campaign=&#8221;7015p000001Zm5dAAC&#8221; country=&#8221;Austria&#8221; b=&#8221;food&#8221; container=&#8221;elxcontactus1484304163&#8243; r=&#8221;Ich habe Interesse an den lieferf\u00e4higen Produkten von SkyLine.&#8221;][vc_empty_space][\/vc_column][\/vc_row][vc_row][vc_column][vc_column_text][\/vc_column_text][\/vc_column][\/vc_row]<\/p>\n","protected":false},"excerpt":{"rendered":"<p>[vc_row full_width=&#8221;electroluxpro-full-width-no-padding&#8221;][vc_column css=&#8221;.vc_custom_1618358802266{margin-top: -40px !important;border-top-width: -40px !important;padding-top: -40px !important;}&#8221;][elx_full_banner title=&#8221;FAST RUNNER&#8221; set_as_h1=&#8221;true&#8221; background_image_media_library=&#8221;15615&#8243; background_image_media_library_mobile=&#8221;48826&#8243; link=&#8221;url:%23contact|title:Heute%20bestellt%20-%20morgen%20auf%20dem%20Weg&#8221;][\/vc_column][\/vc_row][vc_row][vc_column][elx_menu menu_name=&#8221;Fast Runner Food 2023&#8243;][\/vc_column][\/vc_row][vc_row][vc_column][vc_column_text] Schnelle Lieferf\u00e4higkeit ist in vielen Situationen das A&amp;O. Ab sofort sind unsere beliebtesten Produkte aus den Bereichen Kombid\u00e4mpfer, Sp\u00fclmaschinen, K\u00fchltechnik und modularer Kochtechnik im Lager verf\u00fcgbar. [\/vc_column_text][vc_empty_space][vc_row_inner][vc_column_inner][elx_button button_text=&#8221;Erfahren Sie mehr \u00fcber SkyLine Kombid\u00e4mpfer&#8221; button_display_block=&#8221;display_block_on&#8221; button_alignment=&#8221;align_center&#8221; button_link=&#8221;url:https%3A%2F%2Fwww.electroluxprofessional.com%2Fat%2Fgrosskuechentechnik%2Fkombidaempfer%2F|target:_blank&#8221;][\/vc_column_inner][\/vc_row_inner][vc_empty_space [&hellip;]<\/p>\n","protected":false},"author":471,"featured_media":0,"parent":0,"menu_order":0,"comment_status":"closed","ping_status":"closed","template":"","meta":{"footnotes":""},"class_list":["post-15616","page","type-page","status-publish","hentry"],"acf":[],"yoast_head":"<!-- This site is optimized with the Yoast SEO plugin v23.3 - https:\/\/yoast.com\/wordpress\/plugins\/seo\/ -->\n<title>Schnelle Lieferf\u00e4higkeit | Electrolux Professional<\/title>\n<meta name=\"description\" content=\"Ab sofort sind viele Produkte aus den Bereichen Kombid\u00e4mpfer, Sp\u00fclmaschinen, K\u00fchltechnik und modularer Kochtechnik im Lager verf\u00fcgbar.\" \/>\n<meta name=\"robots\" content=\"index, follow, max-snippet:-1, max-image-preview:large, max-video-preview:-1\" \/>\n<link rel=\"canonical\" href=\"https:\/\/www.electroluxprofessional.com\/at\/lieferfaehigkeit-skyline\/\" \/>\n<meta property=\"og:locale\" content=\"de_DE\" \/>\n<meta property=\"og:type\" content=\"article\" \/>\n<meta property=\"og:title\" content=\"Schnelle Lieferf\u00e4higkeit | Electrolux Professional\" \/>\n<meta property=\"og:description\" content=\"Ab sofort sind viele Produkte aus den Bereichen Kombid\u00e4mpfer, Sp\u00fclmaschinen, K\u00fchltechnik und modularer Kochtechnik im Lager verf\u00fcgbar.\" \/>\n<meta property=\"og:url\" content=\"https:\/\/www.electroluxprofessional.com\/at\/lieferfaehigkeit-skyline\/\" \/>\n<meta property=\"og:site_name\" content=\"Electrolux Professional \u00d6sterreich\" \/>\n<meta property=\"article:modified_time\" content=\"2025-06-18T06:46:05+00:00\" \/>\n<meta name=\"twitter:card\" content=\"summary_large_image\" \/>\n<meta name=\"twitter:label1\" content=\"Gesch\u00e4tzte Lesezeit\" \/>\n\t<meta name=\"twitter:data1\" content=\"3 Minuten\" \/>\n<script type=\"application\/ld+json\" class=\"yoast-schema-graph\">{\"@context\":\"https:\/\/schema.org\",\"@graph\":[{\"@type\":\"WebPage\",\"@id\":\"https:\/\/www.electroluxprofessional.com\/at\/lieferfaehigkeit-skyline\/\",\"url\":\"https:\/\/www.electroluxprofessional.com\/at\/lieferfaehigkeit-skyline\/\",\"name\":\"Schnelle Lieferf\u00e4higkeit | Electrolux Professional\",\"isPartOf\":{\"@id\":\"https:\/\/www.electroluxprofessional.com\/at\/#website\"},\"datePublished\":\"2023-05-15T08:59:29+00:00\",\"dateModified\":\"2025-06-18T06:46:05+00:00\",\"description\":\"Ab sofort sind viele Produkte aus den Bereichen Kombid\u00e4mpfer, Sp\u00fclmaschinen, K\u00fchltechnik und modularer Kochtechnik im Lager verf\u00fcgbar.\",\"breadcrumb\":{\"@id\":\"https:\/\/www.electroluxprofessional.com\/at\/lieferfaehigkeit-skyline\/#breadcrumb\"},\"inLanguage\":\"de-AT\",\"potentialAction\":[{\"@type\":\"ReadAction\",\"target\":[\"https:\/\/www.electroluxprofessional.com\/at\/lieferfaehigkeit-skyline\/\"]}]},{\"@type\":\"BreadcrumbList\",\"@id\":\"https:\/\/www.electroluxprofessional.com\/at\/lieferfaehigkeit-skyline\/#breadcrumb\",\"itemListElement\":[{\"@type\":\"ListItem\",\"position\":1,\"name\":\"Startseite\",\"item\":\"https:\/\/www.electroluxprofessional.com\/at\/\"},{\"@type\":\"ListItem\",\"position\":2,\"name\":\"FAST RUNNER &#8211; SkyLine\"}]},{\"@type\":\"WebSite\",\"@id\":\"https:\/\/www.electroluxprofessional.com\/at\/#website\",\"url\":\"https:\/\/www.electroluxprofessional.com\/at\/\",\"name\":\"Electrolux Professional \u00d6sterreich\",\"description\":\"\",\"potentialAction\":[{\"@type\":\"SearchAction\",\"target\":{\"@type\":\"EntryPoint\",\"urlTemplate\":\"https:\/\/www.electroluxprofessional.com\/at\/?src={search_term_string}\"},\"query-input\":\"required name=search_term_string\"}],\"inLanguage\":\"de-AT\"}]}<\/script>\n<!-- \/ Yoast SEO plugin. -->","yoast_head_json":{"title":"Schnelle Lieferf\u00e4higkeit | Electrolux Professional","description":"Ab sofort sind viele Produkte aus den Bereichen Kombid\u00e4mpfer, Sp\u00fclmaschinen, K\u00fchltechnik und modularer Kochtechnik im Lager verf\u00fcgbar.","robots":{"index":"index","follow":"follow","max-snippet":"max-snippet:-1","max-image-preview":"max-image-preview:large","max-video-preview":"max-video-preview:-1"},"canonical":"https:\/\/www.electroluxprofessional.com\/at\/lieferfaehigkeit-skyline\/","og_locale":"de_DE","og_type":"article","og_title":"Schnelle Lieferf\u00e4higkeit | Electrolux Professional","og_description":"Ab sofort sind viele Produkte aus den Bereichen Kombid\u00e4mpfer, Sp\u00fclmaschinen, K\u00fchltechnik und modularer Kochtechnik im Lager verf\u00fcgbar.","og_url":"https:\/\/www.electroluxprofessional.com\/at\/lieferfaehigkeit-skyline\/","og_site_name":"Electrolux Professional \u00d6sterreich","article_modified_time":"2025-06-18T06:46:05+00:00","twitter_card":"summary_large_image","twitter_misc":{"Gesch\u00e4tzte Lesezeit":"3 Minuten"},"schema":{"@context":"https:\/\/schema.org","@graph":[{"@type":"WebPage","@id":"https:\/\/www.electroluxprofessional.com\/at\/lieferfaehigkeit-skyline\/","url":"https:\/\/www.electroluxprofessional.com\/at\/lieferfaehigkeit-skyline\/","name":"Schnelle Lieferf\u00e4higkeit | Electrolux Professional","isPartOf":{"@id":"https:\/\/www.electroluxprofessional.com\/at\/#website"},"datePublished":"2023-05-15T08:59:29+00:00","dateModified":"2025-06-18T06:46:05+00:00","description":"Ab sofort sind viele Produkte aus den Bereichen Kombid\u00e4mpfer, Sp\u00fclmaschinen, K\u00fchltechnik und modularer Kochtechnik im Lager verf\u00fcgbar.","breadcrumb":{"@id":"https:\/\/www.electroluxprofessional.com\/at\/lieferfaehigkeit-skyline\/#breadcrumb"},"inLanguage":"de-AT","potentialAction":[{"@type":"ReadAction","target":["https:\/\/www.electroluxprofessional.com\/at\/lieferfaehigkeit-skyline\/"]}]},{"@type":"BreadcrumbList","@id":"https:\/\/www.electroluxprofessional.com\/at\/lieferfaehigkeit-skyline\/#breadcrumb","itemListElement":[{"@type":"ListItem","position":1,"name":"Startseite","item":"https:\/\/www.electroluxprofessional.com\/at\/"},{"@type":"ListItem","position":2,"name":"FAST RUNNER &#8211; SkyLine"}]},{"@type":"WebSite","@id":"https:\/\/www.electroluxprofessional.com\/at\/#website","url":"https:\/\/www.electroluxprofessional.com\/at\/","name":"Electrolux Professional \u00d6sterreich","description":"","potentialAction":[{"@type":"SearchAction","target":{"@type":"EntryPoint","urlTemplate":"https:\/\/www.electroluxprofessional.com\/at\/?src={search_term_string}"},"query-input":"required name=search_term_string"}],"inLanguage":"de-AT"}]}},"_links":{"self":[{"href":"https:\/\/www.electroluxprofessional.com\/at\/wp-json\/wp\/v2\/pages\/15616"}],"collection":[{"href":"https:\/\/www.electroluxprofessional.com\/at\/wp-json\/wp\/v2\/pages"}],"about":[{"href":"https:\/\/www.electroluxprofessional.com\/at\/wp-json\/wp\/v2\/types\/page"}],"author":[{"embeddable":true,"href":"https:\/\/www.electroluxprofessional.com\/at\/wp-json\/wp\/v2\/users\/471"}],"replies":[{"embeddable":true,"href":"https:\/\/www.electroluxprofessional.com\/at\/wp-json\/wp\/v2\/comments?post=15616"}],"version-history":[{"count":13,"href":"https:\/\/www.electroluxprofessional.com\/at\/wp-json\/wp\/v2\/pages\/15616\/revisions"}],"predecessor-version":[{"id":19971,"href":"https:\/\/www.electroluxprofessional.com\/at\/wp-json\/wp\/v2\/pages\/15616\/revisions\/19971"}],"wp:attachment":[{"href":"https:\/\/www.electroluxprofessional.com\/at\/wp-json\/wp\/v2\/media?parent=15616"}],"curies":[{"name":"wp","href":"https:\/\/api.w.org\/{rel}","templated":true}]}}