{"id":15600,"date":"2023-05-15T09:58:15","date_gmt":"2023-05-15T08:58:15","guid":{"rendered":"https:\/\/www.electroluxprofessional.com\/at\/?page_id=15600"},"modified":"2025-06-18T07:48:50","modified_gmt":"2025-06-18T06:48:50","slug":"lieferfaehigkeit-spueltechnik","status":"publish","type":"page","link":"https:\/\/www.electroluxprofessional.com\/at\/lieferfaehigkeit-spueltechnik\/","title":{"rendered":"FAST RUNNER &#8211; Sp\u00fcltechnik"},"content":{"rendered":"<p>[vc_row full_width=&#8221;electroluxpro-full-width-no-padding&#8221;][vc_column css=&#8221;.vc_custom_1618358802266{margin-top: -40px !important;border-top-width: -40px !important;padding-top: -40px !important;}&#8221;][elx_full_banner title=&#8221;FAST RUNNER&#8221; set_as_h1=&#8221;true&#8221; background_image_media_library=&#8221;15599&#8243; background_image_media_library_mobile=&#8221;48826&#8243; link=&#8221;url:%23contact|title:Heute%20bestellt%20-%20morgen%20auf%20dem%20Weg&#8221;][\/vc_column][\/vc_row][vc_row][vc_column][elx_menu menu_name=&#8221;Fast Runner Food 2023&#8243;][\/vc_column][\/vc_row][vc_row][vc_column][vc_column_text]<\/p>\n<h3 style=\"text-align: center;\"><span class=\"ui-provider gp b c d e f g h i j k l m n o p q r s t u v w x y z ab ac ae af ag ah ai aj ak\" dir=\"ltr\">Schnelle Lieferf\u00e4higkeit ist in vielen Situationen das A&amp;O.<\/span><\/h3>\n<p style=\"text-align: center;\">Ab sofort sind unsere beliebtesten Produkte aus den Bereichen Kombid\u00e4mpfer,<br \/>\nSp\u00fclmaschinen, K\u00fchltechnik und modularer Kochtechnik im Lager verf\u00fcgbar.<\/p>\n<p>[\/vc_column_text][vc_empty_space][vc_row_inner][vc_column_inner width=&#8221;1\/2&#8243;][elx_button button_text=&#8221;Erfahren Sie mehr \u00fcber Gl\u00e4ser- und Untertischsp\u00fclmaschinen&#8221; button_display_block=&#8221;display_block_on&#8221; button_alignment=&#8221;align_center&#8221; button_link=&#8221;url:https%3A%2F%2Fwww.electroluxprofessional.com%2Fat%2Fneoblue-touch-untertischspuelmaschine-2%2F|target:_blank&#8221;][\/vc_column_inner][vc_column_inner width=&#8221;1\/2&#8243;][elx_button button_text=&#8221;Erfahren Sie mehr \u00fcber Haubensp\u00fclmaschinen&#8221; button_display_block=&#8221;display_block_on&#8221; button_alignment=&#8221;align_center&#8221; button_link=&#8221;url:https%3A%2F%2Fwww.electroluxprofessional.com%2Fat%2Fgrosskuechentechnik%2Fspueltechnik%2Fhaubenspuelmaschinen%2F%3Futm_campaign%3Dfood-dishwashing-2023-05-DE%26utm_content%3Dpromotion%26utm_medium%3Dbutton%26utm_source%3Dwebsite%26utm_term%3Db7cf8e002c094f4ea9c1fc208afc013f|target:_blank&#8221;][\/vc_column_inner][\/vc_row_inner][vc_empty_space height=&#8221;62px&#8221;][\/vc_column][\/vc_row][vc_row][vc_column width=&#8221;1\/3&#8243;][vc_single_image image=&#8221;19968&#8243; img_size=&#8221;200&#215;300&#8243; alignment=&#8221;center&#8221; css_animation=&#8221;none&#8221;][elx_heading font_size=&#8221;h5&#8243; text_color=&#8221;inherit&#8221; text_align=&#8221;text-center&#8221;]NeoBlue Touch[\/elx_heading][vc_column_text]<\/p>\n<p style=\"text-align: center;\">Gl\u00e4sersp\u00fclmaschine<\/p>\n<p>[\/vc_column_text][elx_heading font_container=&#8221;h6&#8243; font_size=&#8221;h6&#8243; text_color=&#8221;inherit&#8221; text_align=&#8221;text-center&#8221;]Art.-Nr. 402188[\/elx_heading][elx_button button_text=&#8221;Mehr erfahren&#8221; button_style=&#8221;default&#8221; button_display_block=&#8221;display_block_on&#8221; button_alignment=&#8221;align_center&#8221; button_link=&#8221;url:https%3A%2F%2Fwww.electroluxprofessional.com%2Fat%2Fpd%2Fsp%25C3%25BCltechnik%2Fgl%25C3%25A4sersp%25C3%25BCler%2Fneoblue-touch-s-400x400mm-korb%2Fgeschirrsp%25C3%25BClen-neoblue-gl%25C3%25A4sersp%25C3%25BCler-400x400mm-einw.-druckboil.-klar-waschmittelpump-ablaufp.-40-k-std.-1-ph-230vschuko-stecker-402188%2F|target:_blank&#8221;][\/vc_column][vc_column width=&#8221;1\/3&#8243;][vc_single_image image=&#8221;19967&#8243; img_size=&#8221;200&#215;300&#8243; alignment=&#8221;center&#8221; css_animation=&#8221;none&#8221;][elx_heading font_size=&#8221;h5&#8243; text_color=&#8221;inherit&#8221; text_align=&#8221;text-center&#8221;]NeoBlue Touch[\/elx_heading][vc_column_text]<\/p>\n<p style=\"text-align: center;\">Untertischsp\u00fclmaschine<\/p>\n<p>[\/vc_column_text][elx_heading font_container=&#8221;h6&#8243; font_size=&#8221;h6&#8243; text_color=&#8221;inherit&#8221; text_align=&#8221;text-center&#8221;]Art.-Nr. 400313[\/elx_heading][elx_button button_text=&#8221;Mehr erfahren&#8221; button_style=&#8221;default&#8221; button_display_block=&#8221;display_block_on&#8221; button_alignment=&#8221;align_center&#8221; button_link=&#8221;url:https%3A%2F%2Fwww.electroluxprofessional.com%2Fat%2Fpd%2Fsp%25C3%25BCltechnik%2Funtertischsp%25C3%25BClmaschinen%2Fneoblue-touch-l-500x500mm-korb%2Fgeschirrsp%25C3%25BClen-untertisch-geschirrsp%25C3%25BClmaschine-l-touch-bedienung-einwandig-mit-druckboiler-klarsp%25C3%25BCler%2Bwaschmittelpumpen-ablaufpumpe-tankfilter-max.-65-k-std.-3-phasen-400313%2F|target:_blank&#8221;][vc_empty_space height=&#8221;100px&#8221;][vc_empty_space height=&#8221;10px&#8221;][\/vc_column][vc_column width=&#8221;1\/3&#8243;][vc_empty_space height=&#8221;10px&#8221;][vc_empty_space][\/vc_column][\/vc_row][vc_row][vc_column width=&#8221;1\/3&#8243;][vc_single_image image=&#8221;15594&#8243; img_size=&#8221;medium&#8221; alignment=&#8221;center&#8221; css_animation=&#8221;none&#8221;][elx_heading font_size=&#8221;h5&#8243; text_color=&#8221;inherit&#8221; text_align=&#8221;text-center&#8221;]green&amp;clean Haubensp\u00fclmaschine[\/elx_heading][vc_column_text]<\/p>\n<p style=\"text-align: center;\">Manuelle Haube<\/p>\n<p>[\/vc_column_text][elx_heading font_container=&#8221;h6&#8243; font_size=&#8221;h6&#8243; text_color=&#8221;inherit&#8221; text_align=&#8221;text-center&#8221;]Art.-Nr. 504254 (Doppelwandig)<br \/>\nArt.-Nr. 504297 (Einwandig)[\/elx_heading][elx_button button_text=&#8221;Mehr erfahren&#8221; button_style=&#8221;default&#8221; button_display_block=&#8221;display_block_on&#8221; button_alignment=&#8221;align_center&#8221; button_link=&#8221;url:https%3A%2F%2Fwww.electroluxprofessional.com%2Fat%2Fpd%2Fsp%25C3%25BCltechnik%2Fhaubensp%25C3%25BClmaschinen%2Fhigh-performance-green-clean-haubensp%25C3%25BClmaschine-doppelwandig-manuell%2Fgeschirrsp%25C3%25BClen-green-clean-haubensp%25C3%25BCler-manuelle-doppelwandige-haube-wrg-entkalkungsdosierger%25C3%25A4t-504254%2F|target:_blank&#8221;][\/vc_column][vc_column width=&#8221;1\/3&#8243;][vc_single_image image=&#8221;15595&#8243; img_size=&#8221;medium&#8221; alignment=&#8221;center&#8221; css_animation=&#8221;none&#8221;][elx_heading font_size=&#8221;h5&#8243; text_color=&#8221;inherit&#8221; text_align=&#8221;text-center&#8221;]green&amp;clean Haubensp\u00fclmaschine[\/elx_heading][vc_column_text]<\/p>\n<p style=\"text-align: center;\">EHT, manuelle Haube<\/p>\n<p>[\/vc_column_text][elx_heading font_container=&#8221;h6&#8243; font_size=&#8221;h6&#8243; text_color=&#8221;inherit&#8221; text_align=&#8221;text-center&#8221;]Art.-Nr. 505100 (Einwandig)<br \/>\nArt.-Nr. 504258 (Doppelwandig)[\/elx_heading][elx_button button_text=&#8221;Mehr erfahren&#8221; button_style=&#8221;default&#8221; button_display_block=&#8221;display_block_on&#8221; button_alignment=&#8221;align_center&#8221; button_link=&#8221;url:https%3A%2F%2Fwww.electroluxprofessional.com%2Fat%2Fpd%2Fsp%25C3%25BCltechnik%2Fhaubensp%25C3%25BClmaschinen%2Fstandard-haubensp%25C3%25BClmaschinen-einwandige-haube%2Fgeschirrsp%25C3%25BClen-green-clean-hood-type-dishwasher-80r-h-505100%2F|target:_blank&#8221;][\/vc_column][vc_column width=&#8221;1\/3&#8243;][vc_empty_space height=&#8221;12px&#8221;][vc_empty_space height=&#8221;12px&#8221;][vc_empty_space height=&#8221;10px&#8221;][vc_empty_space height=&#8221;10px&#8221;][\/vc_column][\/vc_row][vc_row][vc_column][vc_empty_space height=&#8221;82px&#8221;][elx_heading font_container=&#8221;h4&#8243; font_size=&#8221;h3&#8243; text_color=&#8221;inherit&#8221; text_align=&#8221;text-center&#8221;]Sichern Sie sich jetzt Ihre Sp\u00fcltechnik von Electrolux Professional[\/elx_heading][\/vc_column][\/vc_row][vc_row disable_element=&#8221;yes&#8221;][vc_column width=&#8221;1\/3&#8243;][elx_maylike_box id_box=&#8221;15596&#8243;][\/vc_column][vc_column width=&#8221;1\/3&#8243;][elx_maylike_box id_box=&#8221;15597&#8243;][\/vc_column][vc_column width=&#8221;1\/3&#8243;][elx_maylike_box id_box=&#8221;15598&#8243; link_target=&#8221;blank&#8221;][\/vc_column][\/vc_row][vc_row el_id=&#8221;contact&#8221;][vc_column][vc_empty_space][elx_o2000_contact_us s=&#8221;Lieferf\u00e4higkeit &#8211; Sp\u00fcltechnik &#8211; Anfrage&#8221; campaign=&#8221;7015p000001Zm5iAAC&#8221; flag_campaign=&#8221;true&#8221; country=&#8221;Austria&#8221; b=&#8221;food&#8221; container=&#8221;elxcontactus1484304163&#8243; r=&#8221;Ich habe Interesse an den lieferf\u00e4higen Produkten der Sp\u00fcltechnik. Bitte kontaktieren Sie mich.&#8221;][vc_empty_space][\/vc_column][\/vc_row][vc_row][vc_column][vc_column_text][\/vc_column_text][\/vc_column][\/vc_row]<\/p>\n","protected":false},"excerpt":{"rendered":"<p>[vc_row full_width=&#8221;electroluxpro-full-width-no-padding&#8221;][vc_column css=&#8221;.vc_custom_1618358802266{margin-top: -40px !important;border-top-width: -40px !important;padding-top: -40px !important;}&#8221;][elx_full_banner title=&#8221;FAST RUNNER&#8221; set_as_h1=&#8221;true&#8221; background_image_media_library=&#8221;15599&#8243; background_image_media_library_mobile=&#8221;48826&#8243; link=&#8221;url:%23contact|title:Heute%20bestellt%20-%20morgen%20auf%20dem%20Weg&#8221;][\/vc_column][\/vc_row][vc_row][vc_column][elx_menu menu_name=&#8221;Fast Runner Food 2023&#8243;][\/vc_column][\/vc_row][vc_row][vc_column][vc_column_text] Schnelle Lieferf\u00e4higkeit ist in vielen Situationen das A&amp;O. Ab sofort sind unsere beliebtesten Produkte aus den Bereichen Kombid\u00e4mpfer, Sp\u00fclmaschinen, K\u00fchltechnik und modularer Kochtechnik im Lager verf\u00fcgbar. [\/vc_column_text][vc_empty_space][vc_row_inner][vc_column_inner width=&#8221;1\/2&#8243;][elx_button button_text=&#8221;Erfahren Sie mehr \u00fcber Gl\u00e4ser- und Untertischsp\u00fclmaschinen&#8221; button_display_block=&#8221;display_block_on&#8221; [&hellip;]<\/p>\n","protected":false},"author":471,"featured_media":0,"parent":0,"menu_order":0,"comment_status":"closed","ping_status":"closed","template":"","meta":{"footnotes":""},"class_list":["post-15600","page","type-page","status-publish","hentry"],"acf":[],"yoast_head":"<!-- This site is optimized with the Yoast SEO plugin v23.3 - https:\/\/yoast.com\/wordpress\/plugins\/seo\/ -->\n<title>Schnelle Lieferf\u00e4higkeit | Electrolux Professional<\/title>\n<meta name=\"description\" content=\"Ab sofort sind viele Produkte aus den Bereichen Kombid\u00e4mpfer, Sp\u00fclmaschinen, K\u00fchltechnik und modularer Kochtechnik im Lager verf\u00fcgbar.\" \/>\n<meta name=\"robots\" content=\"index, follow, max-snippet:-1, max-image-preview:large, max-video-preview:-1\" \/>\n<link rel=\"canonical\" href=\"https:\/\/www.electroluxprofessional.com\/at\/lieferfaehigkeit-spueltechnik\/\" \/>\n<meta property=\"og:locale\" content=\"de_DE\" \/>\n<meta property=\"og:type\" content=\"article\" \/>\n<meta property=\"og:title\" content=\"Schnelle Lieferf\u00e4higkeit | Electrolux Professional\" \/>\n<meta property=\"og:description\" content=\"Ab sofort sind viele Produkte aus den Bereichen Kombid\u00e4mpfer, Sp\u00fclmaschinen, K\u00fchltechnik und modularer Kochtechnik im Lager verf\u00fcgbar.\" \/>\n<meta property=\"og:url\" content=\"https:\/\/www.electroluxprofessional.com\/at\/lieferfaehigkeit-spueltechnik\/\" \/>\n<meta property=\"og:site_name\" content=\"Electrolux Professional \u00d6sterreich\" \/>\n<meta property=\"article:modified_time\" content=\"2025-06-18T06:48:50+00:00\" \/>\n<meta name=\"twitter:card\" content=\"summary_large_image\" \/>\n<meta name=\"twitter:label1\" content=\"Gesch\u00e4tzte Lesezeit\" \/>\n\t<meta name=\"twitter:data1\" content=\"2 Minuten\" \/>\n<script type=\"application\/ld+json\" class=\"yoast-schema-graph\">{\"@context\":\"https:\/\/schema.org\",\"@graph\":[{\"@type\":\"WebPage\",\"@id\":\"https:\/\/www.electroluxprofessional.com\/at\/lieferfaehigkeit-spueltechnik\/\",\"url\":\"https:\/\/www.electroluxprofessional.com\/at\/lieferfaehigkeit-spueltechnik\/\",\"name\":\"Schnelle Lieferf\u00e4higkeit | Electrolux Professional\",\"isPartOf\":{\"@id\":\"https:\/\/www.electroluxprofessional.com\/at\/#website\"},\"datePublished\":\"2023-05-15T08:58:15+00:00\",\"dateModified\":\"2025-06-18T06:48:50+00:00\",\"description\":\"Ab sofort sind viele Produkte aus den Bereichen Kombid\u00e4mpfer, Sp\u00fclmaschinen, K\u00fchltechnik und modularer Kochtechnik im Lager verf\u00fcgbar.\",\"breadcrumb\":{\"@id\":\"https:\/\/www.electroluxprofessional.com\/at\/lieferfaehigkeit-spueltechnik\/#breadcrumb\"},\"inLanguage\":\"de-AT\",\"potentialAction\":[{\"@type\":\"ReadAction\",\"target\":[\"https:\/\/www.electroluxprofessional.com\/at\/lieferfaehigkeit-spueltechnik\/\"]}]},{\"@type\":\"BreadcrumbList\",\"@id\":\"https:\/\/www.electroluxprofessional.com\/at\/lieferfaehigkeit-spueltechnik\/#breadcrumb\",\"itemListElement\":[{\"@type\":\"ListItem\",\"position\":1,\"name\":\"Startseite\",\"item\":\"https:\/\/www.electroluxprofessional.com\/at\/\"},{\"@type\":\"ListItem\",\"position\":2,\"name\":\"FAST RUNNER &#8211; Sp\u00fcltechnik\"}]},{\"@type\":\"WebSite\",\"@id\":\"https:\/\/www.electroluxprofessional.com\/at\/#website\",\"url\":\"https:\/\/www.electroluxprofessional.com\/at\/\",\"name\":\"Electrolux Professional \u00d6sterreich\",\"description\":\"\",\"potentialAction\":[{\"@type\":\"SearchAction\",\"target\":{\"@type\":\"EntryPoint\",\"urlTemplate\":\"https:\/\/www.electroluxprofessional.com\/at\/?src={search_term_string}\"},\"query-input\":\"required name=search_term_string\"}],\"inLanguage\":\"de-AT\"}]}<\/script>\n<!-- \/ Yoast SEO plugin. -->","yoast_head_json":{"title":"Schnelle Lieferf\u00e4higkeit | Electrolux Professional","description":"Ab sofort sind viele Produkte aus den Bereichen Kombid\u00e4mpfer, Sp\u00fclmaschinen, K\u00fchltechnik und modularer Kochtechnik im Lager verf\u00fcgbar.","robots":{"index":"index","follow":"follow","max-snippet":"max-snippet:-1","max-image-preview":"max-image-preview:large","max-video-preview":"max-video-preview:-1"},"canonical":"https:\/\/www.electroluxprofessional.com\/at\/lieferfaehigkeit-spueltechnik\/","og_locale":"de_DE","og_type":"article","og_title":"Schnelle Lieferf\u00e4higkeit | Electrolux Professional","og_description":"Ab sofort sind viele Produkte aus den Bereichen Kombid\u00e4mpfer, Sp\u00fclmaschinen, K\u00fchltechnik und modularer Kochtechnik im Lager verf\u00fcgbar.","og_url":"https:\/\/www.electroluxprofessional.com\/at\/lieferfaehigkeit-spueltechnik\/","og_site_name":"Electrolux Professional \u00d6sterreich","article_modified_time":"2025-06-18T06:48:50+00:00","twitter_card":"summary_large_image","twitter_misc":{"Gesch\u00e4tzte Lesezeit":"2 Minuten"},"schema":{"@context":"https:\/\/schema.org","@graph":[{"@type":"WebPage","@id":"https:\/\/www.electroluxprofessional.com\/at\/lieferfaehigkeit-spueltechnik\/","url":"https:\/\/www.electroluxprofessional.com\/at\/lieferfaehigkeit-spueltechnik\/","name":"Schnelle Lieferf\u00e4higkeit | Electrolux Professional","isPartOf":{"@id":"https:\/\/www.electroluxprofessional.com\/at\/#website"},"datePublished":"2023-05-15T08:58:15+00:00","dateModified":"2025-06-18T06:48:50+00:00","description":"Ab sofort sind viele Produkte aus den Bereichen Kombid\u00e4mpfer, Sp\u00fclmaschinen, K\u00fchltechnik und modularer Kochtechnik im Lager verf\u00fcgbar.","breadcrumb":{"@id":"https:\/\/www.electroluxprofessional.com\/at\/lieferfaehigkeit-spueltechnik\/#breadcrumb"},"inLanguage":"de-AT","potentialAction":[{"@type":"ReadAction","target":["https:\/\/www.electroluxprofessional.com\/at\/lieferfaehigkeit-spueltechnik\/"]}]},{"@type":"BreadcrumbList","@id":"https:\/\/www.electroluxprofessional.com\/at\/lieferfaehigkeit-spueltechnik\/#breadcrumb","itemListElement":[{"@type":"ListItem","position":1,"name":"Startseite","item":"https:\/\/www.electroluxprofessional.com\/at\/"},{"@type":"ListItem","position":2,"name":"FAST RUNNER &#8211; Sp\u00fcltechnik"}]},{"@type":"WebSite","@id":"https:\/\/www.electroluxprofessional.com\/at\/#website","url":"https:\/\/www.electroluxprofessional.com\/at\/","name":"Electrolux Professional \u00d6sterreich","description":"","potentialAction":[{"@type":"SearchAction","target":{"@type":"EntryPoint","urlTemplate":"https:\/\/www.electroluxprofessional.com\/at\/?src={search_term_string}"},"query-input":"required name=search_term_string"}],"inLanguage":"de-AT"}]}},"_links":{"self":[{"href":"https:\/\/www.electroluxprofessional.com\/at\/wp-json\/wp\/v2\/pages\/15600"}],"collection":[{"href":"https:\/\/www.electroluxprofessional.com\/at\/wp-json\/wp\/v2\/pages"}],"about":[{"href":"https:\/\/www.electroluxprofessional.com\/at\/wp-json\/wp\/v2\/types\/page"}],"author":[{"embeddable":true,"href":"https:\/\/www.electroluxprofessional.com\/at\/wp-json\/wp\/v2\/users\/471"}],"replies":[{"embeddable":true,"href":"https:\/\/www.electroluxprofessional.com\/at\/wp-json\/wp\/v2\/comments?post=15600"}],"version-history":[{"count":8,"href":"https:\/\/www.electroluxprofessional.com\/at\/wp-json\/wp\/v2\/pages\/15600\/revisions"}],"predecessor-version":[{"id":19972,"href":"https:\/\/www.electroluxprofessional.com\/at\/wp-json\/wp\/v2\/pages\/15600\/revisions\/19972"}],"wp:attachment":[{"href":"https:\/\/www.electroluxprofessional.com\/at\/wp-json\/wp\/v2\/media?parent=15600"}],"curies":[{"name":"wp","href":"https:\/\/api.w.org\/{rel}","templated":true}]}}