{"id":15589,"date":"2023-05-15T09:57:29","date_gmt":"2023-05-15T08:57:29","guid":{"rendered":"https:\/\/www.electroluxprofessional.com\/at\/?page_id=15589"},"modified":"2025-06-18T07:49:24","modified_gmt":"2025-06-18T06:49:24","slug":"lieferfaehigkeit-kuehltechnik","status":"publish","type":"page","link":"https:\/\/www.electroluxprofessional.com\/at\/lieferfaehigkeit-kuehltechnik\/","title":{"rendered":"FAST RUNNER &#8211; K\u00fchltechnik"},"content":{"rendered":"<p>[vc_row full_width=&#8221;electroluxpro-full-width-no-padding&#8221;][vc_column css=&#8221;.vc_custom_1618358802266{margin-top: -40px !important;border-top-width: -40px !important;padding-top: -40px !important;}&#8221;][elx_full_banner title=&#8221;FAST RUNNER&#8221; set_as_h1=&#8221;true&#8221; background_image_media_library=&#8221;16145&#8243; background_image_media_library_mobile=&#8221;48826&#8243; link=&#8221;url:%23contact|title:Heute%20bestellt%20-%20morgen%20auf%20dem%20Weg&#8221;][\/vc_column][\/vc_row][vc_row][vc_column][elx_menu menu_name=&#8221;Fast Runner Food 2023&#8243;][\/vc_column][\/vc_row][vc_row][vc_column][vc_column_text]<\/p>\n<h3 style=\"text-align: center;\"><span class=\"ui-provider gp b c d e f g h i j k l m n o p q r s t u v w x y z ab ac ae af ag ah ai aj ak\" dir=\"ltr\">Schnelle Lieferf\u00e4higkeit ist in vielen Situationen das A&amp;O.<\/span><\/h3>\n<p style=\"text-align: center;\">Ab sofort sind unsere beliebtesten Produkte aus den Bereichen Kombid\u00e4mpfer,<br \/>\nSp\u00fclmaschinen, K\u00fchltechnik und modularer Kochtechnik im Lager verf\u00fcgbar.<\/p>\n<p>[\/vc_column_text][vc_empty_space][vc_row_inner][vc_column_inner width=&#8221;1\/2&#8243;][elx_button button_text=&#8221;Erfahren Sie mehr \u00fcber ecostore K\u00fchlschr\u00e4nke&#8221; button_display_block=&#8221;display_block_on&#8221; button_alignment=&#8221;align_center&#8221; button_link=&#8221;url:https%3A%2F%2Fwww.electroluxprofessional.com%2Fat%2Fgrosskuechentechnik%2Fkuehlschraenke%2F%3Futm_campaign%3Dfood-refrigeration-2023-05-DE%26utm_content%3Dpromotion%26utm_medium%3Dbutton%26utm_source%3Dwebsite%26utm_term%3D5dad0b39248249b2957ea2d8df54abfb|target:_blank&#8221;][\/vc_column_inner][vc_column_inner width=&#8221;1\/2&#8243;][elx_button button_text=&#8221;Erfahren Sie mehr \u00fcber ecostore K\u00fchllagertische&#8221; button_display_block=&#8221;display_block_on&#8221; button_alignment=&#8221;align_center&#8221; button_link=&#8221;url:https%3A%2F%2Fwww.electroluxprofessional.com%2Fat%2Fgrosskuechentechnik%2Fkuehltische%2F%3Futm_campaign%3Dfood-refrigeration-2023-05-DE%26utm_content%3Dpromotion%26utm_medium%3Dbutton%26utm_source%3Dwebsite%26utm_term%3D7cd459ee4ff54670b12b06d50938ae68|target:_blank&#8221;][\/vc_column_inner][\/vc_row_inner][vc_empty_space height=&#8221;62px&#8221;][\/vc_column][\/vc_row][vc_row][vc_column width=&#8221;1\/3&#8243;][vc_single_image image=&#8221;15579&#8243; img_size=&#8221;medium&#8221; alignment=&#8221;center&#8221; css_animation=&#8221;none&#8221;][elx_heading font_size=&#8221;h5&#8243; text_color=&#8221;inherit&#8221; text_align=&#8221;text-center&#8221;]ecostore<sup>HP<\/sup> Premium<br \/>\nK\u00fchllagertisch[\/elx_heading][vc_column_text]<\/p>\n<p style=\"text-align: center;\">2 T\u00fcren, digital, 290 Liter<\/p>\n<p>[\/vc_column_text][elx_heading font_container=&#8221;h6&#8243; font_size=&#8221;h6&#8243; text_color=&#8221;inherit&#8221; text_align=&#8221;text-center&#8221;]Art.-Nr. 710002[\/elx_heading][elx_button button_text=&#8221;Mehr erfahren&#8221; button_style=&#8221;default&#8221; button_display_block=&#8221;display_block_on&#8221; button_alignment=&#8221;align_center&#8221; button_link=&#8221;url:https%3A%2F%2Fwww.electroluxprofessional.com%2Fat%2Fpd%2Fk%25C3%25BChl-und-tiefk%25C3%25BChlger%25C3%25A4te%2Fk%25C3%25BChl-tiefk%25C3%25BChllagertische%2Fecostore-hp-premium-k%25C3%25BChllagertische%2Fecostore-hp-premium-k%25C3%25BChllagertische-2-abteile-mit-oberplatte-und-aufkantung%2Fdigitale-k%25C3%25BChltische-k%25C3%25BChllagertisch-ecostore-hp-premium-2-t%25C3%25BCren-290-liter%3B-k%25C3%25A4ltemittel-r290-2%25C2%25B0c%2B10%25C2%25B0c-aisi-304-mit-aufkantung-710002%2F|target:_blank&#8221;][\/vc_column][vc_column width=&#8221;1\/3&#8243;][vc_empty_space height=&#8221;10px&#8221;][vc_single_image image=&#8221;15580&#8243; img_size=&#8221;420&#215;260&#8243; alignment=&#8221;center&#8221; css_animation=&#8221;none&#8221;][elx_heading font_size=&#8221;h5&#8243; text_color=&#8221;inherit&#8221; text_align=&#8221;text-center&#8221;]ecostore<sup>HP<\/sup> Premium<br \/>\nK\u00fchllagertisch[\/elx_heading][vc_column_text]<\/p>\n<p style=\"text-align: center;\">3 T\u00fcren, digital, 440 Liter<\/p>\n<p>[\/vc_column_text][elx_heading font_container=&#8221;h6&#8243; font_size=&#8221;h6&#8243; text_color=&#8221;inherit&#8221; text_align=&#8221;text-center&#8221;]Art.-Nr. 710029[\/elx_heading][elx_button button_text=&#8221;Mehr erfahren&#8221; button_style=&#8221;default&#8221; button_display_block=&#8221;display_block_on&#8221; button_alignment=&#8221;align_center&#8221; button_link=&#8221;url:https%3A%2F%2Fwww.electroluxprofessional.com%2Fat%2Fpd%2Fk%25C3%25BChl-und-tiefk%25C3%25BChlger%25C3%25A4te%2Fk%25C3%25BChl-tiefk%25C3%25BChllagertische%2Fecostore-hp-premium-k%25C3%25BChllagertische%2Fecostore-hp-premium-k%25C3%25BChllagertische-3-abteile-mit-oberplatte-und-aufkantung%2Fdigitale-k%25C3%25BChltische-ecostore-hp-premium-refrigerated-counter-440lt-3-door-upstand-710029%2F|target:_blank&#8221;][vc_empty_space height=&#8221;12px&#8221;][vc_empty_space height=&#8221;100px&#8221;][\/vc_column][vc_column width=&#8221;1\/3&#8243;][vc_single_image image=&#8221;15581&#8243; img_size=&#8221;300&#215;230&#8243; alignment=&#8221;center&#8221; css_animation=&#8221;none&#8221;][elx_heading font_size=&#8221;h5&#8243; text_color=&#8221;inherit&#8221; text_align=&#8221;text-center&#8221;]ecostore<sup>HP<\/sup><br \/>\nK\u00fchllagertisch[\/elx_heading][vc_column_text]<\/p>\n<p style=\"text-align: center;\">2 T\u00fcren, 290 Liter<\/p>\n<p>[\/vc_column_text][elx_heading font_container=&#8221;h6&#8243; font_size=&#8221;h6&#8243; text_color=&#8221;inherit&#8221; text_align=&#8221;text-center&#8221;]Art.-Nr. 710407[\/elx_heading][elx_button button_text=&#8221;Mehr erfahren&#8221; button_style=&#8221;default&#8221; button_display_block=&#8221;display_block_on&#8221; button_alignment=&#8221;align_center&#8221; button_link=&#8221;url:https%3A%2F%2Fwww.electroluxprofessional.com%2Fat%2Fpd%2Fk%25C3%25BChl-und-tiefk%25C3%25BChlger%25C3%25A4te%2Fk%25C3%25BChl-tiefk%25C3%25BChllagertische%2Fecostore-hp-k%25C3%25BChllagertische%2Fecostore-hp-k%25C3%25BChllagertische-2-abteile-mit-oberplatte-und-aufkantung%2Fdigitale-k%25C3%25BChltische-ecostore-hp-refrigerated-counter-2-door-r290-with-top-and-upstand-710407%2F|target:_blank&#8221;][vc_empty_space height=&#8221;10px&#8221;][vc_empty_space height=&#8221;10px&#8221;][\/vc_column][\/vc_row][vc_row][vc_column width=&#8221;1\/3&#8243;][vc_empty_space height=&#8221;120px&#8221;][vc_single_image image=&#8221;15582&#8243; img_size=&#8221;medium&#8221; alignment=&#8221;center&#8221; css_animation=&#8221;none&#8221;][elx_heading font_size=&#8221;h5&#8243; text_color=&#8221;inherit&#8221; text_align=&#8221;text-center&#8221;]ecostore<sup>HP<\/sup><br \/>\nK\u00fchllagertisch[\/elx_heading][vc_column_text]<\/p>\n<p style=\"text-align: center;\">3 T\u00fcren, 440 Liter<\/p>\n<p>[\/vc_column_text][elx_heading font_container=&#8221;h6&#8243; font_size=&#8221;h6&#8243; text_color=&#8221;inherit&#8221; text_align=&#8221;text-center&#8221;]Art.-Nr. 710413[\/elx_heading][elx_button button_text=&#8221;Mehr erfahren&#8221; button_style=&#8221;default&#8221; button_display_block=&#8221;display_block_on&#8221; button_alignment=&#8221;align_center&#8221; button_link=&#8221;url:https%3A%2F%2Fwww.electroluxprofessional.com%2Fat%2Fpd%2Fk%25C3%25BChl-und-tiefk%25C3%25BChlger%25C3%25A4te%2Fk%25C3%25BChl-tiefk%25C3%25BChllagertische%2Fecostore-hp-k%25C3%25BChllagertische%2Fecostore-hp-k%25C3%25BChllagertische-3-abteile-mit-oberplatte-und-aufkantung%2Fdigitale-k%25C3%25BChltische-ecostore-hp-refrigerated-counter-3-door-r290-with-top-and-upstand-710413%2F|target:_blank&#8221;][\/vc_column][vc_column width=&#8221;1\/3&#8243;][vc_single_image image=&#8221;15583&#8243; img_size=&#8221;medium&#8221; alignment=&#8221;center&#8221; css_animation=&#8221;none&#8221;][elx_heading font_size=&#8221;h5&#8243; text_color=&#8221;inherit&#8221; text_align=&#8221;text-center&#8221;]ecostore<br \/>\nK\u00fchlschrank[\/elx_heading][vc_column_text]<\/p>\n<p style=\"text-align: center;\">1 T\u00fcre, digital, 670 Liter<\/p>\n<p>[\/vc_column_text][elx_heading font_container=&#8221;h6&#8243; font_size=&#8221;h6&#8243; text_color=&#8221;inherit&#8221; text_align=&#8221;text-center&#8221;]Art.-Nr. 725321[\/elx_heading][elx_button button_text=&#8221;Mehr erfahren&#8221; button_style=&#8221;default&#8221; button_display_block=&#8221;display_block_on&#8221; button_alignment=&#8221;align_center&#8221; button_link=&#8221;url:https%3A%2F%2Fwww.electroluxprofessional.com%2Fat%2Fpd%2Fk%25C3%25BChl-und-tiefk%25C3%25BChlger%25C3%25A4te%2Fk%25C3%25BChl-und-tiefk%25C3%25BChllagerschr%25C3%25A4nke%2Fecostore-670-1430-l%2Fdigitale-k%25C3%25BChllagerschr%25C3%25A4nke-r290%2Fecostore-1-t%25C3%25BCriger-k%25C3%25BChlschrank-670lt-2%2B10%25C2%25B0c-digital-aisi-304-r290-725321%2F|target:_blank&#8221;][vc_empty_space height=&#8221;10px&#8221;][vc_empty_space height=&#8221;100px&#8221;][\/vc_column][vc_column width=&#8221;1\/3&#8243;][vc_single_image image=&#8221;15584&#8243; img_size=&#8221;medium&#8221; alignment=&#8221;center&#8221; css_animation=&#8221;none&#8221;][elx_heading font_size=&#8221;h5&#8243; text_color=&#8221;inherit&#8221; text_align=&#8221;text-center&#8221;]ecostore<br \/>\nGefrierschrank[\/elx_heading][vc_column_text]<\/p>\n<p style=\"text-align: center;\">1 T\u00fcre, digital, 670 Liter<\/p>\n<p>[\/vc_column_text][elx_heading font_container=&#8221;h6&#8243; font_size=&#8221;h6&#8243; text_color=&#8221;inherit&#8221; text_align=&#8221;text-center&#8221;]Art.-Nr. 725322[\/elx_heading][elx_button button_text=&#8221;Mehr erfahren&#8221; button_style=&#8221;default&#8221; button_display_block=&#8221;display_block_on&#8221; button_alignment=&#8221;align_center&#8221; button_link=&#8221;url:https%3A%2F%2Fwww.electroluxprofessional.com%2Fat%2Fpd%2Fk%25C3%25BChl-und-tiefk%25C3%25BChlger%25C3%25A4te%2Fk%25C3%25BChl-und-tiefk%25C3%25BChllagerschr%25C3%25A4nke%2Fecostore-670-1430-l%2Fdigitale-tiefk%25C3%25BChllagerschr%25C3%25A4nke-r290%2Fecostore-1-t%25C3%25BCriger-gefrierschrank-670lt-22-15%25C2%25B0c-digital-aisi-304-r290-725322%2F|target:_blank&#8221;][vc_empty_space height=&#8221;10px&#8221;][vc_empty_space height=&#8221;10px&#8221;][\/vc_column][\/vc_row][vc_row][vc_column width=&#8221;1\/3&#8243;][vc_single_image image=&#8221;18475&#8243; img_size=&#8221;medium&#8221; alignment=&#8221;center&#8221; css_animation=&#8221;none&#8221;][elx_heading font_size=&#8221;h5&#8243; text_color=&#8221;inherit&#8221; text_align=&#8221;text-center&#8221;]ecostore<sup>HP<\/sup>e<br \/>\nK\u00fchlschrank[\/elx_heading][vc_column_text]<\/p>\n<p style=\"text-align: center;\">1 T\u00fcre, digital, 670 Liter, Klasse A<\/p>\n<p>[\/vc_column_text][elx_heading font_container=&#8221;h6&#8243; font_size=&#8221;h6&#8243; text_color=&#8221;inherit&#8221; text_align=&#8221;text-center&#8221;]Art.-Nr. 725457[\/elx_heading][elx_button button_text=&#8221;Mehr erfahren&#8221; button_style=&#8221;default&#8221; button_display_block=&#8221;display_block_on&#8221; button_alignment=&#8221;align_center&#8221; button_link=&#8221;url:https%3A%2F%2Fwww.electroluxprofessional.com%2Fat%2Fpd%2Fk%25C3%25BChl-und-tiefk%25C3%25BChlger%25C3%25A4te%2Fk%25C3%25BChl-und-tiefk%25C3%25BChllagerschr%25C3%25A4nke%2Fecostore-hpe-670-liter-isolation-90-mm%2Fecostore-hpe-670-liter-k%25C3%25BChlschrank-r290%2Fecostore-hpe-1-t%25C3%25BCriger-k%25C3%25BChlschrank-670lt-2%2B10%25C2%25B0c-digital-aisi-304-r290-klasse-a-725457%2F|target:_blank&#8221;][\/vc_column][vc_column width=&#8221;1\/3&#8243;][vc_single_image image=&#8221;18476&#8243; img_size=&#8221;medium&#8221; alignment=&#8221;center&#8221; css_animation=&#8221;none&#8221;][elx_heading font_size=&#8221;h5&#8243; text_color=&#8221;inherit&#8221; text_align=&#8221;text-center&#8221;]ecostore<sup>HP<\/sup>e<br \/>\nGefrierschrank[\/elx_heading][vc_column_text]<\/p>\n<p style=\"text-align: center;\">1 T\u00fcre, digital, 670 Liter, Klasse B<\/p>\n<p>[\/vc_column_text][elx_heading font_container=&#8221;h6&#8243; font_size=&#8221;h6&#8243; text_color=&#8221;inherit&#8221; text_align=&#8221;text-center&#8221;]Art.-Nr. 725459[\/elx_heading][elx_button button_text=&#8221;Mehr erfahren&#8221; button_style=&#8221;default&#8221; button_display_block=&#8221;display_block_on&#8221; button_alignment=&#8221;align_center&#8221; button_link=&#8221;url:https%3A%2F%2Fwww.electroluxprofessional.com%2Fat%2Fpd%2Fk%25C3%25BChl-und-tiefk%25C3%25BChlger%25C3%25A4te%2Fk%25C3%25BChl-und-tiefk%25C3%25BChllagerschr%25C3%25A4nke%2Fecostore-hpe-670-liter-isolation-90-mm%2Fecostore-hpe-670-litre-tiefk%25C3%25BChlschrank-r290%2Fecostore-hpe-1-t%25C3%25BCriger-gefrierschrank-670lt-22-15%25C2%25B0c-digital-aisi-304-r290-klasse-b-725459%2F|target:_blank&#8221;][vc_empty_space height=&#8221;10px&#8221;][\/vc_column][vc_column width=&#8221;1\/3&#8243;][vc_empty_space height=&#8221;10px&#8221;][vc_empty_space height=&#8221;10px&#8221;][\/vc_column][\/vc_row][vc_row][vc_column][vc_empty_space height=&#8221;82px&#8221;][elx_heading font_container=&#8221;h4&#8243; font_size=&#8221;h3&#8243; text_color=&#8221;inherit&#8221; text_align=&#8221;text-center&#8221;]Sichern Sie sich jetzt Ihre K\u00fchltechnik von Electrolux Professional[\/elx_heading][\/vc_column][\/vc_row][vc_row disable_element=&#8221;yes&#8221;][vc_column width=&#8221;1\/3&#8243;][elx_maylike_box id_box=&#8221;15585&#8243;][\/vc_column][vc_column width=&#8221;1\/3&#8243;][elx_maylike_box id_box=&#8221;15586&#8243;][\/vc_column][vc_column width=&#8221;1\/3&#8243;][elx_maylike_box id_box=&#8221;15587&#8243; link_target=&#8221;blank&#8221;][\/vc_column][\/vc_row][vc_row el_id=&#8221;contact&#8221;][vc_column][vc_empty_space][elx_o2000_contact_us s=&#8221;Lieferf\u00e4higkeit &#8211; K\u00fchltechnik &#8211; Anfrage&#8221; campaign=&#8221;7015p000001Zm5iAAC&#8221; flag_campaign=&#8221;true&#8221; country=&#8221;Austria&#8221; b=&#8221;food&#8221; container=&#8221;elxcontactus1484304163&#8243; r=&#8221;Ich habe Interesse an den lieferf\u00e4higen Produkten aus der K\u00fchltechnik. Bitte kontaktieren Sie mich.&#8221;][vc_empty_space][\/vc_column][\/vc_row][vc_row][vc_column][vc_column_text][\/vc_column_text][\/vc_column][\/vc_row]<\/p>\n","protected":false},"excerpt":{"rendered":"<p>[vc_row full_width=&#8221;electroluxpro-full-width-no-padding&#8221;][vc_column css=&#8221;.vc_custom_1618358802266{margin-top: -40px !important;border-top-width: -40px !important;padding-top: -40px !important;}&#8221;][elx_full_banner title=&#8221;FAST RUNNER&#8221; set_as_h1=&#8221;true&#8221; background_image_media_library=&#8221;16145&#8243; background_image_media_library_mobile=&#8221;48826&#8243; link=&#8221;url:%23contact|title:Heute%20bestellt%20-%20morgen%20auf%20dem%20Weg&#8221;][\/vc_column][\/vc_row][vc_row][vc_column][elx_menu menu_name=&#8221;Fast Runner Food 2023&#8243;][\/vc_column][\/vc_row][vc_row][vc_column][vc_column_text] Schnelle Lieferf\u00e4higkeit ist in vielen Situationen das A&amp;O. Ab sofort sind unsere beliebtesten Produkte aus den Bereichen Kombid\u00e4mpfer, Sp\u00fclmaschinen, K\u00fchltechnik und modularer Kochtechnik im Lager verf\u00fcgbar. [\/vc_column_text][vc_empty_space][vc_row_inner][vc_column_inner width=&#8221;1\/2&#8243;][elx_button button_text=&#8221;Erfahren Sie mehr \u00fcber ecostore K\u00fchlschr\u00e4nke&#8221; button_display_block=&#8221;display_block_on&#8221; button_alignment=&#8221;align_center&#8221; [&hellip;]<\/p>\n","protected":false},"author":471,"featured_media":0,"parent":0,"menu_order":0,"comment_status":"closed","ping_status":"closed","template":"","meta":{"footnotes":""},"class_list":["post-15589","page","type-page","status-publish","hentry"],"acf":[],"yoast_head":"<!-- This site is optimized with the Yoast SEO plugin v23.3 - https:\/\/yoast.com\/wordpress\/plugins\/seo\/ -->\n<title>Schnelle Lieferf\u00e4higkeit | Electrolux Professional<\/title>\n<meta name=\"description\" content=\"Ab sofort sind viele Produkte aus den Bereichen Kombid\u00e4mpfer, Sp\u00fclmaschinen, K\u00fchltechnik und modularer Kochtechnik im Lager verf\u00fcgbar.\" \/>\n<meta name=\"robots\" content=\"index, follow, max-snippet:-1, max-image-preview:large, max-video-preview:-1\" \/>\n<link rel=\"canonical\" href=\"https:\/\/www.electroluxprofessional.com\/at\/lieferfaehigkeit-kuehltechnik\/\" \/>\n<meta property=\"og:locale\" content=\"de_DE\" \/>\n<meta property=\"og:type\" content=\"article\" \/>\n<meta property=\"og:title\" content=\"Schnelle Lieferf\u00e4higkeit | Electrolux Professional\" \/>\n<meta property=\"og:description\" content=\"Ab sofort sind viele Produkte aus den Bereichen Kombid\u00e4mpfer, Sp\u00fclmaschinen, K\u00fchltechnik und modularer Kochtechnik im Lager verf\u00fcgbar.\" \/>\n<meta property=\"og:url\" content=\"https:\/\/www.electroluxprofessional.com\/at\/lieferfaehigkeit-kuehltechnik\/\" \/>\n<meta property=\"og:site_name\" content=\"Electrolux Professional \u00d6sterreich\" \/>\n<meta property=\"article:modified_time\" content=\"2025-06-18T06:49:24+00:00\" \/>\n<meta name=\"twitter:card\" content=\"summary_large_image\" \/>\n<meta name=\"twitter:label1\" content=\"Gesch\u00e4tzte Lesezeit\" \/>\n\t<meta name=\"twitter:data1\" content=\"2 Minuten\" \/>\n<script type=\"application\/ld+json\" class=\"yoast-schema-graph\">{\"@context\":\"https:\/\/schema.org\",\"@graph\":[{\"@type\":\"WebPage\",\"@id\":\"https:\/\/www.electroluxprofessional.com\/at\/lieferfaehigkeit-kuehltechnik\/\",\"url\":\"https:\/\/www.electroluxprofessional.com\/at\/lieferfaehigkeit-kuehltechnik\/\",\"name\":\"Schnelle Lieferf\u00e4higkeit | Electrolux Professional\",\"isPartOf\":{\"@id\":\"https:\/\/www.electroluxprofessional.com\/at\/#website\"},\"datePublished\":\"2023-05-15T08:57:29+00:00\",\"dateModified\":\"2025-06-18T06:49:24+00:00\",\"description\":\"Ab sofort sind viele Produkte aus den Bereichen Kombid\u00e4mpfer, Sp\u00fclmaschinen, K\u00fchltechnik und modularer Kochtechnik im Lager verf\u00fcgbar.\",\"breadcrumb\":{\"@id\":\"https:\/\/www.electroluxprofessional.com\/at\/lieferfaehigkeit-kuehltechnik\/#breadcrumb\"},\"inLanguage\":\"de-AT\",\"potentialAction\":[{\"@type\":\"ReadAction\",\"target\":[\"https:\/\/www.electroluxprofessional.com\/at\/lieferfaehigkeit-kuehltechnik\/\"]}]},{\"@type\":\"BreadcrumbList\",\"@id\":\"https:\/\/www.electroluxprofessional.com\/at\/lieferfaehigkeit-kuehltechnik\/#breadcrumb\",\"itemListElement\":[{\"@type\":\"ListItem\",\"position\":1,\"name\":\"Startseite\",\"item\":\"https:\/\/www.electroluxprofessional.com\/at\/\"},{\"@type\":\"ListItem\",\"position\":2,\"name\":\"FAST RUNNER &#8211; K\u00fchltechnik\"}]},{\"@type\":\"WebSite\",\"@id\":\"https:\/\/www.electroluxprofessional.com\/at\/#website\",\"url\":\"https:\/\/www.electroluxprofessional.com\/at\/\",\"name\":\"Electrolux Professional \u00d6sterreich\",\"description\":\"\",\"potentialAction\":[{\"@type\":\"SearchAction\",\"target\":{\"@type\":\"EntryPoint\",\"urlTemplate\":\"https:\/\/www.electroluxprofessional.com\/at\/?src={search_term_string}\"},\"query-input\":\"required name=search_term_string\"}],\"inLanguage\":\"de-AT\"}]}<\/script>\n<!-- \/ Yoast SEO plugin. -->","yoast_head_json":{"title":"Schnelle Lieferf\u00e4higkeit | Electrolux Professional","description":"Ab sofort sind viele Produkte aus den Bereichen Kombid\u00e4mpfer, Sp\u00fclmaschinen, K\u00fchltechnik und modularer Kochtechnik im Lager verf\u00fcgbar.","robots":{"index":"index","follow":"follow","max-snippet":"max-snippet:-1","max-image-preview":"max-image-preview:large","max-video-preview":"max-video-preview:-1"},"canonical":"https:\/\/www.electroluxprofessional.com\/at\/lieferfaehigkeit-kuehltechnik\/","og_locale":"de_DE","og_type":"article","og_title":"Schnelle Lieferf\u00e4higkeit | Electrolux Professional","og_description":"Ab sofort sind viele Produkte aus den Bereichen Kombid\u00e4mpfer, Sp\u00fclmaschinen, K\u00fchltechnik und modularer Kochtechnik im Lager verf\u00fcgbar.","og_url":"https:\/\/www.electroluxprofessional.com\/at\/lieferfaehigkeit-kuehltechnik\/","og_site_name":"Electrolux Professional \u00d6sterreich","article_modified_time":"2025-06-18T06:49:24+00:00","twitter_card":"summary_large_image","twitter_misc":{"Gesch\u00e4tzte Lesezeit":"2 Minuten"},"schema":{"@context":"https:\/\/schema.org","@graph":[{"@type":"WebPage","@id":"https:\/\/www.electroluxprofessional.com\/at\/lieferfaehigkeit-kuehltechnik\/","url":"https:\/\/www.electroluxprofessional.com\/at\/lieferfaehigkeit-kuehltechnik\/","name":"Schnelle Lieferf\u00e4higkeit | Electrolux Professional","isPartOf":{"@id":"https:\/\/www.electroluxprofessional.com\/at\/#website"},"datePublished":"2023-05-15T08:57:29+00:00","dateModified":"2025-06-18T06:49:24+00:00","description":"Ab sofort sind viele Produkte aus den Bereichen Kombid\u00e4mpfer, Sp\u00fclmaschinen, K\u00fchltechnik und modularer Kochtechnik im Lager verf\u00fcgbar.","breadcrumb":{"@id":"https:\/\/www.electroluxprofessional.com\/at\/lieferfaehigkeit-kuehltechnik\/#breadcrumb"},"inLanguage":"de-AT","potentialAction":[{"@type":"ReadAction","target":["https:\/\/www.electroluxprofessional.com\/at\/lieferfaehigkeit-kuehltechnik\/"]}]},{"@type":"BreadcrumbList","@id":"https:\/\/www.electroluxprofessional.com\/at\/lieferfaehigkeit-kuehltechnik\/#breadcrumb","itemListElement":[{"@type":"ListItem","position":1,"name":"Startseite","item":"https:\/\/www.electroluxprofessional.com\/at\/"},{"@type":"ListItem","position":2,"name":"FAST RUNNER &#8211; K\u00fchltechnik"}]},{"@type":"WebSite","@id":"https:\/\/www.electroluxprofessional.com\/at\/#website","url":"https:\/\/www.electroluxprofessional.com\/at\/","name":"Electrolux Professional \u00d6sterreich","description":"","potentialAction":[{"@type":"SearchAction","target":{"@type":"EntryPoint","urlTemplate":"https:\/\/www.electroluxprofessional.com\/at\/?src={search_term_string}"},"query-input":"required name=search_term_string"}],"inLanguage":"de-AT"}]}},"_links":{"self":[{"href":"https:\/\/www.electroluxprofessional.com\/at\/wp-json\/wp\/v2\/pages\/15589"}],"collection":[{"href":"https:\/\/www.electroluxprofessional.com\/at\/wp-json\/wp\/v2\/pages"}],"about":[{"href":"https:\/\/www.electroluxprofessional.com\/at\/wp-json\/wp\/v2\/types\/page"}],"author":[{"embeddable":true,"href":"https:\/\/www.electroluxprofessional.com\/at\/wp-json\/wp\/v2\/users\/471"}],"replies":[{"embeddable":true,"href":"https:\/\/www.electroluxprofessional.com\/at\/wp-json\/wp\/v2\/comments?post=15589"}],"version-history":[{"count":11,"href":"https:\/\/www.electroluxprofessional.com\/at\/wp-json\/wp\/v2\/pages\/15589\/revisions"}],"predecessor-version":[{"id":19965,"href":"https:\/\/www.electroluxprofessional.com\/at\/wp-json\/wp\/v2\/pages\/15589\/revisions\/19965"}],"wp:attachment":[{"href":"https:\/\/www.electroluxprofessional.com\/at\/wp-json\/wp\/v2\/media?parent=15589"}],"curies":[{"name":"wp","href":"https:\/\/api.w.org\/{rel}","templated":true}]}}