{"id":15524,"date":"2023-04-18T14:47:08","date_gmt":"2023-04-18T14:47:08","guid":{"rendered":"https:\/\/www.electroluxprofessional.com\/at\/?page_id=15524"},"modified":"2026-03-26T15:09:58","modified_gmt":"2026-03-26T14:09:58","slug":"vakuumierer","status":"publish","type":"page","link":"https:\/\/www.electroluxprofessional.com\/at\/grosskuechentechnik\/vakuumierer\/","title":{"rendered":"Vakuumierer"},"content":{"rendered":"<p>[vc_row full_width=&#8221;electroluxpro-full-width-no-padding&#8221;][vc_column][vc_single_image image=&#8221;15512&#8243; img_size=&#8221;full&#8221;][\/vc_column][\/vc_row][vc_row][vc_column][vc_empty_space][elx_heading font_container=&#8221;h1&#8243; text_color=&#8221;inherit&#8221; text_align=&#8221;text-center&#8221;]Vakuumierer[\/elx_heading][vc_empty_space][elx_heading text_color=&#8221;inherit&#8221; text_align=&#8221;text-center&#8221;]Erweitern Sie Ihre Speisekarte, verhindern Sie die Kreuzkontaminationen von Lebensmitteln und erleichtern Sie Ihrem Team die Arbeit w\u00e4hrend der Sto\u00dfzeiten.[\/elx_heading][vc_empty_space][\/vc_column][\/vc_row][vc_row][vc_column][vc_column_text]<\/p>\n<p style=\"text-align: center;\"><strong>Mehr als nur konservieren.<\/strong> Mit dem Electrolux Professional Vakuumierer erhalten Sie einen neuen Helfer in Ihre K\u00fcche, der es Ihnen erm\u00f6glicht, die W\u00fcnsche Ihrer Kunden auch au\u00dferhalb der Saison zu erf\u00fcllen.<\/p>\n<p>[\/vc_column_text][vc_empty_space][elx_button button_text=&#8221;Zu den Produkten&#8221; button_display_block=&#8221;display_block_on&#8221; button_alignment=&#8221;align_center&#8221; button_link=&#8221;url:%23products&#8221;][vc_empty_space][vc_single_image image=&#8221;15513&#8243; img_size=&#8221;full&#8221; alignment=&#8221;center&#8221;][vc_empty_space height=&#8221;50px&#8221;][elx_heading text_color=&#8221;inherit&#8221; text_align=&#8221;text-center&#8221;]Der Vakuumierer \u2013 ein vollwertiges Ger\u00e4t:<br \/>\nSchnell, einfach in der Bedienung und mit diversen Funktionen und Programmen.[\/elx_heading][vc_empty_space height=&#8221;50px&#8221;][vc_row_inner][vc_column_inner width=&#8221;1\/4&#8243;][vc_single_image image=&#8221;15514&#8243; img_size=&#8221;150px&#8221; alignment=&#8221;center&#8221;][vc_empty_space][vc_column_text]<\/p>\n<p style=\"text-align: center;\"><strong>Verl\u00e4ngerte Lebensmittelhaltbarkeit<\/strong><br \/>\nBegeistern Sie Ihre Kunden mit frischen Speisen. Durch das Vakuumieren wird die Qualit\u00e4t Ihrer Lebensmittel erhalten und die Verschwendung von Lebensmitteln vermieden.<\/p>\n<p>[\/vc_column_text][\/vc_column_inner][vc_column_inner width=&#8221;1\/4&#8243;][vc_single_image image=&#8221;15515&#8243; img_size=&#8221;150px&#8221; alignment=&#8221;center&#8221;][vc_empty_space][vc_column_text]<\/p>\n<p style=\"text-align: center;\"><strong>Lebensmittelsicherheit<\/strong><br \/>\nDank des kabellosen Etikettendruckers k\u00f6nnen Sie Sie Kreuzkontaminationen verhindern und behalten den \u00dcberblick bei der Lagerung (HACCP-gerecht).[\/vc_column_text][\/vc_column_inner][vc_column_inner width=&#8221;1\/4&#8243;][vc_single_image image=&#8221;15516&#8243; img_size=&#8221;150x&#8221; alignment=&#8221;center&#8221;][vc_empty_space][vc_column_text]<\/p>\n<p style=\"text-align: center;\"><strong>Effiziente Arbeitsabl\u00e4ufe<\/strong><br \/>\nVakuumieren, Sous-Vide-Garen und Schockfrosten sowie einfaches Regenerieren nach Bedarf.[\/vc_column_text][\/vc_column_inner][vc_column_inner width=&#8221;1\/4&#8243;][vc_single_image image=&#8221;15517&#8243; img_size=&#8221;150px&#8221; alignment=&#8221;center&#8221;][vc_empty_space][vc_column_text]<\/p>\n<p style=\"text-align: center;\"><strong>Sparen Sie Zeit<\/strong><br \/>\nZeit ist kostbar. Bereiten Sie Ihre Aufg\u00fcsse und Marinaden in nur wenigen Minuten zu.[\/vc_column_text][\/vc_column_inner][\/vc_row_inner][vc_empty_space][vc_row_inner][vc_column_inner width=&#8221;1\/3&#8243;][vc_empty_space][\/vc_column_inner][vc_column_inner width=&#8221;1\/3&#8243;][elx_download_block text=&#8221;Flyer zum Vakuumierer herunterladen&#8221; file_picker=&#8221;15526&#8243; background_color=&#8221;electrolux-blue&#8221;][\/vc_column_inner][vc_column_inner width=&#8221;1\/3&#8243;][vc_empty_space][\/vc_column_inner][\/vc_row_inner][vc_empty_space][\/vc_column][\/vc_row][vc_row disable_element=&#8221;yes&#8221;][vc_column][elx_button button_text=&#8221;Discover our offers for cutting, mixing and slicing&#8221; button_style=&#8221;icon&#8221; button_link=&#8221;url:https%3A%2F%2Fwww.electroluxprofessional.com%2Fat%2Fcommercial-kitchen-equipment%2Fcut-mix-slice%2F|title:food%20preparation%3A%20cut%2C%20mix%20and%20slice||&#8221;][vc_empty_space][elx_button button_text=&#8221;Discover our peelers, washers and dryers&#8221; button_style=&#8221;icon&#8221; button_link=&#8221;url:https%3A%2F%2Fwww.electroluxprofessional.com%2Fat%2Fcommercial-kitchen-equipment%2Fpeel-wash-dry%2F|title:Food%20preparation%3A%20peel%2C%20wash%2C%20dry||&#8221;][\/vc_column][\/vc_row][vc_row el_id=&#8221;products&#8221;][vc_column el_id=&#8221;products&#8221;][vc_empty_space][elx_heading text_color=&#8221;inherit&#8221; text_align=&#8221;text-center&#8221;]Finden Sie den perfekten Vakuumierer f\u00fcr Ihr Unternehmen[\/elx_heading]<div class=\"com21-product-filter-container 74\"><div class=\"\"><h4 class=\"text-center\">4 Produkte<\/h4><hr><\/div>\n                    <!-- PROD LIST -->\n                    <div class=\"product-list container\">\n                        <!--Hidden parameters-->\n                        <input type=\"hidden\" name=\"navigation_level_1\" id=\"navigation_level_1\" value=\"E\">\n                        <input type=\"hidden\" name=\"navigation_level_2\" id=\"navigation_level_2\" value=\"O\">\n                        <input type=\"hidden\" name=\"navigation_level_3\" id=\"navigation_level_3\" value=\"\">\n                        <input type=\"hidden\" name=\"navigation_level_4\" id=\"navigation_level_4\" value=\"\">\n                        <input type=\"hidden\" name=\"filter_id\" id=\"filter_id\" value=\"74\">\n                        <input type=\"hidden\" name=\"navigation_language\" id=\"navigation_language\" value=\"5003\">\n                        <input type=\"hidden\" name=\"navigation_language_code\" id=\"navigation_language\" value=\"5003\">\n                        <input type=\"hidden\" name=\"page_id\" id=\"page_id\" value=\"15524\">\n                        <!--END Hidden parameters--><ul class=\"row\" ><li data-product-paged=\"\" class=\"anchor_tags_prod col-sm-6 col-md-3 wow fadeIn single-product-list 602178\"><div class=\"product-list-item\"><div class=\"product-content\"><a href=\"https:\/\/www.electroluxprofessional.com\/at\/pd\/cook-chill\/vakuumverpackungsmaschinen\/vakuumverpackungsmaschinen-tischger\u00e4te\/vakuumierger\u00e4te-vakuumierer-8-m3-h-tischger\u00e4t-digitalanzeige-602178\/\" target=\"_blank\" ><figure><img decoding=\"async\" src=\"https:\/\/tools.electroluxprofessional.com\/Mirror\/Doc\/PH_255x255%2FPH_602178_1_2_602178.jpg\" alt=\"Vakuumierger\u00e4teVakuumierer, 8 m3\/h, Tischger\u00e4t, Digitalanzeige\"\/><\/figure><div class=\"product-internal\"><div class=\"product-liv\">Vakuumverpackungsmaschinen Tischger\u00e4te<\/div><h3 class=\"product-title\">Vakuumierger\u00e4te<br>Vakuumierer, 8 m3\/h, Tischger\u00e4t, Digitalanzeige<\/h3><div class=\"product-icons\"><div class=\"product-green\"><\/div><div class=\"product-cod\"><div class=\"hidden type_code\">0<\/div>COD <span class=\"product-code\" >602178<\/span><\/div><div class=\"product-fast\"><\/div>\n<\/div><div class=\"product-description-fast-green\"><\/div>\n<\/div><div class=\"product-actions\"><a href=\"https:\/\/www.electroluxprofessional.com\/at\/pd\/cook-chill\/vakuumverpackungsmaschinen\/vakuumverpackungsmaschinen-tischger\u00e4te\/vakuumierger\u00e4te-vakuumierer-8-m3-h-tischger\u00e4t-digitalanzeige-602178\/\" class=\"btn btn-primary-blue\">Mehr erfahren<\/a><span class=\"compare-product\"><span class=\"compare-checkbox\"><span class=\"compare-checkbox-shape\"><input type=\"checkbox\" class=\"product-comparer\" id=\"prod_602178\"\/><label class=\"btn\" for=\"prod_602178\"><span class=\"label-bg\"><\/span>Vergleichen<\/label><\/span><\/span><\/span><\/div><\/a><\/div><\/div><\/li><li data-product-paged=\"\" class=\"anchor_tags_prod col-sm-6 col-md-3 wow fadeIn single-product-list 602179\"><div class=\"product-list-item\"><div class=\"product-content\"><a href=\"https:\/\/www.electroluxprofessional.com\/at\/pd\/cook-chill\/vakuumverpackungsmaschinen\/vakuumverpackungsmaschinen-tischger\u00e4te\/vakuumierger\u00e4te-vakuum-packer-12-m3-h-tischger\u00e4t-digitalanzeige-602179\/\" target=\"_blank\" ><figure><img decoding=\"async\" src=\"https:\/\/tools.electroluxprofessional.com\/Mirror\/Doc\/PH_255x255%2FPH_602179_1_2_602179.jpg\" alt=\"Vakuumierger\u00e4teVakuum-Packer, 12 m3\/h, Tischger\u00e4t, Digitalanzeige\"\/><\/figure><div class=\"product-internal\"><div class=\"product-liv\">Vakuumverpackungsmaschinen Tischger\u00e4te<\/div><h3 class=\"product-title\">Vakuumierger\u00e4te<br>Vakuum-Packer, 12 m3\/h, Tischger\u00e4t, Digitalanzeige<\/h3><div class=\"product-icons\"><div class=\"product-green\"><\/div><div class=\"product-cod\"><div class=\"hidden type_code\">0<\/div>COD <span class=\"product-code\" >602179<\/span><\/div><div class=\"product-fast\"><\/div>\n<\/div><div class=\"product-description-fast-green\"><\/div>\n<\/div><div class=\"product-actions\"><a href=\"https:\/\/www.electroluxprofessional.com\/at\/pd\/cook-chill\/vakuumverpackungsmaschinen\/vakuumverpackungsmaschinen-tischger\u00e4te\/vakuumierger\u00e4te-vakuum-packer-12-m3-h-tischger\u00e4t-digitalanzeige-602179\/\" class=\"btn btn-primary-blue\">Mehr erfahren<\/a><span class=\"compare-product\"><span class=\"compare-checkbox\"><span class=\"compare-checkbox-shape\"><input type=\"checkbox\" class=\"product-comparer\" id=\"prod_602179\"\/><label class=\"btn\" for=\"prod_602179\"><span class=\"label-bg\"><\/span>Vergleichen<\/label><\/span><\/span><\/span><\/div><\/a><\/div><\/div><\/li><li data-product-paged=\"\" class=\"anchor_tags_prod col-sm-6 col-md-3 wow fadeIn single-product-list 602180\"><div class=\"product-list-item\"><div class=\"product-content\"><a href=\"https:\/\/www.electroluxprofessional.com\/at\/pd\/cook-chill\/vakuumverpackungsmaschinen\/vakuumverpackungsmaschinen-tischger\u00e4te\/vakuumierger\u00e4te-vakuum-packer-16-m3-h-tischger\u00e4t-digitalanzeige-602180\/\" target=\"_blank\" ><figure><img decoding=\"async\" src=\"https:\/\/tools.electroluxprofessional.com\/Mirror\/Doc\/PH_255x255%2FPH_602180_1_1_602180.jpg\" alt=\"Vakuumierger\u00e4teVakuum-Packer, 16 m3\/h, Tischger\u00e4t, Digitalanzeige\"\/><\/figure><div class=\"product-internal\"><div class=\"product-liv\">Vakuumverpackungsmaschinen Tischger\u00e4te<\/div><h3 class=\"product-title\">Vakuumierger\u00e4te<br>Vakuum-Packer, 16 m3\/h, Tischger\u00e4t, Digitalanzeige<\/h3><div class=\"product-icons\"><div class=\"product-green\"><\/div><div class=\"product-cod\"><div class=\"hidden type_code\">0<\/div>COD <span class=\"product-code\" >602180<\/span><\/div><div class=\"product-fast\"><\/div>\n<\/div><div class=\"product-description-fast-green\"><\/div>\n<\/div><div class=\"product-actions\"><a href=\"https:\/\/www.electroluxprofessional.com\/at\/pd\/cook-chill\/vakuumverpackungsmaschinen\/vakuumverpackungsmaschinen-tischger\u00e4te\/vakuumierger\u00e4te-vakuum-packer-16-m3-h-tischger\u00e4t-digitalanzeige-602180\/\" class=\"btn btn-primary-blue\">Mehr erfahren<\/a><span class=\"compare-product\"><span class=\"compare-checkbox\"><span class=\"compare-checkbox-shape\"><input type=\"checkbox\" class=\"product-comparer\" id=\"prod_602180\"\/><label class=\"btn\" for=\"prod_602180\"><span class=\"label-bg\"><\/span>Vergleichen<\/label><\/span><\/span><\/span><\/div><\/a><\/div><\/div><\/li><li data-product-paged=\"\" class=\"anchor_tags_prod col-sm-6 col-md-3 wow fadeIn single-product-list 602181\"><div class=\"product-list-item\"><div class=\"product-content\"><a href=\"https:\/\/www.electroluxprofessional.com\/at\/pd\/cook-chill\/vakuumverpackungsmaschinen\/vakuumverpackungsmaschinen-tischger\u00e4te\/vakuumierger\u00e4te-vacuum-packer-20m3-h-table-top-602181\/\" target=\"_blank\" ><figure><img decoding=\"async\" src=\"https:\/\/tools.electroluxprofessional.com\/Mirror\/Doc\/PH_255x255%2FPH_602181_1_1_602181.jpg\" alt=\"Vakuumierger\u00e4teVacuum packer 20m3\/h table top\"\/><\/figure><div class=\"product-internal\"><div class=\"product-liv\">Vakuumverpackungsmaschinen Tischger\u00e4te<\/div><h3 class=\"product-title\">Vakuumierger\u00e4te<br>Vacuum packer 20m3\/h table top<\/h3><div class=\"product-icons\"><div class=\"product-green\"><\/div><div class=\"product-cod\"><div class=\"hidden type_code\">0<\/div>COD <span class=\"product-code\" >602181<\/span><\/div><div class=\"product-fast\"><\/div>\n<\/div><div class=\"product-description-fast-green\"><\/div>\n<\/div><div class=\"product-actions\"><a href=\"https:\/\/www.electroluxprofessional.com\/at\/pd\/cook-chill\/vakuumverpackungsmaschinen\/vakuumverpackungsmaschinen-tischger\u00e4te\/vakuumierger\u00e4te-vacuum-packer-20m3-h-table-top-602181\/\" class=\"btn btn-primary-blue\">Mehr erfahren<\/a><span class=\"compare-product\"><span class=\"compare-checkbox\"><span class=\"compare-checkbox-shape\"><input type=\"checkbox\" class=\"product-comparer\" id=\"prod_602181\"\/><label class=\"btn\" for=\"prod_602181\"><span class=\"label-bg\"><\/span>Vergleichen<\/label><\/span><\/span><\/span><\/div><\/a><\/div><\/div><\/li>\n                        <\/ul>\n                        <div class=\"text-center more-products\">\n                        <\/div>\n                    <\/div>\n                    <!-- END PRODUCT LIST -->\n                    <\/div>\n                    <!-- END PRODUCT LIST -->[\/vc_column][\/vc_row][vc_row][vc_column][vc_empty_space height=&#8221;50px&#8221;][elx_heading text_color=&#8221;inherit&#8221; text_align=&#8221;text-center&#8221;]Finden Sie heraus, wie unsere Vakuumierer Ihr Business unterst\u00fctzen kann[\/elx_heading][vc_empty_space height=&#8221;50px&#8221;][elx_o2000_contact_us s=&#8221;Informationsanfrage Vakuumierer&#8221; request_type=&#8221;Other&#8221; country=&#8221;Austria&#8221; b=&#8221;food&#8221; container=&#8221;elxcontactus1480083916&#8243; r=&#8221;Ich m\u00f6chte mehr zu Ihren Vakuumierern erfahren. Bitte kontaktieren Sie mich.&#8221;][vc_empty_space height=&#8221;50px&#8221;][\/vc_column][\/vc_row][vc_row css=&#8221;.vc_custom_1517829981165{background-color: #eeeeee !important;}&#8221;][vc_column width=&#8221;1\/3&#8243;][elx_maylike_box id_box=&#8221;15519&#8243;][\/vc_column][vc_column width=&#8221;1\/3&#8243;][elx_maylike_box id_box=&#8221;15521&#8243;][\/vc_column][vc_column width=&#8221;1\/3&#8243;][elx_maylike_box id_box=&#8221;12698&#8243;][\/vc_column][\/vc_row]<\/p>\n","protected":false},"excerpt":{"rendered":"<p>[vc_row full_width=&#8221;electroluxpro-full-width-no-padding&#8221;][vc_column][vc_single_image image=&#8221;15512&#8243; img_size=&#8221;full&#8221;][\/vc_column][\/vc_row][vc_row][vc_column][vc_empty_space][elx_heading font_container=&#8221;h1&#8243; text_color=&#8221;inherit&#8221; text_align=&#8221;text-center&#8221;]Vakuumierer[\/elx_heading][vc_empty_space][elx_heading text_color=&#8221;inherit&#8221; text_align=&#8221;text-center&#8221;]Erweitern Sie Ihre Speisekarte, verhindern Sie die Kreuzkontaminationen von Lebensmitteln und erleichtern Sie Ihrem Team die Arbeit w\u00e4hrend der Sto\u00dfzeiten.[\/elx_heading][vc_empty_space][\/vc_column][\/vc_row][vc_row][vc_column][vc_column_text] Mehr als nur konservieren. Mit dem Electrolux Professional Vakuumierer erhalten Sie einen neuen Helfer in Ihre K\u00fcche, der es Ihnen erm\u00f6glicht, die W\u00fcnsche Ihrer Kunden auch au\u00dferhalb [&hellip;]<\/p>\n","protected":false},"author":471,"featured_media":15511,"parent":731,"menu_order":0,"comment_status":"closed","ping_status":"closed","template":"","meta":{"footnotes":""},"class_list":["post-15524","page","type-page","status-publish","has-post-thumbnail","hentry"],"acf":[],"yoast_head":"<!-- This site is optimized with the Yoast SEO plugin v23.3 - https:\/\/yoast.com\/wordpress\/plugins\/seo\/ -->\n<title>Vakuumierer | Electrolux Professional<\/title>\n<meta name=\"description\" content=\"Erweitern Sie Ihre Speisekarte, verhindern Sie die Kreuzkontaminationen von Lebensmitteln und erleichtern Sie Ihrem Team die Arbeit.\" \/>\n<meta name=\"robots\" content=\"index, follow, max-snippet:-1, max-image-preview:large, max-video-preview:-1\" \/>\n<link rel=\"canonical\" href=\"https:\/\/www.electroluxprofessional.com\/at\/grosskuechentechnik\/vakuumierer\/\" \/>\n<meta property=\"og:locale\" content=\"de_DE\" \/>\n<meta property=\"og:type\" content=\"article\" \/>\n<meta property=\"og:title\" content=\"Vakuumierer | Electrolux Professional\" \/>\n<meta property=\"og:description\" content=\"Erweitern Sie Ihre Speisekarte, verhindern Sie die Kreuzkontaminationen von Lebensmitteln und erleichtern Sie Ihrem Team die Arbeit.\" \/>\n<meta property=\"og:url\" content=\"https:\/\/www.electroluxprofessional.com\/at\/grosskuechentechnik\/vakuumierer\/\" \/>\n<meta property=\"og:site_name\" content=\"Electrolux Professional \u00d6sterreich\" \/>\n<meta property=\"article:modified_time\" content=\"2026-03-26T14:09:58+00:00\" \/>\n<meta property=\"og:image\" content=\"https:\/\/www.electroluxprofessional.com\/at\/wp-content\/uploads\/2023\/04\/vacuum-image-700x700-1.jpg\" \/>\n\t<meta property=\"og:image:width\" content=\"700\" \/>\n\t<meta property=\"og:image:height\" content=\"700\" \/>\n\t<meta property=\"og:image:type\" content=\"image\/jpeg\" \/>\n<meta name=\"twitter:card\" content=\"summary_large_image\" \/>\n<meta name=\"twitter:label1\" content=\"Gesch\u00e4tzte Lesezeit\" \/>\n\t<meta name=\"twitter:data1\" content=\"3 Minuten\" \/>\n<script type=\"application\/ld+json\" class=\"yoast-schema-graph\">{\"@context\":\"https:\/\/schema.org\",\"@graph\":[{\"@type\":\"WebPage\",\"@id\":\"https:\/\/www.electroluxprofessional.com\/at\/grosskuechentechnik\/vakuumierer\/\",\"url\":\"https:\/\/www.electroluxprofessional.com\/at\/grosskuechentechnik\/vakuumierer\/\",\"name\":\"Vakuumierer | Electrolux Professional\",\"isPartOf\":{\"@id\":\"https:\/\/www.electroluxprofessional.com\/at\/#website\"},\"primaryImageOfPage\":{\"@id\":\"https:\/\/www.electroluxprofessional.com\/at\/grosskuechentechnik\/vakuumierer\/#primaryimage\"},\"image\":{\"@id\":\"https:\/\/www.electroluxprofessional.com\/at\/grosskuechentechnik\/vakuumierer\/#primaryimage\"},\"thumbnailUrl\":\"https:\/\/www.electroluxprofessional.com\/at\/wp-content\/uploads\/2023\/04\/vacuum-image-700x700-1.jpg\",\"datePublished\":\"2023-04-18T14:47:08+00:00\",\"dateModified\":\"2026-03-26T14:09:58+00:00\",\"description\":\"Erweitern Sie Ihre Speisekarte, verhindern Sie die Kreuzkontaminationen von Lebensmitteln und erleichtern Sie Ihrem Team die Arbeit.\",\"breadcrumb\":{\"@id\":\"https:\/\/www.electroluxprofessional.com\/at\/grosskuechentechnik\/vakuumierer\/#breadcrumb\"},\"inLanguage\":\"de-AT\",\"potentialAction\":[{\"@type\":\"ReadAction\",\"target\":[\"https:\/\/www.electroluxprofessional.com\/at\/grosskuechentechnik\/vakuumierer\/\"]}]},{\"@type\":\"ImageObject\",\"inLanguage\":\"de-AT\",\"@id\":\"https:\/\/www.electroluxprofessional.com\/at\/grosskuechentechnik\/vakuumierer\/#primaryimage\",\"url\":\"https:\/\/www.electroluxprofessional.com\/at\/wp-content\/uploads\/2023\/04\/vacuum-image-700x700-1.jpg\",\"contentUrl\":\"https:\/\/www.electroluxprofessional.com\/at\/wp-content\/uploads\/2023\/04\/vacuum-image-700x700-1.jpg\",\"width\":700,\"height\":700,\"caption\":\"Mit dem Electrolux Professional Vakuumierer verl\u00e4ngern Sie die Haltbarkeit Ihrer Lebensmittel\"},{\"@type\":\"BreadcrumbList\",\"@id\":\"https:\/\/www.electroluxprofessional.com\/at\/grosskuechentechnik\/vakuumierer\/#breadcrumb\",\"itemListElement\":[{\"@type\":\"ListItem\",\"position\":1,\"name\":\"Startseite\",\"item\":\"https:\/\/www.electroluxprofessional.com\/at\/\"},{\"@type\":\"ListItem\",\"position\":2,\"name\":\"Gro\u00dfk\u00fcchentechnik\",\"item\":\"https:\/\/www.electroluxprofessional.com\/at\/grosskuechentechnik\/\"},{\"@type\":\"ListItem\",\"position\":3,\"name\":\"Vakuumierer\"}]},{\"@type\":\"WebSite\",\"@id\":\"https:\/\/www.electroluxprofessional.com\/at\/#website\",\"url\":\"https:\/\/www.electroluxprofessional.com\/at\/\",\"name\":\"Electrolux Professional \u00d6sterreich\",\"description\":\"\",\"potentialAction\":[{\"@type\":\"SearchAction\",\"target\":{\"@type\":\"EntryPoint\",\"urlTemplate\":\"https:\/\/www.electroluxprofessional.com\/at\/?src={search_term_string}\"},\"query-input\":\"required name=search_term_string\"}],\"inLanguage\":\"de-AT\"}]}<\/script>\n<!-- \/ Yoast SEO plugin. -->","yoast_head_json":{"title":"Vakuumierer | Electrolux Professional","description":"Erweitern Sie Ihre Speisekarte, verhindern Sie die Kreuzkontaminationen von Lebensmitteln und erleichtern Sie Ihrem Team die Arbeit.","robots":{"index":"index","follow":"follow","max-snippet":"max-snippet:-1","max-image-preview":"max-image-preview:large","max-video-preview":"max-video-preview:-1"},"canonical":"https:\/\/www.electroluxprofessional.com\/at\/grosskuechentechnik\/vakuumierer\/","og_locale":"de_DE","og_type":"article","og_title":"Vakuumierer | Electrolux Professional","og_description":"Erweitern Sie Ihre Speisekarte, verhindern Sie die Kreuzkontaminationen von Lebensmitteln und erleichtern Sie Ihrem Team die Arbeit.","og_url":"https:\/\/www.electroluxprofessional.com\/at\/grosskuechentechnik\/vakuumierer\/","og_site_name":"Electrolux Professional \u00d6sterreich","article_modified_time":"2026-03-26T14:09:58+00:00","og_image":[{"width":700,"height":700,"url":"https:\/\/www.electroluxprofessional.com\/at\/wp-content\/uploads\/2023\/04\/vacuum-image-700x700-1.jpg","type":"image\/jpeg"}],"twitter_card":"summary_large_image","twitter_misc":{"Gesch\u00e4tzte Lesezeit":"3 Minuten"},"schema":{"@context":"https:\/\/schema.org","@graph":[{"@type":"WebPage","@id":"https:\/\/www.electroluxprofessional.com\/at\/grosskuechentechnik\/vakuumierer\/","url":"https:\/\/www.electroluxprofessional.com\/at\/grosskuechentechnik\/vakuumierer\/","name":"Vakuumierer | Electrolux Professional","isPartOf":{"@id":"https:\/\/www.electroluxprofessional.com\/at\/#website"},"primaryImageOfPage":{"@id":"https:\/\/www.electroluxprofessional.com\/at\/grosskuechentechnik\/vakuumierer\/#primaryimage"},"image":{"@id":"https:\/\/www.electroluxprofessional.com\/at\/grosskuechentechnik\/vakuumierer\/#primaryimage"},"thumbnailUrl":"https:\/\/www.electroluxprofessional.com\/at\/wp-content\/uploads\/2023\/04\/vacuum-image-700x700-1.jpg","datePublished":"2023-04-18T14:47:08+00:00","dateModified":"2026-03-26T14:09:58+00:00","description":"Erweitern Sie Ihre Speisekarte, verhindern Sie die Kreuzkontaminationen von Lebensmitteln und erleichtern Sie Ihrem Team die Arbeit.","breadcrumb":{"@id":"https:\/\/www.electroluxprofessional.com\/at\/grosskuechentechnik\/vakuumierer\/#breadcrumb"},"inLanguage":"de-AT","potentialAction":[{"@type":"ReadAction","target":["https:\/\/www.electroluxprofessional.com\/at\/grosskuechentechnik\/vakuumierer\/"]}]},{"@type":"ImageObject","inLanguage":"de-AT","@id":"https:\/\/www.electroluxprofessional.com\/at\/grosskuechentechnik\/vakuumierer\/#primaryimage","url":"https:\/\/www.electroluxprofessional.com\/at\/wp-content\/uploads\/2023\/04\/vacuum-image-700x700-1.jpg","contentUrl":"https:\/\/www.electroluxprofessional.com\/at\/wp-content\/uploads\/2023\/04\/vacuum-image-700x700-1.jpg","width":700,"height":700,"caption":"Mit dem Electrolux Professional Vakuumierer verl\u00e4ngern Sie die Haltbarkeit Ihrer Lebensmittel"},{"@type":"BreadcrumbList","@id":"https:\/\/www.electroluxprofessional.com\/at\/grosskuechentechnik\/vakuumierer\/#breadcrumb","itemListElement":[{"@type":"ListItem","position":1,"name":"Startseite","item":"https:\/\/www.electroluxprofessional.com\/at\/"},{"@type":"ListItem","position":2,"name":"Gro\u00dfk\u00fcchentechnik","item":"https:\/\/www.electroluxprofessional.com\/at\/grosskuechentechnik\/"},{"@type":"ListItem","position":3,"name":"Vakuumierer"}]},{"@type":"WebSite","@id":"https:\/\/www.electroluxprofessional.com\/at\/#website","url":"https:\/\/www.electroluxprofessional.com\/at\/","name":"Electrolux Professional \u00d6sterreich","description":"","potentialAction":[{"@type":"SearchAction","target":{"@type":"EntryPoint","urlTemplate":"https:\/\/www.electroluxprofessional.com\/at\/?src={search_term_string}"},"query-input":"required name=search_term_string"}],"inLanguage":"de-AT"}]}},"_links":{"self":[{"href":"https:\/\/www.electroluxprofessional.com\/at\/wp-json\/wp\/v2\/pages\/15524"}],"collection":[{"href":"https:\/\/www.electroluxprofessional.com\/at\/wp-json\/wp\/v2\/pages"}],"about":[{"href":"https:\/\/www.electroluxprofessional.com\/at\/wp-json\/wp\/v2\/types\/page"}],"author":[{"embeddable":true,"href":"https:\/\/www.electroluxprofessional.com\/at\/wp-json\/wp\/v2\/users\/471"}],"replies":[{"embeddable":true,"href":"https:\/\/www.electroluxprofessional.com\/at\/wp-json\/wp\/v2\/comments?post=15524"}],"version-history":[{"count":13,"href":"https:\/\/www.electroluxprofessional.com\/at\/wp-json\/wp\/v2\/pages\/15524\/revisions"}],"predecessor-version":[{"id":21743,"href":"https:\/\/www.electroluxprofessional.com\/at\/wp-json\/wp\/v2\/pages\/15524\/revisions\/21743"}],"up":[{"embeddable":true,"href":"https:\/\/www.electroluxprofessional.com\/at\/wp-json\/wp\/v2\/pages\/731"}],"wp:featuredmedia":[{"embeddable":true,"href":"https:\/\/www.electroluxprofessional.com\/at\/wp-json\/wp\/v2\/media\/15511"}],"wp:attachment":[{"href":"https:\/\/www.electroluxprofessional.com\/at\/wp-json\/wp\/v2\/media?parent=15524"}],"curies":[{"name":"wp","href":"https:\/\/api.w.org\/{rel}","templated":true}]}}