{"id":12312,"date":"2019-11-08T10:38:47","date_gmt":"2019-11-08T08:38:47","guid":{"rendered":"https:\/\/www.electroluxprofessional.com\/?page_id=26318"},"modified":"2026-03-25T07:01:08","modified_gmt":"2026-03-25T06:01:08","slug":"sport-fitnessclubs-mypro","status":"publish","type":"page","link":"https:\/\/www.electroluxprofessional.com\/at\/branchenloesungen\/sport-fitnessclubs-mypro\/","title":{"rendered":"Sport- &#038; Fitnessclubs"},"content":{"rendered":"<p>[vc_row full_width=&#8221;electroluxpro-full-width-no-padding&#8221; css=&#8221;.vc_custom_1664981165550{margin-top: 50px !important;margin-bottom: 50px !important;}&#8221;][vc_column][elx_full_banner title=&#8221;Beste Wasch- und Sp\u00fcltechnik f\u00fcr Ihre Sportvereine und Fitnessclubs&#8221; set_as_h1=&#8221;true&#8221; background_image_media_library=&#8221;19466&#8243; background_image_media_library_mobile=&#8221;19467&#8243; link=&#8221;url:%23Kontakt|title:Mehr%20erfahren&#8221;][\/vc_column][\/vc_row][vc_row][vc_column][vc_empty_space][vc_column_text]<\/p>\n<h2 style=\"text-align: center;\">Wir <img loading=\"lazy\" decoding=\"async\" class=\"alignnone wp-image-22395\" src=\"https:\/\/www.electroluxprofessional.com\/de\/wp-content\/uploads\/2024\/03\/Herz-150x144.png\" alt=\"myPRO Roadshow \u2013 f\u00fcr Sie auf Tour mit Ger\u00e4ten von Electrolux Professional\" width=\"45\" height=\"42\" \/> es, Ihren Arbeitsalltag zu erleichtern&#8230;<\/h2>\n<p style=\"text-align: center;\">&#8230; bei Ihrem Einsatz in der Sportbranche f\u00fcr Frottier- und Sportw\u00e4sche.<\/p>\n<p>[\/vc_column_text][vc_empty_space][\/vc_column][\/vc_row][vc_row][vc_column][vc_column_text]<\/p>\n<p style=\"text-align: center;\">In <strong>Sportvereinen und Fitnessclubs<\/strong> sind hartn\u00e4ckige Gras-, Schmutz- und Schwei\u00dfflecken an der Tagesordnung und stellen gew\u00f6hnliche Haushaltsmaschinen vor gro\u00dfe Herausforderungen. Mit <strong>myPRO<\/strong> bieten wir Ihnen speziell entwickelte Wasch- und Sp\u00fcltechnik, die diesen Anforderungen gewachsen ist. Unsere <strong>myPRO Waschmaschinen und Trockner<\/strong> sind bis zu doppelt so schnell wie herk\u00f6mmliche Haushaltsger\u00e4te und erm\u00f6glichen h\u00f6chste Hygiene durch spezielle Desinfektionsprogramme. Die <strong>myPRO Untertischsp\u00fclmaschine<\/strong> sorgt mit kurzen Sp\u00fclzeiten und ressourcenschonendem Wasserverbrauch f\u00fcr strahlend sauberes Geschirr. Vertrauen Sie auf myPRO f\u00fcr langlebige, wirtschaftliche und hygienische L\u00f6sungen, die Ihren Arbeitsalltag erleichtern.<\/p>\n<p>[\/vc_column_text][vc_empty_space][vc_row_inner][vc_column_inner width=&#8221;1\/4&#8243;][vc_empty_space][\/vc_column_inner][vc_column_inner width=&#8221;1\/4&#8243;][elx_button button_text=&#8221;Waschtechnik&#8221; button_display_block=&#8221;display_block_on&#8221; button_alignment=&#8221;align_center&#8221; button_link=&#8221;url:%23Waschen&#8221;][\/vc_column_inner][vc_column_inner width=&#8221;1\/4&#8243;][elx_button button_text=&#8221;Sp\u00fcltechnik&#8221; button_display_block=&#8221;display_block_on&#8221; button_alignment=&#8221;align_center&#8221; button_link=&#8221;url:%23Sp%C3%BClen&#8221;][\/vc_column_inner][vc_column_inner width=&#8221;1\/4&#8243;][vc_empty_space][\/vc_column_inner][\/vc_row_inner][vc_empty_space][vc_empty_space][vc_row_inner][vc_column_inner width=&#8221;1\/5&#8243;][vc_empty_space][\/vc_column_inner][vc_column_inner width=&#8221;3\/5&#8243;][elx_download_block text=&#8221;Flyer zu den L\u00f6sungen f\u00fcr Fitnessclubs und Sportvereine herunterladen&#8221; file_picker=&#8221;19468&#8243; background_color=&#8221;electrolux-blue&#8221;][\/vc_column_inner][vc_column_inner width=&#8221;1\/5&#8243;][vc_empty_space][\/vc_column_inner][\/vc_row_inner][vc_empty_space][\/vc_column][\/vc_row][vc_row full_width=&#8221;electroluxpro-full-width&#8221; el_id=&#8221;Waschen&#8221;][vc_column][elx_hero_slider label_text_color=&#8221;inherit&#8221; images=&#8221;19470&#8243;][elx_heading text_color=&#8221;inherit&#8221;]Waschen mit myPRO[\/elx_heading][\/elx_hero_slider][vc_empty_space][vc_empty_space height=&#8221;15px&#8221;][\/vc_column][\/vc_row][vc_row][vc_column][elx_heading text_color=&#8221;inherit&#8221;]myPRO TE1120HP W\u00e4rmepumpentrockner<br \/>\nmyPRO WE170P\/V Waschmaschine[\/elx_heading][vc_empty_space height=&#8221;15px&#8221;][vc_column_text]<\/p>\n<h3><span style=\"color: #d7b782;\"><strong>Maximale Effizienz und Hygiene: Die myPRO W\u00e4schereil\u00f6sungen f\u00fcr Sportvereine und Fitnessclubs<\/strong><\/span><\/h3>\n<p>[\/vc_column_text][vc_empty_space][vc_row_inner][vc_column_inner width=&#8221;1\/3&#8243;][vc_empty_space][vc_single_image image=&#8221;19471&#8243; img_size=&#8221;large&#8221;][\/vc_column_inner][vc_column_inner width=&#8221;2\/3&#8243;][vc_column_text]<\/p>\n<ul>\n<li><strong>Schnelligkeit: <\/strong>Bis zu doppelt so schnell im Vergleich zu einer Haushaltsmaschine.<\/li>\n<li><strong>Langlebigkeit und Wirtschaftlichkeit: <\/strong>Ausgelegt f\u00fcr bis zu 4 Wasch- und Trockenzyklen t\u00e4glich, mit 24 Monate Garantie (bei max. 1.000 Betriebsstunden\/Jahr).<\/li>\n<li><strong>Hygiene: <\/strong>Optimale Waschergebnisse und Hygiene durch spezielle Desinfektions- und Mopp-Programme.<\/li>\n<\/ul>\n<p>[\/vc_column_text][vc_empty_space][elx_button button_text=&#8221;Mehr \u00fcber die myPRO W\u00e4schereil\u00f6sungen erfahren&#8221; button_display_block=&#8221;display_block_on&#8221; button_link=&#8221;url:https%3A%2F%2Fwww.electroluxprofessional.com%2Fat%2Fwaeschereitechnik%2Fmypro-waschmaschinen-trockner-und-mangeln-fuer-kleingewerbe%2F|target:_blank&#8221;][\/vc_column_inner][\/vc_row_inner][vc_empty_space][vc_empty_space][\/vc_column][\/vc_row][vc_row full_width=&#8221;electroluxpro-full-width&#8221; el_id=&#8221;Sp\u00fclen&#8221;][vc_column][elx_hero_slider label_text_color=&#8221;inherit&#8221; images=&#8221;19469&#8243;][elx_heading text_color=&#8221;inherit&#8221;]Sp\u00fclen mit myPRO[\/elx_heading][\/elx_hero_slider][vc_empty_space][vc_empty_space height=&#8221;15px&#8221;][\/vc_column][\/vc_row][vc_row][vc_column][elx_heading text_color=&#8221;inherit&#8221;]myPRO Untertischsp\u00fclmaschine[\/elx_heading][vc_empty_space height=&#8221;15px&#8221;][vc_column_text]<\/p>\n<h3><span style=\"color: #d7b782;\"><strong>Effiziente und Hygienische Sp\u00fcll\u00f6sungen: Die myPRO Untertischsp\u00fclmaschine<\/strong><\/span><\/h3>\n<p>[\/vc_column_text][vc_empty_space][vc_row_inner][vc_column_inner width=&#8221;1\/3&#8243;][vc_empty_space][vc_single_image image=&#8221;21078&#8243; img_size=&#8221;large&#8221;][vc_empty_space][\/vc_column_inner][vc_column_inner width=&#8221;2\/3&#8243;][vc_column_text]Mit der smart-professionellen myPRO Untertischsp\u00fclmaschine ist sichergestellt, dass Besteck, Gl\u00e4ser &amp; Co. bei optimaler Temperatur und mit minimalem Ressourcenverbrauch gesp\u00fclt werden. Die Maschine bietet maximale Hygiene, schnelle Sp\u00fclzyklen und smarte Funktionen f\u00fcr den professionellen Einsatz.<\/p>\n<ul>\n<li>5 Sp\u00fclprogramme mit Zykluszeiten von 55, 90, 100, 150 und 240 Sekunden<\/li>\n<li>Bis zu 65 K\u00f6rbe pro Stunde \u2013 das entspricht 1170 Tellern pro Stunde<\/li>\n<li>Nachsp\u00fcltemperatur bis zu 85 \u00b0C f\u00fcr maximale Hygiene<\/li>\n<li>Wasserverbrauch nur 2,1\u20132,4 Liter pro Zyklus, je nach Programm<\/li>\n<li>Automatische Dosierung von Sp\u00fcl- und Klarsp\u00fclmittel \u00fcber integrierte Dosierpumpen<\/li>\n<li>MyEco-Programm reduziert Energieverbrauch um bis zu 40 % gegen\u00fcber dem Vorg\u00e4ngermodell<\/li>\n<\/ul>\n<p>[\/vc_column_text][vc_empty_space][elx_button button_text=&#8221;Mehr \u00fcber die myPRO Sp\u00fclmaschine erfahren&#8221; button_display_block=&#8221;display_block_on&#8221; button_link=&#8221;url:https%3A%2F%2Fwww.electroluxprofessional.com%2Fat%2Fwaeschereitechnik%2Fmypro-untertischspuelmaschine%2F|target:_blank&#8221;][\/vc_column_inner][\/vc_row_inner][vc_empty_space][vc_empty_space][\/vc_column][\/vc_row][vc_row el_id=&#8221;Kontakt&#8221;][vc_column][elx_heading text_color=&#8221;inherit&#8221; text_align=&#8221;text-center&#8221;]Kontaktieren Sie unsere Experten, um mehr zu erfahren[\/elx_heading][elx_o2000_contact_us s=&#8221;Anfrage: Sport- &amp; Fitnessclubs&#8221; campaign=&#8221;701SX00000Eqo8qYAB&#8221; request_type=&#8221;Other&#8221; country=&#8221;Austria&#8221; b=&#8221;laundry-semi-professional&#8221; r=&#8221;Ich m\u00f6chte mehr \u00fcber W\u00e4schereil\u00f6sungen f\u00fcr Sport- &amp; Fitnessclubs erfahren. Bitte kontaktieren Sie mich.&#8221; l=&#8221;de&#8221;][vc_empty_space][vc_empty_space][\/vc_column][\/vc_row][vc_row][vc_column][elx_heading font_size=&#8221;h1&#8243; text_color=&#8221;inherit&#8221; text_align=&#8221;text-center&#8221;]FAQ[\/elx_heading][vc_empty_space]<div class=\"elx-accordion \">    <div class=\"elx-accordion-heading\">        <a class=\"elx-accordion-link elx-accordion-close\">            <h4 class=\" elx-accordion-title\">                Warum ist myPRO ideal f\u00fcr Sport- und Fitnessclubs geeignet?                <img decoding=\"async\" src=\"https:\/\/www.electroluxprofessional.com\/at\/wp-content\/themes\/electroluxpro\/assets\/epr-icon-minus-blue.svg\" class=\"elx-minus elx-hidden\" \/>                <img decoding=\"async\" src=\"https:\/\/www.electroluxprofessional.com\/at\/wp-content\/themes\/electroluxpro\/assets\/epr-icon-plus-blue.svg\" class=\"elx-plus\" \/>            <\/h4>        <\/a>    <\/div>    <div class=\"elx-accordion-body elx-accordion-close\"><p>[vc_column_text]In Sportvereinen und Fitnessstudios sind\u00a0<strong>Schwei\u00df, Gras- und Schmutzflecken<\/strong>\u00a0an der Tagesordnung. myPRO wurde speziell f\u00fcr diese Anforderungen entwickelt und bietet\u00a0<strong>schnelle, hygienische und langlebige L\u00f6sungen<\/strong>\u00a0f\u00fcr Textil- und Geschirrreinigung.[\/vc_column_text][vc_empty_space]<\/p>\n    <\/div><\/div><div class=\"elx-accordion \">    <div class=\"elx-accordion-heading\">        <a class=\"elx-accordion-link elx-accordion-close\">            <h4 class=\" elx-accordion-title\">                Welche Vorteile bieten myPRO Waschmaschinen und Trockner im Sportbetrieb?                <img decoding=\"async\" src=\"https:\/\/www.electroluxprofessional.com\/at\/wp-content\/themes\/electroluxpro\/assets\/epr-icon-minus-blue.svg\" class=\"elx-minus elx-hidden\" \/>                <img decoding=\"async\" src=\"https:\/\/www.electroluxprofessional.com\/at\/wp-content\/themes\/electroluxpro\/assets\/epr-icon-plus-blue.svg\" class=\"elx-plus\" \/>            <\/h4>        <\/a>    <\/div>    <div class=\"elx-accordion-body elx-accordion-close\"><p>[vc_column_text]<\/p>\n<ul>\n<li><strong>Schnelligkeit<\/strong>: Bis zu doppelt so schnell wie Haushaltsger\u00e4te<\/li>\n<li><strong>Hygiene<\/strong>: Desinfektions- und Mopp-Programme f\u00fcr h\u00f6chste Hygieneanspr\u00fcche<\/li>\n<li><strong>Langlebigkeit<\/strong>: Bis zu 4 Zyklen t\u00e4glich, 24 Monate Garantie (bei max. 1.000 Betriebsstunden\/Jahr)<\/li>\n<li><strong>Wirtschaftlichkeit<\/strong>: Energie- und wassersparend<\/li>\n<\/ul>\n<p>[\/vc_column_text][vc_empty_space]<\/p>\n    <\/div><\/div><div class=\"elx-accordion \">    <div class=\"elx-accordion-heading\">        <a class=\"elx-accordion-link elx-accordion-close\">            <h4 class=\" elx-accordion-title\">                Welche Textilien k\u00f6nnen mit myPRO gewaschen werden?                <img decoding=\"async\" src=\"https:\/\/www.electroluxprofessional.com\/at\/wp-content\/themes\/electroluxpro\/assets\/epr-icon-minus-blue.svg\" class=\"elx-minus elx-hidden\" \/>                <img decoding=\"async\" src=\"https:\/\/www.electroluxprofessional.com\/at\/wp-content\/themes\/electroluxpro\/assets\/epr-icon-plus-blue.svg\" class=\"elx-plus\" \/>            <\/h4>        <\/a>    <\/div>    <div class=\"elx-accordion-body elx-accordion-close\"><p>[vc_column_text]myPRO eignet sich ideal f\u00fcr:<\/p>\n<ul>\n<li><strong>Frottierwaren<\/strong>\u00a0(Handt\u00fccher, Saunat\u00fccher)<\/li>\n<li><strong>Sportbekleidung<\/strong><\/li>\n<li><strong>Trainingsmattenbez\u00fcge<\/strong><\/li>\n<li><strong>Mikrofaser- und Reinigungstextilien<\/strong><\/li>\n<\/ul>\n<p>[\/vc_column_text][vc_empty_space]<\/p>\n    <\/div><\/div><div class=\"elx-accordion \">    <div class=\"elx-accordion-heading\">        <a class=\"elx-accordion-link elx-accordion-close\">            <h4 class=\" elx-accordion-title\">                Wie unterst\u00fctzt die myPRO Sp\u00fclmaschine den Clubbetrieb?                <img decoding=\"async\" src=\"https:\/\/www.electroluxprofessional.com\/at\/wp-content\/themes\/electroluxpro\/assets\/epr-icon-minus-blue.svg\" class=\"elx-minus elx-hidden\" \/>                <img decoding=\"async\" src=\"https:\/\/www.electroluxprofessional.com\/at\/wp-content\/themes\/electroluxpro\/assets\/epr-icon-plus-blue.svg\" class=\"elx-plus\" \/>            <\/h4>        <\/a>    <\/div>    <div class=\"elx-accordion-body elx-accordion-close\"><p>[vc_column_text]Die myPRO DW8548 Untertischsp\u00fclmaschine bietet:<\/p>\n<ul>\n<li><strong>3 Programme<\/strong>\u00a0mit Sp\u00fclzeiten ab 90 Sekunden bis max. 280 Sekunden<\/li>\n<li><strong>85 \u00b0C Nachsp\u00fcltemperatur<\/strong>\u00a0f\u00fcr hygienisch sauberes Geschirr<\/li>\n<li><strong>Nur 3 Liter Wasserverbrauch<\/strong>\u00a0pro Zyklus<\/li>\n<li><strong>Automatische Dosierung<\/strong>\u00a0von Sp\u00fcl- und Klarsp\u00fclmittel<\/li>\n<\/ul>\n<p>[\/vc_column_text][vc_empty_space]<\/p>\n    <\/div><\/div><div class=\"elx-accordion \">    <div class=\"elx-accordion-heading\">        <a class=\"elx-accordion-link elx-accordion-close\">            <h4 class=\" elx-accordion-title\">                Wie nachhaltig ist die myPRO L\u00f6sung f\u00fcr Fitnessclubs?                <img decoding=\"async\" src=\"https:\/\/www.electroluxprofessional.com\/at\/wp-content\/themes\/electroluxpro\/assets\/epr-icon-minus-blue.svg\" class=\"elx-minus elx-hidden\" \/>                <img decoding=\"async\" src=\"https:\/\/www.electroluxprofessional.com\/at\/wp-content\/themes\/electroluxpro\/assets\/epr-icon-plus-blue.svg\" class=\"elx-plus\" \/>            <\/h4>        <\/a>    <\/div>    <div class=\"elx-accordion-body elx-accordion-close\"><p>[vc_column_text]Die Ger\u00e4te sind besonders ressourcenschonend:<\/p>\n<ul>\n<li><strong>Wasser- und Energieeinsparung<\/strong><\/li>\n<li><strong>Langlebige Bauweise<\/strong><\/li>\n<li><strong>Reduzierter Chemikalieneinsatz<\/strong><\/li>\n<\/ul>\n<p>[\/vc_column_text][vc_empty_space]<\/p>\n    <\/div><\/div><div class=\"elx-accordion \">    <div class=\"elx-accordion-heading\">        <a class=\"elx-accordion-link elx-accordion-close\">            <h4 class=\" elx-accordion-title\">                Wie einfach ist die Bedienung f\u00fcr das Personal?                <img decoding=\"async\" src=\"https:\/\/www.electroluxprofessional.com\/at\/wp-content\/themes\/electroluxpro\/assets\/epr-icon-minus-blue.svg\" class=\"elx-minus elx-hidden\" \/>                <img decoding=\"async\" src=\"https:\/\/www.electroluxprofessional.com\/at\/wp-content\/themes\/electroluxpro\/assets\/epr-icon-plus-blue.svg\" class=\"elx-plus\" \/>            <\/h4>        <\/a>    <\/div>    <div class=\"elx-accordion-body elx-accordion-close\"><p>[vc_column_text]Die intuitive Benutzeroberfl\u00e4che mit klaren Programmtasten erm\u00f6glicht eine schnelle und fehlerfreie Bedienung \u2013 auch bei h\u00e4ufig wechselndem Personal oder Aushilfen.[\/vc_column_text][vc_empty_space]<\/p>\n    <\/div><\/div><div class=\"elx-accordion \">    <div class=\"elx-accordion-heading\">        <a class=\"elx-accordion-link elx-accordion-close\">            <h4 class=\" elx-accordion-title\">                Wie finde ich die passende L\u00f6sung f\u00fcr meinen Club?                <img decoding=\"async\" src=\"https:\/\/www.electroluxprofessional.com\/at\/wp-content\/themes\/electroluxpro\/assets\/epr-icon-minus-blue.svg\" class=\"elx-minus elx-hidden\" \/>                <img decoding=\"async\" src=\"https:\/\/www.electroluxprofessional.com\/at\/wp-content\/themes\/electroluxpro\/assets\/epr-icon-plus-blue.svg\" class=\"elx-plus\" \/>            <\/h4>        <\/a>    <\/div>    <div class=\"elx-accordion-body elx-accordion-close\"><p>[vc_column_text]Electrolux Professional bietet individuelle Beratung und ma\u00dfgeschneiderte Konzepte f\u00fcr Ihre W\u00e4scherei oder Sp\u00fclk\u00fcche. Nutzen Sie das Kontaktformular oder sprechen Sie direkt mit einem Fachberater.[\/vc_column_text][vc_empty_space]<\/p>\n    <\/div><\/div>[vc_empty_space][\/vc_column][\/vc_row]<\/p>\n","protected":false},"excerpt":{"rendered":"<p>[vc_row full_width=&#8221;electroluxpro-full-width-no-padding&#8221; css=&#8221;.vc_custom_1664981165550{margin-top: 50px !important;margin-bottom: 50px !important;}&#8221;][vc_column][elx_full_banner title=&#8221;Beste Wasch- und Sp\u00fcltechnik f\u00fcr Ihre Sportvereine und Fitnessclubs&#8221; set_as_h1=&#8221;true&#8221; background_image_media_library=&#8221;19466&#8243; background_image_media_library_mobile=&#8221;19467&#8243; link=&#8221;url:%23Kontakt|title:Mehr%20erfahren&#8221;][\/vc_column][\/vc_row][vc_row][vc_column][vc_empty_space][vc_column_text] Wir es, Ihren Arbeitsalltag zu erleichtern&#8230; &#8230; bei Ihrem Einsatz in der Sportbranche f\u00fcr Frottier- und Sportw\u00e4sche. [\/vc_column_text][vc_empty_space][\/vc_column][\/vc_row][vc_row][vc_column][vc_column_text] In Sportvereinen und Fitnessclubs sind hartn\u00e4ckige Gras-, Schmutz- und Schwei\u00dfflecken an der Tagesordnung und stellen gew\u00f6hnliche Haushaltsmaschinen [&hellip;]<\/p>\n","protected":false},"author":161,"featured_media":0,"parent":811,"menu_order":0,"comment_status":"closed","ping_status":"closed","template":"","meta":{"footnotes":""},"class_list":["post-12312","page","type-page","status-publish","hentry"],"acf":[],"yoast_head":"<!-- This site is optimized with the Yoast SEO plugin v23.3 - https:\/\/yoast.com\/wordpress\/plugins\/seo\/ -->\n<title>L\u00f6sungen f\u00fcr Sport- und Fitnessclubs | Electrolux Professional<\/title>\n<meta name=\"description\" content=\"Mit myPRO L\u00f6sungen m\u00fcssen Sie sich nie wieder Gedanken \u00fcber schlechte Waschergebnisse machen \u2013 einfach einlegen, starten und entspannen!\" \/>\n<meta name=\"robots\" content=\"index, follow, max-snippet:-1, max-image-preview:large, max-video-preview:-1\" \/>\n<link rel=\"canonical\" href=\"https:\/\/www.electroluxprofessional.com\/at\/branchenloesungen\/sport-fitnessclubs-mypro\/\" \/>\n<meta property=\"og:locale\" content=\"de_DE\" \/>\n<meta property=\"og:type\" content=\"article\" \/>\n<meta property=\"og:title\" content=\"L\u00f6sungen f\u00fcr Sport- und Fitnessclubs | Electrolux Professional\" \/>\n<meta property=\"og:description\" content=\"Mit myPRO L\u00f6sungen m\u00fcssen Sie sich nie wieder Gedanken \u00fcber schlechte Waschergebnisse machen \u2013 einfach einlegen, starten und entspannen!\" \/>\n<meta property=\"og:url\" content=\"https:\/\/www.electroluxprofessional.com\/at\/branchenloesungen\/sport-fitnessclubs-mypro\/\" \/>\n<meta property=\"og:site_name\" content=\"Electrolux Professional \u00d6sterreich\" \/>\n<meta property=\"article:modified_time\" content=\"2026-03-25T06:01:08+00:00\" \/>\n<meta property=\"og:image\" content=\"https:\/\/www.electroluxprofessional.com\/de\/wp-content\/uploads\/2024\/03\/Herz-150x144.png\" \/>\n<meta name=\"twitter:card\" content=\"summary_large_image\" \/>\n<meta name=\"twitter:label1\" content=\"Gesch\u00e4tzte Lesezeit\" \/>\n\t<meta name=\"twitter:data1\" content=\"5 Minuten\" \/>\n<script type=\"application\/ld+json\" class=\"yoast-schema-graph\">{\"@context\":\"https:\/\/schema.org\",\"@graph\":[{\"@type\":\"WebPage\",\"@id\":\"https:\/\/www.electroluxprofessional.com\/at\/branchenloesungen\/sport-fitnessclubs-mypro\/\",\"url\":\"https:\/\/www.electroluxprofessional.com\/at\/branchenloesungen\/sport-fitnessclubs-mypro\/\",\"name\":\"L\u00f6sungen f\u00fcr Sport- und Fitnessclubs | Electrolux Professional\",\"isPartOf\":{\"@id\":\"https:\/\/www.electroluxprofessional.com\/at\/#website\"},\"primaryImageOfPage\":{\"@id\":\"https:\/\/www.electroluxprofessional.com\/at\/branchenloesungen\/sport-fitnessclubs-mypro\/#primaryimage\"},\"image\":{\"@id\":\"https:\/\/www.electroluxprofessional.com\/at\/branchenloesungen\/sport-fitnessclubs-mypro\/#primaryimage\"},\"thumbnailUrl\":\"https:\/\/www.electroluxprofessional.com\/de\/wp-content\/uploads\/2024\/03\/Herz-150x144.png\",\"datePublished\":\"2019-11-08T08:38:47+00:00\",\"dateModified\":\"2026-03-25T06:01:08+00:00\",\"description\":\"Mit myPRO L\u00f6sungen m\u00fcssen Sie sich nie wieder Gedanken \u00fcber schlechte Waschergebnisse machen \u2013 einfach einlegen, starten und entspannen!\",\"breadcrumb\":{\"@id\":\"https:\/\/www.electroluxprofessional.com\/at\/branchenloesungen\/sport-fitnessclubs-mypro\/#breadcrumb\"},\"inLanguage\":\"de-AT\",\"potentialAction\":[{\"@type\":\"ReadAction\",\"target\":[\"https:\/\/www.electroluxprofessional.com\/at\/branchenloesungen\/sport-fitnessclubs-mypro\/\"]}]},{\"@type\":\"ImageObject\",\"inLanguage\":\"de-AT\",\"@id\":\"https:\/\/www.electroluxprofessional.com\/at\/branchenloesungen\/sport-fitnessclubs-mypro\/#primaryimage\",\"url\":\"https:\/\/www.electroluxprofessional.com\/de\/wp-content\/uploads\/2024\/03\/Herz-150x144.png\",\"contentUrl\":\"https:\/\/www.electroluxprofessional.com\/de\/wp-content\/uploads\/2024\/03\/Herz-150x144.png\"},{\"@type\":\"BreadcrumbList\",\"@id\":\"https:\/\/www.electroluxprofessional.com\/at\/branchenloesungen\/sport-fitnessclubs-mypro\/#breadcrumb\",\"itemListElement\":[{\"@type\":\"ListItem\",\"position\":1,\"name\":\"Startseite\",\"item\":\"https:\/\/www.electroluxprofessional.com\/at\/\"},{\"@type\":\"ListItem\",\"position\":2,\"name\":\"Branchenl\u00f6sungen\",\"item\":\"https:\/\/www.electroluxprofessional.com\/at\/branchenloesungen\/\"},{\"@type\":\"ListItem\",\"position\":3,\"name\":\"Sport- &#038; Fitnessclubs\"}]},{\"@type\":\"WebSite\",\"@id\":\"https:\/\/www.electroluxprofessional.com\/at\/#website\",\"url\":\"https:\/\/www.electroluxprofessional.com\/at\/\",\"name\":\"Electrolux Professional \u00d6sterreich\",\"description\":\"\",\"potentialAction\":[{\"@type\":\"SearchAction\",\"target\":{\"@type\":\"EntryPoint\",\"urlTemplate\":\"https:\/\/www.electroluxprofessional.com\/at\/?src={search_term_string}\"},\"query-input\":\"required name=search_term_string\"}],\"inLanguage\":\"de-AT\"}]}<\/script>\n<!-- \/ Yoast SEO plugin. -->","yoast_head_json":{"title":"L\u00f6sungen f\u00fcr Sport- und Fitnessclubs | Electrolux Professional","description":"Mit myPRO L\u00f6sungen m\u00fcssen Sie sich nie wieder Gedanken \u00fcber schlechte Waschergebnisse machen \u2013 einfach einlegen, starten und entspannen!","robots":{"index":"index","follow":"follow","max-snippet":"max-snippet:-1","max-image-preview":"max-image-preview:large","max-video-preview":"max-video-preview:-1"},"canonical":"https:\/\/www.electroluxprofessional.com\/at\/branchenloesungen\/sport-fitnessclubs-mypro\/","og_locale":"de_DE","og_type":"article","og_title":"L\u00f6sungen f\u00fcr Sport- und Fitnessclubs | Electrolux Professional","og_description":"Mit myPRO L\u00f6sungen m\u00fcssen Sie sich nie wieder Gedanken \u00fcber schlechte Waschergebnisse machen \u2013 einfach einlegen, starten und entspannen!","og_url":"https:\/\/www.electroluxprofessional.com\/at\/branchenloesungen\/sport-fitnessclubs-mypro\/","og_site_name":"Electrolux Professional \u00d6sterreich","article_modified_time":"2026-03-25T06:01:08+00:00","og_image":[{"url":"https:\/\/www.electroluxprofessional.com\/de\/wp-content\/uploads\/2024\/03\/Herz-150x144.png"}],"twitter_card":"summary_large_image","twitter_misc":{"Gesch\u00e4tzte Lesezeit":"5 Minuten"},"schema":{"@context":"https:\/\/schema.org","@graph":[{"@type":"WebPage","@id":"https:\/\/www.electroluxprofessional.com\/at\/branchenloesungen\/sport-fitnessclubs-mypro\/","url":"https:\/\/www.electroluxprofessional.com\/at\/branchenloesungen\/sport-fitnessclubs-mypro\/","name":"L\u00f6sungen f\u00fcr Sport- und Fitnessclubs | Electrolux Professional","isPartOf":{"@id":"https:\/\/www.electroluxprofessional.com\/at\/#website"},"primaryImageOfPage":{"@id":"https:\/\/www.electroluxprofessional.com\/at\/branchenloesungen\/sport-fitnessclubs-mypro\/#primaryimage"},"image":{"@id":"https:\/\/www.electroluxprofessional.com\/at\/branchenloesungen\/sport-fitnessclubs-mypro\/#primaryimage"},"thumbnailUrl":"https:\/\/www.electroluxprofessional.com\/de\/wp-content\/uploads\/2024\/03\/Herz-150x144.png","datePublished":"2019-11-08T08:38:47+00:00","dateModified":"2026-03-25T06:01:08+00:00","description":"Mit myPRO L\u00f6sungen m\u00fcssen Sie sich nie wieder Gedanken \u00fcber schlechte Waschergebnisse machen \u2013 einfach einlegen, starten und entspannen!","breadcrumb":{"@id":"https:\/\/www.electroluxprofessional.com\/at\/branchenloesungen\/sport-fitnessclubs-mypro\/#breadcrumb"},"inLanguage":"de-AT","potentialAction":[{"@type":"ReadAction","target":["https:\/\/www.electroluxprofessional.com\/at\/branchenloesungen\/sport-fitnessclubs-mypro\/"]}]},{"@type":"ImageObject","inLanguage":"de-AT","@id":"https:\/\/www.electroluxprofessional.com\/at\/branchenloesungen\/sport-fitnessclubs-mypro\/#primaryimage","url":"https:\/\/www.electroluxprofessional.com\/de\/wp-content\/uploads\/2024\/03\/Herz-150x144.png","contentUrl":"https:\/\/www.electroluxprofessional.com\/de\/wp-content\/uploads\/2024\/03\/Herz-150x144.png"},{"@type":"BreadcrumbList","@id":"https:\/\/www.electroluxprofessional.com\/at\/branchenloesungen\/sport-fitnessclubs-mypro\/#breadcrumb","itemListElement":[{"@type":"ListItem","position":1,"name":"Startseite","item":"https:\/\/www.electroluxprofessional.com\/at\/"},{"@type":"ListItem","position":2,"name":"Branchenl\u00f6sungen","item":"https:\/\/www.electroluxprofessional.com\/at\/branchenloesungen\/"},{"@type":"ListItem","position":3,"name":"Sport- &#038; Fitnessclubs"}]},{"@type":"WebSite","@id":"https:\/\/www.electroluxprofessional.com\/at\/#website","url":"https:\/\/www.electroluxprofessional.com\/at\/","name":"Electrolux Professional \u00d6sterreich","description":"","potentialAction":[{"@type":"SearchAction","target":{"@type":"EntryPoint","urlTemplate":"https:\/\/www.electroluxprofessional.com\/at\/?src={search_term_string}"},"query-input":"required name=search_term_string"}],"inLanguage":"de-AT"}]}},"_links":{"self":[{"href":"https:\/\/www.electroluxprofessional.com\/at\/wp-json\/wp\/v2\/pages\/12312"}],"collection":[{"href":"https:\/\/www.electroluxprofessional.com\/at\/wp-json\/wp\/v2\/pages"}],"about":[{"href":"https:\/\/www.electroluxprofessional.com\/at\/wp-json\/wp\/v2\/types\/page"}],"author":[{"embeddable":true,"href":"https:\/\/www.electroluxprofessional.com\/at\/wp-json\/wp\/v2\/users\/161"}],"replies":[{"embeddable":true,"href":"https:\/\/www.electroluxprofessional.com\/at\/wp-json\/wp\/v2\/comments?post=12312"}],"version-history":[{"count":23,"href":"https:\/\/www.electroluxprofessional.com\/at\/wp-json\/wp\/v2\/pages\/12312\/revisions"}],"predecessor-version":[{"id":21658,"href":"https:\/\/www.electroluxprofessional.com\/at\/wp-json\/wp\/v2\/pages\/12312\/revisions\/21658"}],"up":[{"embeddable":true,"href":"https:\/\/www.electroluxprofessional.com\/at\/wp-json\/wp\/v2\/pages\/811"}],"wp:attachment":[{"href":"https:\/\/www.electroluxprofessional.com\/at\/wp-json\/wp\/v2\/media?parent=12312"}],"curies":[{"name":"wp","href":"https:\/\/api.w.org\/{rel}","templated":true}]}}