{"id":12305,"date":"2019-10-22T17:59:33","date_gmt":"2019-10-22T15:59:33","guid":{"rendered":"https:\/\/www.electroluxprofessional.com\/?page_id=26266"},"modified":"2026-03-25T07:09:48","modified_gmt":"2026-03-25T06:09:48","slug":"selbstbedienungs-waescherei-mypro","status":"publish","type":"page","link":"https:\/\/www.electroluxprofessional.com\/at\/branchenloesungen\/selbstbedienungs-waescherei-mypro\/","title":{"rendered":"Selbstbedienungs-W\u00e4schereien"},"content":{"rendered":"<p>[vc_row full_width=&#8221;electroluxpro-full-width-no-padding&#8221; css=&#8221;.vc_custom_1665040728148{margin-top: 50px !important;margin-bottom: 50px !important;}&#8221;][vc_column][elx_full_banner title=&#8221;L\u00f6sungen f\u00fcr Selbstbedienungs-W\u00e4schereien&#8221; background_image_media_library=&#8221;14797&#8243; background_image_media_library_mobile=&#8221;14798&#8243;][\/vc_column][\/vc_row][vc_row][vc_column][vc_empty_space][\/vc_column][\/vc_row][vc_row][vc_column][elx_heading font_container=&#8221;h1&#8243; text_color=&#8221;electrolux-blue&#8221;]L\u00f6sungen f\u00fcr Selbstbedienungs-W\u00e4schereien[\/elx_heading][vc_column_text]Ideal f\u00fcr den Einsatz in kleinen und mittelgro\u00dfen Mehrfamilienh\u00e4usern und Gemeinschaftsunterk\u00fcnften. <strong>myPRO kombiniert Langlebigkeit mit Effizienz<\/strong> und erm\u00f6glicht den Bewohnern ein schnelleres Waschen und Trocknen mit weniger Aufwand. Sparen Sie Geld, w\u00e4hrend Ihre Bewohner Zeit sparen.[\/vc_column_text][elx_button button_text=&#8221;Zu den Produkten&#8221; button_style=&#8221;icon&#8221; button_link=&#8221;url:https%3A%2F%2Fwww.electroluxprofessional.com%2Fat%2Fwaeschereitechnik%2Fmypro-waschmaschinen-trockner-und-mangeln-fuer-kleingewerbe%2F|title:myPRO%20Waschmaschinen%2C%20Trockner%20und%20Mangeln%20f%C3%BCr%20kleine%20Unternehmen|target:_blank&#8221;][\/vc_column][\/vc_row][vc_row disable_element=&#8221;yes&#8221;][vc_column width=&#8221;2\/3&#8243;][elx_heading font_container=&#8221;h1&#8243; text_color=&#8221;electrolux-blue&#8221;]Laundry solutions for Self-service[\/elx_heading][vc_column_text]Ideal for use in small and medium-sized apartment blocks and shared housing facilities, <strong>myPRO combines durability with efficiency<\/strong>, allowing residents to wash and dry more quickly with less hassle. Save money while your residents save time.[\/vc_column_text][elx_button button_text=&#8221;Go to products&#8221; button_style=&#8221;icon&#8221; button_link=&#8221;url:https%3A%2F%2Fwww.electroluxprofessional.com%2Fat%2Fcommercial-laundry-equipment%2Fmypro-washers-dryers-steam-ironers%2F|title:myPRO%20washers%2C%20dryers%20and%20steam%20ironers%20for%20small%20businesses||&#8221;][\/vc_column][vc_column width=&#8221;1\/3&#8243;][elx_heading text_color=&#8221;electrolux-blue&#8221;]Download your leaflet[\/elx_heading][elx_download_block text=&#8221;myPRO laundry solution<br \/>\nfor Self-service&#8221; document_type=&#8221;leaflets&#8221; background_color=&#8221;laundry-solutions&#8221; le_document_number=&#8221;CLF-9JE00009&#8243;][\/vc_column][\/vc_row][vc_row][vc_column][vc_single_image image=&#8221;12300&#8243; img_size=&#8221;full&#8221; alignment=&#8221;center&#8221;][\/vc_column][\/vc_row][vc_row content_placement=&#8221;top&#8221; el_class=&#8221;marginNegative&#8221;][vc_column width=&#8221;1\/3&#8243;][vc_empty_space][elx_heading font_container=&#8221;h3&#8243; font_size=&#8221;h5&#8243; text_color=&#8221;inherit&#8221;]Profi-Programme[\/elx_heading][vc_column_text]Bis zu <strong>50% schneller als Haushaltsger\u00e4te<\/strong>, plus gr\u00f6\u00dfere Flexibilit\u00e4t, mit Programmen f\u00fcr eine Vielzahl von Anwendungen, einschlie\u00dflich Desinfektionsprogrammen.[\/vc_column_text][vc_empty_space height=&#8221;16px&#8221;][\/vc_column][vc_column width=&#8221;1\/3&#8243;][vc_empty_space][elx_heading font_container=&#8221;h3&#8243; font_size=&#8221;h5&#8243; text_color=&#8221;inherit&#8221;]Desinfektionsprogramme[\/elx_heading][vc_column_text]Gr\u00f6\u00dfere Flexibilit\u00e4t, mit Programmen f\u00fcr eine Vielzahl von Anwendungen, einschlie\u00dflich\u00a0<strong>Desinfektionsprogrammen<\/strong>, die Ihnen helfen, Hygiene- und Sauberkeitsanforderungen zu erf\u00fcllen.[\/vc_column_text][vc_empty_space height=&#8221;16px&#8221;][\/vc_column][vc_column width=&#8221;1\/3&#8243;][vc_empty_space][elx_heading font_container=&#8221;h3&#8243; font_size=&#8221;h5&#8243; text_color=&#8221;inherit&#8221;]Feuchtigkeitsregelung[\/elx_heading][vc_column_text]K\u00fcrzere Trocknungszyklen dank <strong>Echtzeitkontrolle<\/strong> des Feuchtigkeitsniveaus im Inneren der Kleidungsst\u00fccke. Verhindert ein \u00dcbertrocknen der Fasern, spart Zeit und gibt dem Benutzer Sicherheit.[\/vc_column_text][vc_empty_space height=&#8221;16px&#8221;][\/vc_column][\/vc_row][vc_row content_placement=&#8221;top&#8221; el_class=&#8221;marginNegative&#8221;][vc_column width=&#8221;1\/3&#8243;][vc_single_image image=&#8221;12301&#8243; img_size=&#8221;large&#8221;][elx_heading font_container=&#8221;h3&#8243; font_size=&#8221;h5&#8243; text_color=&#8221;inherit&#8221;]Effizient und zuverl\u00e4ssig[\/elx_heading][vc_column_text css=&#8221;.vc_custom_1615298081156{margin-bottom: 0px !important;}&#8221; el_class=&#8221;minHeightCirclesText&#8221;]<em>\u201eIch muss mir keine Gedanken \u00fcber Pannen in der W\u00e4scherei machen\u201c<\/em>[\/vc_column_text][vc_column_text css=&#8221;.vc_custom_1615299227314{margin-top: 15px !important;}&#8221;]<\/p>\n<ul>\n<li>Waschmaschine und Trockner halten <strong>3 mal l\u00e4nger<\/strong> als Haushaltsger\u00e4te<\/li>\n<li>Garantie f\u00fcr <em>professionelle Anwendungen<\/em><\/li>\n<li><b>H\u00f6here Flexibilit\u00e4t<\/b> mit <em>External Dosing System<\/em><\/li>\n<\/ul>\n<p>[\/vc_column_text][\/vc_column][vc_column width=&#8221;1\/3&#8243;][vc_single_image image=&#8221;12302&#8243; img_size=&#8221;full&#8221;][elx_heading font_container=&#8221;h3&#8243; font_size=&#8221;h5&#8243; text_color=&#8221;inherit&#8221; css=&#8221;.vc_custom_1729242790966{margin-top: 0px !important;}&#8221;]Sie sparen Geld, die Nutzer Zeit[\/elx_heading][vc_column_text css=&#8221;.vc_custom_1615298049244{margin-bottom: 0px !important;}&#8221; el_class=&#8221;minHeightCirclesText&#8221;]<em>\u201eDa die Zyklusdauer k\u00fcrzer ist, habe ich viele zufriedene Endanwender\u201c<\/em>[\/vc_column_text][vc_column_text css=&#8221;.vc_custom_1615299368774{margin-top: 15px !important;}&#8221;]<\/p>\n<ul>\n<li><b>Bis zu 50% schneller<\/b> dank <em>professionellen Programmen<\/em><\/li>\n<li><strong>Erstklassige Entw\u00e4sserung<\/strong>, die die Trocknungs- und B\u00fcgelphase erleichtert<\/li>\n<li><b>K\u00fcrzerer Trocknungszyklus <\/b>dank\u00a0<em>Automatic Moisture Control<\/em><\/li>\n<\/ul>\n<p>[\/vc_column_text][\/vc_column][vc_column width=&#8221;1\/3&#8243;][vc_single_image image=&#8221;12303&#8243; img_size=&#8221;large&#8221;][elx_heading font_container=&#8221;h3&#8243; font_size=&#8221;h5&#8243; text_color=&#8221;inherit&#8221;]Sicherheit und Ergonomie[\/elx_heading][vc_column_text css=&#8221;.vc_custom_1615298738287{margin-bottom: 0px !important;}&#8221; el_class=&#8221;minHeightCirclesText&#8221;]<em>\u201eMit der Sicherheitst\u00fcr k\u00f6nnen sich meine Kunden entspannen, wenn Kinder in der N\u00e4he sind\u201c<\/em>[\/vc_column_text][vc_column_text css=&#8221;.vc_custom_1615299532880{margin-top: 15px !important;}&#8221;]<\/p>\n<ul>\n<li class=\"li1\">Sorgenfreiheit mit <em>kindersicherer T\u00fcr<\/em>: leicht von innen aufzudr\u00fccken<\/li>\n<li class=\"li1\"><strong>Schneller und einfacher \u00dcberblick<\/strong> \u00fcber die Innentrommel mit Trommellicht<\/li>\n<li class=\"li1\"><strong>Weniger Vibrationen und Ger\u00e4usche<\/strong> <em>durch hochwirksames Sto\u00dfd\u00e4mpfungssystem<\/em><\/li>\n<\/ul>\n<p>[\/vc_column_text][\/vc_column][\/vc_row][vc_row][vc_column][vc_empty_space][\/vc_column][\/vc_row][vc_row][vc_column][elx_heading text_color=&#8221;inherit&#8221; text_align=&#8221;text-center&#8221;]Kontaktieren Sie unsere Experten, um mehr zu erfahren[\/elx_heading][elx_o2000_contact_us s=&#8221;Anfrage: Selbstbedienungs-W\u00e4schereien&#8221; request_type=&#8221;Other&#8221; country=&#8221;Germany&#8221; b=&#8221;laundry-semi-professional&#8221; r=&#8221;Ich m\u00f6chte mehr \u00fcber W\u00e4schereil\u00f6sungen f\u00fcr Selbstbedienungs-W\u00e4schereien erfahren. Bitte kontaktieren Sie mich.&#8221; l=&#8221;de&#8221;][\/vc_column][\/vc_row][vc_row][vc_column][vc_empty_space][\/vc_column][\/vc_row][vc_row css=&#8221;.vc_custom_1534772259989{background-color: #eeeeee !important;}&#8221;][vc_column width=&#8221;2\/3&#8243;][elx_heading font_size=&#8221;h3&#8243; text_color=&#8221;inherit&#8221;]Sie suchen nach leistungsf\u00e4higeren L\u00f6sungen?[\/elx_heading][elx_heading font_container=&#8221;h3&#8243; font_size=&#8221;h5&#8243; text_color=&#8221;inherit&#8221;]Sehen Sie sich unsere L\u00f6sungen f\u00fcr gewerbliche W\u00e4schereien an[\/elx_heading][vc_column_text]<\/p>\n<div>\n<div>\n<div>\n<div>\n<div>\n<p>Electrolux Professional bietet ein umfassendes Sortiment an Produkten f\u00fcr Ihren professionellen W\u00e4schebedarf.<\/p>\n<\/div>\n<\/div>\n<\/div>\n<\/div>\n<\/div>\n<p>[\/vc_column_text][elx_button button_text=&#8221;Entdecken Sie unsere gewerblichen Waschmaschinen&#8221; button_style=&#8221;icon&#8221; button_link=&#8221;url:https%3A%2F%2Fwww.electroluxprofessional.com%2Fat%2Fwaeschereitechnik%2Fgewerbliche-waschmaschinen%2F|title:Gewerbliche%20Waschmaschinen&#8221;][\/vc_column][vc_column width=&#8221;1\/3&#8243;][vc_empty_space][vc_single_image image=&#8221;12304&#8243; img_size=&#8221;700px&#8221; onclick=&#8221;custom_link&#8221; link=&#8221;http:\/\/https:\/\/www.electroluxprofessional.com\/at\/your-business\/commercial-laundries\/&#8221;][\/vc_column][\/vc_row]<\/p>\n","protected":false},"excerpt":{"rendered":"<p>[vc_row full_width=&#8221;electroluxpro-full-width-no-padding&#8221; css=&#8221;.vc_custom_1665040728148{margin-top: 50px !important;margin-bottom: 50px !important;}&#8221;][vc_column][elx_full_banner title=&#8221;L\u00f6sungen f\u00fcr Selbstbedienungs-W\u00e4schereien&#8221; background_image_media_library=&#8221;14797&#8243; background_image_media_library_mobile=&#8221;14798&#8243;][\/vc_column][\/vc_row][vc_row][vc_column][vc_empty_space][\/vc_column][\/vc_row][vc_row][vc_column][elx_heading font_container=&#8221;h1&#8243; text_color=&#8221;electrolux-blue&#8221;]L\u00f6sungen f\u00fcr Selbstbedienungs-W\u00e4schereien[\/elx_heading][vc_column_text]Ideal f\u00fcr den Einsatz in kleinen und mittelgro\u00dfen Mehrfamilienh\u00e4usern und Gemeinschaftsunterk\u00fcnften. myPRO kombiniert Langlebigkeit mit Effizienz und erm\u00f6glicht den Bewohnern ein schnelleres Waschen und Trocknen mit weniger Aufwand. Sparen Sie Geld, w\u00e4hrend Ihre Bewohner Zeit sparen.[\/vc_column_text][elx_button button_text=&#8221;Zu den Produkten&#8221; button_style=&#8221;icon&#8221; [&hellip;]<\/p>\n","protected":false},"author":161,"featured_media":2009,"parent":811,"menu_order":0,"comment_status":"closed","ping_status":"closed","template":"","meta":{"footnotes":""},"class_list":["post-12305","page","type-page","status-publish","has-post-thumbnail","hentry"],"acf":[],"yoast_head":"<!-- This site is optimized with the Yoast SEO plugin v23.3 - https:\/\/yoast.com\/wordpress\/plugins\/seo\/ -->\n<title>Selbstbedienungs-W\u00e4schereien | Electrolux Professional<\/title>\n<meta name=\"description\" content=\"myPRO ist die L\u00f6sung f\u00fcr Unternehmen mit einem Bedarf an leistungsstarken Waschsystemen f\u00fcr den semi-professionellen Einsatzbereich\" \/>\n<meta name=\"robots\" content=\"index, follow, max-snippet:-1, max-image-preview:large, max-video-preview:-1\" \/>\n<link rel=\"canonical\" href=\"https:\/\/www.electroluxprofessional.com\/at\/branchenloesungen\/selbstbedienungs-waescherei-mypro\/\" \/>\n<meta property=\"og:locale\" content=\"de_DE\" \/>\n<meta property=\"og:type\" content=\"article\" \/>\n<meta property=\"og:title\" content=\"Selbstbedienungs-W\u00e4schereien | Electrolux Professional\" \/>\n<meta property=\"og:description\" content=\"myPRO ist die L\u00f6sung f\u00fcr Unternehmen mit einem Bedarf an leistungsstarken Waschsystemen f\u00fcr den semi-professionellen Einsatzbereich\" \/>\n<meta property=\"og:url\" content=\"https:\/\/www.electroluxprofessional.com\/at\/branchenloesungen\/selbstbedienungs-waescherei-mypro\/\" \/>\n<meta property=\"og:site_name\" content=\"Electrolux Professional \u00d6sterreich\" \/>\n<meta property=\"article:modified_time\" content=\"2026-03-25T06:09:48+00:00\" \/>\n<meta property=\"og:image\" content=\"https:\/\/www.electroluxprofessional.com\/at\/wp-content\/uploads\/2016\/12\/IMG_7829_mod.jpg\" \/>\n\t<meta property=\"og:image:width\" content=\"1000\" \/>\n\t<meta property=\"og:image:height\" content=\"562\" \/>\n\t<meta property=\"og:image:type\" content=\"image\/jpeg\" \/>\n<meta name=\"twitter:card\" content=\"summary_large_image\" \/>\n<meta name=\"twitter:label1\" content=\"Gesch\u00e4tzte Lesezeit\" \/>\n\t<meta name=\"twitter:data1\" content=\"4 Minuten\" \/>\n<script type=\"application\/ld+json\" class=\"yoast-schema-graph\">{\"@context\":\"https:\/\/schema.org\",\"@graph\":[{\"@type\":\"WebPage\",\"@id\":\"https:\/\/www.electroluxprofessional.com\/at\/branchenloesungen\/selbstbedienungs-waescherei-mypro\/\",\"url\":\"https:\/\/www.electroluxprofessional.com\/at\/branchenloesungen\/selbstbedienungs-waescherei-mypro\/\",\"name\":\"Selbstbedienungs-W\u00e4schereien | Electrolux Professional\",\"isPartOf\":{\"@id\":\"https:\/\/www.electroluxprofessional.com\/at\/#website\"},\"primaryImageOfPage\":{\"@id\":\"https:\/\/www.electroluxprofessional.com\/at\/branchenloesungen\/selbstbedienungs-waescherei-mypro\/#primaryimage\"},\"image\":{\"@id\":\"https:\/\/www.electroluxprofessional.com\/at\/branchenloesungen\/selbstbedienungs-waescherei-mypro\/#primaryimage\"},\"thumbnailUrl\":\"https:\/\/www.electroluxprofessional.com\/at\/wp-content\/uploads\/2016\/12\/IMG_7829_mod.jpg\",\"datePublished\":\"2019-10-22T15:59:33+00:00\",\"dateModified\":\"2026-03-25T06:09:48+00:00\",\"description\":\"myPRO ist die L\u00f6sung f\u00fcr Unternehmen mit einem Bedarf an leistungsstarken Waschsystemen f\u00fcr den semi-professionellen Einsatzbereich\",\"breadcrumb\":{\"@id\":\"https:\/\/www.electroluxprofessional.com\/at\/branchenloesungen\/selbstbedienungs-waescherei-mypro\/#breadcrumb\"},\"inLanguage\":\"de-AT\",\"potentialAction\":[{\"@type\":\"ReadAction\",\"target\":[\"https:\/\/www.electroluxprofessional.com\/at\/branchenloesungen\/selbstbedienungs-waescherei-mypro\/\"]}]},{\"@type\":\"ImageObject\",\"inLanguage\":\"de-AT\",\"@id\":\"https:\/\/www.electroluxprofessional.com\/at\/branchenloesungen\/selbstbedienungs-waescherei-mypro\/#primaryimage\",\"url\":\"https:\/\/www.electroluxprofessional.com\/at\/wp-content\/uploads\/2016\/12\/IMG_7829_mod.jpg\",\"contentUrl\":\"https:\/\/www.electroluxprofessional.com\/at\/wp-content\/uploads\/2016\/12\/IMG_7829_mod.jpg\",\"width\":1000,\"height\":562,\"caption\":\"Centro Residenziale \u201cAl Parco\u201d\"},{\"@type\":\"BreadcrumbList\",\"@id\":\"https:\/\/www.electroluxprofessional.com\/at\/branchenloesungen\/selbstbedienungs-waescherei-mypro\/#breadcrumb\",\"itemListElement\":[{\"@type\":\"ListItem\",\"position\":1,\"name\":\"Startseite\",\"item\":\"https:\/\/www.electroluxprofessional.com\/at\/\"},{\"@type\":\"ListItem\",\"position\":2,\"name\":\"Branchenl\u00f6sungen\",\"item\":\"https:\/\/www.electroluxprofessional.com\/at\/branchenloesungen\/\"},{\"@type\":\"ListItem\",\"position\":3,\"name\":\"Selbstbedienungs-W\u00e4schereien\"}]},{\"@type\":\"WebSite\",\"@id\":\"https:\/\/www.electroluxprofessional.com\/at\/#website\",\"url\":\"https:\/\/www.electroluxprofessional.com\/at\/\",\"name\":\"Electrolux Professional \u00d6sterreich\",\"description\":\"\",\"potentialAction\":[{\"@type\":\"SearchAction\",\"target\":{\"@type\":\"EntryPoint\",\"urlTemplate\":\"https:\/\/www.electroluxprofessional.com\/at\/?src={search_term_string}\"},\"query-input\":\"required name=search_term_string\"}],\"inLanguage\":\"de-AT\"}]}<\/script>\n<!-- \/ Yoast SEO plugin. -->","yoast_head_json":{"title":"Selbstbedienungs-W\u00e4schereien | Electrolux Professional","description":"myPRO ist die L\u00f6sung f\u00fcr Unternehmen mit einem Bedarf an leistungsstarken Waschsystemen f\u00fcr den semi-professionellen Einsatzbereich","robots":{"index":"index","follow":"follow","max-snippet":"max-snippet:-1","max-image-preview":"max-image-preview:large","max-video-preview":"max-video-preview:-1"},"canonical":"https:\/\/www.electroluxprofessional.com\/at\/branchenloesungen\/selbstbedienungs-waescherei-mypro\/","og_locale":"de_DE","og_type":"article","og_title":"Selbstbedienungs-W\u00e4schereien | Electrolux Professional","og_description":"myPRO ist die L\u00f6sung f\u00fcr Unternehmen mit einem Bedarf an leistungsstarken Waschsystemen f\u00fcr den semi-professionellen Einsatzbereich","og_url":"https:\/\/www.electroluxprofessional.com\/at\/branchenloesungen\/selbstbedienungs-waescherei-mypro\/","og_site_name":"Electrolux Professional \u00d6sterreich","article_modified_time":"2026-03-25T06:09:48+00:00","og_image":[{"width":1000,"height":562,"url":"https:\/\/www.electroluxprofessional.com\/at\/wp-content\/uploads\/2016\/12\/IMG_7829_mod.jpg","type":"image\/jpeg"}],"twitter_card":"summary_large_image","twitter_misc":{"Gesch\u00e4tzte Lesezeit":"4 Minuten"},"schema":{"@context":"https:\/\/schema.org","@graph":[{"@type":"WebPage","@id":"https:\/\/www.electroluxprofessional.com\/at\/branchenloesungen\/selbstbedienungs-waescherei-mypro\/","url":"https:\/\/www.electroluxprofessional.com\/at\/branchenloesungen\/selbstbedienungs-waescherei-mypro\/","name":"Selbstbedienungs-W\u00e4schereien | Electrolux Professional","isPartOf":{"@id":"https:\/\/www.electroluxprofessional.com\/at\/#website"},"primaryImageOfPage":{"@id":"https:\/\/www.electroluxprofessional.com\/at\/branchenloesungen\/selbstbedienungs-waescherei-mypro\/#primaryimage"},"image":{"@id":"https:\/\/www.electroluxprofessional.com\/at\/branchenloesungen\/selbstbedienungs-waescherei-mypro\/#primaryimage"},"thumbnailUrl":"https:\/\/www.electroluxprofessional.com\/at\/wp-content\/uploads\/2016\/12\/IMG_7829_mod.jpg","datePublished":"2019-10-22T15:59:33+00:00","dateModified":"2026-03-25T06:09:48+00:00","description":"myPRO ist die L\u00f6sung f\u00fcr Unternehmen mit einem Bedarf an leistungsstarken Waschsystemen f\u00fcr den semi-professionellen Einsatzbereich","breadcrumb":{"@id":"https:\/\/www.electroluxprofessional.com\/at\/branchenloesungen\/selbstbedienungs-waescherei-mypro\/#breadcrumb"},"inLanguage":"de-AT","potentialAction":[{"@type":"ReadAction","target":["https:\/\/www.electroluxprofessional.com\/at\/branchenloesungen\/selbstbedienungs-waescherei-mypro\/"]}]},{"@type":"ImageObject","inLanguage":"de-AT","@id":"https:\/\/www.electroluxprofessional.com\/at\/branchenloesungen\/selbstbedienungs-waescherei-mypro\/#primaryimage","url":"https:\/\/www.electroluxprofessional.com\/at\/wp-content\/uploads\/2016\/12\/IMG_7829_mod.jpg","contentUrl":"https:\/\/www.electroluxprofessional.com\/at\/wp-content\/uploads\/2016\/12\/IMG_7829_mod.jpg","width":1000,"height":562,"caption":"Centro Residenziale \u201cAl Parco\u201d"},{"@type":"BreadcrumbList","@id":"https:\/\/www.electroluxprofessional.com\/at\/branchenloesungen\/selbstbedienungs-waescherei-mypro\/#breadcrumb","itemListElement":[{"@type":"ListItem","position":1,"name":"Startseite","item":"https:\/\/www.electroluxprofessional.com\/at\/"},{"@type":"ListItem","position":2,"name":"Branchenl\u00f6sungen","item":"https:\/\/www.electroluxprofessional.com\/at\/branchenloesungen\/"},{"@type":"ListItem","position":3,"name":"Selbstbedienungs-W\u00e4schereien"}]},{"@type":"WebSite","@id":"https:\/\/www.electroluxprofessional.com\/at\/#website","url":"https:\/\/www.electroluxprofessional.com\/at\/","name":"Electrolux Professional \u00d6sterreich","description":"","potentialAction":[{"@type":"SearchAction","target":{"@type":"EntryPoint","urlTemplate":"https:\/\/www.electroluxprofessional.com\/at\/?src={search_term_string}"},"query-input":"required name=search_term_string"}],"inLanguage":"de-AT"}]}},"_links":{"self":[{"href":"https:\/\/www.electroluxprofessional.com\/at\/wp-json\/wp\/v2\/pages\/12305"}],"collection":[{"href":"https:\/\/www.electroluxprofessional.com\/at\/wp-json\/wp\/v2\/pages"}],"about":[{"href":"https:\/\/www.electroluxprofessional.com\/at\/wp-json\/wp\/v2\/types\/page"}],"author":[{"embeddable":true,"href":"https:\/\/www.electroluxprofessional.com\/at\/wp-json\/wp\/v2\/users\/161"}],"replies":[{"embeddable":true,"href":"https:\/\/www.electroluxprofessional.com\/at\/wp-json\/wp\/v2\/comments?post=12305"}],"version-history":[{"count":9,"href":"https:\/\/www.electroluxprofessional.com\/at\/wp-json\/wp\/v2\/pages\/12305\/revisions"}],"predecessor-version":[{"id":21668,"href":"https:\/\/www.electroluxprofessional.com\/at\/wp-json\/wp\/v2\/pages\/12305\/revisions\/21668"}],"up":[{"embeddable":true,"href":"https:\/\/www.electroluxprofessional.com\/at\/wp-json\/wp\/v2\/pages\/811"}],"wp:featuredmedia":[{"embeddable":true,"href":"https:\/\/www.electroluxprofessional.com\/at\/wp-json\/wp\/v2\/media\/2009"}],"wp:attachment":[{"href":"https:\/\/www.electroluxprofessional.com\/at\/wp-json\/wp\/v2\/media?parent=12305"}],"curies":[{"name":"wp","href":"https:\/\/api.w.org\/{rel}","templated":true}]}}