{"id":12288,"date":"2020-10-21T20:27:15","date_gmt":"2020-10-21T18:27:15","guid":{"rendered":"https:\/\/www.electroluxprofessional.com\/?page_id=32511"},"modified":"2026-03-25T07:09:04","modified_gmt":"2026-03-25T06:09:04","slug":"gemeinschaftswaschkuechen","status":"publish","type":"page","link":"https:\/\/www.electroluxprofessional.com\/at\/branchenloesungen\/gemeinschaftswaschkuechen\/","title":{"rendered":"Gemeinschaftswaschk\u00fcchen"},"content":{"rendered":"<p>[vc_row full_width=&#8221;electroluxpro-full-width-no-padding&#8221; equal_height=&#8221;yes&#8221; css=&#8221;.vc_custom_1604054607517{margin-top: -30px !important;border-top-width: -30px !important;padding-top: -30px !important;}&#8221;][vc_column][elx_full_banner title=&#8221;Gemeinschaftswaschk\u00fcchen&#8221; set_as_h1=&#8221;true&#8221; background_image_media_library=&#8221;12284&#8243; background_image_media_library_mobile=&#8221;32857&#8243; link=&#8221;url:%23contact|title:Richten%20Sie%20Ihre%20W%C3%A4scherei%20noch%20heute%20ein&#8221;][\/vc_column][\/vc_row][vc_row][vc_column][vc_empty_space][elx_heading font_size=&#8221;h2&#8243; text_color=&#8221;inherit&#8221; text_align=&#8221;text-center&#8221;]F\u00fcr kleinere Geb\u00e4ude, Studentenwohnheime und R\u00e4umlichkeiten mit begrenzter funktionaler Wohnfl\u00e4che[\/elx_heading][vc_empty_space][vc_column_text]<\/p>\n<p style=\"text-align: center; font-size: 22px;\">Sind Sie der Verwalter eines Mehrfamilienhauses? Wollen Sie es den Mitbewohnern leicht machen, ihre W\u00e4sche zu waschen? Wenn Sie auf der Suche nach zuverl\u00e4ssigen, einfach zu bedienenden und langlebigen Ger\u00e4ten sind, die gute Arbeit beim Waschen und Trocknen leisten&#8230;wir haben, was Sie suchen! Entdecken Sie hier unsere L\u00f6sungen f\u00fcr Gemeinschaftswaschk\u00fcchen.<\/p>\n<p>[\/vc_column_text][vc_empty_space][vc_row_inner][vc_column_inner width=&#8221;1\/2&#8243;][vc_column_text]<\/p>\n<ul>\n<li style=\"font-size: 20px;\">Mehrfamilienh\u00e4user<\/li>\n<li style=\"font-size: 20px;\">Studentenwohnheime<\/li>\n<li style=\"font-size: 20px;\">Universit\u00e4ten &amp; Fachhochschulen<\/li>\n<li style=\"font-size: 20px;\">Schlafs\u00e4le<\/li>\n<\/ul>\n<p>[\/vc_column_text][\/vc_column_inner][vc_column_inner width=&#8221;1\/2&#8243;][vc_column_text]<\/p>\n<ul>\n<li style=\"font-size: 20px;\">Jugendherbergen<\/li>\n<li style=\"font-size: 20px;\">Arbeiterwohnungen<\/li>\n<li style=\"font-size: 20px;\">Wohngruppen<\/li>\n<\/ul>\n<p>[\/vc_column_text][\/vc_column_inner][\/vc_row_inner][vc_empty_space][elx_download_block text=&#8221;Flyer zu den L\u00f6sungen f\u00fcr Gemeinschaftswaschk\u00fcchen herunterladen&#8221; document_type=&#8221;brochures&#8221; file_picker=&#8221;17181&#8243; background_color=&#8221;electrolux-blue&#8221;][vc_empty_space][\/vc_column][\/vc_row][vc_row full_width=&#8221;electroluxpro-full-width&#8221;][vc_column][elx_hero_slider text_position=&#8221;hero_slider_text_align_right&#8221; text_color=&#8221;electrolux-blue&#8221; label_text_color=&#8221;electrolux-blue&#8221; images=&#8221;12282&#8243;][elx_heading font_size=&#8221;h4&#8243; text_color=&#8221;electrolux-blue&#8221; text_align=&#8221;text-left&#8221;]Erstklassige Effizienz bei niedrigsten Betriebskosten[\/elx_heading][vc_column_text]<\/p>\n<p style=\"font-size: 20px;\">Wenn es um W\u00e4schereien in <strong>Wohngemeinschaften<\/strong> geht, bedeutet Qualit\u00e4t: optimale Waschergebnisse, kurze Waschzeiten, niedrige Betriebskosten und absolute Zuverl\u00e4ssigkeit. Deshalb brauchen Sie einen Partner mit <strong>Kompetenz und Erfahrung<\/strong> &#8211; einen, der professionelle Ger\u00e4te in- und auswendig kennt.<\/p>\n<p>[\/vc_column_text][\/elx_hero_slider][vc_empty_space][\/vc_column][\/vc_row][vc_row][vc_column][vc_empty_space][elx_heading font_size=&#8221;h2&#8243; text_color=&#8221;inherit&#8221; text_align=&#8221;text-center&#8221;]Ma\u00dfgeschneiderte L\u00f6sungen[\/elx_heading][vc_empty_space][vc_column_text]<\/p>\n<p style=\"font-size: 22px; text-align: center;\">Wir sind hier, um Ihnen zu helfen, die <strong>f\u00fcr Sie beste L\u00f6sung<\/strong> zusammenzustellen.<br \/>\n<strong>Keine zwei Installationen sind gleich:<\/strong> Zus\u00e4tzlich zu den grundlegenden Gr\u00f6\u00dfen- und Leistungsparametern unterscheiden sie sich nach Schlauchtyp, Bel\u00fcftung, Stromquellen und anderen Funktionen, die den Bed\u00fcrfnissen Ihrer Mieter entsprechen. Waschmaschinen, Trockner und Zubeh\u00f6r &#8211; <strong>alle L\u00f6sungen von Electrolux Professional sind so konzipiert, dass sie f\u00fcr eine optimale Leistung zusammenarbeiten.<\/strong>[\/vc_column_text][vc_empty_space][elx_double_banner title_1=&#8221;Line 6000 Waschmaschinen und Trockner&#8221; title_2=&#8221;myPRO&#8221; link_1=&#8221;url:https%3A%2F%2Fwww.electroluxprofessional.com%2Fat%2Fwp-content%2Fuploads%2F2021%2F03%2FELS_Line6000-MULTI-HOUSING_GERMAN_.pdf|title:Brosch%C3%BCre%20herunterladen|target:_blank&#8221; background_image_media_library_1=&#8221;12285&#8243; link_2=&#8221;url:https%3A%2F%2Fwww.electroluxprofessional.com%2Fat%2Fwp-content%2Fuploads%2F2021%2F03%2FELS_myPRO_sales-booklet_DE_2021.pdf|title:Brosch%C3%BCre%20herunterladen|target:_blank&#8221; background_image_media_library_2=&#8221;15116&#8243; background_image_media_library_mobile_1=&#8221;32841&#8243; background_image_media_library_mobile_2=&#8221;32842&#8243;][vc_empty_space][\/vc_column][\/vc_row][vc_row disable_element=&#8221;yes&#8221;][vc_column][vc_empty_space][elx_heading font_size=&#8221;h2&#8243; text_color=&#8221;inherit&#8221; text_align=&#8221;text-center&#8221;]Ma\u00dfgeschneiderte L\u00f6sungen[\/elx_heading][vc_empty_space][vc_column_text]<\/p>\n<p style=\"font-size: 22px; text-align: center;\">Wir sind hier, um Ihnen zu helfen, die <strong>f\u00fcr Sie beste L\u00f6sung<\/strong> zusammenzustellen.<br \/>\n<strong>Keine zwei Installationen sind gleich:<\/strong> Zus\u00e4tzlich zu den grundlegenden Gr\u00f6\u00dfen- und Leistungsparametern unterscheiden sie sich nach Schlauchtyp, Bel\u00fcftung, Stromquellen und anderen Funktionen, die den Bed\u00fcrfnissen Ihrer Mieter entsprechen. Waschmaschinen, Trockner und Zubeh\u00f6r &#8211; <strong>alle L\u00f6sungen von Electrolux Professional sind so konzipiert, dass sie f\u00fcr eine optimale Leistung zusammenarbeiten.<\/strong>[\/vc_column_text][vc_empty_space][elx_double_banner title_1=&#8221;Line 6000 Waschmaschinen und Trockner&#8221; title_2=&#8221;myPRO&#8221; link_1=&#8221;url:https%3A%2F%2Ftools.electroluxprofessional.com%2FMirror%2FDoc%2FELS%2FBRO%2FElectrolux%2520Professional_Line%25206000-Washers%2520%26%2520Dryers%2520brochure-LR.pdf|title:Brosch%C3%BCre%20herunterladen|target:_blank&#8221; background_image_media_library_1=&#8221;12285&#8243; link_2=&#8221;url:https%3A%2F%2Ftools.electroluxprofessional.com%2FMirror%2FDoc%2FCLF%2FCLF_CLF-9JE00009_1_5_1_11_myPRO%2520leaflet-General%2520info_Electrolux%2520PRO_LR.pdf|title:Brosch%C3%BCre%20herunterladen&#8221; background_image_media_library_2=&#8221;12287&#8243; background_image_media_library_mobile_1=&#8221;32841&#8243; background_image_media_library_mobile_2=&#8221;32842&#8243;][vc_empty_space][\/vc_column][\/vc_row][vc_row full_width=&#8221;electroluxpro-full-width&#8221;][vc_column][elx_hero_slider text_color=&#8221;electrolux-blue&#8221; label_text_color=&#8221;electrolux-blue&#8221; images=&#8221;12283&#8243;][elx_heading font_size=&#8221;h4&#8243; text_color=&#8221;electrolux-blue&#8221; text_align=&#8221;text-left&#8221;]Zu Ihren Diensten[\/elx_heading][vc_column_text]<\/p>\n<p style=\"font-size: 20px;\">Wir bieten die innovativsten L\u00f6sungen, die Ihren Anforderungen entsprechen. Mit modernsten Virtual-Reality-Tools simulieren unsere erfahrenen W\u00e4schereiexperten jede von Ihnen gew\u00fcnschte Konfiguration.<br \/>\n<strong>Beratender Verkauf: Wir sind Ihr Partner w\u00e4hrend des gesamten Prozesses.<\/strong>[\/vc_column_text][elx_button button_text=&#8221;Kontaktieren Sie uns&#8221; button_link=&#8221;url:%23contact|||&#8221;][\/elx_hero_slider][vc_empty_space][\/vc_column][\/vc_row][vc_row css=&#8221;.vc_custom_1604014478182{background-color: #efefef !important;}&#8221;][vc_column][vc_empty_space][elx_heading font_size=&#8221;h1&#8243; text_color=&#8221;inherit&#8221; text_align=&#8221;text-center&#8221;]Viele praktische M\u00f6glichkeiten[\/elx_heading][vc_empty_space][\/vc_column][\/vc_row][vc_row css=&#8221;.vc_custom_1604014467256{background-color: #efefef !important;}&#8221;][vc_column][vc_row_inner][vc_column_inner width=&#8221;1\/3&#8243;][vc_single_image image=&#8221;12276&#8243; img_size=&#8221;100px&#8221; alignment=&#8221;center&#8221;][elx_heading font_container=&#8221;h3&#8243; font_size=&#8221;h4&#8243; text_color=&#8221;electrolux-blue&#8221; text_align=&#8221;text-center&#8221;]M\u00fcnzbetrieben[\/elx_heading][vc_column_text]<\/p>\n<p style=\"font-size: 16px; text-align: center;\">Wertmarken oder M\u00fcnzen, mechanisch oder elektromechanisch<\/p>\n<p>[\/vc_column_text][vc_empty_space][\/vc_column_inner][vc_column_inner width=&#8221;1\/3&#8243;][vc_single_image image=&#8221;12277&#8243; img_size=&#8221;100px&#8221; alignment=&#8221;center&#8221;][elx_heading font_container=&#8221;h3&#8243; font_size=&#8221;h4&#8243; text_color=&#8221;electrolux-blue&#8221; text_align=&#8221;text-center&#8221;]Kartenleser[\/elx_heading][vc_column_text]<\/p>\n<p style=\"font-size: 16px; text-align: center;\">Prepaid, Schl\u00fcsselkarten,<br \/>\nBankkarten[\/vc_column_text][vc_empty_space][\/vc_column_inner][vc_column_inner width=&#8221;1\/3&#8243;][vc_single_image image=&#8221;12278&#8243; img_size=&#8221;80px&#8221; alignment=&#8221;center&#8221;][elx_heading font_container=&#8221;h3&#8243; font_size=&#8221;h4&#8243; text_color=&#8221;electrolux-blue&#8221; text_align=&#8221;text-center&#8221;]Apps[\/elx_heading][vc_column_text]<\/p>\n<p style=\"font-size: 16px; text-align: center;\">Eigenst\u00e4ndig<br \/>\nMit bestehenden Bezahlsystemen verbunden[\/vc_column_text][vc_empty_space][\/vc_column_inner][\/vc_row_inner][vc_row_inner][vc_column_inner width=&#8221;1\/3&#8243;][vc_single_image image=&#8221;12279&#8243; img_size=&#8221;100px&#8221; alignment=&#8221;center&#8221;][elx_heading font_container=&#8221;h3&#8243; font_size=&#8221;h4&#8243; text_color=&#8221;electrolux-blue&#8221; text_align=&#8221;text-center&#8221;]Intelligente Stromz\u00e4hler[\/elx_heading][vc_column_text]<\/p>\n<p style=\"font-size: 16px; text-align: center;\">Eigenst\u00e4ndiger Mechanismus zum Ein- und Ausschalten der Stromversorgung<\/p>\n<p>[\/vc_column_text][vc_empty_space][\/vc_column_inner][vc_column_inner width=&#8221;1\/3&#8243;][vc_single_image image=&#8221;12280&#8243; img_size=&#8221;100px&#8221; alignment=&#8221;center&#8221;][elx_heading font_container=&#8221;h3&#8243; font_size=&#8221;h4&#8243; text_color=&#8221;electrolux-blue&#8221; text_align=&#8221;text-center&#8221;]Zentrale Bezahlsysteme[\/elx_heading][vc_column_text]<\/p>\n<p style=\"font-size: 16px; text-align: center;\">Einzelne Zahlstation zur \u00dcberwachung mehrerer Maschinen<\/p>\n<p>[\/vc_column_text][vc_empty_space][\/vc_column_inner][vc_column_inner width=&#8221;1\/3&#8243;][vc_single_image image=&#8221;12281&#8243; img_size=&#8221;100px&#8221; alignment=&#8221;center&#8221;][elx_heading font_container=&#8221;h3&#8243; font_size=&#8221;h4&#8243; text_color=&#8221;electrolux-blue&#8221; text_align=&#8221;text-center&#8221;]Buchungssysteme mit<br \/>\nmonatlicher Zahlung[\/elx_heading][vc_column_text]<\/p>\n<p style=\"font-size: 16px; text-align: center;\">Maschinen k\u00f6nnen vor Ort oder kontaktfrei gebucht werden. Verschiedene Bezahlm\u00f6glichkeiten<\/p>\n<p>[\/vc_column_text][vc_empty_space][\/vc_column_inner][\/vc_row_inner][vc_empty_space height=&#8221;50px&#8221;][\/vc_column][\/vc_row][vc_row][vc_column][elx_heading text_color=&#8221;inherit&#8221; text_align=&#8221;text-center&#8221;]Unsere Kunden[\/elx_heading][\/vc_column][\/vc_row][vc_row][vc_column width=&#8221;1\/3&#8243;][elx_image_block background_image=&#8221;12271&#8243; vert_back_position=&#8221;top&#8221; minimum_height=&#8221;300px&#8221;][elx_heading font_container=&#8221;h3&#8243; font_size=&#8221;h4&#8243; text_color=&#8221;inherit&#8221;]Studentenwohnheime[\/elx_heading][vc_column_text]<\/p>\n<h4 class=\" h6 inherit inherit\"><strong>Campus Diemen Zuid<\/strong><\/h4>\n<p style=\"font-size: 18px;\"><b>Niederlande<\/b><\/p>\n<p style=\"font-size: 16px;\">Der Campus Diemen Zuid ben\u00f6tigte eine moderne W\u00e4scherei f\u00fcr seine Bewohner. Um den Studenten eine hochwertige Ausstattung und intuitive Bezahlmethoden zu bieten, entschied man sich f\u00fcr Maschinen von Electrolux Professional in Kombination mit dem Pay-per-Wash-System.<\/p>\n<p>[\/vc_column_text][vc_empty_space][\/vc_column][vc_column width=&#8221;1\/3&#8243;][elx_image_block background_image=&#8221;12273&#8243; minimum_height=&#8221;300px&#8221;][elx_heading font_container=&#8221;h3&#8243; font_size=&#8221;h4&#8243; text_color=&#8221;inherit&#8221;]Mehrfamilienh\u00e4user[\/elx_heading][vc_column_text]<\/p>\n<h4 class=\" h6 inherit inherit\"><strong>Charlottenborg<\/strong><\/h4>\n<p style=\"font-size: 18px;\"><b>Schweden<\/b><\/p>\n<p style=\"font-size: 16px;\">Charlottenborg, ein Verbund von 311 Wohnungen, hat durch die Reduzierung des Strom- und Wasserverbrauchs betr\u00e4chtliche Kosteneinsparungen erzielt. \u201eWir haben j\u00e4hrliche Einsparungen von 52.000 SEK [mehr als 5.000\u20ac] durch die Umstellung auf neue energieeffiziente Ger\u00e4te sowohl beim Waschen als auch beim Trocknen gemessen.&#8221;<br \/>\nRoland Bengtsson, Techniker bei HSB Sk\u00e5ne[\/vc_column_text][vc_empty_space][\/vc_column][vc_column width=&#8221;1\/3&#8243;][elx_image_block background_image=&#8221;12274&#8243; minimum_height=&#8221;300px&#8221;][elx_heading font_container=&#8221;h3&#8243; font_size=&#8221;h4&#8243; text_color=&#8221;inherit&#8221;]Studentenwohnheime[\/elx_heading][vc_column_text]<\/p>\n<h4 class=\" h6 inherit inherit\"><strong>Malm\u00f6 Studentenwohnheim<\/strong><\/h4>\n<p style=\"font-size: 18px;\"><b>Schweden<\/b><\/p>\n<p style=\"font-size: 16px;\">Die neue W\u00e4scherei ist ein gro\u00dfer Erfolg: Sie ist zu einem beliebten Treffpunkt geworden, an dem sich die Studenten treffen, einen Snack genie\u00dfen und lernen, w\u00e4hrend sie ihre W\u00e4sche im Auge behalten.<br \/>\nDie Studenten ben\u00f6tigen eine vorprogrammierte Schl\u00fcsselkarte oder einen Transponder, um einzutreten. Mit dieser Karte werden auch die Waschzeiten und die Lernr\u00e4ume gebucht, alles \u00fcber das Electrolux Professional Laundry Vision-System.[\/vc_column_text][vc_empty_space][\/vc_column][\/vc_row][vc_row css=&#8221;.vc_custom_1603316831487{background-color: #14133b !important;}&#8221; el_id=&#8221;contact&#8221;][vc_column][vc_empty_space][elx_heading text_color=&#8221;white&#8221; text_align=&#8221;text-center&#8221;]Kontaktieren Sie unsere Experten[\/elx_heading][elx_o2000_contact_us s=&#8221;Anfrage: Informationen \u00fcber Gemeinschaftswaschk\u00fcchen&#8221; request_type=&#8221;Other&#8221; country=&#8221;Austria&#8221; b=&#8221;laundry&#8221; text_color=&#8221;#FFFFFF&#8221; container=&#8221;elxcontactus1482242857&#8243; r=&#8221;Ich m\u00f6chte mehr \u00fcber Gemeinschaftswaschk\u00fcchen erfahren. Bitte kontaktieren Sie mich.&#8221; l=&#8221;de&#8221;][\/vc_column][\/vc_row][vc_row][vc_column][vc_column_text][\/vc_column_text][\/vc_column][\/vc_row]<\/p>\n","protected":false},"excerpt":{"rendered":"<p>[vc_row full_width=&#8221;electroluxpro-full-width-no-padding&#8221; equal_height=&#8221;yes&#8221; css=&#8221;.vc_custom_1604054607517{margin-top: -30px !important;border-top-width: -30px !important;padding-top: -30px !important;}&#8221;][vc_column][elx_full_banner title=&#8221;Gemeinschaftswaschk\u00fcchen&#8221; set_as_h1=&#8221;true&#8221; background_image_media_library=&#8221;12284&#8243; background_image_media_library_mobile=&#8221;32857&#8243; link=&#8221;url:%23contact|title:Richten%20Sie%20Ihre%20W%C3%A4scherei%20noch%20heute%20ein&#8221;][\/vc_column][\/vc_row][vc_row][vc_column][vc_empty_space][elx_heading font_size=&#8221;h2&#8243; text_color=&#8221;inherit&#8221; text_align=&#8221;text-center&#8221;]F\u00fcr kleinere Geb\u00e4ude, Studentenwohnheime und R\u00e4umlichkeiten mit begrenzter funktionaler Wohnfl\u00e4che[\/elx_heading][vc_empty_space][vc_column_text] Sind Sie der Verwalter eines Mehrfamilienhauses? Wollen Sie es den Mitbewohnern leicht machen, ihre W\u00e4sche zu waschen? Wenn Sie auf der Suche nach zuverl\u00e4ssigen, einfach zu bedienenden und [&hellip;]<\/p>\n","protected":false},"author":161,"featured_media":12268,"parent":811,"menu_order":0,"comment_status":"closed","ping_status":"closed","template":"","meta":{"footnotes":""},"class_list":["post-12288","page","type-page","status-publish","has-post-thumbnail","hentry"],"acf":[],"yoast_head":"<!-- This site is optimized with the Yoast SEO plugin v23.3 - https:\/\/yoast.com\/wordpress\/plugins\/seo\/ -->\n<title>Gemeinschaftswaschk\u00fcchen | Electrolux Professional<\/title>\n<meta name=\"description\" content=\"Entdecken Sie unsere L\u00f6sungen f\u00fcr Gemeinschaftswaschk\u00fcchen in z. B. Mehrfamilienh\u00e4usern, Studentenwohnheimen, Jugendherbergen etc.\" \/>\n<meta name=\"robots\" content=\"index, follow, max-snippet:-1, max-image-preview:large, max-video-preview:-1\" \/>\n<link rel=\"canonical\" href=\"https:\/\/www.electroluxprofessional.com\/at\/branchenloesungen\/gemeinschaftswaschkuechen\/\" \/>\n<meta property=\"og:locale\" content=\"de_DE\" \/>\n<meta property=\"og:type\" content=\"article\" \/>\n<meta property=\"og:title\" content=\"Gemeinschaftswaschk\u00fcchen | Electrolux Professional\" \/>\n<meta property=\"og:description\" content=\"Entdecken Sie unsere L\u00f6sungen f\u00fcr Gemeinschaftswaschk\u00fcchen in z. B. Mehrfamilienh\u00e4usern, Studentenwohnheimen, Jugendherbergen etc.\" \/>\n<meta property=\"og:url\" content=\"https:\/\/www.electroluxprofessional.com\/at\/branchenloesungen\/gemeinschaftswaschkuechen\/\" \/>\n<meta property=\"og:site_name\" content=\"Electrolux Professional \u00d6sterreich\" \/>\n<meta property=\"article:modified_time\" content=\"2026-03-25T06:09:04+00:00\" \/>\n<meta property=\"og:image\" content=\"https:\/\/www.electroluxprofessional.com\/at\/wp-content\/uploads\/2020\/12\/maylike-multihousing.jpg\" \/>\n\t<meta property=\"og:image:width\" content=\"700\" \/>\n\t<meta property=\"og:image:height\" content=\"700\" \/>\n\t<meta property=\"og:image:type\" content=\"image\/jpeg\" \/>\n<meta name=\"twitter:card\" content=\"summary_large_image\" \/>\n<meta name=\"twitter:label1\" content=\"Gesch\u00e4tzte Lesezeit\" \/>\n\t<meta name=\"twitter:data1\" content=\"4 Minuten\" \/>\n<script type=\"application\/ld+json\" class=\"yoast-schema-graph\">{\"@context\":\"https:\/\/schema.org\",\"@graph\":[{\"@type\":\"WebPage\",\"@id\":\"https:\/\/www.electroluxprofessional.com\/at\/branchenloesungen\/gemeinschaftswaschkuechen\/\",\"url\":\"https:\/\/www.electroluxprofessional.com\/at\/branchenloesungen\/gemeinschaftswaschkuechen\/\",\"name\":\"Gemeinschaftswaschk\u00fcchen | Electrolux Professional\",\"isPartOf\":{\"@id\":\"https:\/\/www.electroluxprofessional.com\/at\/#website\"},\"primaryImageOfPage\":{\"@id\":\"https:\/\/www.electroluxprofessional.com\/at\/branchenloesungen\/gemeinschaftswaschkuechen\/#primaryimage\"},\"image\":{\"@id\":\"https:\/\/www.electroluxprofessional.com\/at\/branchenloesungen\/gemeinschaftswaschkuechen\/#primaryimage\"},\"thumbnailUrl\":\"https:\/\/www.electroluxprofessional.com\/at\/wp-content\/uploads\/2020\/12\/maylike-multihousing.jpg\",\"datePublished\":\"2020-10-21T18:27:15+00:00\",\"dateModified\":\"2026-03-25T06:09:04+00:00\",\"description\":\"Entdecken Sie unsere L\u00f6sungen f\u00fcr Gemeinschaftswaschk\u00fcchen in z. B. Mehrfamilienh\u00e4usern, Studentenwohnheimen, Jugendherbergen etc.\",\"breadcrumb\":{\"@id\":\"https:\/\/www.electroluxprofessional.com\/at\/branchenloesungen\/gemeinschaftswaschkuechen\/#breadcrumb\"},\"inLanguage\":\"de-AT\",\"potentialAction\":[{\"@type\":\"ReadAction\",\"target\":[\"https:\/\/www.electroluxprofessional.com\/at\/branchenloesungen\/gemeinschaftswaschkuechen\/\"]}]},{\"@type\":\"ImageObject\",\"inLanguage\":\"de-AT\",\"@id\":\"https:\/\/www.electroluxprofessional.com\/at\/branchenloesungen\/gemeinschaftswaschkuechen\/#primaryimage\",\"url\":\"https:\/\/www.electroluxprofessional.com\/at\/wp-content\/uploads\/2020\/12\/maylike-multihousing.jpg\",\"contentUrl\":\"https:\/\/www.electroluxprofessional.com\/at\/wp-content\/uploads\/2020\/12\/maylike-multihousing.jpg\",\"width\":700,\"height\":700,\"caption\":\"maylike-multihousing\"},{\"@type\":\"BreadcrumbList\",\"@id\":\"https:\/\/www.electroluxprofessional.com\/at\/branchenloesungen\/gemeinschaftswaschkuechen\/#breadcrumb\",\"itemListElement\":[{\"@type\":\"ListItem\",\"position\":1,\"name\":\"Startseite\",\"item\":\"https:\/\/www.electroluxprofessional.com\/at\/\"},{\"@type\":\"ListItem\",\"position\":2,\"name\":\"Branchenl\u00f6sungen\",\"item\":\"https:\/\/www.electroluxprofessional.com\/at\/branchenloesungen\/\"},{\"@type\":\"ListItem\",\"position\":3,\"name\":\"Gemeinschaftswaschk\u00fcchen\"}]},{\"@type\":\"WebSite\",\"@id\":\"https:\/\/www.electroluxprofessional.com\/at\/#website\",\"url\":\"https:\/\/www.electroluxprofessional.com\/at\/\",\"name\":\"Electrolux Professional \u00d6sterreich\",\"description\":\"\",\"potentialAction\":[{\"@type\":\"SearchAction\",\"target\":{\"@type\":\"EntryPoint\",\"urlTemplate\":\"https:\/\/www.electroluxprofessional.com\/at\/?src={search_term_string}\"},\"query-input\":\"required name=search_term_string\"}],\"inLanguage\":\"de-AT\"}]}<\/script>\n<!-- \/ Yoast SEO plugin. -->","yoast_head_json":{"title":"Gemeinschaftswaschk\u00fcchen | Electrolux Professional","description":"Entdecken Sie unsere L\u00f6sungen f\u00fcr Gemeinschaftswaschk\u00fcchen in z. B. Mehrfamilienh\u00e4usern, Studentenwohnheimen, Jugendherbergen etc.","robots":{"index":"index","follow":"follow","max-snippet":"max-snippet:-1","max-image-preview":"max-image-preview:large","max-video-preview":"max-video-preview:-1"},"canonical":"https:\/\/www.electroluxprofessional.com\/at\/branchenloesungen\/gemeinschaftswaschkuechen\/","og_locale":"de_DE","og_type":"article","og_title":"Gemeinschaftswaschk\u00fcchen | Electrolux Professional","og_description":"Entdecken Sie unsere L\u00f6sungen f\u00fcr Gemeinschaftswaschk\u00fcchen in z. B. Mehrfamilienh\u00e4usern, Studentenwohnheimen, Jugendherbergen etc.","og_url":"https:\/\/www.electroluxprofessional.com\/at\/branchenloesungen\/gemeinschaftswaschkuechen\/","og_site_name":"Electrolux Professional \u00d6sterreich","article_modified_time":"2026-03-25T06:09:04+00:00","og_image":[{"width":700,"height":700,"url":"https:\/\/www.electroluxprofessional.com\/at\/wp-content\/uploads\/2020\/12\/maylike-multihousing.jpg","type":"image\/jpeg"}],"twitter_card":"summary_large_image","twitter_misc":{"Gesch\u00e4tzte Lesezeit":"4 Minuten"},"schema":{"@context":"https:\/\/schema.org","@graph":[{"@type":"WebPage","@id":"https:\/\/www.electroluxprofessional.com\/at\/branchenloesungen\/gemeinschaftswaschkuechen\/","url":"https:\/\/www.electroluxprofessional.com\/at\/branchenloesungen\/gemeinschaftswaschkuechen\/","name":"Gemeinschaftswaschk\u00fcchen | Electrolux Professional","isPartOf":{"@id":"https:\/\/www.electroluxprofessional.com\/at\/#website"},"primaryImageOfPage":{"@id":"https:\/\/www.electroluxprofessional.com\/at\/branchenloesungen\/gemeinschaftswaschkuechen\/#primaryimage"},"image":{"@id":"https:\/\/www.electroluxprofessional.com\/at\/branchenloesungen\/gemeinschaftswaschkuechen\/#primaryimage"},"thumbnailUrl":"https:\/\/www.electroluxprofessional.com\/at\/wp-content\/uploads\/2020\/12\/maylike-multihousing.jpg","datePublished":"2020-10-21T18:27:15+00:00","dateModified":"2026-03-25T06:09:04+00:00","description":"Entdecken Sie unsere L\u00f6sungen f\u00fcr Gemeinschaftswaschk\u00fcchen in z. B. Mehrfamilienh\u00e4usern, Studentenwohnheimen, Jugendherbergen etc.","breadcrumb":{"@id":"https:\/\/www.electroluxprofessional.com\/at\/branchenloesungen\/gemeinschaftswaschkuechen\/#breadcrumb"},"inLanguage":"de-AT","potentialAction":[{"@type":"ReadAction","target":["https:\/\/www.electroluxprofessional.com\/at\/branchenloesungen\/gemeinschaftswaschkuechen\/"]}]},{"@type":"ImageObject","inLanguage":"de-AT","@id":"https:\/\/www.electroluxprofessional.com\/at\/branchenloesungen\/gemeinschaftswaschkuechen\/#primaryimage","url":"https:\/\/www.electroluxprofessional.com\/at\/wp-content\/uploads\/2020\/12\/maylike-multihousing.jpg","contentUrl":"https:\/\/www.electroluxprofessional.com\/at\/wp-content\/uploads\/2020\/12\/maylike-multihousing.jpg","width":700,"height":700,"caption":"maylike-multihousing"},{"@type":"BreadcrumbList","@id":"https:\/\/www.electroluxprofessional.com\/at\/branchenloesungen\/gemeinschaftswaschkuechen\/#breadcrumb","itemListElement":[{"@type":"ListItem","position":1,"name":"Startseite","item":"https:\/\/www.electroluxprofessional.com\/at\/"},{"@type":"ListItem","position":2,"name":"Branchenl\u00f6sungen","item":"https:\/\/www.electroluxprofessional.com\/at\/branchenloesungen\/"},{"@type":"ListItem","position":3,"name":"Gemeinschaftswaschk\u00fcchen"}]},{"@type":"WebSite","@id":"https:\/\/www.electroluxprofessional.com\/at\/#website","url":"https:\/\/www.electroluxprofessional.com\/at\/","name":"Electrolux Professional \u00d6sterreich","description":"","potentialAction":[{"@type":"SearchAction","target":{"@type":"EntryPoint","urlTemplate":"https:\/\/www.electroluxprofessional.com\/at\/?src={search_term_string}"},"query-input":"required name=search_term_string"}],"inLanguage":"de-AT"}]}},"_links":{"self":[{"href":"https:\/\/www.electroluxprofessional.com\/at\/wp-json\/wp\/v2\/pages\/12288"}],"collection":[{"href":"https:\/\/www.electroluxprofessional.com\/at\/wp-json\/wp\/v2\/pages"}],"about":[{"href":"https:\/\/www.electroluxprofessional.com\/at\/wp-json\/wp\/v2\/types\/page"}],"author":[{"embeddable":true,"href":"https:\/\/www.electroluxprofessional.com\/at\/wp-json\/wp\/v2\/users\/161"}],"replies":[{"embeddable":true,"href":"https:\/\/www.electroluxprofessional.com\/at\/wp-json\/wp\/v2\/comments?post=12288"}],"version-history":[{"count":13,"href":"https:\/\/www.electroluxprofessional.com\/at\/wp-json\/wp\/v2\/pages\/12288\/revisions"}],"predecessor-version":[{"id":21667,"href":"https:\/\/www.electroluxprofessional.com\/at\/wp-json\/wp\/v2\/pages\/12288\/revisions\/21667"}],"up":[{"embeddable":true,"href":"https:\/\/www.electroluxprofessional.com\/at\/wp-json\/wp\/v2\/pages\/811"}],"wp:featuredmedia":[{"embeddable":true,"href":"https:\/\/www.electroluxprofessional.com\/at\/wp-json\/wp\/v2\/media\/12268"}],"wp:attachment":[{"href":"https:\/\/www.electroluxprofessional.com\/at\/wp-json\/wp\/v2\/media?parent=12288"}],"curies":[{"name":"wp","href":"https:\/\/api.w.org\/{rel}","templated":true}]}}