{"id":12219,"date":"2021-01-07T10:11:45","date_gmt":"2021-01-07T08:11:45","guid":{"rendered":"https:\/\/www.electroluxprofessional.com\/?page_id=33490"},"modified":"2026-03-25T07:08:21","modified_gmt":"2026-03-25T06:08:21","slug":"selbstbedienungs-waescherei","status":"publish","type":"page","link":"https:\/\/www.electroluxprofessional.com\/at\/branchenloesungen\/selbstbedienungs-waescherei\/","title":{"rendered":"G\u00e4stew\u00e4schereien"},"content":{"rendered":"<p>[vc_row full_width=&#8221;electroluxpro-full-width-no-padding&#8221; equal_height=&#8221;yes&#8221; css=&#8221;.vc_custom_1604054607517{margin-top: -30px !important;border-top-width: -30px !important;padding-top: -30px !important;}&#8221;][vc_column][elx_full_banner title=&#8221;G\u00e4stew\u00e4schereien&#8221; set_as_h1=&#8221;true&#8221; background_image_media_library=&#8221;12205&#8243; background_image_media_library_mobile=&#8221;33328&#8243; link=&#8221;url:%23contact|title:Richten%20Sie%20heute%20eine%20ein&#8221;][\/vc_column][\/vc_row][vc_row][vc_column][vc_empty_space][elx_heading font_size=&#8221;h2&#8243; text_color=&#8221;inherit&#8221; text_align=&#8221;text-center&#8221;]Wahre Entspannung[\/elx_heading][vc_empty_space][vc_column_text]<\/p>\n<p style=\"text-align: center; font-size: 22px;\">Freizeit ist kostbar \u2013 Im Urlaub m\u00f6chte man sich entspannen und am\u00fcsieren. Deshalb ist es gut zu wissen, dass man die eigene Kleidung schnell waschen und trocknen kann. Helfen Sie Ihren G\u00e4sten, mit den W\u00e4schereil\u00f6sungen von Electrolux Professional das Beste aus ihrer Reise herauszuholen. G\u00e4stew\u00e4schereien sind unter anderem ideal f\u00fcr:<\/p>\n<p>[\/vc_column_text][vc_empty_space][vc_row_inner][vc_column_inner width=&#8221;1\/2&#8243;][vc_column_text]<\/p>\n<ul>\n<li style=\"font-size: 20px;\">Campingpl\u00e4tze<\/li>\n<li style=\"font-size: 20px;\">Rastpl\u00e4tze<\/li>\n<\/ul>\n<p>[\/vc_column_text][\/vc_column_inner][vc_column_inner width=&#8221;1\/2&#8243;][vc_column_text]<\/p>\n<ul>\n<li style=\"font-size: 20px;\">Fitnessstudios<\/li>\n<li style=\"font-size: 20px;\">Sportzentren<\/li>\n<\/ul>\n<p>[\/vc_column_text][\/vc_column_inner][\/vc_row_inner][vc_empty_space][\/vc_column][\/vc_row][vc_row full_width=&#8221;electroluxpro-full-width-no-padding&#8221;][vc_column][elx_hero_slider text_position=&#8221;hero_slider_text_align_right&#8221; text_color=&#8221;electrolux-blue&#8221; label_text_color=&#8221;electrolux-blue&#8221; images=&#8221;12215&#8243;][elx_heading font_size=&#8221;h4&#8243; text_color=&#8221;electrolux-blue&#8221; text_align=&#8221;text-left&#8221;]Zufriedene Kunden[\/elx_heading][vc_column_text]<\/p>\n<p style=\"font-size: 20px;\">Egal, ob Sie einen Campingplatz, eine Ferienwohnung, eine Jugendherberge, einen Yachthafen oder eine andere Freizeiteinrichtung betreiben, Ihre G\u00e4ste werden es sch\u00e4tzen, ihre Kleidung unterwegs auffrischen zu k\u00f6nnen. Effiziente, langlebige Maschinen sparen Ihnen Geld und Ihren G\u00e4sten wertvolle Zeit.<\/p>\n<p>[\/vc_column_text][\/elx_hero_slider][vc_empty_space][\/vc_column][\/vc_row][vc_row full_width=&#8221;electroluxpro-container-no-padding&#8221;][vc_column][vc_empty_space][elx_heading font_size=&#8221;h2&#8243; text_color=&#8221;inherit&#8221; text_align=&#8221;text-center&#8221;]Entdecken Sie unsere W\u00e4schereil\u00f6sungen[\/elx_heading][vc_empty_space][elx_double_banner title_1=&#8221;Line 6000 Waschmaschinen&#8221; text_1=&#8221;Die neuen gewerblichen Waschmaschinen der Linie 6000 sind auf einen m\u00f6glichst geringen Wasser-, Energie- und Waschmittelverbrauch ausgelegt. Vor allem sind sie auf die bestm\u00f6gliche Benutzererfahrung ausgelegt.&#8221; title_2=&#8221;Line 6000 Trockner&#8221; text_2=&#8221;Die W\u00e4schetrockner der Linie 6000 sind anderen Trocknern in Bezug auf Energieeinsparung und Geschwindigkeit einige Runden voraus. Mit einem zertifizierten ergonomischen Design bieten sie ein rundum m\u00fcheloses Erlebnis.&#8221; background_image_media_library_1=&#8221;12217&#8243; background_image_media_library_mobile_1=&#8221;33167&#8243; background_image_media_library_2=&#8221;12218&#8243; background_image_media_library_mobile_2=&#8221;33166&#8243; link_1=&#8221;url:https%3A%2F%2Fwww.electroluxprofessional.com%2Fat%2Fwaeschereitechnik%2Fgewerbliche-waschmaschinen%2F|title:Entdecken%20Sie%20unsere%20Waschmaschinen|target:_blank&#8221; link_2=&#8221;url:https%3A%2F%2Fwww.electroluxprofessional.com%2Fat%2Fwaeschereitechnik%2Ftrockner%2F|title:Entdecken%20Sie%20unsere%20Trockner|target:_blank&#8221;][vc_empty_space][vc_row_inner][vc_column_inner][\/vc_column_inner][\/vc_row_inner][\/vc_column][\/vc_row][vc_row full_width=&#8221;electroluxpro-full-width-no-padding&#8221;][vc_column][elx_hero_slider text_position=&#8221;hero_slider_text_align_right&#8221; text_color=&#8221;electrolux-blue&#8221; label_text_color=&#8221;electrolux-blue&#8221; images=&#8221;12216&#8243;][elx_heading font_size=&#8221;h4&#8243; text_color=&#8221;electrolux-blue&#8221; text_align=&#8221;text-left&#8221;]myPROzip bietet:[\/elx_heading][vc_column_text]<\/p>\n<p style=\"font-size: 20px;\">\u2013 Bis zu 50 % schneller dank professioneller Programme<br \/>\n\u2013 Bis zu dreimal l\u00e4ngere Langlebigkeit als Haushaltsmaschinen<br \/>\n\u2013 Hervorragende Ergebnisse jedes Mal dank der einzigartigen Electrolux Professional SpeedCare-Trommel[\/vc_column_text][elx_button button_text=&#8221;Brosch\u00fcre herunterladen&#8221; button_link=&#8221;url:https%3A%2F%2Fwww.electroluxprofessional.com%2Fat%2Fwp-content%2Fuploads%2F2022%2F02%2FmyPRO-Booklet_DE_2022.pdf|title:myPRO%20Brosch%C3%BCre%20herunterladen|target:_blank&#8221;][\/elx_hero_slider][vc_empty_space][elx_download_block][\/vc_column][\/vc_row][vc_row full_width=&#8221;electroluxpro-container-no-padding&#8221; disable_element=&#8221;yes&#8221;][vc_column width=&#8221;1\/2&#8243; css=&#8221;.vc_custom_1606971695132{margin-left: 0px !important;border-left-width: 0px !important;padding-left: 0px !important;}&#8221;][vc_empty_space height=&#8221;64px&#8221;][elx_heading text_color=&#8221;inherit&#8221;]More choices for bigger loads with myPRO XL[\/elx_heading][vc_empty_space height=&#8221;64px&#8221;][vc_column_text css=&#8221;.vc_custom_1608692304686{padding-right: 20px !important;}&#8221;]Save time! Faster and more efficient.<br \/>\n\u2013 <strong>myPRO XL Washers:<\/strong> default 35-minute cold water program.<br \/>\nJust 73 minutes for normal 60\u00b0C program with 15\u00b0C cold and 55\u00b0C hot water inlet temperatures<br \/>\n\u2013 <strong>myPRO XL Dryers:<\/strong> only 87 minutes per full load, 45 minutes per half load[\/vc_column_text][vc_empty_space][elx_button button_text=&#8221;Download brochure&#8221;][\/vc_column][vc_column width=&#8221;1\/2&#8243; css=&#8221;.vc_custom_1606950623004{margin-left: 10px !important;border-left-width: 10px !important;padding-left: 10px !important;}&#8221;][vc_single_image image=&#8221;12206&#8243; img_size=&#8221;650px&#8221;][\/vc_column][\/vc_row][vc_row][vc_column][vc_empty_space][elx_heading text_color=&#8221;inherit&#8221; text_align=&#8221;text-center&#8221;]Waschen war noch nie so einfach und profitabel[\/elx_heading][vc_empty_space][\/vc_column][\/vc_row][vc_row][vc_column width=&#8221;1\/2&#8243;][vc_empty_space][vc_hoverbox image=&#8221;12207&#8243; primary_title=&#8221;Einfach zu bedienen&#8221; hover_title=&#8221;Einfach zu bedienen&#8221;]Sehr intuitive Benutzeroberfl\u00e4che und ergonomische Vorteile zur Stressreduzierung, auch f\u00fcr Kunden mit Behinderungen.[\/vc_hoverbox][vc_empty_space][\/vc_column][vc_column width=&#8221;1\/2&#8243;][vc_empty_space][vc_hoverbox image=&#8221;12207&#8243; primary_title=&#8221;Kostensparend&#8221; hover_title=&#8221;Kostensparend&#8221;]Sehr schnelle und kosteng\u00fcnstige Installation mit extrem niedrigen Energie- und Betriebskosten im Laufe der Zeit.[\/vc_hoverbox][vc_empty_space][\/vc_column][\/vc_row][vc_row full_width=&#8221;electroluxpro-container-no-padding&#8221;][vc_column width=&#8221;1\/2&#8243;][vc_empty_space][vc_hoverbox image=&#8221;12207&#8243; primary_title=&#8221;Passt sich an Ihr Gesch\u00e4ft an&#8221; hover_title=&#8221;Passt sich an Ihr Gesch\u00e4ft an&#8221; el_width=&#8221;90&#8243;]Egal, ob Sie sich f\u00fcr kleinere stapelbare Modelle oder gr\u00f6\u00dfere Maschinen entscheiden, das gesamte Produktportfolio ist platzsparend optimiert.[\/vc_hoverbox][vc_empty_space][\/vc_column][vc_column width=&#8221;1\/2&#8243;][vc_empty_space][vc_hoverbox image=&#8221;12207&#8243; primary_title=&#8221;Zertifizierte Ergonomie&#8221; hover_title=&#8221;Zertifizierte Ergonomie&#8221;]Die Waschmaschinen und Trockner der Line 6000 sind nach internationalen Standards f\u00fcr Ergonomie und menschenzentriertes Design zertifiziert.[\/vc_hoverbox][vc_empty_space][\/vc_column][\/vc_row][vc_row][vc_column][vc_row_inner][vc_column_inner width=&#8221;1\/4&#8243;][vc_empty_space][vc_single_image image=&#8221;12208&#8243; img_size=&#8221;medium&#8221; alignment=&#8221;center&#8221;][vc_empty_space][\/vc_column_inner][vc_column_inner width=&#8221;3\/4&#8243;][elx_heading text_color=&#8221;inherit&#8221; text_align=&#8221;text-left&#8221;]Mehr \u00fcber zertifizierte Ergonomie[\/elx_heading][vc_column_text]Jede Waschmaschine und jeder Trockner der Line 6000 ist nach internationalen Standards f\u00fcr Ergonomie und menschenzentriertes Design zertifiziert. Dies bedeutet, dass sie benutzergetestet sind, um weniger Verspannungen und Belastung sicherzustellen und das Waschen angenehmer zu gestalten.<\/p>\n<p><strong>Die ClarusVibe-Version von Waschmaschinen und einige der Trocknermodelle haben die prestigetr\u00e4chtige 4-Sterne-Ergocert-Bewertung erhalten, die h\u00f6chste verf\u00fcgbare Bewertung f\u00fcr Ergonomie.<\/strong>[\/vc_column_text][vc_empty_space][\/vc_column_inner][\/vc_row_inner][\/vc_column][\/vc_row][vc_row equal_height=&#8221;yes&#8221;][\/vc_row][vc_row css=&#8221;.vc_custom_1604014478182{background-color: #efefef !important;}&#8221;][vc_column][vc_empty_space][elx_heading text_color=&#8221;inherit&#8221; text_align=&#8221;text-center&#8221;]Viele praktische M\u00f6glichkeiten[\/elx_heading][vc_empty_space][\/vc_column][\/vc_row][vc_row css=&#8221;.vc_custom_1604014467256{background-color: #efefef !important;}&#8221;][vc_column][vc_row_inner][vc_column_inner width=&#8221;1\/3&#8243;][vc_single_image image=&#8221;12209&#8243; img_size=&#8221;100px&#8221; alignment=&#8221;center&#8221;][elx_heading font_container=&#8221;h3&#8243; font_size=&#8221;h4&#8243; text_color=&#8221;electrolux-blue&#8221; text_align=&#8221;text-center&#8221;]M\u00fcnzbetrieben[\/elx_heading][vc_column_text]<\/p>\n<p style=\"font-size: 16px; text-align: center;\">Wertmarken oder M\u00fcnzen, mechanisch oder elektromechanisch<\/p>\n<p>[\/vc_column_text][vc_empty_space][\/vc_column_inner][vc_column_inner width=&#8221;1\/3&#8243;][vc_single_image image=&#8221;12210&#8243; img_size=&#8221;100px&#8221; alignment=&#8221;center&#8221;][elx_heading font_container=&#8221;h3&#8243; font_size=&#8221;h4&#8243; text_color=&#8221;electrolux-blue&#8221; text_align=&#8221;text-center&#8221;]Kartenleser[\/elx_heading][vc_column_text]<\/p>\n<p style=\"font-size: 16px; text-align: center;\">Prepaid, Schl\u00fcsselkarten,<br \/>\nBankkarten[\/vc_column_text][vc_empty_space][\/vc_column_inner][vc_column_inner width=&#8221;1\/3&#8243;][vc_single_image image=&#8221;12211&#8243; img_size=&#8221;80px&#8221; alignment=&#8221;center&#8221;][elx_heading font_container=&#8221;h3&#8243; font_size=&#8221;h4&#8243; text_color=&#8221;electrolux-blue&#8221; text_align=&#8221;text-center&#8221;]Apps[\/elx_heading][vc_column_text]<\/p>\n<p style=\"font-size: 16px; text-align: center;\">Eigenst\u00e4ndig<br \/>\nMit bestehenden Bezahlsystemen verbunden[\/vc_column_text][vc_empty_space][\/vc_column_inner][\/vc_row_inner][vc_row_inner][vc_column_inner width=&#8221;1\/3&#8243;][vc_single_image image=&#8221;12212&#8243; img_size=&#8221;100px&#8221; alignment=&#8221;center&#8221;][elx_heading font_container=&#8221;h3&#8243; font_size=&#8221;h4&#8243; text_color=&#8221;electrolux-blue&#8221; text_align=&#8221;text-center&#8221;]Intelligente Stromz\u00e4hler[\/elx_heading][vc_column_text]<\/p>\n<p style=\"font-size: 16px; text-align: center;\">Eigenst\u00e4ndiger Mechanismus zum Ein- und Ausschalten der Stromversorgung<\/p>\n<p>[\/vc_column_text][vc_empty_space][\/vc_column_inner][vc_column_inner width=&#8221;1\/3&#8243;][vc_single_image image=&#8221;12213&#8243; img_size=&#8221;100px&#8221; alignment=&#8221;center&#8221;][elx_heading font_container=&#8221;h3&#8243; font_size=&#8221;h4&#8243; text_color=&#8221;electrolux-blue&#8221; text_align=&#8221;text-center&#8221;]Zentrale Bezahlsysteme[\/elx_heading][vc_column_text]<\/p>\n<p style=\"font-size: 16px; text-align: center;\">Einzelne Zahlstation zur \u00dcberwachung mehrerer Maschinen<\/p>\n<p>[\/vc_column_text][vc_empty_space][\/vc_column_inner][vc_column_inner width=&#8221;1\/3&#8243;][vc_single_image image=&#8221;12214&#8243; img_size=&#8221;100px&#8221; alignment=&#8221;center&#8221;][elx_heading font_container=&#8221;h3&#8243; font_size=&#8221;h4&#8243; text_color=&#8221;electrolux-blue&#8221; text_align=&#8221;text-center&#8221;]Buchungssysteme mit<br \/>\nmonatlicher Zahlung[\/elx_heading][vc_column_text]<\/p>\n<p style=\"font-size: 16px; text-align: center;\">Maschinen k\u00f6nnen vor Ort oder kontaktfrei gebucht werden. Verschiedene Bezahlm\u00f6glichkeiten<\/p>\n<p>[\/vc_column_text][vc_empty_space][\/vc_column_inner][\/vc_row_inner][vc_empty_space height=&#8221;50px&#8221;][\/vc_column][\/vc_row][vc_row css=&#8221;.vc_custom_1603316831487{background-color: #14133b !important;}&#8221; el_id=&#8221;contact&#8221;][vc_column][vc_empty_space][elx_heading text_color=&#8221;white&#8221; text_align=&#8221;text-center&#8221;]Kontaktieren Sie unsere Experten[\/elx_heading][elx_o2000_contact_us s=&#8221;Anfrage: Informationen \u00fcber G\u00e4stew\u00e4schereien&#8221; request_type=&#8221;Other&#8221; country=&#8221;Austria&#8221; b=&#8221;laundry&#8221; text_color=&#8221;#FFFFFF&#8221; container=&#8221;elxcontactus1482242857&#8243; r=&#8221;Ich m\u00f6chte mehr \u00fcber G\u00e4stew\u00e4schereien erfahren. Bitte kontaktieren Sie mich.&#8221; l=&#8221;de&#8221;][\/vc_column][\/vc_row][vc_row][vc_column][vc_column_text][\/vc_column_text][\/vc_column][\/vc_row][vc_row][vc_column][vc_column_text][\/vc_column_text][\/vc_column][\/vc_row][vc_column width=&#8221;1\/6&#8243;][\/vc_column][vc_column width=&#8221;2\/6&#8243;][\/vc_column][vc_column width=&#8221;2\/6&#8243;][\/vc_column]<\/p>\n","protected":false},"excerpt":{"rendered":"<p>[vc_row full_width=&#8221;electroluxpro-full-width-no-padding&#8221; equal_height=&#8221;yes&#8221; css=&#8221;.vc_custom_1604054607517{margin-top: -30px !important;border-top-width: -30px !important;padding-top: -30px !important;}&#8221;][vc_column][elx_full_banner title=&#8221;G\u00e4stew\u00e4schereien&#8221; set_as_h1=&#8221;true&#8221; background_image_media_library=&#8221;12205&#8243; background_image_media_library_mobile=&#8221;33328&#8243; link=&#8221;url:%23contact|title:Richten%20Sie%20heute%20eine%20ein&#8221;][\/vc_column][\/vc_row][vc_row][vc_column][vc_empty_space][elx_heading font_size=&#8221;h2&#8243; text_color=&#8221;inherit&#8221; text_align=&#8221;text-center&#8221;]Wahre Entspannung[\/elx_heading][vc_empty_space][vc_column_text] Freizeit ist kostbar \u2013 Im Urlaub m\u00f6chte man sich entspannen und am\u00fcsieren. Deshalb ist es gut zu wissen, dass man die eigene Kleidung schnell waschen und trocknen kann. Helfen Sie Ihren G\u00e4sten, mit den W\u00e4schereil\u00f6sungen von [&hellip;]<\/p>\n","protected":false},"author":161,"featured_media":12205,"parent":811,"menu_order":0,"comment_status":"closed","ping_status":"closed","template":"","meta":{"footnotes":""},"class_list":["post-12219","page","type-page","status-publish","has-post-thumbnail","hentry"],"acf":[],"yoast_head":"<!-- This site is optimized with the Yoast SEO plugin v23.3 - https:\/\/yoast.com\/wordpress\/plugins\/seo\/ -->\n<title>G\u00e4stew\u00e4schereien | Electrolux Professional<\/title>\n<meta name=\"description\" content=\"G\u00e4stew\u00e4schereien sind ideal f\u00fcr: Campingpl\u00e4tze, Rastpl\u00e4tze, Fitnessstudios, Sportzentren, Ferienwohnungen, Jugendherberge etc.\" \/>\n<meta name=\"robots\" content=\"index, follow, max-snippet:-1, max-image-preview:large, max-video-preview:-1\" \/>\n<link rel=\"canonical\" href=\"https:\/\/www.electroluxprofessional.com\/at\/branchenloesungen\/selbstbedienungs-waescherei\/\" \/>\n<meta property=\"og:locale\" content=\"de_DE\" \/>\n<meta property=\"og:type\" content=\"article\" \/>\n<meta property=\"og:title\" content=\"G\u00e4stew\u00e4schereien | Electrolux Professional\" \/>\n<meta property=\"og:description\" content=\"G\u00e4stew\u00e4schereien sind ideal f\u00fcr: Campingpl\u00e4tze, Rastpl\u00e4tze, Fitnessstudios, Sportzentren, Ferienwohnungen, Jugendherberge etc.\" \/>\n<meta property=\"og:url\" content=\"https:\/\/www.electroluxprofessional.com\/at\/branchenloesungen\/selbstbedienungs-waescherei\/\" \/>\n<meta property=\"og:site_name\" content=\"Electrolux Professional \u00d6sterreich\" \/>\n<meta property=\"article:modified_time\" content=\"2026-03-25T06:08:21+00:00\" \/>\n<meta property=\"og:image\" content=\"https:\/\/www.electroluxprofessional.com\/at\/wp-content\/uploads\/2020\/12\/top-banner-guest-laundries.jpg\" \/>\n\t<meta property=\"og:image:width\" content=\"1920\" \/>\n\t<meta property=\"og:image:height\" content=\"581\" \/>\n\t<meta property=\"og:image:type\" content=\"image\/jpeg\" \/>\n<meta name=\"twitter:card\" content=\"summary_large_image\" \/>\n<meta name=\"twitter:label1\" content=\"Gesch\u00e4tzte Lesezeit\" \/>\n\t<meta name=\"twitter:data1\" content=\"4 Minuten\" \/>\n<script type=\"application\/ld+json\" class=\"yoast-schema-graph\">{\"@context\":\"https:\/\/schema.org\",\"@graph\":[{\"@type\":\"WebPage\",\"@id\":\"https:\/\/www.electroluxprofessional.com\/at\/branchenloesungen\/selbstbedienungs-waescherei\/\",\"url\":\"https:\/\/www.electroluxprofessional.com\/at\/branchenloesungen\/selbstbedienungs-waescherei\/\",\"name\":\"G\u00e4stew\u00e4schereien | Electrolux Professional\",\"isPartOf\":{\"@id\":\"https:\/\/www.electroluxprofessional.com\/at\/#website\"},\"primaryImageOfPage\":{\"@id\":\"https:\/\/www.electroluxprofessional.com\/at\/branchenloesungen\/selbstbedienungs-waescherei\/#primaryimage\"},\"image\":{\"@id\":\"https:\/\/www.electroluxprofessional.com\/at\/branchenloesungen\/selbstbedienungs-waescherei\/#primaryimage\"},\"thumbnailUrl\":\"https:\/\/www.electroluxprofessional.com\/at\/wp-content\/uploads\/2020\/12\/top-banner-guest-laundries.jpg\",\"datePublished\":\"2021-01-07T08:11:45+00:00\",\"dateModified\":\"2026-03-25T06:08:21+00:00\",\"description\":\"G\u00e4stew\u00e4schereien sind ideal f\u00fcr: Campingpl\u00e4tze, Rastpl\u00e4tze, Fitnessstudios, Sportzentren, Ferienwohnungen, Jugendherberge etc.\",\"breadcrumb\":{\"@id\":\"https:\/\/www.electroluxprofessional.com\/at\/branchenloesungen\/selbstbedienungs-waescherei\/#breadcrumb\"},\"inLanguage\":\"de-AT\",\"potentialAction\":[{\"@type\":\"ReadAction\",\"target\":[\"https:\/\/www.electroluxprofessional.com\/at\/branchenloesungen\/selbstbedienungs-waescherei\/\"]}]},{\"@type\":\"ImageObject\",\"inLanguage\":\"de-AT\",\"@id\":\"https:\/\/www.electroluxprofessional.com\/at\/branchenloesungen\/selbstbedienungs-waescherei\/#primaryimage\",\"url\":\"https:\/\/www.electroluxprofessional.com\/at\/wp-content\/uploads\/2020\/12\/top-banner-guest-laundries.jpg\",\"contentUrl\":\"https:\/\/www.electroluxprofessional.com\/at\/wp-content\/uploads\/2020\/12\/top-banner-guest-laundries.jpg\",\"width\":1920,\"height\":581,\"caption\":\"top-banner-guest-laundries\"},{\"@type\":\"BreadcrumbList\",\"@id\":\"https:\/\/www.electroluxprofessional.com\/at\/branchenloesungen\/selbstbedienungs-waescherei\/#breadcrumb\",\"itemListElement\":[{\"@type\":\"ListItem\",\"position\":1,\"name\":\"Startseite\",\"item\":\"https:\/\/www.electroluxprofessional.com\/at\/\"},{\"@type\":\"ListItem\",\"position\":2,\"name\":\"Branchenl\u00f6sungen\",\"item\":\"https:\/\/www.electroluxprofessional.com\/at\/branchenloesungen\/\"},{\"@type\":\"ListItem\",\"position\":3,\"name\":\"G\u00e4stew\u00e4schereien\"}]},{\"@type\":\"WebSite\",\"@id\":\"https:\/\/www.electroluxprofessional.com\/at\/#website\",\"url\":\"https:\/\/www.electroluxprofessional.com\/at\/\",\"name\":\"Electrolux Professional \u00d6sterreich\",\"description\":\"\",\"potentialAction\":[{\"@type\":\"SearchAction\",\"target\":{\"@type\":\"EntryPoint\",\"urlTemplate\":\"https:\/\/www.electroluxprofessional.com\/at\/?src={search_term_string}\"},\"query-input\":\"required name=search_term_string\"}],\"inLanguage\":\"de-AT\"}]}<\/script>\n<!-- \/ Yoast SEO plugin. -->","yoast_head_json":{"title":"G\u00e4stew\u00e4schereien | Electrolux Professional","description":"G\u00e4stew\u00e4schereien sind ideal f\u00fcr: Campingpl\u00e4tze, Rastpl\u00e4tze, Fitnessstudios, Sportzentren, Ferienwohnungen, Jugendherberge etc.","robots":{"index":"index","follow":"follow","max-snippet":"max-snippet:-1","max-image-preview":"max-image-preview:large","max-video-preview":"max-video-preview:-1"},"canonical":"https:\/\/www.electroluxprofessional.com\/at\/branchenloesungen\/selbstbedienungs-waescherei\/","og_locale":"de_DE","og_type":"article","og_title":"G\u00e4stew\u00e4schereien | Electrolux Professional","og_description":"G\u00e4stew\u00e4schereien sind ideal f\u00fcr: Campingpl\u00e4tze, Rastpl\u00e4tze, Fitnessstudios, Sportzentren, Ferienwohnungen, Jugendherberge etc.","og_url":"https:\/\/www.electroluxprofessional.com\/at\/branchenloesungen\/selbstbedienungs-waescherei\/","og_site_name":"Electrolux Professional \u00d6sterreich","article_modified_time":"2026-03-25T06:08:21+00:00","og_image":[{"width":1920,"height":581,"url":"https:\/\/www.electroluxprofessional.com\/at\/wp-content\/uploads\/2020\/12\/top-banner-guest-laundries.jpg","type":"image\/jpeg"}],"twitter_card":"summary_large_image","twitter_misc":{"Gesch\u00e4tzte Lesezeit":"4 Minuten"},"schema":{"@context":"https:\/\/schema.org","@graph":[{"@type":"WebPage","@id":"https:\/\/www.electroluxprofessional.com\/at\/branchenloesungen\/selbstbedienungs-waescherei\/","url":"https:\/\/www.electroluxprofessional.com\/at\/branchenloesungen\/selbstbedienungs-waescherei\/","name":"G\u00e4stew\u00e4schereien | Electrolux Professional","isPartOf":{"@id":"https:\/\/www.electroluxprofessional.com\/at\/#website"},"primaryImageOfPage":{"@id":"https:\/\/www.electroluxprofessional.com\/at\/branchenloesungen\/selbstbedienungs-waescherei\/#primaryimage"},"image":{"@id":"https:\/\/www.electroluxprofessional.com\/at\/branchenloesungen\/selbstbedienungs-waescherei\/#primaryimage"},"thumbnailUrl":"https:\/\/www.electroluxprofessional.com\/at\/wp-content\/uploads\/2020\/12\/top-banner-guest-laundries.jpg","datePublished":"2021-01-07T08:11:45+00:00","dateModified":"2026-03-25T06:08:21+00:00","description":"G\u00e4stew\u00e4schereien sind ideal f\u00fcr: Campingpl\u00e4tze, Rastpl\u00e4tze, Fitnessstudios, Sportzentren, Ferienwohnungen, Jugendherberge etc.","breadcrumb":{"@id":"https:\/\/www.electroluxprofessional.com\/at\/branchenloesungen\/selbstbedienungs-waescherei\/#breadcrumb"},"inLanguage":"de-AT","potentialAction":[{"@type":"ReadAction","target":["https:\/\/www.electroluxprofessional.com\/at\/branchenloesungen\/selbstbedienungs-waescherei\/"]}]},{"@type":"ImageObject","inLanguage":"de-AT","@id":"https:\/\/www.electroluxprofessional.com\/at\/branchenloesungen\/selbstbedienungs-waescherei\/#primaryimage","url":"https:\/\/www.electroluxprofessional.com\/at\/wp-content\/uploads\/2020\/12\/top-banner-guest-laundries.jpg","contentUrl":"https:\/\/www.electroluxprofessional.com\/at\/wp-content\/uploads\/2020\/12\/top-banner-guest-laundries.jpg","width":1920,"height":581,"caption":"top-banner-guest-laundries"},{"@type":"BreadcrumbList","@id":"https:\/\/www.electroluxprofessional.com\/at\/branchenloesungen\/selbstbedienungs-waescherei\/#breadcrumb","itemListElement":[{"@type":"ListItem","position":1,"name":"Startseite","item":"https:\/\/www.electroluxprofessional.com\/at\/"},{"@type":"ListItem","position":2,"name":"Branchenl\u00f6sungen","item":"https:\/\/www.electroluxprofessional.com\/at\/branchenloesungen\/"},{"@type":"ListItem","position":3,"name":"G\u00e4stew\u00e4schereien"}]},{"@type":"WebSite","@id":"https:\/\/www.electroluxprofessional.com\/at\/#website","url":"https:\/\/www.electroluxprofessional.com\/at\/","name":"Electrolux Professional \u00d6sterreich","description":"","potentialAction":[{"@type":"SearchAction","target":{"@type":"EntryPoint","urlTemplate":"https:\/\/www.electroluxprofessional.com\/at\/?src={search_term_string}"},"query-input":"required name=search_term_string"}],"inLanguage":"de-AT"}]}},"_links":{"self":[{"href":"https:\/\/www.electroluxprofessional.com\/at\/wp-json\/wp\/v2\/pages\/12219"}],"collection":[{"href":"https:\/\/www.electroluxprofessional.com\/at\/wp-json\/wp\/v2\/pages"}],"about":[{"href":"https:\/\/www.electroluxprofessional.com\/at\/wp-json\/wp\/v2\/types\/page"}],"author":[{"embeddable":true,"href":"https:\/\/www.electroluxprofessional.com\/at\/wp-json\/wp\/v2\/users\/161"}],"replies":[{"embeddable":true,"href":"https:\/\/www.electroluxprofessional.com\/at\/wp-json\/wp\/v2\/comments?post=12219"}],"version-history":[{"count":12,"href":"https:\/\/www.electroluxprofessional.com\/at\/wp-json\/wp\/v2\/pages\/12219\/revisions"}],"predecessor-version":[{"id":21666,"href":"https:\/\/www.electroluxprofessional.com\/at\/wp-json\/wp\/v2\/pages\/12219\/revisions\/21666"}],"up":[{"embeddable":true,"href":"https:\/\/www.electroluxprofessional.com\/at\/wp-json\/wp\/v2\/pages\/811"}],"wp:featuredmedia":[{"embeddable":true,"href":"https:\/\/www.electroluxprofessional.com\/at\/wp-json\/wp\/v2\/media\/12205"}],"wp:attachment":[{"href":"https:\/\/www.electroluxprofessional.com\/at\/wp-json\/wp\/v2\/media?parent=12219"}],"curies":[{"name":"wp","href":"https:\/\/api.w.org\/{rel}","templated":true}]}}