{"id":12108,"date":"2016-10-28T15:34:01","date_gmt":"2016-10-28T15:34:01","guid":{"rendered":"https:\/\/www.electroluxprofessional.com\/?page_id=3351"},"modified":"2026-03-26T15:21:52","modified_gmt":"2026-03-26T14:21:52","slug":"lebensmitteleinzelhandel-supermaerkte","status":"publish","type":"page","link":"https:\/\/www.electroluxprofessional.com\/at\/branchenloesungen\/lebensmitteleinzelhandel-supermaerkte\/","title":{"rendered":"Lebensmitteleinzelhandel"},"content":{"rendered":"<p>[vc_row full_width=&#8221;electroluxpro-full-width-no-padding&#8221;][vc_column][elx_full_banner title=&#8221;Lebensmitteleinzelhandel&#8221; set_as_h1=&#8221;true&#8221; link=&#8221;target:_blank&#8221; background_image_media_library=&#8221;18714&#8243; background_image_media_library_mobile=&#8221;39072&#8243;][vc_empty_space][elx_heading text_color=&#8221;inherit&#8221; text_align=&#8221;text-center&#8221;]Die L\u00f6sung f\u00fcr jeden Lebensmitteleinzelhandel<br \/>\nmit Fertiggericht-Angeboten[\/elx_heading][vc_empty_space][vc_empty_space height=&#8221;50px&#8221;][\/vc_column][\/vc_row][vc_row css=&#8221;.vc_custom_1689169077450{background-color: #c9c9c9 !important;}&#8221;][vc_column][vc_empty_space][elx_heading text_color=&#8221;inherit&#8221; text_align=&#8221;text-center&#8221;]Gebackene K\u00f6stlichkeiten, den ganzen Tag frisch[\/elx_heading][vc_column_text]Standardisieren Sie die hohe Qualit\u00e4t Ihrer Brote und Backwaren mit der neuesten Generation von Electrolux Professional Backger\u00e4ten. Revolutionieren Sie Ihre Produktivit\u00e4t. Immer frischen Teig griffbereit haben.[\/vc_column_text][vc_empty_space][vc_row_inner][vc_column_inner width=&#8221;1\/2&#8243;][vc_single_image image=&#8221;18708&#8243; img_size=&#8221;full&#8221; alignment=&#8221;center&#8221;][vc_empty_space][\/vc_column_inner][vc_column_inner width=&#8221;1\/2&#8243;][elx_heading font_container=&#8221;h3&#8243; text_color=&#8221;inherit&#8221;]Backen Sie, was Sie brauchen, wann Sie es brauchen[\/elx_heading][vc_column_text]Mit dem Ventilator des <a href=\"https:\/\/www.electroluxprofessional.com\/at\/grosskuechentechnik\/kombidaempfer\/\" target=\"_blank\" rel=\"noopener\">SkyLine<\/a> mit variabler Geschwindigkeit k\u00f6nnen Sie den ganzen Tag \u00fcber verschiedene Speisen zubereiten, von Croissants am Morgen bis hin zu Brot den ganzen Tag. Makellose, gleichm\u00e4\u00dfige Ergebnisse dank des revolution\u00e4ren OptiFlow-Zirkulationssystems, das eine gleichm\u00e4\u00dfige W\u00e4rmeverteilung und konstante Temperatur erm\u00f6glicht.[\/vc_column_text][vc_empty_space height=&#8221;15px&#8221;][elx_heading font_container=&#8221;h3&#8243; text_color=&#8221;inherit&#8221;]REZEPT* PRODUKTIVIT\u00c4T[\/elx_heading][vc_column_text]Butterbrote Bis zu 240 Butterbrote in weniger als 13 Minuten<br \/>\nBaguettes Bis zu 80 Baguettes in 25 Minuten<br \/>\nKekse Bis zu 384 Kekse in 12 Minuten<br \/>\nMuffins Bis zu 640 Muffins in 14 Minuten[\/vc_column_text][vc_single_image image=&#8221;18703&#8243; img_size=&#8221;full&#8221; alignment=&#8221;center&#8221; css=&#8221;.vc_custom_1723203138607{padding-top: 30px !important;}&#8221;][\/vc_column_inner][\/vc_row_inner][\/vc_column][\/vc_row][vc_row][vc_column][vc_empty_space height=&#8221;50px&#8221;][\/vc_column][\/vc_row][vc_row][vc_column][elx_heading text_color=&#8221;inherit&#8221; text_align=&#8221;text-center&#8221;]Machen Sie Ihr Gesch\u00e4ft zu einem Ort, an dem das Mittagessen abgeholt werden kann[\/elx_heading][vc_column_text]Erweitern Sie Ihren Speiseplan um hochwertige, warme Speisen, die sich immer wieder perfekt reproduzieren lassen. Bereiten Sie schnell und einfach Fleischb\u00e4llchen, gegrilltes Gem\u00fcse, panierte Filets, frittierte Speisen und andere K\u00f6stlichkeiten zu, damit Ihre Kunden immer wiederkommen.[\/vc_column_text][vc_empty_space][vc_row_inner][vc_column_inner width=&#8221;1\/2&#8243;][vc_single_image image=&#8221;18710&#8243; img_size=&#8221;large&#8221; alignment=&#8221;center&#8221;][\/vc_column_inner][vc_column_inner width=&#8221;1\/2&#8243;][elx_heading font_container=&#8221;h3&#8243; text_color=&#8221;inherit&#8221;]Keine hartn\u00e4ckigen Ger\u00fcche mehr dank<br \/>\nUmlufthaube mit Geruchsreduzierungssystem[\/elx_heading][vc_column_text]Die Luftfilter und UVC-Lampen halten Ihre K\u00fcche sauber und desinfiziert, auch wenn Sie Ihren Ofen nicht an ein zentrales Bel\u00fcftungssystem anschlie\u00dfen k\u00f6nnen. Die Haube kann auch als Luftreiniger f\u00fcr die Umgebung verwendet werden: ein gro\u00dfer Vorteil f\u00fcr kleinere R\u00e4ume.[\/vc_column_text][vc_single_image image=&#8221;18705&#8243; img_size=&#8221;full&#8221; alignment=&#8221;center&#8221; css=&#8221;.vc_custom_1723203153894{padding-top: 30px !important;}&#8221;][vc_empty_space height=&#8221;15px&#8221;][elx_heading font_container=&#8221;h3&#8243; text_color=&#8221;inherit&#8221;]REZEPT* PRODUKTIVIT\u00c4T[\/elx_heading][vc_column_text]Brath\u00e4hnchen Bis zu 384 Brath\u00e4hnchen in 35 Minuten<br \/>\nBratkartoffeln Bis zu 500 Bratkartoffeln in 40 Minuten<br \/>\nGemischtes Braten Bis zu 300 Portionen in 30 Minuten[\/vc_column_text][\/vc_column_inner][\/vc_row_inner][\/vc_column][\/vc_row][vc_row][vc_column][vc_empty_space height=&#8221;50px&#8221;][\/vc_column][\/vc_row][vc_row css=&#8221;.vc_custom_1689169112993{background-color: #c9c9c9 !important;}&#8221;][vc_column][vc_empty_space][elx_heading text_color=&#8221;inherit&#8221; text_align=&#8221;text-center&#8221;]Ziele hoch hinaus mit frischem Fisch und Sushi[\/elx_heading][vc_column_text]Leckerer, gesunder Fisch ist ein Genuss, wenn er richtig zubereitet wird. Und was ist ein moderner Supermarkt ohne Sushi-Ecke? F\u00fcr beide ist die richtige Ausr\u00fcstung ein absolutes Muss.[\/vc_column_text][vc_empty_space][vc_row_inner][vc_column_inner width=&#8221;1\/2&#8243;][vc_single_image image=&#8221;18712&#8243; img_size=&#8221;large&#8221; alignment=&#8221;center&#8221;][vc_empty_space][\/vc_column_inner][vc_column_inner width=&#8221;1\/2&#8243;][elx_heading font_container=&#8221;h3&#8243; text_color=&#8221;inherit&#8221;]Die Bedeutung spezieller Zyklen+[\/elx_heading][vc_column_text]W\u00e4hlen Sie den speziell entwickelten Sushi- und Sashimi-Zyklus aus der Kategorie Fischfamilie und <a href=\"https:\/\/www.electroluxprofessional.com\/at\/grosskuechentechnik\/schockkuehler-und-schockfroster\/\" target=\"_blank\" rel=\"noopener\">SkyLine ChillS<\/a> erledigt den Rest. Um sicherzustellen, dass Ihre Speisen frei von Anisakis sind, wird Ihr Sushi bei -20 \u00b0C schockgefroren und vor dem Auftauen 24** Stunden lang auf dieser Temperatur gehalten und ist servierfertig.<\/p>\n<p>**Gem\u00e4\u00df der europ\u00e4ischen Verordnung 853\/2004[\/vc_column_text][vc_single_image image=&#8221;18715&#8243; img_size=&#8221;full&#8221; alignment=&#8221;center&#8221; css=&#8221;.vc_custom_1723203179921{padding-top: 30px !important;}&#8221;][\/vc_column_inner][\/vc_row_inner][\/vc_column][\/vc_row][vc_row][vc_column][vc_empty_space height=&#8221;50px&#8221;][\/vc_column][\/vc_row][vc_row][vc_column][elx_heading text_color=&#8221;inherit&#8221; text_align=&#8221;text-center&#8221;]Die neue Bistro-Bar der Stadt[\/elx_heading][vc_column_text]Wie nie zuvor ist Takeaway hier, um zu bleiben. Verf\u00fchren Sie Ihre Kunden mit verf\u00fchrerischen, verzehrfertigen Gerichten vor Ort oder perfekt zum Mitnehmen ins B\u00fcro, in den Park oder nach Hause f\u00fcr einen entspannten Abend.[\/vc_column_text][vc_empty_space][vc_row_inner][vc_column_inner width=&#8221;1\/2&#8243;][vc_single_image image=&#8221;18717&#8243; img_size=&#8221;large&#8221; alignment=&#8221;center&#8221;][\/vc_column_inner][vc_column_inner width=&#8221;1\/2&#8243;][elx_heading font_container=&#8221;h3&#8243; text_color=&#8221;inherit&#8221; text_align=&#8221;text-left&#8221;]Warmhaltung &amp; Regeneration[\/elx_heading][vc_column_text]Mit den automatischen Spezialzyklen von <a href=\"https:\/\/www.electroluxprofessional.com\/at\/grosskuechentechnik\/kombidaempfer\/\" target=\"_blank\" rel=\"noopener\">SkyLine Kombid\u00e4mpfern<\/a>\u00a0und dem spezifischem Zubeh\u00f6r werden Ihre Speisen schnell regeneriert und feuchtigkeitskontrolliert zubereitet, bereit zum Anrichten und Servieren.[\/vc_column_text][vc_empty_space height=&#8221;15px&#8221;][elx_heading font_container=&#8221;h3&#8243; text_color=&#8221;inherit&#8221;]Warme Versuchungen[\/elx_heading][vc_column_text]Knusprige Panini, Sandwiches und mehr! Mit dem <a href=\"https:\/\/www.electroluxprofessional.com\/at\/grosskuechentechnik\/speedelight\/\" target=\"_blank\" rel=\"noopener\">SpeeDelight<\/a> k\u00f6nnen Sie Lasagne, Pasta, Gem\u00fcse oder Desserts erhitzen und im Handumdrehen perfekt servieren.[\/vc_column_text][vc_single_image image=&#8221;18716&#8243; img_size=&#8221;full&#8221; alignment=&#8221;center&#8221; css=&#8221;.vc_custom_1723203216107{padding-top: 30px !important;}&#8221;][vc_empty_space height=&#8221;15px&#8221;][elx_heading font_container=&#8221;h3&#8243; text_color=&#8221;inherit&#8221;]REZEPT* PRODUKTIVIT\u00c4T[\/elx_heading][vc_column_text]Focaccia Bis zu 256 Focaccia in weniger als 21 Minuten<br \/>\nQuiche Lorraine Bis zu 256 Quiche Lorraine in weniger als 30 Minuten<br \/>\nPizza Bis zu 256 Pizzast\u00fccke in weniger als 13 Minuten[\/vc_column_text][\/vc_column_inner][\/vc_row_inner][\/vc_column][\/vc_row][vc_row][vc_column][vc_empty_space height=&#8221;50px&#8221;][vc_empty_space height=&#8221;50px&#8221;][\/vc_column][\/vc_row][vc_row][vc_column][elx_heading font_size=&#8221;h3&#8243; text_color=&#8221;inherit&#8221; text_align=&#8221;text-center&#8221;]Kontaktieren Sie unsere Experten[\/elx_heading][elx_o2000_contact_us s=&#8221;Anfragen: L\u00f6sungen f\u00fcr den Einzelhandel&#8221; request_type=&#8221;Other&#8221; country=&#8221;Austria&#8221; b=&#8221;food&#8221; container=&#8221;elxcontactus1466430938&#8243; r=&#8221;Ich w\u00fcrde gerne mehr \u00fcber L\u00f6sungen f\u00fcr den Einzelhandel erfahren. Bitte setzen Sie sich mit mir in Verbindung.&#8221; l=&#8221;de&#8221;][vc_empty_space height=&#8221;50px&#8221;][\/vc_column][\/vc_row]<\/p>\n","protected":false},"excerpt":{"rendered":"<p>[vc_row full_width=&#8221;electroluxpro-full-width-no-padding&#8221;][vc_column][elx_full_banner title=&#8221;Lebensmitteleinzelhandel&#8221; set_as_h1=&#8221;true&#8221; link=&#8221;target:_blank&#8221; background_image_media_library=&#8221;18714&#8243; background_image_media_library_mobile=&#8221;39072&#8243;][vc_empty_space][elx_heading text_color=&#8221;inherit&#8221; text_align=&#8221;text-center&#8221;]Die L\u00f6sung f\u00fcr jeden Lebensmitteleinzelhandel mit Fertiggericht-Angeboten[\/elx_heading][vc_empty_space][vc_empty_space height=&#8221;50px&#8221;][\/vc_column][\/vc_row][vc_row css=&#8221;.vc_custom_1689169077450{background-color: #c9c9c9 !important;}&#8221;][vc_column][vc_empty_space][elx_heading text_color=&#8221;inherit&#8221; text_align=&#8221;text-center&#8221;]Gebackene K\u00f6stlichkeiten, den ganzen Tag frisch[\/elx_heading][vc_column_text]Standardisieren Sie die hohe Qualit\u00e4t Ihrer Brote und Backwaren mit der neuesten Generation von Electrolux Professional Backger\u00e4ten. Revolutionieren Sie Ihre Produktivit\u00e4t. Immer frischen Teig griffbereit haben.[\/vc_column_text][vc_empty_space][vc_row_inner][vc_column_inner width=&#8221;1\/2&#8243;][vc_single_image image=&#8221;18708&#8243; img_size=&#8221;full&#8221; alignment=&#8221;center&#8221;][vc_empty_space][\/vc_column_inner][vc_column_inner [&hellip;]<\/p>\n","protected":false},"author":161,"featured_media":12091,"parent":811,"menu_order":0,"comment_status":"closed","ping_status":"closed","template":"","meta":{"footnotes":""},"class_list":["post-12108","page","type-page","status-publish","has-post-thumbnail","hentry"],"acf":[],"yoast_head":"<!-- This site is optimized with the Yoast SEO plugin v23.3 - https:\/\/yoast.com\/wordpress\/plugins\/seo\/ -->\n<title>Lebensmitteleinzelhandel | Electrolux Professional<\/title>\n<meta name=\"description\" content=\"Neue Konzepte f\u00fcr den Handel: Innovative L\u00f6sungen f\u00fcr den Lebensmitteleinzelhandel, die Ihr Gesch\u00e4ft weiterbringen.\" \/>\n<meta name=\"robots\" content=\"index, follow, max-snippet:-1, max-image-preview:large, max-video-preview:-1\" \/>\n<link rel=\"canonical\" href=\"https:\/\/www.electroluxprofessional.com\/at\/branchenloesungen\/lebensmitteleinzelhandel-supermaerkte\/\" \/>\n<meta property=\"og:locale\" content=\"de_DE\" \/>\n<meta property=\"og:type\" content=\"article\" \/>\n<meta property=\"og:title\" content=\"Lebensmitteleinzelhandel | Electrolux Professional\" \/>\n<meta property=\"og:description\" content=\"Neue Konzepte f\u00fcr den Handel: Innovative L\u00f6sungen f\u00fcr den Lebensmitteleinzelhandel, die Ihr Gesch\u00e4ft weiterbringen.\" \/>\n<meta property=\"og:url\" content=\"https:\/\/www.electroluxprofessional.com\/at\/branchenloesungen\/lebensmitteleinzelhandel-supermaerkte\/\" \/>\n<meta property=\"og:site_name\" content=\"Electrolux Professional \u00d6sterreich\" \/>\n<meta property=\"article:modified_time\" content=\"2026-03-26T14:21:52+00:00\" \/>\n<meta property=\"og:image\" content=\"https:\/\/www.electroluxprofessional.com\/at\/wp-content\/uploads\/2016\/11\/prev-e1480494567162-1.jpg\" \/>\n\t<meta property=\"og:image:width\" content=\"1500\" \/>\n\t<meta property=\"og:image:height\" content=\"1000\" \/>\n\t<meta property=\"og:image:type\" content=\"image\/jpeg\" \/>\n<meta name=\"twitter:card\" content=\"summary_large_image\" \/>\n<meta name=\"twitter:label1\" content=\"Gesch\u00e4tzte Lesezeit\" \/>\n\t<meta name=\"twitter:data1\" content=\"4 Minuten\" \/>\n<script type=\"application\/ld+json\" class=\"yoast-schema-graph\">{\"@context\":\"https:\/\/schema.org\",\"@graph\":[{\"@type\":\"WebPage\",\"@id\":\"https:\/\/www.electroluxprofessional.com\/at\/branchenloesungen\/lebensmitteleinzelhandel-supermaerkte\/\",\"url\":\"https:\/\/www.electroluxprofessional.com\/at\/branchenloesungen\/lebensmitteleinzelhandel-supermaerkte\/\",\"name\":\"Lebensmitteleinzelhandel | Electrolux Professional\",\"isPartOf\":{\"@id\":\"https:\/\/www.electroluxprofessional.com\/at\/#website\"},\"primaryImageOfPage\":{\"@id\":\"https:\/\/www.electroluxprofessional.com\/at\/branchenloesungen\/lebensmitteleinzelhandel-supermaerkte\/#primaryimage\"},\"image\":{\"@id\":\"https:\/\/www.electroluxprofessional.com\/at\/branchenloesungen\/lebensmitteleinzelhandel-supermaerkte\/#primaryimage\"},\"thumbnailUrl\":\"https:\/\/www.electroluxprofessional.com\/at\/wp-content\/uploads\/2016\/11\/prev-e1480494567162-1.jpg\",\"datePublished\":\"2016-10-28T15:34:01+00:00\",\"dateModified\":\"2026-03-26T14:21:52+00:00\",\"description\":\"Neue Konzepte f\u00fcr den Handel: Innovative L\u00f6sungen f\u00fcr den Lebensmitteleinzelhandel, die Ihr Gesch\u00e4ft weiterbringen.\",\"breadcrumb\":{\"@id\":\"https:\/\/www.electroluxprofessional.com\/at\/branchenloesungen\/lebensmitteleinzelhandel-supermaerkte\/#breadcrumb\"},\"inLanguage\":\"de-AT\",\"potentialAction\":[{\"@type\":\"ReadAction\",\"target\":[\"https:\/\/www.electroluxprofessional.com\/at\/branchenloesungen\/lebensmitteleinzelhandel-supermaerkte\/\"]}]},{\"@type\":\"ImageObject\",\"inLanguage\":\"de-AT\",\"@id\":\"https:\/\/www.electroluxprofessional.com\/at\/branchenloesungen\/lebensmitteleinzelhandel-supermaerkte\/#primaryimage\",\"url\":\"https:\/\/www.electroluxprofessional.com\/at\/wp-content\/uploads\/2016\/11\/prev-e1480494567162-1.jpg\",\"contentUrl\":\"https:\/\/www.electroluxprofessional.com\/at\/wp-content\/uploads\/2016\/11\/prev-e1480494567162-1.jpg\",\"width\":1500,\"height\":1000,\"caption\":\"grocery retail and supermarkets\"},{\"@type\":\"BreadcrumbList\",\"@id\":\"https:\/\/www.electroluxprofessional.com\/at\/branchenloesungen\/lebensmitteleinzelhandel-supermaerkte\/#breadcrumb\",\"itemListElement\":[{\"@type\":\"ListItem\",\"position\":1,\"name\":\"Startseite\",\"item\":\"https:\/\/www.electroluxprofessional.com\/at\/\"},{\"@type\":\"ListItem\",\"position\":2,\"name\":\"Branchenl\u00f6sungen\",\"item\":\"https:\/\/www.electroluxprofessional.com\/at\/branchenloesungen\/\"},{\"@type\":\"ListItem\",\"position\":3,\"name\":\"Lebensmitteleinzelhandel\"}]},{\"@type\":\"WebSite\",\"@id\":\"https:\/\/www.electroluxprofessional.com\/at\/#website\",\"url\":\"https:\/\/www.electroluxprofessional.com\/at\/\",\"name\":\"Electrolux Professional \u00d6sterreich\",\"description\":\"\",\"potentialAction\":[{\"@type\":\"SearchAction\",\"target\":{\"@type\":\"EntryPoint\",\"urlTemplate\":\"https:\/\/www.electroluxprofessional.com\/at\/?src={search_term_string}\"},\"query-input\":\"required name=search_term_string\"}],\"inLanguage\":\"de-AT\"}]}<\/script>\n<!-- \/ Yoast SEO plugin. -->","yoast_head_json":{"title":"Lebensmitteleinzelhandel | Electrolux Professional","description":"Neue Konzepte f\u00fcr den Handel: Innovative L\u00f6sungen f\u00fcr den Lebensmitteleinzelhandel, die Ihr Gesch\u00e4ft weiterbringen.","robots":{"index":"index","follow":"follow","max-snippet":"max-snippet:-1","max-image-preview":"max-image-preview:large","max-video-preview":"max-video-preview:-1"},"canonical":"https:\/\/www.electroluxprofessional.com\/at\/branchenloesungen\/lebensmitteleinzelhandel-supermaerkte\/","og_locale":"de_DE","og_type":"article","og_title":"Lebensmitteleinzelhandel | Electrolux Professional","og_description":"Neue Konzepte f\u00fcr den Handel: Innovative L\u00f6sungen f\u00fcr den Lebensmitteleinzelhandel, die Ihr Gesch\u00e4ft weiterbringen.","og_url":"https:\/\/www.electroluxprofessional.com\/at\/branchenloesungen\/lebensmitteleinzelhandel-supermaerkte\/","og_site_name":"Electrolux Professional \u00d6sterreich","article_modified_time":"2026-03-26T14:21:52+00:00","og_image":[{"width":1500,"height":1000,"url":"https:\/\/www.electroluxprofessional.com\/at\/wp-content\/uploads\/2016\/11\/prev-e1480494567162-1.jpg","type":"image\/jpeg"}],"twitter_card":"summary_large_image","twitter_misc":{"Gesch\u00e4tzte Lesezeit":"4 Minuten"},"schema":{"@context":"https:\/\/schema.org","@graph":[{"@type":"WebPage","@id":"https:\/\/www.electroluxprofessional.com\/at\/branchenloesungen\/lebensmitteleinzelhandel-supermaerkte\/","url":"https:\/\/www.electroluxprofessional.com\/at\/branchenloesungen\/lebensmitteleinzelhandel-supermaerkte\/","name":"Lebensmitteleinzelhandel | Electrolux Professional","isPartOf":{"@id":"https:\/\/www.electroluxprofessional.com\/at\/#website"},"primaryImageOfPage":{"@id":"https:\/\/www.electroluxprofessional.com\/at\/branchenloesungen\/lebensmitteleinzelhandel-supermaerkte\/#primaryimage"},"image":{"@id":"https:\/\/www.electroluxprofessional.com\/at\/branchenloesungen\/lebensmitteleinzelhandel-supermaerkte\/#primaryimage"},"thumbnailUrl":"https:\/\/www.electroluxprofessional.com\/at\/wp-content\/uploads\/2016\/11\/prev-e1480494567162-1.jpg","datePublished":"2016-10-28T15:34:01+00:00","dateModified":"2026-03-26T14:21:52+00:00","description":"Neue Konzepte f\u00fcr den Handel: Innovative L\u00f6sungen f\u00fcr den Lebensmitteleinzelhandel, die Ihr Gesch\u00e4ft weiterbringen.","breadcrumb":{"@id":"https:\/\/www.electroluxprofessional.com\/at\/branchenloesungen\/lebensmitteleinzelhandel-supermaerkte\/#breadcrumb"},"inLanguage":"de-AT","potentialAction":[{"@type":"ReadAction","target":["https:\/\/www.electroluxprofessional.com\/at\/branchenloesungen\/lebensmitteleinzelhandel-supermaerkte\/"]}]},{"@type":"ImageObject","inLanguage":"de-AT","@id":"https:\/\/www.electroluxprofessional.com\/at\/branchenloesungen\/lebensmitteleinzelhandel-supermaerkte\/#primaryimage","url":"https:\/\/www.electroluxprofessional.com\/at\/wp-content\/uploads\/2016\/11\/prev-e1480494567162-1.jpg","contentUrl":"https:\/\/www.electroluxprofessional.com\/at\/wp-content\/uploads\/2016\/11\/prev-e1480494567162-1.jpg","width":1500,"height":1000,"caption":"grocery retail and supermarkets"},{"@type":"BreadcrumbList","@id":"https:\/\/www.electroluxprofessional.com\/at\/branchenloesungen\/lebensmitteleinzelhandel-supermaerkte\/#breadcrumb","itemListElement":[{"@type":"ListItem","position":1,"name":"Startseite","item":"https:\/\/www.electroluxprofessional.com\/at\/"},{"@type":"ListItem","position":2,"name":"Branchenl\u00f6sungen","item":"https:\/\/www.electroluxprofessional.com\/at\/branchenloesungen\/"},{"@type":"ListItem","position":3,"name":"Lebensmitteleinzelhandel"}]},{"@type":"WebSite","@id":"https:\/\/www.electroluxprofessional.com\/at\/#website","url":"https:\/\/www.electroluxprofessional.com\/at\/","name":"Electrolux Professional \u00d6sterreich","description":"","potentialAction":[{"@type":"SearchAction","target":{"@type":"EntryPoint","urlTemplate":"https:\/\/www.electroluxprofessional.com\/at\/?src={search_term_string}"},"query-input":"required name=search_term_string"}],"inLanguage":"de-AT"}]}},"_links":{"self":[{"href":"https:\/\/www.electroluxprofessional.com\/at\/wp-json\/wp\/v2\/pages\/12108"}],"collection":[{"href":"https:\/\/www.electroluxprofessional.com\/at\/wp-json\/wp\/v2\/pages"}],"about":[{"href":"https:\/\/www.electroluxprofessional.com\/at\/wp-json\/wp\/v2\/types\/page"}],"author":[{"embeddable":true,"href":"https:\/\/www.electroluxprofessional.com\/at\/wp-json\/wp\/v2\/users\/161"}],"replies":[{"embeddable":true,"href":"https:\/\/www.electroluxprofessional.com\/at\/wp-json\/wp\/v2\/comments?post=12108"}],"version-history":[{"count":12,"href":"https:\/\/www.electroluxprofessional.com\/at\/wp-json\/wp\/v2\/pages\/12108\/revisions"}],"predecessor-version":[{"id":21755,"href":"https:\/\/www.electroluxprofessional.com\/at\/wp-json\/wp\/v2\/pages\/12108\/revisions\/21755"}],"up":[{"embeddable":true,"href":"https:\/\/www.electroluxprofessional.com\/at\/wp-json\/wp\/v2\/pages\/811"}],"wp:featuredmedia":[{"embeddable":true,"href":"https:\/\/www.electroluxprofessional.com\/at\/wp-json\/wp\/v2\/media\/12091"}],"wp:attachment":[{"href":"https:\/\/www.electroluxprofessional.com\/at\/wp-json\/wp\/v2\/media?parent=12108"}],"curies":[{"name":"wp","href":"https:\/\/api.w.org\/{rel}","templated":true}]}}