{"id":11677,"date":"2020-12-03T10:23:15","date_gmt":"2020-12-03T10:23:15","guid":{"rendered":"https:\/\/www.electroluxprofessional.com\/?page_id=20319"},"modified":"2026-03-26T14:40:23","modified_gmt":"2026-03-26T13:40:23","slug":"salamander","status":"publish","type":"page","link":"https:\/\/www.electroluxprofessional.com\/at\/grosskuechentechnik\/salamander\/","title":{"rendered":"Salamander"},"content":{"rendered":"<p>[vc_row full_width=&#8221;electroluxpro-full-width-no-padding&#8221;][vc_column][elx_image_block background_image=&#8221;11665&#8243; minimum_height=&#8221;350px&#8221;][\/vc_column][\/vc_row][vc_row][vc_column][elx_heading font_container=&#8221;h1&#8243; font_size=&#8221;h3&#8243; text_color=&#8221;inherit&#8221;]Salamander[\/elx_heading][vc_column_text]<strong>Salamander<\/strong> von Electrolux Professional heizen schnell auf und sind einfach zu bedienen:<br \/>\nanbraten, gratinieren, kochen, aufw\u00e4rmen und warmhalten.[\/vc_column_text][\/vc_column][\/vc_row][vc_row][vc_column][vc_empty_space][\/vc_column][\/vc_row][vc_row][vc_column width=&#8221;1\/2&#8243;][vc_single_image image=&#8221;11666&#8243; img_size=&#8221;full&#8221;][\/vc_column][vc_column width=&#8221;1\/2&#8243;][elx_heading font_size=&#8221;h3&#8243; text_color=&#8221;inherit&#8221;]Extrem schnell und flexibel[\/elx_heading][elx_heading font_container=&#8221;h3&#8243; font_size=&#8221;h5&#8243; text_color=&#8221;inherit&#8221;]Der schnelle Weg zu perfekten Ergebnissen[\/elx_heading][vc_column_text]Die L\u00fcftungsschlitze in der Oberseite erm\u00f6glichen eine <strong>bessere Bel\u00fcftung<\/strong> und <strong>W\u00e4rmereduzierung <\/strong>und die Heizplatte ist dank eines leichtg\u00e4ngigen Schienensystems verstellbar. Mit einem <strong>intuitiven Drehknopf<\/strong> k\u00f6nnen Sie die Zeit einfach einstellen und auf dem digitalen Display ablesen.[\/vc_column_text][elx_heading font_container=&#8221;h3&#8243; font_size=&#8221;h5&#8243; text_color=&#8221;inherit&#8221;]Starten und Stoppen Sie den Garprozess jederzeit[\/elx_heading][vc_column_text]<strong>Ber\u00fchrungsgesteuerte Tellererkennungsleiste<\/strong>: Sie aktiviert die Heizelemente automatisch bei Kontakt mit Geschirr. Sparen Sie Energiekosten und reduzieren Sie die Hitze in Ihrer K\u00fcche.[\/vc_column_text][elx_heading font_container=&#8221;h3&#8243; font_size=&#8221;h5&#8243; text_color=&#8221;inherit&#8221;]Reduzieren Sie W\u00e4rme- und Energiekosten[\/elx_heading][vc_column_text]Dank zwei separaten Kochzonen k\u00f6nnen Sie Ihr Gericht unter der Glaskeramikplatte platzieren und nur eine H\u00e4lfte der Platte einschalten.<br \/>\nSo arbeiten Sie v\u00f6llig flexibel. Der Salamander erhitzt nur den Teil, den Sie ben\u00f6tigen.[\/vc_column_text][vc_empty_space height=&#8221;64px&#8221;][\/vc_column][\/vc_row][vc_row disable_element=&#8221;yes&#8221;][vc_column width=&#8221;1\/2&#8243;][vc_single_image image=&#8221;11666&#8243; img_size=&#8221;full&#8221;][\/vc_column][vc_column width=&#8221;1\/2&#8243;][elx_heading font_size=&#8221;h3&#8243; text_color=&#8221;inherit&#8221;]Extrem schnell und flexibel[\/elx_heading][elx_heading font_container=&#8221;h3&#8243; font_size=&#8221;h5&#8243; text_color=&#8221;inherit&#8221;]Der schnelle Weg zu perfekten Ergebnissen[\/elx_heading][vc_column_text]Die L\u00fcftungsschlitze in der Oberseite erm\u00f6glichen eine <strong>bessere Bel\u00fcftung<\/strong> und <strong>W\u00e4rmereduzierung <\/strong>und die Heizplatte ist dank einem leichtg\u00e4ngigen Schienensystem verstellbar. Mit einem <strong>intuitiven Drehknopf<\/strong> k\u00f6nnen Sie die Zeit einfach einstellen und auf dem digitalen Display ablesen.[\/vc_column_text][elx_heading font_container=&#8221;h3&#8243; font_size=&#8221;h5&#8243; text_color=&#8221;inherit&#8221;]Starten und Stoppen Sie den Garprozess jederzeit[\/elx_heading][vc_column_text]<strong>Ber\u00fchrungsgesteuerte Tellererkennungsleiste<\/strong>: Sie aktiviert die Heizelemente automatisch bei Kontakt mit Geschirr.<br \/>\nSparen Sie Energiekosten und reduzieren Sie die Hitze in Ihrer K\u00fcche.[\/vc_column_text][elx_heading font_container=&#8221;h3&#8243; font_size=&#8221;h5&#8243; text_color=&#8221;inherit&#8221;]Reduzieren Sie W\u00e4rme- und Energiekosten[\/elx_heading][vc_column_text]Dank zwei separaten Kochzonen k\u00f6nnen Sie Ihr Gericht unter der Glaskeramikplatte platzieren und nur eine H\u00e4lfte der Platte einschalten.<br \/>\nSo arbeiten Sie v\u00f6llig flexibel. Der Salamander erhitzt nur den Teil, den Sie ben\u00f6tigen.[\/vc_column_text][elx_download_block text=&#8221;Laden Sie den Salamander Flyer herunter&#8221; text_color=&#8221;electrolux-blue&#8221; link=&#8221;files.professional.electrolux.com\/docs\/?n=CLF-9JE00205&amp;b=5&amp;l=1&#8243; background_color=&#8221;orange&#8221;][\/vc_column][\/vc_row][vc_row][vc_column width=&#8221;1\/4&#8243;][vc_single_image image=&#8221;11667&#8243; img_size=&#8221;full&#8221; alignment=&#8221;center&#8221;][elx_heading font_container=&#8221;h3&#8243; font_size=&#8221;h5&#8243; text_color=&#8221;inherit&#8221;]Schnell[\/elx_heading][vc_column_text]Schnelles, <strong>hocheffizientes Heizsystem<\/strong>. Erreichen Sie die optimale Temperatur in 20 Sekunden.[\/vc_column_text][\/vc_column][vc_column width=&#8221;1\/4&#8243;][vc_single_image image=&#8221;11668&#8243; img_size=&#8221;full&#8221; alignment=&#8221;center&#8221;][elx_heading font_container=&#8221;h3&#8243; font_size=&#8221;h5&#8243; text_color=&#8221;inherit&#8221;]Einfach zu bedienen[\/elx_heading][vc_column_text]Bedienung und Zeiteinstellung sind einfach und intuitiv.[\/vc_column_text][\/vc_column][vc_column width=&#8221;1\/4&#8243;][vc_single_image image=&#8221;11669&#8243; img_size=&#8221;full&#8221; alignment=&#8221;center&#8221;][elx_heading font_container=&#8221;h3&#8243; font_size=&#8221;h5&#8243; text_color=&#8221;inherit&#8221;]Effizient[\/elx_heading][vc_column_text]Automatische ber\u00fchrungsgesteuerte <strong>W\u00e4rmeaktivierung\/<br \/>\n-deaktivierung<\/strong>. Halten Sie Ihre K\u00fcche k\u00fchler und sparen Sie Energie.[\/vc_column_text][\/vc_column][vc_column width=&#8221;1\/4&#8243;][vc_single_image image=&#8221;11670&#8243; img_size=&#8221;full&#8221; alignment=&#8221;center&#8221;][elx_heading font_container=&#8221;h3&#8243; font_size=&#8221;h5&#8243; text_color=&#8221;inherit&#8221;]Einfach zu reinigen[\/elx_heading][vc_column_text]Stressfreie Wartung dank ausziehbaren Blechen.[\/vc_column_text][\/vc_column][\/vc_row][vc_row][vc_column][vc_empty_space][elx_heading font_size=&#8221;h3&#8243; text_color=&#8221;inherit&#8221; text_align=&#8221;text-center&#8221;]Erfahren Sie mehr[\/elx_heading][elx_o2000_contact_us s=&#8221;Anfrage: Informationen \u00fcber Salamander&#8221; request_type=&#8221;Other&#8221; country=&#8221;Austria&#8221; b=&#8221;food&#8221; container=&#8221;elxcontactus1486048409&#8243; r=&#8221;Ich m\u00f6chte gerne mehr \u00fcber Salamander erfahren. Bitte setzen Sie sich mit mir in Verbindung.&#8221; l=&#8221;de&#8221;][vc_empty_space][\/vc_column][\/vc_row][vc_row disable_element=&#8221;yes&#8221;][vc_column][elx_heading font_size=&#8221;h3&#8243; text_color=&#8221;inherit&#8221; text_align=&#8221;text-left&#8221;]Salamander[\/elx_heading][\/vc_column][\/vc_row][vc_row full_width=&#8221;electroluxpro-full-width-no-padding&#8221; disable_element=&#8221;yes&#8221;][vc_column][\/vc_column][\/vc_row][vc_row css=&#8221;.vc_custom_1518444066759{background-color: #eeeeee !important;}&#8221;][vc_column][elx_heading text_color=&#8221;inherit&#8221; text_align=&#8221;text-center&#8221;]Finden Sie das ideale Gesamtpaket f\u00fcr Ihr Unternehmen[\/elx_heading][\/vc_column][\/vc_row][vc_row css=&#8221;.vc_custom_1518444076252{background-color: #eeeeee !important;}&#8221;][vc_column width=&#8221;1\/3&#8243;][elx_maylike_box id_box=&#8221;11672&#8243;][\/vc_column][vc_column width=&#8221;1\/3&#8243;][elx_maylike_box id_box=&#8221;11674&#8243;][\/vc_column][vc_column width=&#8221;1\/3&#8243;][elx_maylike_box id_box=&#8221;11676&#8243;][\/vc_column][\/vc_row]<\/p>\n","protected":false},"excerpt":{"rendered":"<p>[vc_row full_width=&#8221;electroluxpro-full-width-no-padding&#8221;][vc_column][elx_image_block background_image=&#8221;11665&#8243; minimum_height=&#8221;350px&#8221;][\/vc_column][\/vc_row][vc_row][vc_column][elx_heading font_container=&#8221;h1&#8243; font_size=&#8221;h3&#8243; text_color=&#8221;inherit&#8221;]Salamander[\/elx_heading][vc_column_text]Salamander von Electrolux Professional heizen schnell auf und sind einfach zu bedienen: anbraten, gratinieren, kochen, aufw\u00e4rmen und warmhalten.[\/vc_column_text][\/vc_column][\/vc_row][vc_row][vc_column][vc_empty_space][\/vc_column][\/vc_row][vc_row][vc_column width=&#8221;1\/2&#8243;][vc_single_image image=&#8221;11666&#8243; img_size=&#8221;full&#8221;][\/vc_column][vc_column width=&#8221;1\/2&#8243;][elx_heading font_size=&#8221;h3&#8243; text_color=&#8221;inherit&#8221;]Extrem schnell und flexibel[\/elx_heading][elx_heading font_container=&#8221;h3&#8243; font_size=&#8221;h5&#8243; text_color=&#8221;inherit&#8221;]Der schnelle Weg zu perfekten Ergebnissen[\/elx_heading][vc_column_text]Die L\u00fcftungsschlitze in der Oberseite erm\u00f6glichen eine bessere Bel\u00fcftung und W\u00e4rmereduzierung und die Heizplatte ist [&hellip;]<\/p>\n","protected":false},"author":161,"featured_media":11662,"parent":731,"menu_order":0,"comment_status":"closed","ping_status":"closed","template":"","meta":{"footnotes":""},"class_list":["post-11677","page","type-page","status-publish","has-post-thumbnail","hentry"],"acf":[],"yoast_head":"<!-- This site is optimized with the Yoast SEO plugin v23.3 - https:\/\/yoast.com\/wordpress\/plugins\/seo\/ -->\n<title>Salamander | Electrolux Professional<\/title>\n<meta name=\"description\" content=\"Salamander heizen schnell auf und sind einfach zu bedienen. Ideal zum Anbraten, Gratinieren, Kochen, Aufw\u00e4rmen und Warmhalten.\" \/>\n<meta name=\"robots\" content=\"index, follow, max-snippet:-1, max-image-preview:large, max-video-preview:-1\" \/>\n<link rel=\"canonical\" href=\"https:\/\/www.electroluxprofessional.com\/at\/grosskuechentechnik\/salamander\/\" \/>\n<meta property=\"og:locale\" content=\"de_DE\" \/>\n<meta property=\"og:type\" content=\"article\" \/>\n<meta property=\"og:title\" content=\"Salamander | Electrolux Professional\" \/>\n<meta property=\"og:description\" content=\"Salamander heizen schnell auf und sind einfach zu bedienen. Ideal zum Anbraten, Gratinieren, Kochen, Aufw\u00e4rmen und Warmhalten.\" \/>\n<meta property=\"og:url\" content=\"https:\/\/www.electroluxprofessional.com\/at\/grosskuechentechnik\/salamander\/\" \/>\n<meta property=\"og:site_name\" content=\"Electrolux Professional \u00d6sterreich\" \/>\n<meta property=\"article:modified_time\" content=\"2026-03-26T13:40:23+00:00\" \/>\n<meta property=\"og:image\" content=\"https:\/\/www.electroluxprofessional.com\/at\/wp-content\/uploads\/2017\/02\/ventilation-4.jpg\" \/>\n\t<meta property=\"og:image:width\" content=\"2000\" \/>\n\t<meta property=\"og:image:height\" content=\"1145\" \/>\n\t<meta property=\"og:image:type\" content=\"image\/jpeg\" \/>\n<meta name=\"twitter:card\" content=\"summary_large_image\" \/>\n<meta name=\"twitter:label1\" content=\"Gesch\u00e4tzte Lesezeit\" \/>\n\t<meta name=\"twitter:data1\" content=\"4 Minuten\" \/>\n<script type=\"application\/ld+json\" class=\"yoast-schema-graph\">{\"@context\":\"https:\/\/schema.org\",\"@graph\":[{\"@type\":\"WebPage\",\"@id\":\"https:\/\/www.electroluxprofessional.com\/at\/grosskuechentechnik\/salamander\/\",\"url\":\"https:\/\/www.electroluxprofessional.com\/at\/grosskuechentechnik\/salamander\/\",\"name\":\"Salamander | Electrolux Professional\",\"isPartOf\":{\"@id\":\"https:\/\/www.electroluxprofessional.com\/at\/#website\"},\"primaryImageOfPage\":{\"@id\":\"https:\/\/www.electroluxprofessional.com\/at\/grosskuechentechnik\/salamander\/#primaryimage\"},\"image\":{\"@id\":\"https:\/\/www.electroluxprofessional.com\/at\/grosskuechentechnik\/salamander\/#primaryimage\"},\"thumbnailUrl\":\"https:\/\/www.electroluxprofessional.com\/at\/wp-content\/uploads\/2017\/02\/ventilation-4.jpg\",\"datePublished\":\"2020-12-03T10:23:15+00:00\",\"dateModified\":\"2026-03-26T13:40:23+00:00\",\"description\":\"Salamander heizen schnell auf und sind einfach zu bedienen. Ideal zum Anbraten, Gratinieren, Kochen, Aufw\u00e4rmen und Warmhalten.\",\"breadcrumb\":{\"@id\":\"https:\/\/www.electroluxprofessional.com\/at\/grosskuechentechnik\/salamander\/#breadcrumb\"},\"inLanguage\":\"de-AT\",\"potentialAction\":[{\"@type\":\"ReadAction\",\"target\":[\"https:\/\/www.electroluxprofessional.com\/at\/grosskuechentechnik\/salamander\/\"]}]},{\"@type\":\"ImageObject\",\"inLanguage\":\"de-AT\",\"@id\":\"https:\/\/www.electroluxprofessional.com\/at\/grosskuechentechnik\/salamander\/#primaryimage\",\"url\":\"https:\/\/www.electroluxprofessional.com\/at\/wp-content\/uploads\/2017\/02\/ventilation-4.jpg\",\"contentUrl\":\"https:\/\/www.electroluxprofessional.com\/at\/wp-content\/uploads\/2017\/02\/ventilation-4.jpg\",\"width\":2000,\"height\":1145,\"caption\":\"ventilation\"},{\"@type\":\"BreadcrumbList\",\"@id\":\"https:\/\/www.electroluxprofessional.com\/at\/grosskuechentechnik\/salamander\/#breadcrumb\",\"itemListElement\":[{\"@type\":\"ListItem\",\"position\":1,\"name\":\"Startseite\",\"item\":\"https:\/\/www.electroluxprofessional.com\/at\/\"},{\"@type\":\"ListItem\",\"position\":2,\"name\":\"Gro\u00dfk\u00fcchentechnik\",\"item\":\"https:\/\/www.electroluxprofessional.com\/at\/grosskuechentechnik\/\"},{\"@type\":\"ListItem\",\"position\":3,\"name\":\"Salamander\"}]},{\"@type\":\"WebSite\",\"@id\":\"https:\/\/www.electroluxprofessional.com\/at\/#website\",\"url\":\"https:\/\/www.electroluxprofessional.com\/at\/\",\"name\":\"Electrolux Professional \u00d6sterreich\",\"description\":\"\",\"potentialAction\":[{\"@type\":\"SearchAction\",\"target\":{\"@type\":\"EntryPoint\",\"urlTemplate\":\"https:\/\/www.electroluxprofessional.com\/at\/?src={search_term_string}\"},\"query-input\":\"required name=search_term_string\"}],\"inLanguage\":\"de-AT\"}]}<\/script>\n<!-- \/ Yoast SEO plugin. -->","yoast_head_json":{"title":"Salamander | Electrolux Professional","description":"Salamander heizen schnell auf und sind einfach zu bedienen. Ideal zum Anbraten, Gratinieren, Kochen, Aufw\u00e4rmen und Warmhalten.","robots":{"index":"index","follow":"follow","max-snippet":"max-snippet:-1","max-image-preview":"max-image-preview:large","max-video-preview":"max-video-preview:-1"},"canonical":"https:\/\/www.electroluxprofessional.com\/at\/grosskuechentechnik\/salamander\/","og_locale":"de_DE","og_type":"article","og_title":"Salamander | Electrolux Professional","og_description":"Salamander heizen schnell auf und sind einfach zu bedienen. Ideal zum Anbraten, Gratinieren, Kochen, Aufw\u00e4rmen und Warmhalten.","og_url":"https:\/\/www.electroluxprofessional.com\/at\/grosskuechentechnik\/salamander\/","og_site_name":"Electrolux Professional \u00d6sterreich","article_modified_time":"2026-03-26T13:40:23+00:00","og_image":[{"width":2000,"height":1145,"url":"https:\/\/www.electroluxprofessional.com\/at\/wp-content\/uploads\/2017\/02\/ventilation-4.jpg","type":"image\/jpeg"}],"twitter_card":"summary_large_image","twitter_misc":{"Gesch\u00e4tzte Lesezeit":"4 Minuten"},"schema":{"@context":"https:\/\/schema.org","@graph":[{"@type":"WebPage","@id":"https:\/\/www.electroluxprofessional.com\/at\/grosskuechentechnik\/salamander\/","url":"https:\/\/www.electroluxprofessional.com\/at\/grosskuechentechnik\/salamander\/","name":"Salamander | Electrolux Professional","isPartOf":{"@id":"https:\/\/www.electroluxprofessional.com\/at\/#website"},"primaryImageOfPage":{"@id":"https:\/\/www.electroluxprofessional.com\/at\/grosskuechentechnik\/salamander\/#primaryimage"},"image":{"@id":"https:\/\/www.electroluxprofessional.com\/at\/grosskuechentechnik\/salamander\/#primaryimage"},"thumbnailUrl":"https:\/\/www.electroluxprofessional.com\/at\/wp-content\/uploads\/2017\/02\/ventilation-4.jpg","datePublished":"2020-12-03T10:23:15+00:00","dateModified":"2026-03-26T13:40:23+00:00","description":"Salamander heizen schnell auf und sind einfach zu bedienen. Ideal zum Anbraten, Gratinieren, Kochen, Aufw\u00e4rmen und Warmhalten.","breadcrumb":{"@id":"https:\/\/www.electroluxprofessional.com\/at\/grosskuechentechnik\/salamander\/#breadcrumb"},"inLanguage":"de-AT","potentialAction":[{"@type":"ReadAction","target":["https:\/\/www.electroluxprofessional.com\/at\/grosskuechentechnik\/salamander\/"]}]},{"@type":"ImageObject","inLanguage":"de-AT","@id":"https:\/\/www.electroluxprofessional.com\/at\/grosskuechentechnik\/salamander\/#primaryimage","url":"https:\/\/www.electroluxprofessional.com\/at\/wp-content\/uploads\/2017\/02\/ventilation-4.jpg","contentUrl":"https:\/\/www.electroluxprofessional.com\/at\/wp-content\/uploads\/2017\/02\/ventilation-4.jpg","width":2000,"height":1145,"caption":"ventilation"},{"@type":"BreadcrumbList","@id":"https:\/\/www.electroluxprofessional.com\/at\/grosskuechentechnik\/salamander\/#breadcrumb","itemListElement":[{"@type":"ListItem","position":1,"name":"Startseite","item":"https:\/\/www.electroluxprofessional.com\/at\/"},{"@type":"ListItem","position":2,"name":"Gro\u00dfk\u00fcchentechnik","item":"https:\/\/www.electroluxprofessional.com\/at\/grosskuechentechnik\/"},{"@type":"ListItem","position":3,"name":"Salamander"}]},{"@type":"WebSite","@id":"https:\/\/www.electroluxprofessional.com\/at\/#website","url":"https:\/\/www.electroluxprofessional.com\/at\/","name":"Electrolux Professional \u00d6sterreich","description":"","potentialAction":[{"@type":"SearchAction","target":{"@type":"EntryPoint","urlTemplate":"https:\/\/www.electroluxprofessional.com\/at\/?src={search_term_string}"},"query-input":"required name=search_term_string"}],"inLanguage":"de-AT"}]}},"_links":{"self":[{"href":"https:\/\/www.electroluxprofessional.com\/at\/wp-json\/wp\/v2\/pages\/11677"}],"collection":[{"href":"https:\/\/www.electroluxprofessional.com\/at\/wp-json\/wp\/v2\/pages"}],"about":[{"href":"https:\/\/www.electroluxprofessional.com\/at\/wp-json\/wp\/v2\/types\/page"}],"author":[{"embeddable":true,"href":"https:\/\/www.electroluxprofessional.com\/at\/wp-json\/wp\/v2\/users\/161"}],"replies":[{"embeddable":true,"href":"https:\/\/www.electroluxprofessional.com\/at\/wp-json\/wp\/v2\/comments?post=11677"}],"version-history":[{"count":8,"href":"https:\/\/www.electroluxprofessional.com\/at\/wp-json\/wp\/v2\/pages\/11677\/revisions"}],"predecessor-version":[{"id":21719,"href":"https:\/\/www.electroluxprofessional.com\/at\/wp-json\/wp\/v2\/pages\/11677\/revisions\/21719"}],"up":[{"embeddable":true,"href":"https:\/\/www.electroluxprofessional.com\/at\/wp-json\/wp\/v2\/pages\/731"}],"wp:featuredmedia":[{"embeddable":true,"href":"https:\/\/www.electroluxprofessional.com\/at\/wp-json\/wp\/v2\/media\/11662"}],"wp:attachment":[{"href":"https:\/\/www.electroluxprofessional.com\/at\/wp-json\/wp\/v2\/media?parent=11677"}],"curies":[{"name":"wp","href":"https:\/\/api.w.org\/{rel}","templated":true}]}}