{"id":1090,"date":"2016-11-14T09:43:14","date_gmt":"2016-11-14T09:43:14","guid":{"rendered":"https:\/\/www.electroluxprofessional.com\/at\/?page_id=1090"},"modified":"2023-12-27T12:14:09","modified_gmt":"2023-12-27T11:14:09","slug":"recover-password","status":"publish","type":"page","link":"https:\/\/www.electroluxprofessional.com\/at\/recover-password\/","title":{"rendered":"Passwort zur\u00fccksetzen"},"content":{"rendered":"<p>[vc_row][vc_column][vc_empty_space height=&#8221;50px&#8221;][vc_column_text]        <div class=\"form-container\">\n\t\t\t\n            <div id=\"messages_recover\">\n                            <\/div>\n            \n                            <form method=\"post\" id=\"recover-form\">\n                    <p>\n\t\t                Please enter your email address,\t\t                you will receive a link to create a new password                    <\/p>\n                    \n                    <input type=\"hidden\" name=\"nonce-recover\" id=\"nonce-recover\" value=\"425c13867c\"\/>\n                    <input type=\"hidden\" name=\"redirect_url\" value=\"\"\/>\n\n                                        \n                    <div class=\"form-group\">\n                        <label for=\"com21_recover_email\">Email<\/label>\n                        <input type=\"text\" id=\"com21_recover_email\" name=\"email\" class=\"form-control\" required=\"required\"\/>\n                    <\/div>\n\t\t\t\t\t\n                    <div class=\"g-recaptcha\" data-sitekey=\"6Ld_DxUUAAAAABBfcwOIlpvK_ddtGNYE-k7BlUq3\"><\/div>\n                    <button type=\"submit\" class=\"btn btn-default\" name=\"submit-recover\">\n\t\t\t\t\t\tGet new password                    <\/button>\n\n                <\/form>\n\t\t\t\n        <\/div>\n\t\t[\/vc_column_text][vc_empty_space height=&#8221;50px&#8221;][\/vc_column][\/vc_row]<\/p>\n","protected":false},"excerpt":{"rendered":"<p>[vc_row][vc_column][vc_empty_space height=&#8221;50px&#8221;][vc_column_text][\/vc_column_text][vc_empty_space height=&#8221;50px&#8221;][\/vc_column][\/vc_row]<\/p>\n","protected":false},"author":5,"featured_media":0,"parent":0,"menu_order":0,"comment_status":"closed","ping_status":"closed","template":"","meta":{"footnotes":""},"class_list":["post-1090","page","type-page","status-publish","hentry"],"acf":[],"yoast_head":"<!-- This site is optimized with the Yoast SEO plugin v23.3 - https:\/\/yoast.com\/wordpress\/plugins\/seo\/ -->\n<title>Passwort zur\u00fccksetzen | Electrolux Professional<\/title>\n<meta name=\"description\" content=\"Auf dieser Seite k\u00f6nnen Sie Ihr Passwort f\u00fcr den privaten Bereich MyProfessional bei Electrolux Professional zur\u00fccksetzen.\" \/>\n<meta name=\"robots\" content=\"index, follow, max-snippet:-1, max-image-preview:large, max-video-preview:-1\" \/>\n<link rel=\"canonical\" href=\"https:\/\/www.electroluxprofessional.com\/at\/recover-password\/\" \/>\n<meta property=\"og:locale\" content=\"de_DE\" \/>\n<meta property=\"og:type\" content=\"article\" \/>\n<meta property=\"og:title\" content=\"Passwort zur\u00fccksetzen | Electrolux Professional\" \/>\n<meta property=\"og:description\" content=\"Auf dieser Seite k\u00f6nnen Sie Ihr Passwort f\u00fcr den privaten Bereich MyProfessional bei Electrolux Professional zur\u00fccksetzen.\" \/>\n<meta property=\"og:url\" content=\"https:\/\/www.electroluxprofessional.com\/at\/recover-password\/\" \/>\n<meta property=\"og:site_name\" content=\"Electrolux Professional \u00d6sterreich\" \/>\n<meta property=\"article:modified_time\" content=\"2023-12-27T11:14:09+00:00\" \/>\n<meta name=\"twitter:card\" content=\"summary_large_image\" \/>\n<script type=\"application\/ld+json\" class=\"yoast-schema-graph\">{\"@context\":\"https:\/\/schema.org\",\"@graph\":[{\"@type\":\"WebPage\",\"@id\":\"https:\/\/www.electroluxprofessional.com\/at\/recover-password\/\",\"url\":\"https:\/\/www.electroluxprofessional.com\/at\/recover-password\/\",\"name\":\"Passwort zur\u00fccksetzen | Electrolux Professional\",\"isPartOf\":{\"@id\":\"https:\/\/www.electroluxprofessional.com\/at\/#website\"},\"datePublished\":\"2016-11-14T09:43:14+00:00\",\"dateModified\":\"2023-12-27T11:14:09+00:00\",\"description\":\"Auf dieser Seite k\u00f6nnen Sie Ihr Passwort f\u00fcr den privaten Bereich MyProfessional bei Electrolux Professional zur\u00fccksetzen.\",\"breadcrumb\":{\"@id\":\"https:\/\/www.electroluxprofessional.com\/at\/recover-password\/#breadcrumb\"},\"inLanguage\":\"de-AT\",\"potentialAction\":[{\"@type\":\"ReadAction\",\"target\":[\"https:\/\/www.electroluxprofessional.com\/at\/recover-password\/\"]}]},{\"@type\":\"BreadcrumbList\",\"@id\":\"https:\/\/www.electroluxprofessional.com\/at\/recover-password\/#breadcrumb\",\"itemListElement\":[{\"@type\":\"ListItem\",\"position\":1,\"name\":\"Startseite\",\"item\":\"https:\/\/www.electroluxprofessional.com\/at\/\"},{\"@type\":\"ListItem\",\"position\":2,\"name\":\"Passwort zur\u00fccksetzen\"}]},{\"@type\":\"WebSite\",\"@id\":\"https:\/\/www.electroluxprofessional.com\/at\/#website\",\"url\":\"https:\/\/www.electroluxprofessional.com\/at\/\",\"name\":\"Electrolux Professional \u00d6sterreich\",\"description\":\"\",\"potentialAction\":[{\"@type\":\"SearchAction\",\"target\":{\"@type\":\"EntryPoint\",\"urlTemplate\":\"https:\/\/www.electroluxprofessional.com\/at\/?src={search_term_string}\"},\"query-input\":\"required name=search_term_string\"}],\"inLanguage\":\"de-AT\"}]}<\/script>\n<!-- \/ Yoast SEO plugin. -->","yoast_head_json":{"title":"Passwort zur\u00fccksetzen | Electrolux Professional","description":"Auf dieser Seite k\u00f6nnen Sie Ihr Passwort f\u00fcr den privaten Bereich MyProfessional bei Electrolux Professional zur\u00fccksetzen.","robots":{"index":"index","follow":"follow","max-snippet":"max-snippet:-1","max-image-preview":"max-image-preview:large","max-video-preview":"max-video-preview:-1"},"canonical":"https:\/\/www.electroluxprofessional.com\/at\/recover-password\/","og_locale":"de_DE","og_type":"article","og_title":"Passwort zur\u00fccksetzen | Electrolux Professional","og_description":"Auf dieser Seite k\u00f6nnen Sie Ihr Passwort f\u00fcr den privaten Bereich MyProfessional bei Electrolux Professional zur\u00fccksetzen.","og_url":"https:\/\/www.electroluxprofessional.com\/at\/recover-password\/","og_site_name":"Electrolux Professional \u00d6sterreich","article_modified_time":"2023-12-27T11:14:09+00:00","twitter_card":"summary_large_image","schema":{"@context":"https:\/\/schema.org","@graph":[{"@type":"WebPage","@id":"https:\/\/www.electroluxprofessional.com\/at\/recover-password\/","url":"https:\/\/www.electroluxprofessional.com\/at\/recover-password\/","name":"Passwort zur\u00fccksetzen | Electrolux Professional","isPartOf":{"@id":"https:\/\/www.electroluxprofessional.com\/at\/#website"},"datePublished":"2016-11-14T09:43:14+00:00","dateModified":"2023-12-27T11:14:09+00:00","description":"Auf dieser Seite k\u00f6nnen Sie Ihr Passwort f\u00fcr den privaten Bereich MyProfessional bei Electrolux Professional zur\u00fccksetzen.","breadcrumb":{"@id":"https:\/\/www.electroluxprofessional.com\/at\/recover-password\/#breadcrumb"},"inLanguage":"de-AT","potentialAction":[{"@type":"ReadAction","target":["https:\/\/www.electroluxprofessional.com\/at\/recover-password\/"]}]},{"@type":"BreadcrumbList","@id":"https:\/\/www.electroluxprofessional.com\/at\/recover-password\/#breadcrumb","itemListElement":[{"@type":"ListItem","position":1,"name":"Startseite","item":"https:\/\/www.electroluxprofessional.com\/at\/"},{"@type":"ListItem","position":2,"name":"Passwort zur\u00fccksetzen"}]},{"@type":"WebSite","@id":"https:\/\/www.electroluxprofessional.com\/at\/#website","url":"https:\/\/www.electroluxprofessional.com\/at\/","name":"Electrolux Professional \u00d6sterreich","description":"","potentialAction":[{"@type":"SearchAction","target":{"@type":"EntryPoint","urlTemplate":"https:\/\/www.electroluxprofessional.com\/at\/?src={search_term_string}"},"query-input":"required name=search_term_string"}],"inLanguage":"de-AT"}]}},"_links":{"self":[{"href":"https:\/\/www.electroluxprofessional.com\/at\/wp-json\/wp\/v2\/pages\/1090"}],"collection":[{"href":"https:\/\/www.electroluxprofessional.com\/at\/wp-json\/wp\/v2\/pages"}],"about":[{"href":"https:\/\/www.electroluxprofessional.com\/at\/wp-json\/wp\/v2\/types\/page"}],"author":[{"embeddable":true,"href":"https:\/\/www.electroluxprofessional.com\/at\/wp-json\/wp\/v2\/users\/5"}],"replies":[{"embeddable":true,"href":"https:\/\/www.electroluxprofessional.com\/at\/wp-json\/wp\/v2\/comments?post=1090"}],"version-history":[{"count":1,"href":"https:\/\/www.electroluxprofessional.com\/at\/wp-json\/wp\/v2\/pages\/1090\/revisions"}],"predecessor-version":[{"id":17025,"href":"https:\/\/www.electroluxprofessional.com\/at\/wp-json\/wp\/v2\/pages\/1090\/revisions\/17025"}],"wp:attachment":[{"href":"https:\/\/www.electroluxprofessional.com\/at\/wp-json\/wp\/v2\/media?parent=1090"}],"curies":[{"name":"wp","href":"https:\/\/api.w.org\/{rel}","templated":true}]}}