{"id":10527,"date":"2019-11-12T11:19:05","date_gmt":"2019-11-12T09:19:05","guid":{"rendered":"https:\/\/www.electroluxprofessional.com\/?page_id=26885"},"modified":"2023-12-22T15:53:51","modified_gmt":"2023-12-22T14:53:51","slug":"mypro-produktregistrierung","status":"publish","type":"page","link":"https:\/\/www.electroluxprofessional.com\/at\/mypro-produktregistrierung\/","title":{"rendered":"myPRO Produktregistrierung"},"content":{"rendered":"<p>[vc_row typebg=&#8221;Blue&#8221; css=&#8221;.vc_custom_1482427067180{padding-top: 50px !important;}&#8221;][vc_column width=&#8221;2\/3&#8243;][elx_heading font_container=&#8221;h1&#8243; font_size=&#8221;h3&#8243; text_color=&#8221;electrolux-blue&#8221;]myPRO Produktregistrierung[\/elx_heading][vc_column_text]F\u00fcr die Produktregistrierung Ihrer myPRO Ger\u00e4te, ben\u00f6tigen Sie die folgenden Informationen:<\/p>\n<p>1. Modellnummer<\/p>\n<p>2. Produktnummer (PNC)<\/p>\n<p>3. Seriennummer[\/vc_column_text][vc_single_image image=&#8221;10525&#8243; img_size=&#8221;full&#8221;][\/vc_column][vc_column width=&#8221;1\/3&#8243; css=&#8221;.vc_custom_1482221774483{padding-top: 50px !important;}&#8221;][vc_column_text]Trockner[\/vc_column_text][vc_single_image image=&#8221;10526&#8243; img_size=&#8221;full&#8221;][vc_column_text]Waschmaschine[\/vc_column_text][\/vc_column][\/vc_row][vc_row css=&#8221;.vc_custom_1482427093044{margin-top: 50px !important;margin-bottom: 60px !important;}&#8221;][vc_column][vc_column_text][vc_raw_js]JTBBJTNDbGluayUyMHJlbCUzRCUyMnN0eWxlc2hlZXQlMjIlMjB0eXBlJTNEJTIydGV4dCUyRmNzcyUyMiUwQWhyZWYlM0QlMjJodHRwcyUzQSUyRiUyRnd3dy5lcHItYXBwcy5jb20lMkZ3aWRnZXRzJTJGY29udGFjdHMtYW5kLWxvY2F0b3JzJTJGZm9ybXMlMkZtb2JpbGUlMkZpbmMlMkZjc3MlMkZtYWluLm1pbi5jc3MlMjIlM0UlMEElM0NzY3JpcHQlMjBzcmMlM0QlMjJodHRwcyUzQSUyRiUyRnd3dy5lcHItYXBwcy5jb20lMkZ3aWRnZXRzJTJGY29udGFjdHMtYW5kLWxvY2F0b3JzJTJGZm9ybXMlMkZtb2JpbGUlMkZyZWdpc3RlciUyRm1haW4ubWluLmpzJTIyJTBBdHlwZSUzRCUyMnRleHQlMkZqYXZhc2NyaXB0JTIyJTNFJTNDJTJGc2NyaXB0JTNFJTBBJTBBJTNDc2NyaXB0JTIwdHlwZSUzRCUyMnRleHQlMkZqYXZhc2NyaXB0JTIyJTNFJTJGJTJGJTIwJTNDJTIxJTVCQ0RBVEElNUIlMEF2YXIlMjBvbWVnYTIwMDBfc2V0dGluZ3NSZWclMjAlM0QlMjAlN0IlMEFyYW5nZSUzQSUyMCUyN215cHJvJTI3JTJDJTBBYnJhbmQlM0ElMjA0JTJDJTBBbGFuZ3VhZ2UlM0ElMjAlMjdlbiUyNyUyQyUwQWNvdW50cnklM0ElMjAlMjclMjclMkMlMEFjb250YWluZXIlM0ElMjAlMjdyZWdfcHJvZF9teXByb193cmFwcGVyJTI3JTBBJTdEJTBBd2luZG93Lm9ubG9hZCUyMCUzRCUyMG9uTG9hZGJvb3RzdHJhcFJlZyUyOG9tZWdhMjAwMF9zZXR0aW5nc1JlZyUyOSUzQiUwQSUyRiUyRiUyMCU1RCU1RCUzRSUzQyUyRnNjcmlwdCUzRSUwQSUzQ2RpdiUyMGlkJTNEJTIycmVnX3Byb2RfbXlwcm9fd3JhcHBlciUyMiUzRSUzQyUyRmRpdiUzRQ==[\/vc_raw_js][\/vc_column_text][\/vc_column][\/vc_row]<\/p>\n","protected":false},"excerpt":{"rendered":"<p>[vc_row typebg=&#8221;Blue&#8221; css=&#8221;.vc_custom_1482427067180{padding-top: 50px !important;}&#8221;][vc_column width=&#8221;2\/3&#8243;][elx_heading font_container=&#8221;h1&#8243; font_size=&#8221;h3&#8243; text_color=&#8221;electrolux-blue&#8221;]myPRO Produktregistrierung[\/elx_heading][vc_column_text]F\u00fcr die Produktregistrierung Ihrer myPRO Ger\u00e4te, ben\u00f6tigen Sie die folgenden Informationen: 1. Modellnummer 2. Produktnummer (PNC) 3. Seriennummer[\/vc_column_text][vc_single_image image=&#8221;10525&#8243; img_size=&#8221;full&#8221;][\/vc_column][vc_column width=&#8221;1\/3&#8243; css=&#8221;.vc_custom_1482221774483{padding-top: 50px !important;}&#8221;][vc_column_text]Trockner[\/vc_column_text][vc_single_image image=&#8221;10526&#8243; img_size=&#8221;full&#8221;][vc_column_text]Waschmaschine[\/vc_column_text][\/vc_column][\/vc_row][vc_row css=&#8221;.vc_custom_1482427093044{margin-top: 50px !important;margin-bottom: 60px !important;}&#8221;][vc_column][vc_column_text][vc_raw_js]JTBBJTNDbGluayUyMHJlbCUzRCUyMnN0eWxlc2hlZXQlMjIlMjB0eXBlJTNEJTIydGV4dCUyRmNzcyUyMiUwQWhyZWYlM0QlMjJodHRwcyUzQSUyRiUyRnd3dy5lcHItYXBwcy5jb20lMkZ3aWRnZXRzJTJGY29udGFjdHMtYW5kLWxvY2F0b3JzJTJGZm9ybXMlMkZtb2JpbGUlMkZpbmMlMkZjc3MlMkZtYWluLm1pbi5jc3MlMjIlM0UlMEElM0NzY3JpcHQlMjBzcmMlM0QlMjJodHRwcyUzQSUyRiUyRnd3dy5lcHItYXBwcy5jb20lMkZ3aWRnZXRzJTJGY29udGFjdHMtYW5kLWxvY2F0b3JzJTJGZm9ybXMlMkZtb2JpbGUlMkZyZWdpc3RlciUyRm1haW4ubWluLmpzJTIyJTBBdHlwZSUzRCUyMnRleHQlMkZqYXZhc2NyaXB0JTIyJTNFJTNDJTJGc2NyaXB0JTNFJTBBJTBBJTNDc2NyaXB0JTIwdHlwZSUzRCUyMnRleHQlMkZqYXZhc2NyaXB0JTIyJTNFJTJGJTJGJTIwJTNDJTIxJTVCQ0RBVEElNUIlMEF2YXIlMjBvbWVnYTIwMDBfc2V0dGluZ3NSZWclMjAlM0QlMjAlN0IlMEFyYW5nZSUzQSUyMCUyN215cHJvJTI3JTJDJTBBYnJhbmQlM0ElMjA0JTJDJTBBbGFuZ3VhZ2UlM0ElMjAlMjdlbiUyNyUyQyUwQWNvdW50cnklM0ElMjAlMjclMjclMkMlMEFjb250YWluZXIlM0ElMjAlMjdyZWdfcHJvZF9teXByb193cmFwcGVyJTI3JTBBJTdEJTBBd2luZG93Lm9ubG9hZCUyMCUzRCUyMG9uTG9hZGJvb3RzdHJhcFJlZyUyOG9tZWdhMjAwMF9zZXR0aW5nc1JlZyUyOSUzQiUwQSUyRiUyRiUyMCU1RCU1RCUzRSUzQyUyRnNjcmlwdCUzRSUwQSUzQ2RpdiUyMGlkJTNEJTIycmVnX3Byb2RfbXlwcm9fd3JhcHBlciUyMiUzRSUzQyUyRmRpdiUzRQ==[\/vc_raw_js][\/vc_column_text][\/vc_column][\/vc_row]<\/p>\n","protected":false},"author":161,"featured_media":0,"parent":0,"menu_order":0,"comment_status":"closed","ping_status":"closed","template":"","meta":{"footnotes":""},"class_list":["post-10527","page","type-page","status-publish","hentry"],"acf":[],"yoast_head":"<!-- This site is optimized with the Yoast SEO plugin v23.3 - https:\/\/yoast.com\/wordpress\/plugins\/seo\/ -->\n<title>Produktregistrierung myPRO | Electrolux Professional<\/title>\n<meta name=\"description\" content=\"F\u00fcr die Produktregistrierung Ihrer myPRO Ger\u00e4te auf dieser Seite, ben\u00f6tigen Sie die Modellnummer, Produktnummer und Seriennummer.\" \/>\n<meta name=\"robots\" content=\"index, follow, max-snippet:-1, max-image-preview:large, max-video-preview:-1\" \/>\n<link rel=\"canonical\" href=\"https:\/\/www.electroluxprofessional.com\/at\/mypro-produktregistrierung\/\" \/>\n<meta property=\"og:locale\" content=\"de_DE\" \/>\n<meta property=\"og:type\" content=\"article\" \/>\n<meta property=\"og:title\" content=\"Produktregistrierung myPRO | Electrolux Professional\" \/>\n<meta property=\"og:description\" content=\"F\u00fcr die Produktregistrierung Ihrer myPRO Ger\u00e4te auf dieser Seite, ben\u00f6tigen Sie die Modellnummer, Produktnummer und Seriennummer.\" \/>\n<meta property=\"og:url\" content=\"https:\/\/www.electroluxprofessional.com\/at\/mypro-produktregistrierung\/\" \/>\n<meta property=\"og:site_name\" content=\"Electrolux Professional \u00d6sterreich\" \/>\n<meta property=\"article:modified_time\" content=\"2023-12-22T14:53:51+00:00\" \/>\n<meta name=\"twitter:card\" content=\"summary_large_image\" \/>\n<meta name=\"twitter:label1\" content=\"Gesch\u00e4tzte Lesezeit\" \/>\n\t<meta name=\"twitter:data1\" content=\"1 Minute\" \/>\n<script type=\"application\/ld+json\" class=\"yoast-schema-graph\">{\"@context\":\"https:\/\/schema.org\",\"@graph\":[{\"@type\":\"WebPage\",\"@id\":\"https:\/\/www.electroluxprofessional.com\/at\/mypro-produktregistrierung\/\",\"url\":\"https:\/\/www.electroluxprofessional.com\/at\/mypro-produktregistrierung\/\",\"name\":\"Produktregistrierung myPRO | Electrolux Professional\",\"isPartOf\":{\"@id\":\"https:\/\/www.electroluxprofessional.com\/at\/#website\"},\"datePublished\":\"2019-11-12T09:19:05+00:00\",\"dateModified\":\"2023-12-22T14:53:51+00:00\",\"description\":\"F\u00fcr die Produktregistrierung Ihrer myPRO Ger\u00e4te auf dieser Seite, ben\u00f6tigen Sie die Modellnummer, Produktnummer und Seriennummer.\",\"breadcrumb\":{\"@id\":\"https:\/\/www.electroluxprofessional.com\/at\/mypro-produktregistrierung\/#breadcrumb\"},\"inLanguage\":\"de-AT\",\"potentialAction\":[{\"@type\":\"ReadAction\",\"target\":[\"https:\/\/www.electroluxprofessional.com\/at\/mypro-produktregistrierung\/\"]}]},{\"@type\":\"BreadcrumbList\",\"@id\":\"https:\/\/www.electroluxprofessional.com\/at\/mypro-produktregistrierung\/#breadcrumb\",\"itemListElement\":[{\"@type\":\"ListItem\",\"position\":1,\"name\":\"Startseite\",\"item\":\"https:\/\/www.electroluxprofessional.com\/at\/\"},{\"@type\":\"ListItem\",\"position\":2,\"name\":\"myPRO Produktregistrierung\"}]},{\"@type\":\"WebSite\",\"@id\":\"https:\/\/www.electroluxprofessional.com\/at\/#website\",\"url\":\"https:\/\/www.electroluxprofessional.com\/at\/\",\"name\":\"Electrolux Professional \u00d6sterreich\",\"description\":\"\",\"potentialAction\":[{\"@type\":\"SearchAction\",\"target\":{\"@type\":\"EntryPoint\",\"urlTemplate\":\"https:\/\/www.electroluxprofessional.com\/at\/?src={search_term_string}\"},\"query-input\":\"required name=search_term_string\"}],\"inLanguage\":\"de-AT\"}]}<\/script>\n<!-- \/ Yoast SEO plugin. -->","yoast_head_json":{"title":"Produktregistrierung myPRO | Electrolux Professional","description":"F\u00fcr die Produktregistrierung Ihrer myPRO Ger\u00e4te auf dieser Seite, ben\u00f6tigen Sie die Modellnummer, Produktnummer und Seriennummer.","robots":{"index":"index","follow":"follow","max-snippet":"max-snippet:-1","max-image-preview":"max-image-preview:large","max-video-preview":"max-video-preview:-1"},"canonical":"https:\/\/www.electroluxprofessional.com\/at\/mypro-produktregistrierung\/","og_locale":"de_DE","og_type":"article","og_title":"Produktregistrierung myPRO | Electrolux Professional","og_description":"F\u00fcr die Produktregistrierung Ihrer myPRO Ger\u00e4te auf dieser Seite, ben\u00f6tigen Sie die Modellnummer, Produktnummer und Seriennummer.","og_url":"https:\/\/www.electroluxprofessional.com\/at\/mypro-produktregistrierung\/","og_site_name":"Electrolux Professional \u00d6sterreich","article_modified_time":"2023-12-22T14:53:51+00:00","twitter_card":"summary_large_image","twitter_misc":{"Gesch\u00e4tzte Lesezeit":"1 Minute"},"schema":{"@context":"https:\/\/schema.org","@graph":[{"@type":"WebPage","@id":"https:\/\/www.electroluxprofessional.com\/at\/mypro-produktregistrierung\/","url":"https:\/\/www.electroluxprofessional.com\/at\/mypro-produktregistrierung\/","name":"Produktregistrierung myPRO | Electrolux Professional","isPartOf":{"@id":"https:\/\/www.electroluxprofessional.com\/at\/#website"},"datePublished":"2019-11-12T09:19:05+00:00","dateModified":"2023-12-22T14:53:51+00:00","description":"F\u00fcr die Produktregistrierung Ihrer myPRO Ger\u00e4te auf dieser Seite, ben\u00f6tigen Sie die Modellnummer, Produktnummer und Seriennummer.","breadcrumb":{"@id":"https:\/\/www.electroluxprofessional.com\/at\/mypro-produktregistrierung\/#breadcrumb"},"inLanguage":"de-AT","potentialAction":[{"@type":"ReadAction","target":["https:\/\/www.electroluxprofessional.com\/at\/mypro-produktregistrierung\/"]}]},{"@type":"BreadcrumbList","@id":"https:\/\/www.electroluxprofessional.com\/at\/mypro-produktregistrierung\/#breadcrumb","itemListElement":[{"@type":"ListItem","position":1,"name":"Startseite","item":"https:\/\/www.electroluxprofessional.com\/at\/"},{"@type":"ListItem","position":2,"name":"myPRO Produktregistrierung"}]},{"@type":"WebSite","@id":"https:\/\/www.electroluxprofessional.com\/at\/#website","url":"https:\/\/www.electroluxprofessional.com\/at\/","name":"Electrolux Professional \u00d6sterreich","description":"","potentialAction":[{"@type":"SearchAction","target":{"@type":"EntryPoint","urlTemplate":"https:\/\/www.electroluxprofessional.com\/at\/?src={search_term_string}"},"query-input":"required name=search_term_string"}],"inLanguage":"de-AT"}]}},"_links":{"self":[{"href":"https:\/\/www.electroluxprofessional.com\/at\/wp-json\/wp\/v2\/pages\/10527"}],"collection":[{"href":"https:\/\/www.electroluxprofessional.com\/at\/wp-json\/wp\/v2\/pages"}],"about":[{"href":"https:\/\/www.electroluxprofessional.com\/at\/wp-json\/wp\/v2\/types\/page"}],"author":[{"embeddable":true,"href":"https:\/\/www.electroluxprofessional.com\/at\/wp-json\/wp\/v2\/users\/161"}],"replies":[{"embeddable":true,"href":"https:\/\/www.electroluxprofessional.com\/at\/wp-json\/wp\/v2\/comments?post=10527"}],"version-history":[{"count":7,"href":"https:\/\/www.electroluxprofessional.com\/at\/wp-json\/wp\/v2\/pages\/10527\/revisions"}],"predecessor-version":[{"id":16987,"href":"https:\/\/www.electroluxprofessional.com\/at\/wp-json\/wp\/v2\/pages\/10527\/revisions\/16987"}],"wp:attachment":[{"href":"https:\/\/www.electroluxprofessional.com\/at\/wp-json\/wp\/v2\/media?parent=10527"}],"curies":[{"name":"wp","href":"https:\/\/api.w.org\/{rel}","templated":true}]}}