{"id":10427,"date":"2020-10-22T16:04:13","date_gmt":"2020-10-22T16:04:13","guid":{"rendered":"https:\/\/www.electroluxprofessional.com\/at\/?page_id=10427"},"modified":"2026-02-19T08:32:02","modified_gmt":"2026-02-19T07:32:02","slug":"uebersicht-vertriebsteam-oesterreich","status":"publish","type":"page","link":"https:\/\/www.electroluxprofessional.com\/at\/ueber-uns\/uebersicht-vertriebsteam-oesterreich\/","title":{"rendered":"\u00dcbersicht Vertriebsteam \u00d6sterreich"},"content":{"rendered":"<p>[vc_row][vc_column][vc_empty_space][\/vc_column][\/vc_row][vc_row][vc_column width=&#8221;1\/2&#8243;][vc_empty_space][elx_image image_media_library=&#8221;18719&#8243; image_media_library_mobile=&#8221;18720&#8243;][vc_empty_space][\/vc_column][vc_column width=&#8221;1\/2&#8243;][vc_column_text]<\/p>\n<h1>Verkaufsgebiete und Ansprechpartner<br \/>\n<strong>Electrolux Professional \u00d6sterreich<\/strong><\/h1>\n<p>[\/vc_column_text][vc_empty_space][elx_download_block text=&#8221;Die \u00dcbersicht als PDF&#8221; background_color=&#8221;electrolux-blue&#8221;][vc_row_inner full_width=&#8221;electroluxpro-container-no-padding&#8221;][vc_column_inner width=&#8221;1\/2&#8243;][vc_column_text]<b>Gro\u00dfk\u00fcchentechnik<br \/>\n<\/b>Service-Hotline:<br \/>\n+43 1 86 348 &#8211; 800[\/vc_column_text][elx_button button_text=&#8221;E-Mail schreiben&#8221; button_style=&#8221;icon-blue&#8221; button_link=&#8221;url:mailto%3Aservice.efs.at%40electroluxprofessional.com&#8221;][\/vc_column_inner][vc_column_inner width=&#8221;1\/2&#8243;][vc_column_text]<b>W\u00e4schereil\u00f6sungen<br \/>\n<\/b>Service-Hotline:<br \/>\n+43 1 86 348 &#8211; 200[\/vc_column_text][elx_button button_text=&#8221;E-Mail schreiben&#8221; button_style=&#8221;icon-blue&#8221; button_link=&#8221;url:mailto%3Aservice.els.at%40electroluxprofessional.com&#8221;][\/vc_column_inner][\/vc_row_inner][vc_empty_space][\/vc_column][\/vc_row][vc_row][vc_column width=&#8221;1\/2&#8243;][vc_empty_space][vc_empty_space][vc_empty_space][vc_row_inner][vc_column_inner width=&#8221;1\/3&#8243;][vc_single_image image=&#8221;20521&#8243;][\/vc_column_inner][vc_column_inner width=&#8221;2\/3&#8243;][vc_column_text]<strong>Dominik Pitsch<\/strong><br \/>\n<strong>Manager f\u00fcr Vertriebsentwicklung Gro\u00dfk\u00fcchentechnik\u00a0<\/strong><br \/>\nMobil: +43 676 848122 779[\/vc_column_text][elx_button button_text=&#8221;E-Mail schreiben&#8221; button_style=&#8221;icon-blue&#8221; button_link=&#8221;url:mailto%3Adominik.pitsch%40electroluxprofessional.com&#8221;][\/vc_column_inner][vc_column_inner][vc_empty_space][\/vc_column_inner][\/vc_row_inner][\/vc_column][vc_column width=&#8221;1\/2&#8243;][vc_empty_space][vc_empty_space][vc_empty_space][vc_row_inner][vc_column_inner width=&#8221;1\/3&#8243;][vc_single_image image=&#8221;21227&#8243; img_size=&#8221;300&#215;300&#8243;][\/vc_column_inner][vc_column_inner width=&#8221;2\/3&#8243;][vc_column_text]<strong>Georg Kotolas<\/strong><br \/>\n<strong>Gebietsverkaufsleiter W\u00e4schereil\u00f6sungen<\/strong><br \/>\nMobil: +43 676 848 122 729[\/vc_column_text][elx_button button_text=&#8221;E-Mail schreiben&#8221; button_style=&#8221;icon-blue&#8221; button_link=&#8221;url:mailto%3Ageorg.kotolas%40electroluxprofessional.com&#8221;][\/vc_column_inner][\/vc_row_inner][vc_empty_space][vc_row_inner][vc_column_inner width=&#8221;1\/3&#8243;][vc_single_image image=&#8221;19030&#8243;][\/vc_column_inner][vc_column_inner width=&#8221;2\/3&#8243;][vc_column_text]<strong>Markus Staudacher<\/strong><br \/>\n<strong>Channel Manager W\u00e4schereil\u00f6sungen<\/strong><br \/>\nMobil: +43 676 848 122 728[\/vc_column_text][elx_button button_text=&#8221;E-Mail schreiben&#8221; button_style=&#8221;icon-blue&#8221; button_link=&#8221;url:mailto%3Amarkus.staudacher%40electroluxprofessional.com&#8221;][\/vc_column_inner][vc_column_inner][vc_empty_space][\/vc_column_inner][\/vc_row_inner][\/vc_column][\/vc_row][vc_row disable_element=&#8221;yes&#8221;][vc_column][vc_empty_space][\/vc_column][\/vc_row][vc_row disable_element=&#8221;yes&#8221;][vc_column][elx_download_block text=&#8221;Die \u00dcbersicht als PDF&#8221; file_picker=&#8221;20208&#8243; background_color=&#8221;electrolux-blue&#8221;][\/vc_column][\/vc_row][vc_row disable_element=&#8221;yes&#8221;][vc_column offset=&#8221;vc_hidden-sm vc_hidden-xs&#8221;][vc_single_image image=&#8221;20209&#8243; img_size=&#8221;full&#8221; alignment=&#8221;center&#8221;][\/vc_column][\/vc_row][vc_row][vc_column][vc_empty_space][\/vc_column][\/vc_row]<\/p>\n","protected":false},"excerpt":{"rendered":"<p>[vc_row][vc_column][vc_empty_space][\/vc_column][\/vc_row][vc_row][vc_column width=&#8221;1\/2&#8243;][vc_empty_space][elx_image image_media_library=&#8221;18719&#8243; image_media_library_mobile=&#8221;18720&#8243;][vc_empty_space][\/vc_column][vc_column width=&#8221;1\/2&#8243;][vc_column_text] Verkaufsgebiete und Ansprechpartner Electrolux Professional \u00d6sterreich [\/vc_column_text][vc_empty_space][elx_download_block text=&#8221;Die \u00dcbersicht als PDF&#8221; background_color=&#8221;electrolux-blue&#8221;][vc_row_inner full_width=&#8221;electroluxpro-container-no-padding&#8221;][vc_column_inner width=&#8221;1\/2&#8243;][vc_column_text]Gro\u00dfk\u00fcchentechnik Service-Hotline: +43 1 86 348 &#8211; 800[\/vc_column_text][elx_button button_text=&#8221;E-Mail schreiben&#8221; button_style=&#8221;icon-blue&#8221; button_link=&#8221;url:mailto%3Aservice.efs.at%40electroluxprofessional.com&#8221;][\/vc_column_inner][vc_column_inner width=&#8221;1\/2&#8243;][vc_column_text]W\u00e4schereil\u00f6sungen Service-Hotline: +43 1 86 348 &#8211; 200[\/vc_column_text][elx_button button_text=&#8221;E-Mail schreiben&#8221; button_style=&#8221;icon-blue&#8221; button_link=&#8221;url:mailto%3Aservice.els.at%40electroluxprofessional.com&#8221;][\/vc_column_inner][\/vc_row_inner][vc_empty_space][\/vc_column][\/vc_row][vc_row][vc_column width=&#8221;1\/2&#8243;][vc_empty_space][vc_empty_space][vc_empty_space][vc_row_inner][vc_column_inner width=&#8221;1\/3&#8243;][vc_single_image image=&#8221;20521&#8243;][\/vc_column_inner][vc_column_inner width=&#8221;2\/3&#8243;][vc_column_text]Dominik Pitsch Manager f\u00fcr Vertriebsentwicklung Gro\u00dfk\u00fcchentechnik\u00a0 Mobil: +43 676 848122 [&hellip;]<\/p>\n","protected":false},"author":161,"featured_media":0,"parent":7457,"menu_order":0,"comment_status":"closed","ping_status":"closed","template":"","meta":{"footnotes":""},"class_list":["post-10427","page","type-page","status-publish","hentry"],"acf":[],"yoast_head":"<!-- This site is optimized with the Yoast SEO plugin v23.3 - https:\/\/yoast.com\/wordpress\/plugins\/seo\/ -->\n<title>\u00dcbersicht Vertriebsteam \u00d6sterreich | Electrolux Professional<\/title>\n<meta name=\"description\" content=\"Unsere Mitarbeiter unterst\u00fctzen Sie gerne bei Ihren Fragen und Anliegen zu unseren Produkten und Dienstleistungen.\" \/>\n<meta name=\"robots\" content=\"index, follow, max-snippet:-1, max-image-preview:large, max-video-preview:-1\" \/>\n<link rel=\"canonical\" href=\"https:\/\/www.electroluxprofessional.com\/at\/ueber-uns\/uebersicht-vertriebsteam-oesterreich\/\" \/>\n<meta property=\"og:locale\" content=\"de_DE\" \/>\n<meta property=\"og:type\" content=\"article\" \/>\n<meta property=\"og:title\" content=\"\u00dcbersicht Vertriebsteam \u00d6sterreich | Electrolux Professional\" \/>\n<meta property=\"og:description\" content=\"Unsere Mitarbeiter unterst\u00fctzen Sie gerne bei Ihren Fragen und Anliegen zu unseren Produkten und Dienstleistungen.\" \/>\n<meta property=\"og:url\" content=\"https:\/\/www.electroluxprofessional.com\/at\/ueber-uns\/uebersicht-vertriebsteam-oesterreich\/\" \/>\n<meta property=\"og:site_name\" content=\"Electrolux Professional \u00d6sterreich\" \/>\n<meta property=\"article:modified_time\" content=\"2026-02-19T07:32:02+00:00\" \/>\n<meta name=\"twitter:card\" content=\"summary_large_image\" \/>\n<meta name=\"twitter:label1\" content=\"Gesch\u00e4tzte Lesezeit\" \/>\n\t<meta name=\"twitter:data1\" content=\"2 Minuten\" \/>\n<script type=\"application\/ld+json\" class=\"yoast-schema-graph\">{\"@context\":\"https:\/\/schema.org\",\"@graph\":[{\"@type\":\"WebPage\",\"@id\":\"https:\/\/www.electroluxprofessional.com\/at\/ueber-uns\/uebersicht-vertriebsteam-oesterreich\/\",\"url\":\"https:\/\/www.electroluxprofessional.com\/at\/ueber-uns\/uebersicht-vertriebsteam-oesterreich\/\",\"name\":\"\u00dcbersicht Vertriebsteam \u00d6sterreich | Electrolux Professional\",\"isPartOf\":{\"@id\":\"https:\/\/www.electroluxprofessional.com\/at\/#website\"},\"datePublished\":\"2020-10-22T16:04:13+00:00\",\"dateModified\":\"2026-02-19T07:32:02+00:00\",\"description\":\"Unsere Mitarbeiter unterst\u00fctzen Sie gerne bei Ihren Fragen und Anliegen zu unseren Produkten und Dienstleistungen.\",\"breadcrumb\":{\"@id\":\"https:\/\/www.electroluxprofessional.com\/at\/ueber-uns\/uebersicht-vertriebsteam-oesterreich\/#breadcrumb\"},\"inLanguage\":\"de-AT\",\"potentialAction\":[{\"@type\":\"ReadAction\",\"target\":[\"https:\/\/www.electroluxprofessional.com\/at\/ueber-uns\/uebersicht-vertriebsteam-oesterreich\/\"]}]},{\"@type\":\"BreadcrumbList\",\"@id\":\"https:\/\/www.electroluxprofessional.com\/at\/ueber-uns\/uebersicht-vertriebsteam-oesterreich\/#breadcrumb\",\"itemListElement\":[{\"@type\":\"ListItem\",\"position\":1,\"name\":\"Startseite\",\"item\":\"https:\/\/www.electroluxprofessional.com\/at\/\"},{\"@type\":\"ListItem\",\"position\":2,\"name\":\"\u00dcber uns\",\"item\":\"https:\/\/www.electroluxprofessional.com\/at\/ueber-uns\/\"},{\"@type\":\"ListItem\",\"position\":3,\"name\":\"\u00dcbersicht Vertriebsteam \u00d6sterreich\"}]},{\"@type\":\"WebSite\",\"@id\":\"https:\/\/www.electroluxprofessional.com\/at\/#website\",\"url\":\"https:\/\/www.electroluxprofessional.com\/at\/\",\"name\":\"Electrolux Professional \u00d6sterreich\",\"description\":\"\",\"potentialAction\":[{\"@type\":\"SearchAction\",\"target\":{\"@type\":\"EntryPoint\",\"urlTemplate\":\"https:\/\/www.electroluxprofessional.com\/at\/?src={search_term_string}\"},\"query-input\":\"required name=search_term_string\"}],\"inLanguage\":\"de-AT\"}]}<\/script>\n<!-- \/ Yoast SEO plugin. -->","yoast_head_json":{"title":"\u00dcbersicht Vertriebsteam \u00d6sterreich | Electrolux Professional","description":"Unsere Mitarbeiter unterst\u00fctzen Sie gerne bei Ihren Fragen und Anliegen zu unseren Produkten und Dienstleistungen.","robots":{"index":"index","follow":"follow","max-snippet":"max-snippet:-1","max-image-preview":"max-image-preview:large","max-video-preview":"max-video-preview:-1"},"canonical":"https:\/\/www.electroluxprofessional.com\/at\/ueber-uns\/uebersicht-vertriebsteam-oesterreich\/","og_locale":"de_DE","og_type":"article","og_title":"\u00dcbersicht Vertriebsteam \u00d6sterreich | Electrolux Professional","og_description":"Unsere Mitarbeiter unterst\u00fctzen Sie gerne bei Ihren Fragen und Anliegen zu unseren Produkten und Dienstleistungen.","og_url":"https:\/\/www.electroluxprofessional.com\/at\/ueber-uns\/uebersicht-vertriebsteam-oesterreich\/","og_site_name":"Electrolux Professional \u00d6sterreich","article_modified_time":"2026-02-19T07:32:02+00:00","twitter_card":"summary_large_image","twitter_misc":{"Gesch\u00e4tzte Lesezeit":"2 Minuten"},"schema":{"@context":"https:\/\/schema.org","@graph":[{"@type":"WebPage","@id":"https:\/\/www.electroluxprofessional.com\/at\/ueber-uns\/uebersicht-vertriebsteam-oesterreich\/","url":"https:\/\/www.electroluxprofessional.com\/at\/ueber-uns\/uebersicht-vertriebsteam-oesterreich\/","name":"\u00dcbersicht Vertriebsteam \u00d6sterreich | Electrolux Professional","isPartOf":{"@id":"https:\/\/www.electroluxprofessional.com\/at\/#website"},"datePublished":"2020-10-22T16:04:13+00:00","dateModified":"2026-02-19T07:32:02+00:00","description":"Unsere Mitarbeiter unterst\u00fctzen Sie gerne bei Ihren Fragen und Anliegen zu unseren Produkten und Dienstleistungen.","breadcrumb":{"@id":"https:\/\/www.electroluxprofessional.com\/at\/ueber-uns\/uebersicht-vertriebsteam-oesterreich\/#breadcrumb"},"inLanguage":"de-AT","potentialAction":[{"@type":"ReadAction","target":["https:\/\/www.electroluxprofessional.com\/at\/ueber-uns\/uebersicht-vertriebsteam-oesterreich\/"]}]},{"@type":"BreadcrumbList","@id":"https:\/\/www.electroluxprofessional.com\/at\/ueber-uns\/uebersicht-vertriebsteam-oesterreich\/#breadcrumb","itemListElement":[{"@type":"ListItem","position":1,"name":"Startseite","item":"https:\/\/www.electroluxprofessional.com\/at\/"},{"@type":"ListItem","position":2,"name":"\u00dcber uns","item":"https:\/\/www.electroluxprofessional.com\/at\/ueber-uns\/"},{"@type":"ListItem","position":3,"name":"\u00dcbersicht Vertriebsteam \u00d6sterreich"}]},{"@type":"WebSite","@id":"https:\/\/www.electroluxprofessional.com\/at\/#website","url":"https:\/\/www.electroluxprofessional.com\/at\/","name":"Electrolux Professional \u00d6sterreich","description":"","potentialAction":[{"@type":"SearchAction","target":{"@type":"EntryPoint","urlTemplate":"https:\/\/www.electroluxprofessional.com\/at\/?src={search_term_string}"},"query-input":"required name=search_term_string"}],"inLanguage":"de-AT"}]}},"_links":{"self":[{"href":"https:\/\/www.electroluxprofessional.com\/at\/wp-json\/wp\/v2\/pages\/10427"}],"collection":[{"href":"https:\/\/www.electroluxprofessional.com\/at\/wp-json\/wp\/v2\/pages"}],"about":[{"href":"https:\/\/www.electroluxprofessional.com\/at\/wp-json\/wp\/v2\/types\/page"}],"author":[{"embeddable":true,"href":"https:\/\/www.electroluxprofessional.com\/at\/wp-json\/wp\/v2\/users\/161"}],"replies":[{"embeddable":true,"href":"https:\/\/www.electroluxprofessional.com\/at\/wp-json\/wp\/v2\/comments?post=10427"}],"version-history":[{"count":81,"href":"https:\/\/www.electroluxprofessional.com\/at\/wp-json\/wp\/v2\/pages\/10427\/revisions"}],"predecessor-version":[{"id":21293,"href":"https:\/\/www.electroluxprofessional.com\/at\/wp-json\/wp\/v2\/pages\/10427\/revisions\/21293"}],"up":[{"embeddable":true,"href":"https:\/\/www.electroluxprofessional.com\/at\/wp-json\/wp\/v2\/pages\/7457"}],"wp:attachment":[{"href":"https:\/\/www.electroluxprofessional.com\/at\/wp-json\/wp\/v2\/media?parent=10427"}],"curies":[{"name":"wp","href":"https:\/\/api.w.org\/{rel}","templated":true}]}}